{"id":935,"date":"2025-11-24T14:43:38","date_gmt":"2025-11-24T14:43:38","guid":{"rendered":"https:\/\/bestfitnessstore.com\/?post_type=product&#038;p=935"},"modified":"2025-11-24T14:43:38","modified_gmt":"2025-11-24T14:43:38","slug":"sole-sb900i-motionscykel","status":"publish","type":"product","link":"https:\/\/bestfitnessstore.com\/sv\/product\/sole-sb900i-indoor-cycle\/","title":{"rendered":"Sole SB900(i) Inomhuscykel"},"content":{"rendered":"<div class=\"product-tabs-wrapper\">\n<div class=\"container product-tabs-inner\">\n<div class=\"woocommerce-tabs wc-tabs-wrapper tabs-layout-tabs wd-opener-pos-right wd-opener-style-arrow\" data-state=\"first\" data-layout=\"tabs\">\n<div class=\"wd-accordion-item\">\n<div id=\"tab-description\" class=\"entry-content woocommerce-Tabs-panel woocommerce-Tabs-panel--description wd-active panel wc-tab\" role=\"tabpanel\" aria-labelledby=\"tab-title-description\" data-accordion-index=\"description\">\n<div class=\"wc-tab-inner wd-entry-content\">\n<div class=\"product-attribute-container-desktop desktop-only\">\n<div class=\"additional-attributes-wrapper table-wrapper\">\n<h4>PRODUKTINFORMATION<\/h4>\n<div class=\"attributes-container\">\n<ul class=\"product-attributes-container\">\n<li><span class=\"specification-title\">F\u00f6rpackningens vikt (KG):\u00a0<\/span><span class=\"specification-data\">72.199997<\/span><\/li>\n<li><span class=\"specification-title\">Str\u00f6mf\u00f6rs\u00f6rjningsmetod:\u00a0<\/span><span class=\"specification-data\">Sj\u00e4lvf\u00f6rs\u00f6rjande<\/span><\/li>\n<li><span class=\"specification-title\">H\u00e5llare f\u00f6r surfplatta:\u00a0<\/span><span class=\"specification-data\">Ja<\/span><\/li>\n<li><span class=\"specification-title\">Pedaler:\u00a0<\/span><span class=\"specification-data\">SPD-kl\u00e4mmor, t\u00e5skydd<\/span><\/li>\n<li><span class=\"specification-title\">Cykeltyp:\u00a0<\/span><span class=\"specification-data\">Racer<\/span><\/li>\n<li><span class=\"specification-title\">Motst\u00e5ndssystem:\u00a0<\/span><span class=\"specification-data\">Magnetisk<\/span><\/li>\n<li><span class=\"specification-title\">\u00d6vervakning av hj\u00e4rtfrekvens:\u00a0<\/span><span class=\"specification-data\">Br\u00f6strem<\/span><\/li>\n<li><span class=\"specification-title\">Inbyggda program:\u00a0<\/span><span class=\"specification-data\">Variabelt motst\u00e5nd, plus olika tr\u00e4ningspass i appar<\/span><\/li>\n<\/ul>\n<ul class=\"product-attributes-container\">\n<li><span class=\"specification-title\">Produktens vikt (KG):\u00a0<\/span><span class=\"specification-data\">66.50<\/span><\/li>\n<li><span class=\"specification-title\">Integration av appar:\u00a0<\/span><span class=\"specification-data\">KinoMap, Zwift<\/span><\/li>\n<li><span class=\"specification-title\">Bluetooth:\u00a0<\/span><span class=\"specification-data\">Ja<\/span><\/li>\n<li><span class=\"specification-title\">Justerbarhet f\u00f6r ram:\u00a0<\/span><span class=\"specification-data\">Styret fram\u00e5t och bak\u00e5t, Styret upp\u00e5t och ned\u00e5t, Sadeln fram\u00e5t och bak\u00e5t, Sadeln upp\u00e5t och ned\u00e5t<\/span><\/li>\n<li><span class=\"specification-title\">Transporthjul:\u00a0<\/span><span class=\"specification-data\">Ja<\/span><\/li>\n<li><span class=\"specification-title\">Sv\u00e4nghjulets vikt (KG):\u00a0<\/span><span class=\"specification-data\">22<\/span><\/li>\n<li><span class=\"specification-title\">Maximal anv\u00e4ndarvikt (kg):\u00a0<\/span><span class=\"specification-data\">135,00 (kg)<\/span><\/li>\n<li><span class=\"specification-title\">Produktens m\u00e5tt (LxBxH):\u00a0<\/span><span class=\"specification-data\">118,50 x 54 x 126 cm<\/span><\/li>\n<\/ul>\n<\/div>\n<\/div>\n<\/div>\n<div class=\"product-features\">\n<h4>YTTERLIGARE FUNKTIONER<\/h4>\n<div class=\"more-container\">\n<div class=\"unshow-text\">\n<ul class=\"product-features-container\">\n<li><span class=\"specification-title\">Motst\u00e5ndskontroll:<\/span>\u00a0<span class=\"specification-data\">Motst\u00e5nd p\u00e5 flera niv\u00e5er<\/span><\/li>\n<li><span class=\"specification-title\">Tr\u00e4ningsdisplay:<\/span>\u00a0<span class=\"specification-data\">Enkel LCD-f\u00f6nster<\/span><\/li>\n<li><span class=\"specification-title\">Tr\u00e5dl\u00f6s varvtalsm\u00e4tning<\/span>\u00a0<span class=\"specification-data\">Ja<\/span><\/li>\n<li><span class=\"specification-title\">Bluetooth + FTMS:<\/span>\u00a0<span class=\"specification-data\">Ja<\/span><\/li>\n<li><span class=\"specification-title\">Uppladdningsbart batteri:<\/span>\u00a0<span class=\"specification-data\">Ja<\/span><\/li>\n<li><span class=\"specification-title\">Batteriets drifttid:<\/span>\u00a0<span class=\"specification-data\">120-130 timmar<\/span><\/li>\n<li><span class=\"specification-title\">Laddningstid f\u00f6r batteri:<\/span>\u00a0<span class=\"specification-data\">2,5 timmar<\/span><\/li>\n<li><span class=\"specification-title\">Laddningskabel<\/span>\u00a0<span class=\"specification-data\">Ja<\/span><\/li>\n<li><span class=\"specification-title\">Mottagare<\/span>\u00a0<span class=\"specification-data\">Ja<\/span><\/li>\n<li><span class=\"specification-title\">Vevl\u00e4ngd:<\/span>\u00a0<span class=\"specification-data\">170 mm \/ 6 tum\u201d<\/span><\/li>\n<\/ul>\n<\/div>\n<\/div>\n<\/div>\n<div class=\"product-warranty\">\n<h4>GARANTI<\/h4>\n<div class=\"text-container\"><strong>Hem &amp; l\u00e4tt kommersiell anv\u00e4ndning:<\/strong>\u00a0Hemgaranti: 5 \u00e5r delar, 3 \u00e5r arbete. L\u00e4tt kommersiell garanti: G\u00e4ller upp till 3 timmar per dag i 12 m\u00e5nader. Upp till 3 timmars anv\u00e4ndning per dag i en l\u00e4mplig hem- \/ l\u00e4tt kommersiell milj\u00f6. L\u00e4mplig hemmilj\u00f6 inneb\u00e4r att Sole Fitness inte rekommenderar att deras utrustning placeras i rum som inte har reglerad temperatur och luftfuktighet. Det b\u00f6r finnas tillr\u00e4cklig isolering och v\u00e4rmek\u00e4lla, annars f\u00f6rfaller garantin (t.ex. om utrustningen f\u00f6rvaras i garage, uterum, skjul eller k\u00e4llare).<\/p>\n<\/div>\n<\/div>\n<div class=\"product-next-day\">\n<h4>EXPRESSLEVERANS<\/h4>\n<div class=\"text-container\">M\u00e5nga av v\u00e5ra produkter har expressleverans och leverans p\u00e5 utsatt datum, vilket inneb\u00e4r att du f\u00e5r din produkt levererad redan i morgon eller p\u00e5 ett datum som passar dig. Kontrollera leveransalternativen i kassan f\u00f6r att se tillg\u00e4ngligheten f\u00f6r din korg och ditt postnummer. Leveransvillkor g\u00e4ller.<\/div>\n<\/div>\n<\/div>\n<\/div>\n<\/div>\n<div class=\"wd-accordion-item\"><\/div>\n<div class=\"wd-accordion-item\"><\/div>\n<\/div>\n<\/div>\n<\/div>\n<div class=\"container related-and-upsells\">\n<div id=\"carousel-221\" class=\"wd-carousel-container  related-products wd-wpb with-title  wd-products-element wd-products products\">\n<h2 class=\"wd-el-title title slider-title element-title\"><\/h2>\n<\/div>\n<\/div>","protected":false},"excerpt":{"rendered":"<p>Sole SB900(i) motionscykel \u00e4r byggd med en l\u00e4tt kommersiell ram, tillverkad av st\u00e5l och t\u00e4ckt med en k\u00e5pa av aluminium. Rept\u00e5lig och korrosionsbest\u00e4ndig, denna cykel t\u00e5l intensiva och svettiga cykelpass. En tung 22 kg sv\u00e4nghjul och magnetiskt motst\u00e5ndssystem s\u00e4kerst\u00e4ller en mjuk k\u00f6rning oavsett hur h\u00e5rt du trampar, medan det helt justerbara s\u00e4tet och styret g\u00f6r det enkelt att hitta en bekv\u00e4m k\u00f6rst\u00e4llning. SB900(i) har \u00e4ven SPD-pedaler som passar alla atletiska skor, eller s\u00e5 kan du cykla med klickskor om du f\u00f6redrar. Den inbyggda LCD-konsolen l\u00e5ter dig h\u00e5lla koll p\u00e5 dina tr\u00e4ningsdata och har Bluetooth + FTMS-integration f\u00f6r anslutning till en m\u00e4ngd olika tr\u00e4ningsappar. Konsolen levereras med ett uppladdningsbart batteri, med en drifttid p\u00e5 120-130 timmar och en laddningstid p\u00e5 2,5 timmar. Den inkluderar \u00e4ven ett justerbart surfplattest\u00e4ll s\u00e5 att du kan underh\u00e5llas och h\u00e5lla kontakten under din tur.<\/p>\n<div class=\"product-attribute-container-desktop desktop-only\">\n<div class=\"additional-attributes-wrapper table-wrapper\"><\/div>\n<\/div>","protected":false},"featured_media":938,"comment_status":"open","ping_status":"closed","template":"","meta":{"site-sidebar-layout":"default","site-content-layout":"","ast-site-content-layout":"default","site-content-style":"default","site-sidebar-style":"default","ast-global-header-display":"","ast-banner-title-visibility":"","ast-main-header-display":"","ast-hfb-above-header-display":"","ast-hfb-below-header-display":"","ast-hfb-mobile-header-display":"","site-post-title":"","ast-breadcrumbs-content":"","ast-featured-img":"","footer-sml-layout":"","theme-transparent-header-meta":"default","adv-header-id-meta":"","stick-header-meta":"","header-above-stick-meta":"","header-main-stick-meta":"","header-below-stick-meta":"","astra-migrate-meta-layouts":"set","ast-page-background-enabled":"default","ast-page-background-meta":{"desktop":{"background-color":"var(--ast-global-color-5)","background-image":"","background-repeat":"repeat","background-position":"center center","background-size":"auto","background-attachment":"scroll","background-type":"","background-media":"","overlay-type":"","overlay-color":"","overlay-opacity":"","overlay-gradient":""},"tablet":{"background-color":"","background-image":"","background-repeat":"repeat","background-position":"center center","background-size":"auto","background-attachment":"scroll","background-type":"","background-media":"","overlay-type":"","overlay-color":"","overlay-opacity":"","overlay-gradient":""},"mobile":{"background-color":"","background-image":"","background-repeat":"repeat","background-position":"center center","background-size":"auto","background-attachment":"scroll","background-type":"","background-media":"","overlay-type":"","overlay-color":"","overlay-opacity":"","overlay-gradient":""}},"ast-content-background-meta":{"desktop":{"background-color":"var(--ast-global-color-4)","background-image":"","background-repeat":"repeat","background-position":"center center","background-size":"auto","background-attachment":"scroll","background-type":"","background-media":"","overlay-type":"","overlay-color":"","overlay-opacity":"","overlay-gradient":""},"tablet":{"background-color":"var(--ast-global-color-4)","background-image":"","background-repeat":"repeat","background-position":"center center","background-size":"auto","background-attachment":"scroll","background-type":"","background-media":"","overlay-type":"","overlay-color":"","overlay-opacity":"","overlay-gradient":""},"mobile":{"background-color":"var(--ast-global-color-4)","background-image":"","background-repeat":"repeat","background-position":"center center","background-size":"auto","background-attachment":"scroll","background-type":"","background-media":"","overlay-type":"","overlay-color":"","overlay-opacity":"","overlay-gradient":""}}},"product_brand":[],"product_cat":[19],"product_tag":[29],"class_list":{"0":"post-935","1":"product","2":"type-product","3":"status-publish","4":"has-post-thumbnail","6":"product_cat-excise-bikes","7":"product_tag-exercise","8":"desktop-align-left","9":"tablet-align-left","10":"mobile-align-left","12":"first","13":"instock","14":"sale","15":"taxable","16":"shipping-taxable","17":"purchasable","18":"product-type-simple"},"_links":{"self":[{"href":"https:\/\/bestfitnessstore.com\/sv\/wp-json\/wp\/v2\/product\/935","targetHints":{"allow":["GET"]}}],"collection":[{"href":"https:\/\/bestfitnessstore.com\/sv\/wp-json\/wp\/v2\/product"}],"about":[{"href":"https:\/\/bestfitnessstore.com\/sv\/wp-json\/wp\/v2\/types\/product"}],"replies":[{"embeddable":true,"href":"https:\/\/bestfitnessstore.com\/sv\/wp-json\/wp\/v2\/comments?post=935"}],"wp:featuredmedia":[{"embeddable":true,"href":"https:\/\/bestfitnessstore.com\/sv\/wp-json\/wp\/v2\/media\/938"}],"wp:attachment":[{"href":"https:\/\/bestfitnessstore.com\/sv\/wp-json\/wp\/v2\/media?parent=935"}],"wp:term":[{"taxonomy":"product_brand","embeddable":true,"href":"https:\/\/bestfitnessstore.com\/sv\/wp-json\/wp\/v2\/product_brand?post=935"},{"taxonomy":"product_cat","embeddable":true,"href":"https:\/\/bestfitnessstore.com\/sv\/wp-json\/wp\/v2\/product_cat?post=935"},{"taxonomy":"product_tag","embeddable":true,"href":"https:\/\/bestfitnessstore.com\/sv\/wp-json\/wp\/v2\/product_tag?post=935"}],"curies":[{"name":"wp","href":"https:\/\/api.w.org\/{rel}","templated":true}]}}