{"id":844,"date":"2025-11-24T12:16:13","date_gmt":"2025-11-24T12:16:13","guid":{"rendered":"https:\/\/bestfitnessstore.com\/?post_type=product&#038;p=844"},"modified":"2025-11-24T12:16:14","modified_gmt":"2025-11-24T12:16:14","slug":"proform-pro-trainer-500-inomhuscykel","status":"publish","type":"product","link":"https:\/\/bestfitnessstore.com\/sv\/product\/proform-pro-trainer-500-indoor-cycle\/","title":{"rendered":"ProForm Pro Trainer 500 Inomhuscykel"},"content":{"rendered":"<div class=\"product-attribute-container-desktop desktop-only\">\n<div class=\"additional-attributes-wrapper table-wrapper\">\n<h4>PRODUKTINFORMATION<\/h4>\n<div class=\"attributes-container\">\n<ul class=\"product-attributes-container\">\n<li><span class=\"specification-title\">F\u00f6rpackningens vikt (KG):\u00a0<\/span><span class=\"specification-data\">47.000000<\/span><\/li>\n<li><span class=\"specification-title\">Integration av appar:\u00a0<\/span><span class=\"specification-data\">iFIT<\/span><\/li>\n<li><span class=\"specification-title\">Cykeltyp:\u00a0<\/span><span class=\"specification-data\">Racer<\/span><\/li>\n<li><span class=\"specification-title\">Motst\u00e5ndssystem:\u00a0<\/span><span class=\"specification-data\">Magnetisk<\/span><\/li>\n<li><span class=\"specification-title\">Maximal anv\u00e4ndarvikt (kg):\u00a0<\/span><span class=\"specification-data\">115,00 (kg)<\/span><\/li>\n<\/ul>\n<ul class=\"product-attributes-container\">\n<li><span class=\"specification-title\">Str\u00f6mf\u00f6rs\u00f6rjningsmetod:\u00a0<\/span><span class=\"specification-data\">Eln\u00e4t<\/span><\/li>\n<li><span class=\"specification-title\">H\u00e5llare f\u00f6r surfplatta:\u00a0<\/span><span class=\"specification-data\">Ja<\/span><\/li>\n<li><span class=\"specification-title\">Transporthjul:\u00a0<\/span><span class=\"specification-data\">Ja<\/span><\/li>\n<li><span class=\"specification-title\">Sv\u00e4nghjulets vikt (KG):\u00a0<\/span><span class=\"specification-data\">11<\/span><\/li>\n<li><span class=\"specification-title\">L\u00e5dans m\u00e5tt (LxBxH):\u00a0<\/span><span class=\"specification-data\">105 x 25 x 80 cm<\/span><\/li>\n<\/ul>\n<\/div>\n<\/div>\n<\/div>\n<div class=\"product-features\">\n<h4>YTTERLIGARE FUNKTIONER<\/h4>\n<div class=\"more-container\">\n<div class=\"unshow-text\">\n<ul class=\"product-features-container\">\n<li><span class=\"specification-title\">SMR\u2122 Silent Magnetic Resistance:<\/span>\u00a0<span class=\"specification-data\">16 digitala niv\u00e5er<\/span><\/li>\n<li><span class=\"specification-title\">Display:<\/span>\u00a0<span class=\"specification-data\">LCD-display med 1 f\u00f6nster<\/span><\/li>\n<li><span class=\"specification-title\">Sadel:<\/span>\u00a0<span class=\"specification-data\">Ergonomisk, vadderad sadel. Justerbar vertikalt och horisontellt<\/span><\/li>\n<li><span class=\"specification-title\">Styrst\u00e5ng:<\/span>\u00a0<span class=\"specification-data\">Halkfritt styrhandtag med flera l\u00e4gen. Justerbar vertikalt och horisontellt med Lift Assist<\/span><\/li>\n<li><span class=\"specification-title\">Andra funktioner:<\/span>\u00a0<span class=\"specification-data\">Vattenflaskh\u00e5llare; pedaler med t\u00e5h\u00e5l; hantelh\u00e5llare med tv\u00e5 1,4 kg hantlar; frontmonterade transporthjul<\/span><\/li>\n<li><span class=\"specification-title\">IFit Trial:<\/span>\u00a0<span class=\"specification-data\">30-dagars iFIT-pr\u00f6vning ing\u00e5r. Kreditkort kr\u00e4vs f\u00f6r aktivering. iFIT-medlemskapet f\u00f6rnyas automatiskt om det inte s\u00e4gs upp i f\u00f6rv\u00e4g. 30 dagars provperiod g\u00e4ller endast f\u00f6r nya medlemskap. Tabletten som visas p\u00e5 bilderna ing\u00e5r inte.<\/span><\/li>\n<\/ul>\n<\/div>\n<\/div>\n<\/div>\n<div class=\"product-warranty\">\n<h4>GARANTI<\/h4>\n<div class=\"text-container\"><strong>Hemmabruk:<\/strong>\u00a0Tv\u00e5 \u00e5rs garanti p\u00e5 delar och arbete (villkor g\u00e4ller) under f\u00f6ruts\u00e4ttning att produkten registreras inom 28 dagar efter k\u00f6pet. Standardgarantin \u00e4r 12 m\u00e5nader f\u00f6r delar och arbete. Villkor Denna garanti g\u00e4ller endast f\u00f6r den ursprungliga k\u00f6paren (du) och kan inte \u00f6verl\u00e5tas. Garantin t\u00e4cker inte: 1. Normalt slitage (exempel p\u00e5 delar som uts\u00e4tts f\u00f6r normalt slitage \u00e4r g\u00e5ngremmar, drivremmar, batterier, bromsbel\u00e4gg och hoppmattor). 2. Alla provisoriska reparationer, anpassningar eller \u00e4ndringar som modifierar produkten fr\u00e5n dess normala syfte och funktion enligt beskrivningen i bruksanvisningen. 3. Skador till f\u00f6ljd av: a) Upps\u00e5tliga eller illvilliga handlingar. b) Transport. c) Felaktig installation, montering eller anslutning som inte \u00f6verensst\u00e4mmer med ICON:s specifikationer eller rekommendationer. d) Missbruk, felaktig anv\u00e4ndning, underl\u00e5tenhet att f\u00f6lja instruktioner eller felaktig eller onormal anv\u00e4ndning. e) Bristande efterlevnad av instruktionerna i din anv\u00e4ndarhandbok (t.ex. anv\u00e4ndning av andra reng\u00f6rings- och underh\u00e5llsprodukter \u00e4n de som rekommenderas, underl\u00e5tenhet att st\u00e4nga av produkten efter anv\u00e4ndning osv.) f) Anv\u00e4ndning utanf\u00f6r hemmet (inklusive men inte begr\u00e4nsat till anv\u00e4ndning i kommersiella, professionella, hyres- eller institutionella milj\u00f6er). g) Reparationer som inte utf\u00f6rs av en ICON-auktoriserad tj\u00e4nsteleverant\u00f6r eller anv\u00e4ndning av delar som inte tillhandah\u00e5lls eller auktoriseras av ICON. h) Olyckor, st\u00f6tar, str\u00f6mavbrott, blixtnedslag, stormar, vatten, eld, djur eller andra orsaker som ICON inte kan p\u00e5verka. i) Felaktig placering inklusive, men inte begr\u00e4nsat till, fuktiga, dammiga eller utomhusmilj\u00f6er (exempel inkluderar garage, k\u00e4llare, verandor och uteplatser).<\/div>\n<\/div>\n<div class=\"product-next-day\">\n<h4>EXPRESSLEVERANS<\/h4>\n<div class=\"text-container\">M\u00e5nga av v\u00e5ra produkter har expressleverans och leverans p\u00e5 utsatt datum, vilket inneb\u00e4r att du f\u00e5r din produkt levererad redan i morgon eller p\u00e5 ett datum som passar dig. Kontrollera leveransalternativen i kassan f\u00f6r att se tillg\u00e4ngligheten f\u00f6r din korg och ditt postnummer. Leveransvillkor g\u00e4ller.<\/div>\n<\/div>","protected":false},"excerpt":{"rendered":"<p>Njut av en realistisk simulering av landsv\u00e4gscykling fr\u00e5n bekv\u00e4mligheten i ditt eget hem med ProForm Pro Trainer 500 Indoor Cycle. Tack vare det 11 kg tunga sv\u00e4nghjulet, 16 niv\u00e5er av SMR\u2122 Silent Magnetic Resistance och remdrivningssystemet blir varje tramp p\u00e5 pedalerna mjukt och naturligt. Den ergonomiskt vadderade sadeln och det halkfria multi-positionsstyret \u00e4r justerbara b\u00e5de horisontellt och vertikalt, och pedalerna med t\u00e5skydd ger ett s\u00e4kert fotf\u00e4ste. Visa din tr\u00e4ningsstatistik - inklusive din Watts-effekt - p\u00e5 den stora LCD-displayen med 1 f\u00f6nster eller anv\u00e4nd surfplatteh\u00e5llaren framf\u00f6r sk\u00e4rmen. Ladda ner iFit-appen till din enhet f\u00f6r att f\u00e5 tillg\u00e5ng till globala tr\u00e4ningspass p\u00e5 beg\u00e4ran, str\u00f6mmande sessioner som leds av tr\u00e4nare i v\u00e4rldsklass som driver dig l\u00e4ngre f\u00f6r att maximera dina resultat (30-dagars iFit Family-prenumeration ing\u00e5r*). ActivePulse\u2122-tekniken justerar automatiskt motst\u00e5ndet p\u00e5 din Sport CX f\u00f6r att h\u00e5lla dig i den optimala pulszonen (SmartBeat Armband kr\u00e4vs), medan SmartAdjust-tekniken l\u00e4gger motst\u00e5ndet i h\u00e4nderna p\u00e5 dina iFIT-instrukt\u00f6rer. Andra funktioner inkluderar integrerade transporthjul, en vattenflaskh\u00e5llare och hantelh\u00e5llare med tv\u00e5 1,4 kg hantlar inkluderade. * 30-dagars iFIT-pr\u00f6vning ing\u00e5r. Kreditkort kr\u00e4vs f\u00f6r aktivering. iFIT-medlemskapet f\u00f6rnyas automatiskt om det inte s\u00e4gs upp i f\u00f6rv\u00e4g. 30 dagars provperiod g\u00e4ller endast f\u00f6r nya medlemskap.<\/p>\n<div class=\"product-attribute-container-desktop desktop-only\">\n<div class=\"additional-attributes-wrapper table-wrapper\"><\/div>\n<\/div>","protected":false},"featured_media":846,"comment_status":"open","ping_status":"closed","template":"","meta":{"site-sidebar-layout":"default","site-content-layout":"","ast-site-content-layout":"default","site-content-style":"default","site-sidebar-style":"default","ast-global-header-display":"","ast-banner-title-visibility":"","ast-main-header-display":"","ast-hfb-above-header-display":"","ast-hfb-below-header-display":"","ast-hfb-mobile-header-display":"","site-post-title":"","ast-breadcrumbs-content":"","ast-featured-img":"","footer-sml-layout":"","theme-transparent-header-meta":"default","adv-header-id-meta":"","stick-header-meta":"","header-above-stick-meta":"","header-main-stick-meta":"","header-below-stick-meta":"","astra-migrate-meta-layouts":"set","ast-page-background-enabled":"default","ast-page-background-meta":{"desktop":{"background-color":"var(--ast-global-color-5)","background-image":"","background-repeat":"repeat","background-position":"center center","background-size":"auto","background-attachment":"scroll","background-type":"","background-media":"","overlay-type":"","overlay-color":"","overlay-opacity":"","overlay-gradient":""},"tablet":{"background-color":"","background-image":"","background-repeat":"repeat","background-position":"center center","background-size":"auto","background-attachment":"scroll","background-type":"","background-media":"","overlay-type":"","overlay-color":"","overlay-opacity":"","overlay-gradient":""},"mobile":{"background-color":"","background-image":"","background-repeat":"repeat","background-position":"center center","background-size":"auto","background-attachment":"scroll","background-type":"","background-media":"","overlay-type":"","overlay-color":"","overlay-opacity":"","overlay-gradient":""}},"ast-content-background-meta":{"desktop":{"background-color":"var(--ast-global-color-4)","background-image":"","background-repeat":"repeat","background-position":"center center","background-size":"auto","background-attachment":"scroll","background-type":"","background-media":"","overlay-type":"","overlay-color":"","overlay-opacity":"","overlay-gradient":""},"tablet":{"background-color":"var(--ast-global-color-4)","background-image":"","background-repeat":"repeat","background-position":"center center","background-size":"auto","background-attachment":"scroll","background-type":"","background-media":"","overlay-type":"","overlay-color":"","overlay-opacity":"","overlay-gradient":""},"mobile":{"background-color":"var(--ast-global-color-4)","background-image":"","background-repeat":"repeat","background-position":"center center","background-size":"auto","background-attachment":"scroll","background-type":"","background-media":"","overlay-type":"","overlay-color":"","overlay-opacity":"","overlay-gradient":""}}},"product_brand":[],"product_cat":[19],"product_tag":[22],"class_list":{"0":"post-844","1":"product","2":"type-product","3":"status-publish","4":"has-post-thumbnail","6":"product_cat-excise-bikes","7":"product_tag-exercise-bikes","8":"desktop-align-left","9":"tablet-align-left","10":"mobile-align-left","12":"first","13":"instock","14":"sale","15":"taxable","16":"shipping-taxable","17":"purchasable","18":"product-type-simple"},"_links":{"self":[{"href":"https:\/\/bestfitnessstore.com\/sv\/wp-json\/wp\/v2\/product\/844","targetHints":{"allow":["GET"]}}],"collection":[{"href":"https:\/\/bestfitnessstore.com\/sv\/wp-json\/wp\/v2\/product"}],"about":[{"href":"https:\/\/bestfitnessstore.com\/sv\/wp-json\/wp\/v2\/types\/product"}],"replies":[{"embeddable":true,"href":"https:\/\/bestfitnessstore.com\/sv\/wp-json\/wp\/v2\/comments?post=844"}],"wp:featuredmedia":[{"embeddable":true,"href":"https:\/\/bestfitnessstore.com\/sv\/wp-json\/wp\/v2\/media\/846"}],"wp:attachment":[{"href":"https:\/\/bestfitnessstore.com\/sv\/wp-json\/wp\/v2\/media?parent=844"}],"wp:term":[{"taxonomy":"product_brand","embeddable":true,"href":"https:\/\/bestfitnessstore.com\/sv\/wp-json\/wp\/v2\/product_brand?post=844"},{"taxonomy":"product_cat","embeddable":true,"href":"https:\/\/bestfitnessstore.com\/sv\/wp-json\/wp\/v2\/product_cat?post=844"},{"taxonomy":"product_tag","embeddable":true,"href":"https:\/\/bestfitnessstore.com\/sv\/wp-json\/wp\/v2\/product_tag?post=844"}],"curies":[{"name":"wp","href":"https:\/\/api.w.org\/{rel}","templated":true}]}}