{"id":761,"date":"2025-11-22T17:00:25","date_gmt":"2025-11-22T17:00:25","guid":{"rendered":"https:\/\/bestfitnessstore.com\/?post_type=product&#038;p=761"},"modified":"2025-11-22T17:00:52","modified_gmt":"2025-11-22T17:00:52","slug":"matrix-fitness-r50-liggcykel-med-xer-konsol","status":"publish","type":"product","link":"https:\/\/bestfitnessstore.com\/sv\/product\/matrix-fitness-r50-recumbent-cycle-with-xer-console\/","title":{"rendered":"Matrix Fitness R50 Liggcykel med XER-konsol"},"content":{"rendered":"<div class=\"product-attribute-container-desktop desktop-only\">\n<div class=\"additional-attributes-wrapper table-wrapper\">\n<h4>PRODUKTINFORMATION<\/h4>\n<div class=\"attributes-container\">\n<ul class=\"product-attributes-container\">\n<li><span class=\"specification-title\">F\u00f6rpackningens vikt (KG):\u00a0<\/span><span class=\"specification-data\">101.400000<\/span><\/li>\n<li><span class=\"specification-title\">Str\u00f6mf\u00f6rs\u00f6rjningsmetod:\u00a0<\/span><span class=\"specification-data\">Eln\u00e4t<\/span><\/li>\n<li><span class=\"specification-title\">H\u00e5llare f\u00f6r surfplatta:\u00a0<\/span><span class=\"specification-data\">Ja<\/span><\/li>\n<li><span class=\"specification-title\">Pedaler:\u00a0<\/span><span class=\"specification-data\">Rem<\/span><\/li>\n<li><span class=\"specification-title\">Transporthjul:\u00a0<\/span><span class=\"specification-data\">Ja<\/span><\/li>\n<li><span class=\"specification-title\">Maximal anv\u00e4ndarh\u00f6jd (cm):\u00a0<\/span><span class=\"specification-data\">201<\/span><\/li>\n<li><span class=\"specification-title\">\u00d6vervakning av hj\u00e4rtfrekvens:\u00a0<\/span><span class=\"specification-data\">Inbyggda sensorer och Bluetooth<\/span><\/li>\n<li><span class=\"specification-title\">Inbyggda program:\u00a0<\/span><span class=\"specification-data\">Manuell, fettf\u00f6rbr\u00e4nning, rullande kullar, intervaller, tidsm\u00e5l, distansm\u00e5l, m\u00e5lpuls, sprint 8, anpassad<\/span><\/li>\n<\/ul>\n<ul class=\"product-attributes-container\">\n<li><span class=\"specification-title\">Produktens vikt (KG):\u00a0<\/span><span class=\"specification-data\">78<\/span><\/li>\n<li><span class=\"specification-title\">Integration av appar:\u00a0<\/span><span class=\"specification-data\">KinoMap, Zwift<\/span><\/li>\n<li><span class=\"specification-title\">Bluetooth:\u00a0<\/span><span class=\"specification-data\">Ja<\/span><\/li>\n<li><span class=\"specification-title\">Justerbarhet f\u00f6r ram:\u00a0<\/span><span class=\"specification-data\">Sadel fram\u00e5t och bak\u00e5t<\/span><\/li>\n<li><span class=\"specification-title\">Minsta anv\u00e4ndarh\u00f6jd (cm):\u00a0<\/span><span class=\"specification-data\">147<\/span><\/li>\n<li><span class=\"specification-title\">Motst\u00e5ndssystem:\u00a0<\/span><span class=\"specification-data\">Induktion<\/span><\/li>\n<li><span class=\"specification-title\">Maximal anv\u00e4ndarvikt (kg):\u00a0<\/span><span class=\"specification-data\">159,00 (kg)<\/span><\/li>\n<li><span class=\"specification-title\">Produktens m\u00e5tt (LxBxH):\u00a0<\/span><span class=\"specification-data\">163 x 64 x 136 cm<\/span><\/li>\n<\/ul>\n<\/div>\n<\/div>\n<\/div>\n<div class=\"product-features\">\n<h4>YTTERLIGARE FUNKTIONER<\/h4>\n<div class=\"more-container\">\n<div class=\"unshow-text\">\n<ul class=\"product-features-container\">\n<li><span class=\"specification-title\">Dubbelformad ram:<\/span>\u00a0<span class=\"specification-data\">Utm\u00e4rkt stabilitet, liggande<\/span><\/li>\n<li><span class=\"specification-title\">Motst\u00e5ndsniv\u00e5er:<\/span>\u00a0<span class=\"specification-data\">30 (elektronisk)<\/span><\/li>\n<li><span class=\"specification-title\">Exact Force Induction Bromsmotst\u00e5ndssystem:<\/span>\u00a0<span class=\"specification-data\">Omedelbara, mjuka och exakta motst\u00e5nds\u00e4ndringar<\/span><\/li>\n<li><span class=\"specification-title\">Justerbar sits:<\/span>\u00a0<span class=\"specification-data\">Fram\/bak via enkel justering av niv\u00e5<\/span><\/li>\n<li><span class=\"specification-title\">Comfort Arc-s\u00e4te:<\/span>\u00a0<span class=\"specification-data\">Med f\u00e4llbart ryggst\u00f6d i mesh<\/span><\/li>\n<li><span class=\"specification-title\">Pedaler:<\/span>\u00a0<span class=\"specification-data\">\u00d6verdimensionerad, sj\u00e4lvbalanserande med justerbara remmar<\/span><\/li>\n<li><span class=\"specification-title\">Styrst\u00e5ng:<\/span>\u00a0<span class=\"specification-data\">S\u00e4tesmonterad med motst\u00e5ndsknappar och pulsknappar<\/span><\/li>\n<li><span class=\"specification-title\">XER-konsolen:<\/span>\u00a0<span class=\"specification-data\">Peksk\u00e4rm i 10\u201d-klass med Bluetooth-anslutning, USB-port, konsolappar, l\u00e4shylla, energisparl\u00e4ge, Viewfit-anslutning (integrera med Fitness-appar). WiFi kr\u00e4vs f\u00f6r appar och programuppdateringar.<\/span><\/li>\n<li><span class=\"specification-title\">Tr\u00e4ningsprogram:<\/span>\u00a0<span class=\"specification-data\">11 inbyggd<\/span><\/li>\n<li><span class=\"specification-title\">Konsolappar:<\/span>\u00a0<span class=\"specification-data\">Virtual Active, Sprint8, YouTube, Spotify, Netflix och mycket mer. Abonnemang ing\u00e5r ej.<\/span><\/li>\n<li><span class=\"specification-title\">Extramaterial:<\/span>\u00a0<span class=\"specification-data\">Vattenflaskh\u00e5llare, integrerat l\u00e4sst\u00e4ll, energisparl\u00e4ge<\/span><\/li>\n<li><span class=\"specification-title\">M\u00e5tt (LxBxH):<\/span>\u00a0<span class=\"specification-data\">163 x 64 x 136 cm \/ 64,2\u201d x 25,2\u201d x 53,5\u201d<\/span><\/li>\n<li><span class=\"specification-title\">Monterad vikt:<\/span>\u00a0<span class=\"specification-data\">87,5 kg<\/span><\/li>\n<li><span class=\"specification-title\">Max anv\u00e4ndarvikt:<\/span>\u00a0<span class=\"specification-data\">159 kg \/ 350 lbs<\/span><\/li>\n<\/ul>\n<\/div>\n<\/div>\n<\/div>\n<div class=\"product-warranty\">\n<h4>GARANTI<\/h4>\n<div class=\"text-container\"><strong>Hemmabruk:<\/strong>\u00a03 \u00e5r P\/L<\/p>\n<\/div>\n<\/div>\n<div class=\"product-next-day\">\n<h4>EXPRESSLEVERANS<\/h4>\n<div class=\"text-container\">M\u00e5nga av v\u00e5ra produkter har expressleverans och leverans p\u00e5 utsatt datum, vilket inneb\u00e4r att du f\u00e5r din produkt levererad redan i morgon eller p\u00e5 ett datum som passar dig. Kontrollera leveransalternativen i kassan f\u00f6r att se tillg\u00e4ngligheten f\u00f6r din korg och ditt postnummer. Leveransvillkor g\u00e4ller.<\/div>\n<\/div>","protected":false},"excerpt":{"rendered":"<p>Uppt\u00e4ck en mer avslappnad cykelsession med Matrix Fitness R50 Recumbent Cycle. Dess Dual Form-ram \u00e4r robust och h\u00e5llbar och erbjuder f\u00f6rb\u00e4ttrad tillg\u00e4nglighet med sin enkla genomg\u00e5ngsdesign. Exact Force-induktionsbromssystemet ger 30 niv\u00e5er av elektroniskt motst\u00e5nd, som enkelt kan justeras under tr\u00e4ningspasset med hj\u00e4lp av motst\u00e5ndsknapparna p\u00e5 det s\u00e4tesmonterade styret n\u00e4r du vill \u00f6ka utmaningen. Ta tag i styrets integrerade kontaktgrepp f\u00f6r att h\u00e5lla koll p\u00e5 din puls n\u00e4r du \u00e4r p\u00e5 spr\u00e5ng ocks\u00e5! R50 har en f\u00f6rb\u00e4ttrad Comfort Arc-sits med ett \u00f6verdimensionerat ryggst\u00f6d i mesh som kan lutas tillbaka f\u00f6r optimal komfort och \u00f6verdimensionerade, sj\u00e4lvbalanserande pedaler f\u00f6r en s\u00e4ker fot. Med den uppgraderade XER-konsolen kan du enkelt visa all din tr\u00e4ningsstatistik p\u00e5 den tydliga 10-tums intuitiva peksk\u00e4rmen. Det finns 11 inbyggda tr\u00e4ningsprogram, och du kan visa konsolappar som Sprint 8, Virtual Active, MyFitnessPal, plus underh\u00e5llningsfavoriter som Netflix, Spotify, YouTube med mera (abonnemang ing\u00e5r ej). Anslut din konsol via WiFi f\u00f6r programuppdateringar, ViewFit-anslutning, webbsurfning och underh\u00e5llningsappar. Extra funktioner inkluderar en vattenflaskh\u00e5llare, integrerad l\u00e4splatta och energisparl\u00e4ge.<\/p>\n<div class=\"product-attribute-container-desktop desktop-only\">\n<div class=\"additional-attributes-wrapper table-wrapper\"><\/div>\n<\/div>","protected":false},"featured_media":764,"comment_status":"open","ping_status":"closed","template":"","meta":{"site-sidebar-layout":"default","site-content-layout":"","ast-site-content-layout":"default","site-content-style":"default","site-sidebar-style":"default","ast-global-header-display":"","ast-banner-title-visibility":"","ast-main-header-display":"","ast-hfb-above-header-display":"","ast-hfb-below-header-display":"","ast-hfb-mobile-header-display":"","site-post-title":"","ast-breadcrumbs-content":"","ast-featured-img":"","footer-sml-layout":"","theme-transparent-header-meta":"default","adv-header-id-meta":"","stick-header-meta":"","header-above-stick-meta":"","header-main-stick-meta":"","header-below-stick-meta":"","astra-migrate-meta-layouts":"set","ast-page-background-enabled":"default","ast-page-background-meta":{"desktop":{"background-color":"var(--ast-global-color-5)","background-image":"","background-repeat":"repeat","background-position":"center center","background-size":"auto","background-attachment":"scroll","background-type":"","background-media":"","overlay-type":"","overlay-color":"","overlay-opacity":"","overlay-gradient":""},"tablet":{"background-color":"","background-image":"","background-repeat":"repeat","background-position":"center center","background-size":"auto","background-attachment":"scroll","background-type":"","background-media":"","overlay-type":"","overlay-color":"","overlay-opacity":"","overlay-gradient":""},"mobile":{"background-color":"","background-image":"","background-repeat":"repeat","background-position":"center center","background-size":"auto","background-attachment":"scroll","background-type":"","background-media":"","overlay-type":"","overlay-color":"","overlay-opacity":"","overlay-gradient":""}},"ast-content-background-meta":{"desktop":{"background-color":"var(--ast-global-color-4)","background-image":"","background-repeat":"repeat","background-position":"center center","background-size":"auto","background-attachment":"scroll","background-type":"","background-media":"","overlay-type":"","overlay-color":"","overlay-opacity":"","overlay-gradient":""},"tablet":{"background-color":"var(--ast-global-color-4)","background-image":"","background-repeat":"repeat","background-position":"center center","background-size":"auto","background-attachment":"scroll","background-type":"","background-media":"","overlay-type":"","overlay-color":"","overlay-opacity":"","overlay-gradient":""},"mobile":{"background-color":"var(--ast-global-color-4)","background-image":"","background-repeat":"repeat","background-position":"center center","background-size":"auto","background-attachment":"scroll","background-type":"","background-media":"","overlay-type":"","overlay-color":"","overlay-opacity":"","overlay-gradient":""}}},"product_brand":[],"product_cat":[19],"product_tag":[22],"class_list":{"0":"post-761","1":"product","2":"type-product","3":"status-publish","4":"has-post-thumbnail","6":"product_cat-excise-bikes","7":"product_tag-exercise-bikes","8":"desktop-align-left","9":"tablet-align-left","10":"mobile-align-left","12":"first","13":"instock","14":"sale","15":"taxable","16":"shipping-taxable","17":"purchasable","18":"product-type-simple"},"_links":{"self":[{"href":"https:\/\/bestfitnessstore.com\/sv\/wp-json\/wp\/v2\/product\/761","targetHints":{"allow":["GET"]}}],"collection":[{"href":"https:\/\/bestfitnessstore.com\/sv\/wp-json\/wp\/v2\/product"}],"about":[{"href":"https:\/\/bestfitnessstore.com\/sv\/wp-json\/wp\/v2\/types\/product"}],"replies":[{"embeddable":true,"href":"https:\/\/bestfitnessstore.com\/sv\/wp-json\/wp\/v2\/comments?post=761"}],"wp:featuredmedia":[{"embeddable":true,"href":"https:\/\/bestfitnessstore.com\/sv\/wp-json\/wp\/v2\/media\/764"}],"wp:attachment":[{"href":"https:\/\/bestfitnessstore.com\/sv\/wp-json\/wp\/v2\/media?parent=761"}],"wp:term":[{"taxonomy":"product_brand","embeddable":true,"href":"https:\/\/bestfitnessstore.com\/sv\/wp-json\/wp\/v2\/product_brand?post=761"},{"taxonomy":"product_cat","embeddable":true,"href":"https:\/\/bestfitnessstore.com\/sv\/wp-json\/wp\/v2\/product_cat?post=761"},{"taxonomy":"product_tag","embeddable":true,"href":"https:\/\/bestfitnessstore.com\/sv\/wp-json\/wp\/v2\/product_tag?post=761"}],"curies":[{"name":"wp","href":"https:\/\/api.w.org\/{rel}","templated":true}]}}