{"id":731,"date":"2025-11-22T16:17:59","date_gmt":"2025-11-22T16:17:59","guid":{"rendered":"https:\/\/bestfitnessstore.com\/?post_type=product&#038;p=731"},"modified":"2025-11-22T16:19:40","modified_gmt":"2025-11-22T16:19:40","slug":"matrix-fitness-cxm-traningscykel","status":"publish","type":"product","link":"https:\/\/bestfitnessstore.com\/sv\/product\/matrix-fitness-cxm-training-cycle\/","title":{"rendered":"Matrix Fitness CXM tr\u00e4ningscykel"},"content":{"rendered":"<div class=\"product-attribute-container-desktop desktop-only\">\n<div class=\"additional-attributes-wrapper table-wrapper\">\n<h4>PRODUKTINFORMATION<\/h4>\n<div class=\"attributes-container\">\n<ul class=\"product-attributes-container\">\n<li><span class=\"specification-title\">F\u00f6rpackningens vikt (KG):\u00a0<\/span><span class=\"specification-data\">62.600000<\/span><\/li>\n<li><span class=\"specification-title\">Integration av appar:\u00a0<\/span><span class=\"specification-data\">Zwift<\/span><\/li>\n<li><span class=\"specification-title\">Bluetooth:\u00a0<\/span><span class=\"specification-data\">Ja<\/span><\/li>\n<li><span class=\"specification-title\">Justerbarhet f\u00f6r ram:\u00a0<\/span><span class=\"specification-data\">Styret fram\u00e5t och bak\u00e5t, Styret upp\u00e5t och ned\u00e5t, Sadeln fram\u00e5t och bak\u00e5t, Sadeln upp\u00e5t och ned\u00e5t<\/span><\/li>\n<li><span class=\"specification-title\">Transporthjul:\u00a0<\/span><span class=\"specification-data\">Ja<\/span><\/li>\n<li><span class=\"specification-title\">Maximal anv\u00e4ndarvikt (kg):\u00a0<\/span><span class=\"specification-data\">158.75 (Kg)<\/span><\/li>\n<li><span class=\"specification-title\">L\u00e5dans m\u00e5tt (LxBxH):\u00a0<\/span><span class=\"specification-data\">125 x 65 x 110 cm<\/span><\/li>\n<\/ul>\n<ul class=\"product-attributes-container\">\n<li><span class=\"specification-title\">Produktens vikt (KG):\u00a0<\/span><span class=\"specification-data\">56.50<\/span><\/li>\n<li><span class=\"specification-title\">H\u00e5llare f\u00f6r surfplatta:\u00a0<\/span><span class=\"specification-data\">Nej<\/span><\/li>\n<li><span class=\"specification-title\">Pedaler:\u00a0<\/span><span class=\"specification-data\">SPD-kl\u00e4mmor, t\u00e5skydd<\/span><\/li>\n<li><span class=\"specification-title\">Cykeltyp:\u00a0<\/span><span class=\"specification-data\">Racer<\/span><\/li>\n<li><span class=\"specification-title\">Motst\u00e5ndssystem:\u00a0<\/span><span class=\"specification-data\">Magnetisk<\/span><\/li>\n<li><span class=\"specification-title\">Produktens m\u00e5tt (LxBxH):\u00a0<\/span><span class=\"specification-data\">122.40 x 56.40 x 102.80 cm<\/span><\/li>\n<\/ul>\n<\/div>\n<\/div>\n<\/div>\n<div class=\"product-features\">\n<h4>YTTERLIGARE FUNKTIONER<\/h4>\n<div class=\"more-container\">\n<div class=\"unshow-text\">\n<ul class=\"product-features-container\">\n<li><span class=\"specification-title\">Material i ramen:<\/span>\u00a0<span class=\"specification-data\">St\u00e5l<\/span><\/li>\n<li><span class=\"specification-title\">Drivlina:<\/span>\u00a0<span class=\"specification-data\">Flexonic b\u00e4lte<\/span><\/li>\n<li><span class=\"specification-title\">\u00d6vervakning av hj\u00e4rtfrekvens:<\/span>\u00a0<span class=\"specification-data\">Telemetric<\/span><\/li>\n<li><span class=\"specification-title\">Smal Q-faktor:<\/span>\u00a0<span class=\"specification-data\">Optimises the position of the hips, knees and feet<\/span><\/li>\n<li><span class=\"specification-title\">Snabbknappsman\u00f6vrering:<\/span>\u00a0<span class=\"specification-data\">Effortlessly customise the cycle to each user\u2019s preference<\/span><\/li>\n<li><span class=\"specification-title\">Konsol:<\/span>\u00a0<span class=\"specification-data\">Quick-response, generator-powered backlit LCD console<\/span><\/li>\n<li><span class=\"specification-title\">Display:<\/span>\u00a0<span class=\"specification-data\">Key metrics and intuitive operation when switching between watts, heart rate, RPMs or lap mode<\/span><\/li>\n<li><span class=\"specification-title\">Inkapslat sv\u00e4nghjul bak:<\/span>\u00a0<span class=\"specification-data\">Skyddar interna komponenter fr\u00e5n svett, damm och skr\u00e4p<\/span><\/li>\n<li><span class=\"specification-title\">Servicepanel med snabbkoppling:<\/span>\u00a0<span class=\"specification-data\">L\u00e4tt avtagbara pedalvevarmar och tydligt identifierbara interna komponenter f\u00f6r enkel service<\/span><\/li>\n<li><span class=\"specification-title\">Calculated watt measurement:<\/span>\u00a0<span class=\"specification-data\">Within 10% accuracy<\/span><\/li>\n<li><span class=\"specification-title\">Ergonomiskt skulpterad sits:<\/span>\u00a0<span class=\"specification-data\">Avlasta trycket p\u00e5 ber\u00f6ringspunkterna f\u00f6r en bekv\u00e4m k\u00f6rning<\/span><\/li>\n<li><span class=\"specification-title\">Multi-position styrst\u00e5ng:<\/span>\u00a0<span class=\"specification-data\">Simulates the different grips of a real road bike, soft PVC<\/span><\/li>\n<li><span class=\"specification-title\">Adjustment type:<\/span>\u00a0<span class=\"specification-data\">Quick-touch levers<\/span><\/li>\n<li><span class=\"specification-title\">H\u00e5llare f\u00f6r vattenflaska:<\/span>\u00a0<span class=\"specification-data\">Two integrated into the handlebar<\/span><\/li>\n<\/ul>\n<\/div>\n<\/div>\n<\/div>\n<div class=\"product-warranty\">\n<h4>GARANTI<\/h4>\n<div class=\"text-container\"><strong>Hem &amp; l\u00e4tt \/ fullst\u00e4ndig kommersiell anv\u00e4ndning:<\/strong>\u00a02 \u00e5r<\/div>\n<\/div>","protected":false},"excerpt":{"rendered":"<p>Invigorate your group classes with a dynamic cycling experience that will bring members back again and again. Ideal for metric-focused group cycling classes or individual use, the Matrix Fitness CXM Training Cycle offers quality performance combined with excellent ergonomics. The quick-response, generator-powered backlit LCD console clearly displays watts, heart rate, RPMs or lap mode in a way that helps your riders chart their progress and get real results. The CXM Training Cycle has enhanced Bluetooth FTMS 4.0, making it easier to pair to cycling apps. A narrow Q-factor optimises the position of the rider\u2019s hips, knees and feet to comfortably mimic a real outdoor riding experience, which is enhanced by the low-maintenance, well-protected rear flywheel that includes contact-free magnetic resistance for smooth, consistent adjustments and calculated watt measurement within 10% accuracy. An ergonomically sculpted seat relieves pressure on touchpoints to make even long, intense cycling sessions comfortable, while multi-position handlebars with dual integrated water bottle holders simulates the different grips of a real road bike, with updated levers for easy adjustments. Quick-release access panels and easily removable pedal cranks simplify service, and front transport wheels allow you to easily move the cycle around.<\/p>\n<div class=\"product-attribute-container-desktop desktop-only\">\n<div class=\"additional-attributes-wrapper table-wrapper\"><\/div>\n<\/div>","protected":false},"featured_media":732,"comment_status":"open","ping_status":"closed","template":"","meta":{"site-sidebar-layout":"default","site-content-layout":"","ast-site-content-layout":"default","site-content-style":"default","site-sidebar-style":"default","ast-global-header-display":"","ast-banner-title-visibility":"","ast-main-header-display":"","ast-hfb-above-header-display":"","ast-hfb-below-header-display":"","ast-hfb-mobile-header-display":"","site-post-title":"","ast-breadcrumbs-content":"","ast-featured-img":"","footer-sml-layout":"","theme-transparent-header-meta":"default","adv-header-id-meta":"","stick-header-meta":"","header-above-stick-meta":"","header-main-stick-meta":"","header-below-stick-meta":"","astra-migrate-meta-layouts":"set","ast-page-background-enabled":"default","ast-page-background-meta":{"desktop":{"background-color":"var(--ast-global-color-5)","background-image":"","background-repeat":"repeat","background-position":"center center","background-size":"auto","background-attachment":"scroll","background-type":"","background-media":"","overlay-type":"","overlay-color":"","overlay-opacity":"","overlay-gradient":""},"tablet":{"background-color":"","background-image":"","background-repeat":"repeat","background-position":"center center","background-size":"auto","background-attachment":"scroll","background-type":"","background-media":"","overlay-type":"","overlay-color":"","overlay-opacity":"","overlay-gradient":""},"mobile":{"background-color":"","background-image":"","background-repeat":"repeat","background-position":"center center","background-size":"auto","background-attachment":"scroll","background-type":"","background-media":"","overlay-type":"","overlay-color":"","overlay-opacity":"","overlay-gradient":""}},"ast-content-background-meta":{"desktop":{"background-color":"var(--ast-global-color-4)","background-image":"","background-repeat":"repeat","background-position":"center center","background-size":"auto","background-attachment":"scroll","background-type":"","background-media":"","overlay-type":"","overlay-color":"","overlay-opacity":"","overlay-gradient":""},"tablet":{"background-color":"var(--ast-global-color-4)","background-image":"","background-repeat":"repeat","background-position":"center center","background-size":"auto","background-attachment":"scroll","background-type":"","background-media":"","overlay-type":"","overlay-color":"","overlay-opacity":"","overlay-gradient":""},"mobile":{"background-color":"var(--ast-global-color-4)","background-image":"","background-repeat":"repeat","background-position":"center center","background-size":"auto","background-attachment":"scroll","background-type":"","background-media":"","overlay-type":"","overlay-color":"","overlay-opacity":"","overlay-gradient":""}}},"product_brand":[],"product_cat":[19],"product_tag":[22],"class_list":{"0":"post-731","1":"product","2":"type-product","3":"status-publish","4":"has-post-thumbnail","6":"product_cat-excise-bikes","7":"product_tag-exercise-bikes","8":"desktop-align-left","9":"tablet-align-left","10":"mobile-align-left","12":"first","13":"instock","14":"sale","15":"taxable","16":"shipping-taxable","17":"purchasable","18":"product-type-simple"},"_links":{"self":[{"href":"https:\/\/bestfitnessstore.com\/sv\/wp-json\/wp\/v2\/product\/731","targetHints":{"allow":["GET"]}}],"collection":[{"href":"https:\/\/bestfitnessstore.com\/sv\/wp-json\/wp\/v2\/product"}],"about":[{"href":"https:\/\/bestfitnessstore.com\/sv\/wp-json\/wp\/v2\/types\/product"}],"replies":[{"embeddable":true,"href":"https:\/\/bestfitnessstore.com\/sv\/wp-json\/wp\/v2\/comments?post=731"}],"wp:featuredmedia":[{"embeddable":true,"href":"https:\/\/bestfitnessstore.com\/sv\/wp-json\/wp\/v2\/media\/732"}],"wp:attachment":[{"href":"https:\/\/bestfitnessstore.com\/sv\/wp-json\/wp\/v2\/media?parent=731"}],"wp:term":[{"taxonomy":"product_brand","embeddable":true,"href":"https:\/\/bestfitnessstore.com\/sv\/wp-json\/wp\/v2\/product_brand?post=731"},{"taxonomy":"product_cat","embeddable":true,"href":"https:\/\/bestfitnessstore.com\/sv\/wp-json\/wp\/v2\/product_cat?post=731"},{"taxonomy":"product_tag","embeddable":true,"href":"https:\/\/bestfitnessstore.com\/sv\/wp-json\/wp\/v2\/product_tag?post=731"}],"curies":[{"name":"wp","href":"https:\/\/api.w.org\/{rel}","templated":true}]}}