{"id":682,"date":"2025-11-22T15:24:11","date_gmt":"2025-11-22T15:24:11","guid":{"rendered":"https:\/\/bestfitnessstore.com\/?post_type=product&#038;p=682"},"modified":"2025-11-22T15:24:11","modified_gmt":"2025-11-22T15:24:11","slug":"matrix-fitness-kommersiell-liggcykel-for-uthallighet-med-led-konsol-2","status":"publish","type":"product","link":"https:\/\/bestfitnessstore.com\/sv\/product\/matrix-fitness-commercial-endurance-recumbent-cycle-with-led-console-2\/","title":{"rendered":"Matrix Fitness Commercial Endurance Liggcykel med LED-konsol"},"content":{"rendered":"<div class=\"product-attribute-container-desktop desktop-only\">\n<div class=\"additional-attributes-wrapper table-wrapper\">\n<h4>PRODUKTINFORMATION<\/h4>\n<div class=\"attributes-container\">\n<ul class=\"product-attributes-container\">\n<li><span class=\"specification-title\">F\u00f6rpackningens vikt (KG):\u00a0<\/span><span class=\"specification-data\">112.000000<\/span><\/li>\n<li><span class=\"specification-title\">Str\u00f6mf\u00f6rs\u00f6rjningsmetod:\u00a0<\/span><span class=\"specification-data\">Sj\u00e4lvf\u00f6rs\u00f6rjande och n\u00e4tansluten el<\/span><\/li>\n<li><span class=\"specification-title\">H\u00e5llare f\u00f6r surfplatta:\u00a0<\/span><span class=\"specification-data\">Ja<\/span><\/li>\n<li><span class=\"specification-title\">Pedaler:\u00a0<\/span><span class=\"specification-data\">Rem<\/span><\/li>\n<li><span class=\"specification-title\">Cykeltyp:\u00a0<\/span><span class=\"specification-data\">Liggande<\/span><\/li>\n<li><span class=\"specification-title\">Minsta anv\u00e4ndarh\u00f6jd (cm):\u00a0<\/span><span class=\"specification-data\">147<\/span><\/li>\n<li><span class=\"specification-title\">Motst\u00e5ndssystem:\u00a0<\/span><span class=\"specification-data\">Brushless Generator<\/span><\/li>\n<li><span class=\"specification-title\">Maximal anv\u00e4ndarvikt (kg):\u00a0<\/span><span class=\"specification-data\">182,00 (kg)<\/span><\/li>\n<li><span class=\"specification-title\">Produktens m\u00e5tt (LxBxH):\u00a0<\/span><span class=\"specification-data\">154,30 x 67,40 x 144,20 cm<\/span><\/li>\n<\/ul>\n<ul class=\"product-attributes-container\">\n<li><span class=\"specification-title\">Produktens vikt (KG):\u00a0<\/span><span class=\"specification-data\">91<\/span><\/li>\n<li><span class=\"specification-title\">Integration av appar:\u00a0<\/span><span class=\"specification-data\">KinoMap, Zwift<\/span><\/li>\n<li><span class=\"specification-title\">Bluetooth:\u00a0<\/span><span class=\"specification-data\">Ja<\/span><\/li>\n<li><span class=\"specification-title\">Justerbarhet f\u00f6r ram:\u00a0<\/span><span class=\"specification-data\">Sadel fram\u00e5t och bak\u00e5t<\/span><\/li>\n<li><span class=\"specification-title\">Transporthjul:\u00a0<\/span><span class=\"specification-data\">Ja<\/span><\/li>\n<li><span class=\"specification-title\">Maximal anv\u00e4ndarh\u00f6jd (cm):\u00a0<\/span><span class=\"specification-data\">201<\/span><\/li>\n<li><span class=\"specification-title\">\u00d6vervakning av hj\u00e4rtfrekvens:\u00a0<\/span><span class=\"specification-data\">Inbyggda sensorer och Bluetooth<\/span><\/li>\n<li><span class=\"specification-title\">Inbyggda program:\u00a0<\/span><span class=\"specification-data\">Go, Manual, M\u00e5lpuls, Intervalltr\u00e4ning, Fettf\u00f6rbr\u00e4nning, Rullande kullar, M\u00e5ltr\u00e4ning, Konditionstest, Anpassad<\/span><\/li>\n<\/ul>\n<\/div>\n<\/div>\n<\/div>\n<div class=\"product-features\">\n<h4>YTTERLIGARE FUNKTIONER<\/h4>\n<div class=\"more-container\">\n<div class=\"unshow-text\">\n<ul class=\"product-features-container\">\n<li><span class=\"specification-title\">Motst\u00e5ndssystem:<\/span>\u00a0<span class=\"specification-data\">Borstl\u00f6s generator<\/span><\/li>\n<li><span class=\"specification-title\">Motst\u00e5ndsniv\u00e5er:<\/span>\u00a0<span class=\"specification-data\">30<\/span><\/li>\n<li><span class=\"specification-title\">Motst\u00e5ndsomr\u00e5de:<\/span>\u00a0<span class=\"specification-data\">2-750 W<\/span><\/li>\n<li><span class=\"specification-title\">Vev Design:<\/span>\u00a0<span class=\"specification-data\">Tredelad med smidda armar och integrerad dragare<\/span><\/li>\n<li><span class=\"specification-title\">Justering av s\u00e4tet:<\/span>\u00a0<span class=\"specification-data\">Enhandsspak<\/span><\/li>\n<li><span class=\"specification-title\">Material i sitsen:<\/span>\u00a0<span class=\"specification-data\">Anpassad, gjuten rygg och s\u00e4tesbotten i ett stycke<\/span><\/li>\n<li><span class=\"specification-title\">Avst\u00e5nd mellan pedalerna:<\/span>\u00a0<span class=\"specification-data\">17,5 cm \/ 6,9\u201d<\/span><\/li>\n<li><span class=\"specification-title\">Krav p\u00e5 str\u00f6mf\u00f6rs\u00f6rjning:<\/span>\u00a0<span class=\"specification-data\">Sj\u00e4lvf\u00f6rs\u00f6rjande eller 100-240 V - 50\/60 Hz AC<\/span><\/li>\n<li><span class=\"specification-title\">Konsol:<\/span>\u00a0<span class=\"specification-data\">Premium LED-konsol<\/span><\/li>\n<li><span class=\"specification-title\">Display:<\/span>\u00a0<span class=\"specification-data\">8000-pixel flerf\u00e4rgs-LED<\/span><\/li>\n<li><span class=\"specification-title\">Tr\u00e4ningspass:<\/span>\u00a0<span class=\"specification-data\">Go, Manual, Sprint8, landm\u00e4rken, m\u00e5lpuls, intervalltr\u00e4ning, fettf\u00f6rbr\u00e4nning, rullande kullar, konstant watt, s\u00e4tesmuskeltr\u00e4ning, 5 km\/10 km och konditionstest<\/span><\/li>\n<li><span class=\"specification-title\">WIFI:<\/span>\u00a0<span class=\"specification-data\">Access Matrix anslutna l\u00f6sningsportf\u00f6lj; automatiska programuppdateringar<\/span><\/li>\n<li><span class=\"specification-title\">Spr\u00e5k: engelska:<\/span>\u00a0<span class=\"specification-data\">Engelska, tyska, franska, italienska, spanska, nederl\u00e4ndska, portugisiska, svenska, finska, turkiska, danska, polska<\/span><\/li>\n<li><span class=\"specification-title\">Konsolfunktioner:<\/span>\u00a0<span class=\"specification-data\">RFID-inloggning, USB-port, fl\u00e4kt, l\u00e4sst\u00e4ll (tillval)<\/span><\/li>\n<li><span class=\"specification-title\">Maximal anv\u00e4ndarvikt:<\/span>\u00a0<span class=\"specification-data\">182 kg \/ 400 lbs.<\/span><\/li>\n<li><span class=\"specification-title\">Monterad vikt:<\/span>\u00a0<span class=\"specification-data\">91 kg \/ 200,6 lbs.<\/span><\/li>\n<li><span class=\"specification-title\">Fraktvikt:<\/span>\u00a0<span class=\"specification-data\">112 kg \/ 246,9 lbs.<\/span><\/li>\n<li><span class=\"specification-title\">Monterade m\u00e5tt:<\/span>\u00a0<span class=\"specification-data\">154,3 x 67,4 x 144,2 cm \/ 60,7\u201d x 26,5\u201d x 56,8\u201d<\/span><\/li>\n<li><span class=\"specification-title\">Ledtid:<\/span>\u00a0<span class=\"specification-data\">Tillverkas p\u00e5 best\u00e4llning - genomsnittlig ledtid 2-14 veckor<\/span><\/li>\n<\/ul>\n<\/div>\n<\/div>\n<\/div>\n<div class=\"product-warranty\">\n<h4>GARANTI<\/h4>\n<div class=\"text-container\"><strong>Hem &amp; l\u00e4tt \/ fullst\u00e4ndig kommersiell anv\u00e4ndning:<\/strong>\u00a02 \u00e5r f\u00f6r reservdelar och arbete<\/div>\n<\/div>","protected":false},"excerpt":{"rendered":"<p>Matrix Fitness Commercial Endurance Recumbent Cycle har en ergonomisk sits och rygg f\u00f6r \u00f6verl\u00e4gsen viktf\u00f6rdelning, som kan justeras f\u00f6r att hitta den perfekta k\u00f6rpositionen med bara en hand. Sj\u00e4lvbalanserande pedaler och genomt\u00e4nkta ber\u00f6ringspunkter bidrar ytterligare till komforten och anv\u00e4ndbarheten hos Endurance Recumbent. V\u00e4xla mellan 30 motst\u00e5ndsniv\u00e5er, fr\u00e5n 2-750 W, med hj\u00e4lp av reglagen p\u00e5 styret nere vid s\u00e4tet f\u00f6r att justera utmaningen n\u00e4r du \u00e4r p\u00e5 spr\u00e5ng. Smarta designfunktioner effektiviserar servicen f\u00f6r tekniker och f\u00f6renklar placeringen f\u00f6r anl\u00e4ggningar. Premium LED-konsolen ger dina medlemmar samma enkelhet som den klassiska LED-konsolen, men med mer engagerande f\u00e4rger och detaljer \u00e4n n\u00e5gonsin tidigare. En stor 8000-pixeldisplay fyller sk\u00e4rmen och ger tydlig, l\u00e4ttl\u00e4st feedback med stora siffror och bokst\u00e4ver. Premium LED har praktiska funktioner som RFID-inloggning (tillval), en fl\u00e4kt som h\u00e5ller sk\u00e4rmen sval, USB-port och en l\u00e4shylla f\u00f6r personliga enheter. Den h\u00e4r konsolen har WIFI och fungerar med utvalda produkter fr\u00e5n Matrix Connected Solutions-portf\u00f6ljen och automatiska programuppdateringar utan kostnad f\u00f6r din anl\u00e4ggning. Tr\u00e4ningspassen omfattar Go, Manual, Sprint8, Landmarks, Target Heart Rate, Interval Training, Fat Burn, Rolling Hills, Constant Watts, Glute Training, 5k\/10k och Fitness Tests* *Program kan komma att \u00e4ndras. Kommersiell produkt som byggs p\u00e5 best\u00e4llning - genomsnittlig ledtid \u00e4r 2-14 veckor, v\u00e4nligen kontakta oss f\u00f6r mer information.<\/p>\n<div class=\"product-attribute-container-desktop desktop-only\">\n<div class=\"additional-attributes-wrapper table-wrapper\"><\/div>\n<\/div>","protected":false},"featured_media":686,"comment_status":"open","ping_status":"closed","template":"","meta":{"site-sidebar-layout":"default","site-content-layout":"","ast-site-content-layout":"default","site-content-style":"default","site-sidebar-style":"default","ast-global-header-display":"","ast-banner-title-visibility":"","ast-main-header-display":"","ast-hfb-above-header-display":"","ast-hfb-below-header-display":"","ast-hfb-mobile-header-display":"","site-post-title":"","ast-breadcrumbs-content":"","ast-featured-img":"","footer-sml-layout":"","theme-transparent-header-meta":"default","adv-header-id-meta":"","stick-header-meta":"","header-above-stick-meta":"","header-main-stick-meta":"","header-below-stick-meta":"","astra-migrate-meta-layouts":"set","ast-page-background-enabled":"default","ast-page-background-meta":{"desktop":{"background-color":"var(--ast-global-color-5)","background-image":"","background-repeat":"repeat","background-position":"center center","background-size":"auto","background-attachment":"scroll","background-type":"","background-media":"","overlay-type":"","overlay-color":"","overlay-opacity":"","overlay-gradient":""},"tablet":{"background-color":"","background-image":"","background-repeat":"repeat","background-position":"center center","background-size":"auto","background-attachment":"scroll","background-type":"","background-media":"","overlay-type":"","overlay-color":"","overlay-opacity":"","overlay-gradient":""},"mobile":{"background-color":"","background-image":"","background-repeat":"repeat","background-position":"center center","background-size":"auto","background-attachment":"scroll","background-type":"","background-media":"","overlay-type":"","overlay-color":"","overlay-opacity":"","overlay-gradient":""}},"ast-content-background-meta":{"desktop":{"background-color":"var(--ast-global-color-4)","background-image":"","background-repeat":"repeat","background-position":"center center","background-size":"auto","background-attachment":"scroll","background-type":"","background-media":"","overlay-type":"","overlay-color":"","overlay-opacity":"","overlay-gradient":""},"tablet":{"background-color":"var(--ast-global-color-4)","background-image":"","background-repeat":"repeat","background-position":"center center","background-size":"auto","background-attachment":"scroll","background-type":"","background-media":"","overlay-type":"","overlay-color":"","overlay-opacity":"","overlay-gradient":""},"mobile":{"background-color":"var(--ast-global-color-4)","background-image":"","background-repeat":"repeat","background-position":"center center","background-size":"auto","background-attachment":"scroll","background-type":"","background-media":"","overlay-type":"","overlay-color":"","overlay-opacity":"","overlay-gradient":""}}},"product_brand":[],"product_cat":[19],"product_tag":[22],"class_list":{"0":"post-682","1":"product","2":"type-product","3":"status-publish","4":"has-post-thumbnail","6":"product_cat-excise-bikes","7":"product_tag-exercise-bikes","8":"desktop-align-left","9":"tablet-align-left","10":"mobile-align-left","12":"first","13":"instock","14":"sale","15":"taxable","16":"shipping-taxable","17":"purchasable","18":"product-type-simple"},"_links":{"self":[{"href":"https:\/\/bestfitnessstore.com\/sv\/wp-json\/wp\/v2\/product\/682","targetHints":{"allow":["GET"]}}],"collection":[{"href":"https:\/\/bestfitnessstore.com\/sv\/wp-json\/wp\/v2\/product"}],"about":[{"href":"https:\/\/bestfitnessstore.com\/sv\/wp-json\/wp\/v2\/types\/product"}],"replies":[{"embeddable":true,"href":"https:\/\/bestfitnessstore.com\/sv\/wp-json\/wp\/v2\/comments?post=682"}],"wp:featuredmedia":[{"embeddable":true,"href":"https:\/\/bestfitnessstore.com\/sv\/wp-json\/wp\/v2\/media\/686"}],"wp:attachment":[{"href":"https:\/\/bestfitnessstore.com\/sv\/wp-json\/wp\/v2\/media?parent=682"}],"wp:term":[{"taxonomy":"product_brand","embeddable":true,"href":"https:\/\/bestfitnessstore.com\/sv\/wp-json\/wp\/v2\/product_brand?post=682"},{"taxonomy":"product_cat","embeddable":true,"href":"https:\/\/bestfitnessstore.com\/sv\/wp-json\/wp\/v2\/product_cat?post=682"},{"taxonomy":"product_tag","embeddable":true,"href":"https:\/\/bestfitnessstore.com\/sv\/wp-json\/wp\/v2\/product_tag?post=682"}],"curies":[{"name":"wp","href":"https:\/\/api.w.org\/{rel}","templated":true}]}}