{"id":669,"date":"2025-11-22T15:16:13","date_gmt":"2025-11-22T15:16:13","guid":{"rendered":"https:\/\/bestfitnessstore.com\/?post_type=product&#038;p=669"},"modified":"2025-11-22T15:16:13","modified_gmt":"2025-11-22T15:16:13","slug":"life-fitness-rs3-lifecycle-med-go-konsol","status":"publish","type":"product","link":"https:\/\/bestfitnessstore.com\/sv\/product\/life-fitness-rs3-lifecycle-with-go-console\/","title":{"rendered":"Life Fitness RS3 Lifecycle med Go-konsol"},"content":{"rendered":"<div class=\"product-attribute-container-desktop desktop-only\">\n<div class=\"additional-attributes-wrapper table-wrapper\">\n<h4>PRODUKTINFORMATION<\/h4>\n<div class=\"attributes-container\">\n<ul class=\"product-attributes-container\">\n<li><span class=\"specification-title\">F\u00f6rpackningens vikt (KG):\u00a0<\/span><span class=\"specification-data\">84.000000<\/span><\/li>\n<li><span class=\"specification-title\">Str\u00f6mf\u00f6rs\u00f6rjningsmetod:\u00a0<\/span><span class=\"specification-data\">Eln\u00e4t<\/span><\/li>\n<li><span class=\"specification-title\">Bluetooth:\u00a0<\/span><span class=\"specification-data\">Nej<\/span><\/li>\n<li><span class=\"specification-title\">Justerbarhet f\u00f6r ram:\u00a0<\/span><span class=\"specification-data\">Sadel fram\u00e5t och bak\u00e5t<\/span><\/li>\n<li><span class=\"specification-title\">Transporthjul:\u00a0<\/span><span class=\"specification-data\">Ja<\/span><\/li>\n<li><span class=\"specification-title\">\u00d6vervakning av hj\u00e4rtfrekvens:\u00a0<\/span><span class=\"specification-data\">Analoga, inbyggda sensorer<\/span><\/li>\n<li><span class=\"specification-title\">Inbyggda program:\u00a0<\/span><span class=\"specification-data\">13 f\u00f6rinst\u00e4llda tr\u00e4ningspass: Manual, Random, Hill, EZ Resistance, Sport Training, Fat Burn, Cardio, Heart Rate Hill\u2122, Heart Rate Interval\u2122, Extreme Heart Rate\u2122, Calorie, Distance, Heart Rate med Quick Start, Cool Down, Warm Up och Race Mode<\/span><\/li>\n<\/ul>\n<ul class=\"product-attributes-container\">\n<li><span class=\"specification-title\">Produktens vikt (KG):\u00a0<\/span><span class=\"specification-data\">70<\/span><\/li>\n<li><span class=\"specification-title\">H\u00e5llare f\u00f6r surfplatta:\u00a0<\/span><span class=\"specification-data\">Ja<\/span><\/li>\n<li><span class=\"specification-title\">Pedaler:\u00a0<\/span><span class=\"specification-data\">Rem<\/span><\/li>\n<li><span class=\"specification-title\">Cykeltyp:\u00a0<\/span><span class=\"specification-data\">Liggande<\/span><\/li>\n<li><span class=\"specification-title\">Motst\u00e5ndssystem:\u00a0<\/span><span class=\"specification-data\">Brushless Generator<\/span><\/li>\n<li><span class=\"specification-title\">Maximal anv\u00e4ndarvikt (kg):\u00a0<\/span><span class=\"specification-data\">182,00 (kg)<\/span><\/li>\n<li><span class=\"specification-title\">Produktens m\u00e5tt (LxBxH):\u00a0<\/span><span class=\"specification-data\">164 x 69 x 131 cm<\/span><\/li>\n<\/ul>\n<\/div>\n<\/div>\n<\/div>\n<div class=\"product-features\">\n<h4>YTTERLIGARE FUNKTIONER<\/h4>\n<div class=\"more-container\">\n<div class=\"unshow-text\">\n<ul class=\"product-features-container\">\n<li><span class=\"specification-title\">Motst\u00e5nd:<\/span>\u00a0<span class=\"specification-data\">20 niv\u00e5er<\/span><\/li>\n<li><span class=\"specification-title\">Display:<\/span>\u00a0<span class=\"specification-data\">4 x 6\u2033 LCD med bl\u00e5 och vita tecken och 16 tecken f\u00f6r visning av tr\u00e4ningsprofil<\/span><\/li>\n<li><span class=\"specification-title\">G\u00e5 till konsolen:<\/span>\u00a0<span class=\"specification-data\">2 anv\u00e4ndarprofiler, 13 tr\u00e4ningspass, 2 anpassade tr\u00e4ningspass<\/span><\/li>\n<li><span class=\"specification-title\">Visa \u00e5terkoppling:<\/span>\u00a0<span class=\"specification-data\">Kalorier, distans, hastighet (mph\/km\/h), niv\u00e5, tid, hj\u00e4rtfrekvens, m\u00e5lhj\u00e4rtfrekvens, METs<\/span><\/li>\n<li><span class=\"specification-title\">Anpassade tr\u00e4ningspass:<\/span>\u00a0<span class=\"specification-data\">1 per anv\u00e4ndarprofil<\/span><\/li>\n<li><span class=\"specification-title\">\u00d6vervakning av hj\u00e4rtfrekvens:<\/span>\u00a0<span class=\"specification-data\">Handsensorer p\u00e5 styret och tr\u00e5dl\u00f6st br\u00f6stband ing\u00e5r<\/span><\/li>\n<li><span class=\"specification-title\">Ergonomisk design f\u00f6r stegvis genomg\u00e5ng:<\/span>\u00a0<span class=\"specification-data\">F\u00f6r enkel in- och utpassering<\/span><\/li>\n<li><span class=\"specification-title\">Justerbar sits med lutningsfunktion:<\/span>\u00a0<span class=\"specification-data\">13 justeringsm\u00f6jligheter med rygg i ventilerande mesh-tyg<\/span><\/li>\n<li><span class=\"specification-title\">Sj\u00e4lvbalanserande, halkfria pedaler:<\/span>\u00a0<span class=\"specification-data\">Med sp\u00e4rrband f\u00f6r enkel justering<\/span><\/li>\n<li><span class=\"specification-title\">Styrst\u00e5ng:<\/span>\u00a0<span class=\"specification-data\">Deluxe frontassistans med tv\u00e5 grepp och sidomonterad<\/span><\/li>\n<li><span class=\"specification-title\">\u00d6vriga:<\/span>\u00a0<span class=\"specification-data\">Energy Saver Mode, vattenflaskh\u00e5llare bak och tillbeh\u00f6rsfack<\/span><\/li>\n<\/ul>\n<\/div>\n<\/div>\n<\/div>\n<div class=\"product-warranty\">\n<h4>GARANTI<\/h4>\n<div class=\"text-container\"><strong>Hemmabruk:<\/strong>\u00a010 \u00e5r p\u00e5 ram, 5 \u00e5r p\u00e5 motor, 3 \u00e5r p\u00e5 reservdelar och arbete, 3 m\u00e5nader p\u00e5 kosmetiska detaljer.<\/div>\n<\/div>\n<div class=\"product-next-day\">\n<h4>EXPRESSLEVERANS<\/h4>\n<div class=\"text-container\">M\u00e5nga av v\u00e5ra produkter har expressleverans och leverans p\u00e5 utsatt datum, vilket inneb\u00e4r att du f\u00e5r din produkt levererad redan i morgon eller p\u00e5 ett datum som passar dig. Kontrollera leveransalternativen i kassan f\u00f6r att se tillg\u00e4ngligheten f\u00f6r din korg och ditt postnummer. Leveransvillkor g\u00e4ller.<\/div>\n<\/div>","protected":false},"excerpt":{"rendered":"<p>Lifecycle\u00ae RS3 Recumbent \u00e4r ytterligare ett fantastiskt erbjudande fr\u00e5n Life Fitness LifeCycle-sortiment. Det \u00e4r en motionscykel f\u00f6r hemmabruk som \u00e4r byggd enligt rigor\u00f6sa kvalitetsstandarder f\u00f6r h\u00e4lsoklubbar och som enkelt kombinerar robusthet med underh\u00e5llande tr\u00e4ningsalternativ som passar alla konditionsniv\u00e5er. Med viktiga komfortfunktioner och otroligt tyst motst\u00e5nd upp till 20 niv\u00e5er finns det ingen distraktion s\u00e5 att du kan fokusera p\u00e5 dina m\u00e5l. Med en snygg, ergonomisk design med genomg\u00e5ende steg och ett fr\u00e4mre hj\u00e4lpaktionsstyre med dubbla grepp \u00e4r det enkelt att kliva p\u00e5 och av cykeln. Du kan ocks\u00e5 finjustera cykeln - med 13 justeringar f\u00f6r s\u00e4tet finns det en idealisk position f\u00f6r dig medan det ergonomiska n\u00e4tet p\u00e5 recliner-s\u00e4tet h\u00e5ller dig sval och maximerar din komfort s\u00e5 att du \u00e4r redo f\u00f6r ett effektivt tr\u00e4ningspass. FUNKTIONER I GO-KONSOLEN Go-konsolen \u00e4r enkel att anv\u00e4nda och mycket intuitiv. All viktig feedback fr\u00e5n tr\u00e4ningen, inklusive distans, hastighet och kalorier, visas p\u00e5 den stora LCD-displayen och har enkla snabbknappar, inklusive Quick Start, Warm Up och Cool Down. F\u00f6r motivation eller en ny utmaning kan du v\u00e4lja mellan 13 inbyggda tr\u00e4ningsprogram, inklusive 5 avancerade HeartSync\u2122-program, och h\u00e5lla koll p\u00e5 din puls med styrsensorerna eller det medf\u00f6ljande tr\u00e5dl\u00f6sa br\u00f6stb\u00e4ltet. Det finns ocks\u00e5 m\u00f6jlighet att skapa 2 anv\u00e4ndarprofiler s\u00e5 att varje anv\u00e4ndare snabbt kan st\u00e4lla in sitt tr\u00e4ningspass, \u00f6vervaka sina egna framsteg och spara ett anpassat tr\u00e4ningspass var. Finns \u00e4ven med en Track+-konsol.<\/p>\n<div class=\"product-attribute-container-desktop desktop-only\">\n<div class=\"additional-attributes-wrapper table-wrapper\"><\/div>\n<\/div>","protected":false},"featured_media":672,"comment_status":"open","ping_status":"closed","template":"","meta":{"site-sidebar-layout":"default","site-content-layout":"","ast-site-content-layout":"default","site-content-style":"default","site-sidebar-style":"default","ast-global-header-display":"","ast-banner-title-visibility":"","ast-main-header-display":"","ast-hfb-above-header-display":"","ast-hfb-below-header-display":"","ast-hfb-mobile-header-display":"","site-post-title":"","ast-breadcrumbs-content":"","ast-featured-img":"","footer-sml-layout":"","theme-transparent-header-meta":"default","adv-header-id-meta":"","stick-header-meta":"","header-above-stick-meta":"","header-main-stick-meta":"","header-below-stick-meta":"","astra-migrate-meta-layouts":"set","ast-page-background-enabled":"default","ast-page-background-meta":{"desktop":{"background-color":"var(--ast-global-color-5)","background-image":"","background-repeat":"repeat","background-position":"center center","background-size":"auto","background-attachment":"scroll","background-type":"","background-media":"","overlay-type":"","overlay-color":"","overlay-opacity":"","overlay-gradient":""},"tablet":{"background-color":"","background-image":"","background-repeat":"repeat","background-position":"center center","background-size":"auto","background-attachment":"scroll","background-type":"","background-media":"","overlay-type":"","overlay-color":"","overlay-opacity":"","overlay-gradient":""},"mobile":{"background-color":"","background-image":"","background-repeat":"repeat","background-position":"center center","background-size":"auto","background-attachment":"scroll","background-type":"","background-media":"","overlay-type":"","overlay-color":"","overlay-opacity":"","overlay-gradient":""}},"ast-content-background-meta":{"desktop":{"background-color":"var(--ast-global-color-4)","background-image":"","background-repeat":"repeat","background-position":"center center","background-size":"auto","background-attachment":"scroll","background-type":"","background-media":"","overlay-type":"","overlay-color":"","overlay-opacity":"","overlay-gradient":""},"tablet":{"background-color":"var(--ast-global-color-4)","background-image":"","background-repeat":"repeat","background-position":"center center","background-size":"auto","background-attachment":"scroll","background-type":"","background-media":"","overlay-type":"","overlay-color":"","overlay-opacity":"","overlay-gradient":""},"mobile":{"background-color":"var(--ast-global-color-4)","background-image":"","background-repeat":"repeat","background-position":"center center","background-size":"auto","background-attachment":"scroll","background-type":"","background-media":"","overlay-type":"","overlay-color":"","overlay-opacity":"","overlay-gradient":""}}},"product_brand":[],"product_cat":[19],"product_tag":[22],"class_list":{"0":"post-669","1":"product","2":"type-product","3":"status-publish","4":"has-post-thumbnail","6":"product_cat-excise-bikes","7":"product_tag-exercise-bikes","8":"desktop-align-left","9":"tablet-align-left","10":"mobile-align-left","12":"first","13":"instock","14":"sale","15":"taxable","16":"shipping-taxable","17":"purchasable","18":"product-type-simple"},"_links":{"self":[{"href":"https:\/\/bestfitnessstore.com\/sv\/wp-json\/wp\/v2\/product\/669","targetHints":{"allow":["GET"]}}],"collection":[{"href":"https:\/\/bestfitnessstore.com\/sv\/wp-json\/wp\/v2\/product"}],"about":[{"href":"https:\/\/bestfitnessstore.com\/sv\/wp-json\/wp\/v2\/types\/product"}],"replies":[{"embeddable":true,"href":"https:\/\/bestfitnessstore.com\/sv\/wp-json\/wp\/v2\/comments?post=669"}],"wp:featuredmedia":[{"embeddable":true,"href":"https:\/\/bestfitnessstore.com\/sv\/wp-json\/wp\/v2\/media\/672"}],"wp:attachment":[{"href":"https:\/\/bestfitnessstore.com\/sv\/wp-json\/wp\/v2\/media?parent=669"}],"wp:term":[{"taxonomy":"product_brand","embeddable":true,"href":"https:\/\/bestfitnessstore.com\/sv\/wp-json\/wp\/v2\/product_brand?post=669"},{"taxonomy":"product_cat","embeddable":true,"href":"https:\/\/bestfitnessstore.com\/sv\/wp-json\/wp\/v2\/product_cat?post=669"},{"taxonomy":"product_tag","embeddable":true,"href":"https:\/\/bestfitnessstore.com\/sv\/wp-json\/wp\/v2\/product_tag?post=669"}],"curies":[{"name":"wp","href":"https:\/\/api.w.org\/{rel}","templated":true}]}}