{"id":638,"date":"2025-11-22T14:44:16","date_gmt":"2025-11-22T14:44:16","guid":{"rendered":"https:\/\/bestfitnessstore.com\/?post_type=product&#038;p=638"},"modified":"2025-11-22T14:44:16","modified_gmt":"2025-11-22T14:44:16","slug":"life-fitness-club-series-liggcykel-med-sl-konsol","status":"publish","type":"product","link":"https:\/\/bestfitnessstore.com\/sv\/product\/life-fitness-club-series-recumbent-bike-with-sl-console\/","title":{"rendered":"Life Fitness Club Series+ Liggcykel med SL-konsol"},"content":{"rendered":"<div class=\"product-attribute-container-desktop desktop-only\">\n<div class=\"additional-attributes-wrapper table-wrapper\">\n<h4>PRODUKTINFORMATION<\/h4>\n<div class=\"attributes-container\">\n<ul class=\"product-attributes-container\">\n<li><span class=\"specification-title\">F\u00f6rpackningens vikt (KG):\u00a0<\/span><span class=\"specification-data\">95.000000<\/span><\/li>\n<li><span class=\"specification-title\">Str\u00f6mf\u00f6rs\u00f6rjningsmetod:\u00a0<\/span><span class=\"specification-data\">Sj\u00e4lvf\u00f6rs\u00f6rjande<\/span><\/li>\n<li><span class=\"specification-title\">Bluetooth:\u00a0<\/span><span class=\"specification-data\">Ja<\/span><\/li>\n<li><span class=\"specification-title\">Justerbarhet f\u00f6r ram:\u00a0<\/span><span class=\"specification-data\">Sadel fram\u00e5t och bak\u00e5t<\/span><\/li>\n<li><span class=\"specification-title\">Transporthjul:\u00a0<\/span><span class=\"specification-data\">Ja<\/span><\/li>\n<li><span class=\"specification-title\">Maximal anv\u00e4ndarvikt (kg):\u00a0<\/span><span class=\"specification-data\">181,00 (kg)<\/span><\/li>\n<li><span class=\"specification-title\">Produktens m\u00e5tt (LxBxH):\u00a0<\/span><span class=\"specification-data\">170 x 66 x 131 cm<\/span><\/li>\n<\/ul>\n<ul class=\"product-attributes-container\">\n<li><span class=\"specification-title\">Produktens vikt (KG):\u00a0<\/span><span class=\"specification-data\">97.50<\/span><\/li>\n<li><span class=\"specification-title\">Integration av appar:\u00a0<\/span><span class=\"specification-data\">Life Fitness Connect<\/span><\/li>\n<li><span class=\"specification-title\">Pedaler:\u00a0<\/span><span class=\"specification-data\">Standard<\/span><\/li>\n<li><span class=\"specification-title\">Cykeltyp:\u00a0<\/span><span class=\"specification-data\">Liggande<\/span><\/li>\n<li><span class=\"specification-title\">\u00d6vervakning av hj\u00e4rtfrekvens:\u00a0<\/span><span class=\"specification-data\">Inbyggda sensorer och Bluetooth<\/span><\/li>\n<li><span class=\"specification-title\">Inbyggda program:\u00a0<\/span><span class=\"specification-data\">17<\/span><\/li>\n<\/ul>\n<\/div>\n<\/div>\n<\/div>\n<div class=\"product-features\">\n<h4>YTTERLIGARE FUNKTIONER<\/h4>\n<div class=\"more-container\">\n<div class=\"unshow-text\">\n<ul class=\"product-features-container\">\n<li><span class=\"specification-title\">Generator Drivsystem:<\/span>\u00a0<span class=\"specification-data\">Tyst och praktiskt taget underh\u00e5llsfri<\/span><\/li>\n<li><span class=\"specification-title\">Motst\u00e5nd:<\/span>\u00a0<span class=\"specification-data\">25 niv\u00e5er<\/span><\/li>\n<li><span class=\"specification-title\">SL-konsol:<\/span>\u00a0<span class=\"specification-data\">Avancerad LED-display f\u00f6r en intuitiv tr\u00e4ningsupplevelse<\/span><\/li>\n<li><span class=\"specification-title\">Display Feedback:<\/span>\u00a0<span class=\"specification-data\">Varvtal, hastighet, kalorier, distans, \u00e5terst\u00e5ende tid, f\u00f6rfluten tid, niv\u00e5, watt och hj\u00e4rtfrekvens<\/span><\/li>\n<li><span class=\"specification-title\">Pedaler:<\/span>\u00a0<span class=\"specification-data\">Wide Ride\u2122-pedaler<\/span><\/li>\n<li><span class=\"specification-title\">Comfort Curve\u2122 Sits:<\/span>\u00a0<span class=\"specification-data\">Med 41 finjusterade inst\u00e4llningar<\/span><\/li>\n<li><span class=\"specification-title\">V\u00e4nligen notera:<\/span>\u00a0<span class=\"specification-data\">Aktuell ledtid f\u00f6r denna artikel \u00e4r cirka 16 veckor<\/span><\/li>\n<\/ul>\n<\/div>\n<\/div>\n<\/div>\n<div class=\"product-warranty\">\n<h4>GARANTI<\/h4>\n<div class=\"text-container\"><strong>Hem &amp; l\u00e4tt kommersiell anv\u00e4ndning:<\/strong>\u00a03 \u00e5r delar och arbete\/1 \u00e5r delar och arbete eller 1000 timmar (beroende p\u00e5 vad som intr\u00e4ffar f\u00f6rst)<\/div>\n<\/div>","protected":false},"excerpt":{"rendered":"<p>Liggcykeln ing\u00e5r i Life Fitness Club Series+ Recumbent Bike och \u00e4r utformad med de h\u00f6gkvalitativa och h\u00e5llbara komponenter som du f\u00f6rv\u00e4ntar dig av detta \u00f6verl\u00e4gsna sortiment. Den \u00e4r tillverkad med komfort i \u00e5tanke och har en Comfort Curve Plus\u2122-sits med ryggst\u00f6d och l\u00e4ndryggsst\u00f6d samt en omslutande justeringsspak som g\u00f6r det enkelt att hitta den mest bekv\u00e4ma sittpositionen. Tillsammans med sitsen finns en upps\u00e4ttning Wide Ride\u2122-pedaler som ger en s\u00e4ker fot och \u00f6kar maskinens komfort ytterligare. Den medf\u00f6ljande SL-konsolen erbjuder en intuitiv tr\u00e4ningsupplevelse kombinerad med den digitala anslutningsniv\u00e5 som anv\u00e4ndarna har kommit att f\u00f6rv\u00e4nta sig. Life Fitness har inf\u00f6rlivat framsteg inom tr\u00e4ningsinteraktion, som Apple GymKit-teknik och Bluetooth\u00ae-anslutning, och byggt in dem i LED-plattformen. Konsolen har totalt 17 inbyggda tr\u00e4ningspass och visar RPM, hastighet, kalorier, distans, \u00e5terst\u00e5ende tid, f\u00f6rfluten tid, niv\u00e5, watt och hj\u00e4rtfrekvens. Den har en USB-port f\u00f6r laddning av enheten eller programuppdateringar, snabb anslutning till h\u00f6rlurar och pulsband samt s\u00f6ml\u00f6s anslutning till Life Fitness Connect-appen som kan laddas ner gratis och Apple Watch\u00ae. F\u00f6r bekv\u00e4m pulsm\u00e4tning \u00e4r LifePulse\u2122 DSP-sensorerna (Digital Signal Processing) placerade p\u00e5 det greppv\u00e4nliga styret, medan Polar\u00ae-tekniken erbjuder handsfree-m\u00e4tning med ett br\u00f6stband. Andra funktioner p\u00e5 Club Series+ Recumbent Bike inkluderar framhjul f\u00f6r enkel r\u00f6rlighet, ett smidigt generatordrivsystem, 25 motst\u00e5ndsniv\u00e5er och en Titanium Storm-finish. Observera - aktuell ledtid f\u00f6r denna artikel \u00e4r cirka 16 veckor.<\/p>\n<div class=\"product-attribute-container-desktop desktop-only\">\n<div class=\"additional-attributes-wrapper table-wrapper\"><\/div>\n<\/div>","protected":false},"featured_media":640,"comment_status":"open","ping_status":"closed","template":"","meta":{"site-sidebar-layout":"default","site-content-layout":"","ast-site-content-layout":"default","site-content-style":"default","site-sidebar-style":"default","ast-global-header-display":"","ast-banner-title-visibility":"","ast-main-header-display":"","ast-hfb-above-header-display":"","ast-hfb-below-header-display":"","ast-hfb-mobile-header-display":"","site-post-title":"","ast-breadcrumbs-content":"","ast-featured-img":"","footer-sml-layout":"","theme-transparent-header-meta":"default","adv-header-id-meta":"","stick-header-meta":"","header-above-stick-meta":"","header-main-stick-meta":"","header-below-stick-meta":"","astra-migrate-meta-layouts":"set","ast-page-background-enabled":"default","ast-page-background-meta":{"desktop":{"background-color":"var(--ast-global-color-5)","background-image":"","background-repeat":"repeat","background-position":"center center","background-size":"auto","background-attachment":"scroll","background-type":"","background-media":"","overlay-type":"","overlay-color":"","overlay-opacity":"","overlay-gradient":""},"tablet":{"background-color":"","background-image":"","background-repeat":"repeat","background-position":"center center","background-size":"auto","background-attachment":"scroll","background-type":"","background-media":"","overlay-type":"","overlay-color":"","overlay-opacity":"","overlay-gradient":""},"mobile":{"background-color":"","background-image":"","background-repeat":"repeat","background-position":"center center","background-size":"auto","background-attachment":"scroll","background-type":"","background-media":"","overlay-type":"","overlay-color":"","overlay-opacity":"","overlay-gradient":""}},"ast-content-background-meta":{"desktop":{"background-color":"var(--ast-global-color-4)","background-image":"","background-repeat":"repeat","background-position":"center center","background-size":"auto","background-attachment":"scroll","background-type":"","background-media":"","overlay-type":"","overlay-color":"","overlay-opacity":"","overlay-gradient":""},"tablet":{"background-color":"var(--ast-global-color-4)","background-image":"","background-repeat":"repeat","background-position":"center center","background-size":"auto","background-attachment":"scroll","background-type":"","background-media":"","overlay-type":"","overlay-color":"","overlay-opacity":"","overlay-gradient":""},"mobile":{"background-color":"var(--ast-global-color-4)","background-image":"","background-repeat":"repeat","background-position":"center center","background-size":"auto","background-attachment":"scroll","background-type":"","background-media":"","overlay-type":"","overlay-color":"","overlay-opacity":"","overlay-gradient":""}}},"product_brand":[],"product_cat":[19],"product_tag":[22],"class_list":{"0":"post-638","1":"product","2":"type-product","3":"status-publish","4":"has-post-thumbnail","6":"product_cat-excise-bikes","7":"product_tag-exercise-bikes","8":"desktop-align-left","9":"tablet-align-left","10":"mobile-align-left","12":"first","13":"instock","14":"sale","15":"taxable","16":"shipping-taxable","17":"purchasable","18":"product-type-simple"},"_links":{"self":[{"href":"https:\/\/bestfitnessstore.com\/sv\/wp-json\/wp\/v2\/product\/638","targetHints":{"allow":["GET"]}}],"collection":[{"href":"https:\/\/bestfitnessstore.com\/sv\/wp-json\/wp\/v2\/product"}],"about":[{"href":"https:\/\/bestfitnessstore.com\/sv\/wp-json\/wp\/v2\/types\/product"}],"replies":[{"embeddable":true,"href":"https:\/\/bestfitnessstore.com\/sv\/wp-json\/wp\/v2\/comments?post=638"}],"wp:featuredmedia":[{"embeddable":true,"href":"https:\/\/bestfitnessstore.com\/sv\/wp-json\/wp\/v2\/media\/640"}],"wp:attachment":[{"href":"https:\/\/bestfitnessstore.com\/sv\/wp-json\/wp\/v2\/media?parent=638"}],"wp:term":[{"taxonomy":"product_brand","embeddable":true,"href":"https:\/\/bestfitnessstore.com\/sv\/wp-json\/wp\/v2\/product_brand?post=638"},{"taxonomy":"product_cat","embeddable":true,"href":"https:\/\/bestfitnessstore.com\/sv\/wp-json\/wp\/v2\/product_cat?post=638"},{"taxonomy":"product_tag","embeddable":true,"href":"https:\/\/bestfitnessstore.com\/sv\/wp-json\/wp\/v2\/product_tag?post=638"}],"curies":[{"name":"wp","href":"https:\/\/api.w.org\/{rel}","templated":true}]}}