{"id":628,"date":"2025-11-22T14:29:18","date_gmt":"2025-11-22T14:29:18","guid":{"rendered":"https:\/\/bestfitnessstore.com\/?post_type=product&#038;p=628"},"modified":"2025-11-22T14:29:19","modified_gmt":"2025-11-22T14:29:19","slug":"life-fitness-c1-staende-cykel-med-track-connect-2-0-konsol","status":"publish","type":"product","link":"https:\/\/bestfitnessstore.com\/sv\/product\/life-fitness-c1-upright-cycle-with-track-connect-2-0-console\/","title":{"rendered":"Life Fitness C1 uppr\u00e4tt cykel med Track Connect 2.0-konsol"},"content":{"rendered":"<div class=\"product-attribute-container-desktop desktop-only\">\n<div class=\"additional-attributes-wrapper table-wrapper\">\n<h4>PRODUKTINFORMATION<\/h4>\n<div class=\"attributes-container\">\n<ul class=\"product-attributes-container\">\n<li><span class=\"specification-title\">F\u00f6rpackningens vikt (KG):\u00a0<\/span><span class=\"specification-data\">60.000000<\/span><\/li>\n<li><span class=\"specification-title\">Integration av appar:\u00a0<\/span><span class=\"specification-data\">FulGaz, Life Fitness Connect, Rouvy, Zwift<\/span><\/li>\n<li><span class=\"specification-title\">Bluetooth:\u00a0<\/span><span class=\"specification-data\">Ja<\/span><\/li>\n<li><span class=\"specification-title\">Justerbarhet f\u00f6r ram:\u00a0<\/span><span class=\"specification-data\">Sadel upp och ner<\/span><\/li>\n<li><span class=\"specification-title\">Transporthjul:\u00a0<\/span><span class=\"specification-data\">Ja<\/span><\/li>\n<li><span class=\"specification-title\">Sv\u00e4nghjulets vikt (KG):\u00a0<\/span><span class=\"specification-data\">11<\/span><\/li>\n<li><span class=\"specification-title\">Maximal anv\u00e4ndarvikt (kg):\u00a0<\/span><span class=\"specification-data\">135,00 (kg)<\/span><\/li>\n<li><span class=\"specification-title\">Produktens m\u00e5tt (LxBxH):\u00a0<\/span><span class=\"specification-data\">114 x 69 x 142 cm<\/span><\/li>\n<\/ul>\n<ul class=\"product-attributes-container\">\n<li><span class=\"specification-title\">Str\u00f6mf\u00f6rs\u00f6rjningsmetod:\u00a0<\/span><span class=\"specification-data\">Eln\u00e4t<\/span><\/li>\n<li><span class=\"specification-title\">H\u00e5llare f\u00f6r surfplatta:\u00a0<\/span><span class=\"specification-data\">Ja<\/span><\/li>\n<li><span class=\"specification-title\">Pedaler:\u00a0<\/span><span class=\"specification-data\">Rem<\/span><\/li>\n<li><span class=\"specification-title\">Cykeltyp:\u00a0<\/span><span class=\"specification-data\">St\u00e5ende<\/span><\/li>\n<li><span class=\"specification-title\">Motst\u00e5ndssystem:\u00a0<\/span><span class=\"specification-data\">Virvelstr\u00f6m<\/span><\/li>\n<li><span class=\"specification-title\">\u00d6vervakning av hj\u00e4rtfrekvens:\u00a0<\/span><span class=\"specification-data\">Analoga, inbyggda sensorer<\/span><\/li>\n<li><span class=\"specification-title\">Inbyggda program:\u00a0<\/span><span class=\"specification-data\">15 f\u00f6rinst\u00e4llda tr\u00e4ningspass: Manuell, Slumpm\u00e4ssig, Hill, EZ Resistance, Sporttr\u00e4ning, Fit Test, Kalorier, Distans, M\u00e5lhj\u00e4rtfrekvens, Hj\u00e4rtfrekvens Hill\u2122, Hj\u00e4rtfrekvens Interval\u2122, Extrem hj\u00e4rtfrekvens\u2122, Fettf\u00f6rbr\u00e4nning, Cardio, Anpassad h\u00f6gintensiv intervalltr\u00e4ning  workout<\/span><\/li>\n<\/ul>\n<\/div>\n<\/div>\n<\/div>\n<div class=\"product-features\">\n<h4>YTTERLIGARE FUNKTIONER<\/h4>\n<div class=\"more-container\">\n<div class=\"unshow-text\">\n<ul class=\"product-features-container\">\n<li><span class=\"specification-title\">Motst\u00e5nd:<\/span>\u00a0<span class=\"specification-data\">Virvelstr\u00f6m med 20 niv\u00e5er<\/span><\/li>\n<li><span class=\"specification-title\">Display:<\/span>\u00a0<span class=\"specification-data\">7\u201d LCD med instruktionscenter och kapacitiva touchknappar<\/span><\/li>\n<li><span class=\"specification-title\">Display Feedback:<\/span>\u00a0<span class=\"specification-data\">Kalorier, distans, hastighet (mph, km\/h, rpm), niv\u00e5\/inklination, tid, hj\u00e4rtfrekvens, m\u00e5lhj\u00e4rtfrekvens, METs med animerade symboler<\/span><\/li>\n<li><span class=\"specification-title\">Anpassade tr\u00e4ningspass:<\/span>\u00a0<span class=\"specification-data\">3 per anv\u00e4ndarprofil<\/span><\/li>\n<li><span class=\"specification-title\">S\u00e4rskilda egenskaper:<\/span>\u00a0<span class=\"specification-data\">Automatisk sparning, snabbstart, energisparl\u00e4ge, uppv\u00e4rmnings- och nedkylningsl\u00e4ge, 4 anv\u00e4ndarprofiler<\/span><\/li>\n<li><span class=\"specification-title\">LFconnect tillg\u00e4nglighet p\u00e5 LFconnect.com:<\/span>\u00a0<span class=\"specification-data\">Obegr\u00e4nsad anpassning, Tr\u00e4ningssp\u00e5rning, USB-port (programuppdateringar, spara tr\u00e4ningsprogram), LFconnect-app (ladda ner fr\u00e5n iTunes\u00ae App Store eller Google Play\u2122)<\/span><\/li>\n<li><span class=\"specification-title\">Kompatibilitet:<\/span>\u00a0<span class=\"specification-data\">Kompatibel med appar fr\u00e5n tredje part (en lista \u00f6ver kompatibla appar finns p\u00e5 LifeFitness.com\/MoreApps)<\/span><\/li>\n<li><span class=\"specification-title\">Justerbar uppr\u00e4tt sittplats:<\/span>\u00a0<span class=\"specification-data\">14 positioner<\/span><\/li>\n<li><span class=\"specification-title\">Sj\u00e4lvbalanserande Pedaler:<\/span>\u00a0<span class=\"specification-data\">Med sp\u00e4rrband f\u00f6r enkel justering<\/span><\/li>\n<li><span class=\"specification-title\">Styrst\u00e5ng:<\/span>\u00a0<span class=\"specification-data\">Ergonomiskt utformat styre i racingstil<\/span><\/li>\n<li><span class=\"specification-title\">\u00d6vervakning av hj\u00e4rtfrekvens:<\/span>\u00a0<span class=\"specification-data\">Handsensorer p\u00e5 styret och tr\u00e5dl\u00f6st br\u00f6stband<\/span><\/li>\n<li><span class=\"specification-title\">Tillbeh\u00f6r:<\/span>\u00a0<span class=\"specification-data\">Vattenflaskh\u00e5llare, integrerat kompressionsst\u00e4ll f\u00f6r smarta telefoner\/surfplattor<\/span><\/li>\n<li><span class=\"specification-title\">Spr\u00e5k: engelska:<\/span>\u00a0<span class=\"specification-data\">4 (engelska, ryska, spanska, tyska)<\/span><\/li>\n<\/ul>\n<\/div>\n<\/div>\n<\/div>\n<div class=\"product-warranty\">\n<h4>GARANTI<\/h4>\n<div class=\"text-container\"><strong>Hemmabruk:<\/strong>\u00a010 \u00e5r p\u00e5 ram, 5 \u00e5r p\u00e5 motor, 3 \u00e5r p\u00e5 reservdelar och arbete, 3 m\u00e5nader p\u00e5 kosmetiska detaljer.<\/div>\n<\/div>\n<div class=\"product-next-day\">\n<h4>EXPRESSLEVERANS<\/h4>\n<div class=\"text-container\">M\u00e5nga av v\u00e5ra produkter har expressleverans och leverans p\u00e5 utsatt datum, vilket inneb\u00e4r att du f\u00e5r din produkt levererad redan i morgon eller p\u00e5 ett datum som passar dig. Kontrollera leveransalternativen i kassan f\u00f6r att se tillg\u00e4ngligheten f\u00f6r din korg och ditt postnummer. Leveransvillkor g\u00e4ller.<\/div>\n<\/div>","protected":false},"excerpt":{"rendered":"<p>Komfort och motivation \u00e4r en integrerad del av Life Fitness C1 Upright Cycle. Den har en m\u00e4ngd komfortfunktioner, inklusive otroligt tyst r\u00f6relse, en standard uppr\u00e4tt sits med 14 positioner och sj\u00e4lvbalanserande pedaler med sp\u00e4rrband f\u00f6r enkla justeringar. Den 18 cm stora vita LCD-sk\u00e4rmen p\u00e5 den nya Track Connect 2.0-konsolen har ett instruktionsmeddelande och 3 anpassade tr\u00e4ningspass per anv\u00e4ndarprofil samt 15 tr\u00e4ningsalternativ. Klassiska tr\u00e4ningspass: Manuell, slumpm\u00e4ssig, backe. Avancerade tr\u00e4ningspass: EZ Resistance, Sport Training, Fit Test. Hj\u00e4rtfrekvensstyrda tr\u00e4ningspass: Fettf\u00f6rbr\u00e4nning, Cardio, Heart Rate Hill\u2122, Heart Rate Interval\u2122, Extreme Heart Rate\u2122. M\u00e5ltr\u00e4ningspass: Kalorier, distans, m\u00e5lhj\u00e4rtfrekvens. Track Connect 2.0 har f\u00f6rb\u00e4ttrad Bluetooth\u00ae som m\u00f6jligg\u00f6r parkoppling med en Apple Watch\u00ae eller Samsung Galaxy Watch\u00ae samt Apple\u00ae- eller Android\u2122-smartphones. Detta g\u00f6r att du kan ansluta s\u00f6ml\u00f6st till cykeln f\u00f6r extremt exakt tr\u00e4ningsinformation. En design med dubbla zoner separerar underh\u00e5llning och tr\u00e4ningsspecifika omr\u00e5den. Med inbyggda handsensorer och tr\u00e5dl\u00f6s anslutning till br\u00f6stb\u00e4ltet (tillval) kan du enkelt m\u00e4ta pulsen. C1 \u00e4r ocks\u00e5 utrustad med ett energisparl\u00e4ge, s\u00e5 att du kan s\u00e4nka din energif\u00f6rbrukning dramatiskt n\u00e4r maskinen \u00e4r p\u00e5slagen men inte anv\u00e4nds.<\/p>\n<div class=\"product-attribute-container-desktop desktop-only\">\n<div class=\"additional-attributes-wrapper table-wrapper\"><\/div>\n<\/div>","protected":false},"featured_media":630,"comment_status":"open","ping_status":"closed","template":"","meta":{"site-sidebar-layout":"default","site-content-layout":"","ast-site-content-layout":"default","site-content-style":"default","site-sidebar-style":"default","ast-global-header-display":"","ast-banner-title-visibility":"","ast-main-header-display":"","ast-hfb-above-header-display":"","ast-hfb-below-header-display":"","ast-hfb-mobile-header-display":"","site-post-title":"","ast-breadcrumbs-content":"","ast-featured-img":"","footer-sml-layout":"","theme-transparent-header-meta":"default","adv-header-id-meta":"","stick-header-meta":"","header-above-stick-meta":"","header-main-stick-meta":"","header-below-stick-meta":"","astra-migrate-meta-layouts":"set","ast-page-background-enabled":"default","ast-page-background-meta":{"desktop":{"background-color":"var(--ast-global-color-5)","background-image":"","background-repeat":"repeat","background-position":"center center","background-size":"auto","background-attachment":"scroll","background-type":"","background-media":"","overlay-type":"","overlay-color":"","overlay-opacity":"","overlay-gradient":""},"tablet":{"background-color":"","background-image":"","background-repeat":"repeat","background-position":"center center","background-size":"auto","background-attachment":"scroll","background-type":"","background-media":"","overlay-type":"","overlay-color":"","overlay-opacity":"","overlay-gradient":""},"mobile":{"background-color":"","background-image":"","background-repeat":"repeat","background-position":"center center","background-size":"auto","background-attachment":"scroll","background-type":"","background-media":"","overlay-type":"","overlay-color":"","overlay-opacity":"","overlay-gradient":""}},"ast-content-background-meta":{"desktop":{"background-color":"var(--ast-global-color-4)","background-image":"","background-repeat":"repeat","background-position":"center center","background-size":"auto","background-attachment":"scroll","background-type":"","background-media":"","overlay-type":"","overlay-color":"","overlay-opacity":"","overlay-gradient":""},"tablet":{"background-color":"var(--ast-global-color-4)","background-image":"","background-repeat":"repeat","background-position":"center center","background-size":"auto","background-attachment":"scroll","background-type":"","background-media":"","overlay-type":"","overlay-color":"","overlay-opacity":"","overlay-gradient":""},"mobile":{"background-color":"var(--ast-global-color-4)","background-image":"","background-repeat":"repeat","background-position":"center center","background-size":"auto","background-attachment":"scroll","background-type":"","background-media":"","overlay-type":"","overlay-color":"","overlay-opacity":"","overlay-gradient":""}}},"product_brand":[],"product_cat":[19],"product_tag":[22],"class_list":{"0":"post-628","1":"product","2":"type-product","3":"status-publish","4":"has-post-thumbnail","6":"product_cat-excise-bikes","7":"product_tag-exercise-bikes","8":"desktop-align-left","9":"tablet-align-left","10":"mobile-align-left","12":"first","13":"instock","14":"sale","15":"taxable","16":"shipping-taxable","17":"purchasable","18":"product-type-simple"},"_links":{"self":[{"href":"https:\/\/bestfitnessstore.com\/sv\/wp-json\/wp\/v2\/product\/628","targetHints":{"allow":["GET"]}}],"collection":[{"href":"https:\/\/bestfitnessstore.com\/sv\/wp-json\/wp\/v2\/product"}],"about":[{"href":"https:\/\/bestfitnessstore.com\/sv\/wp-json\/wp\/v2\/types\/product"}],"replies":[{"embeddable":true,"href":"https:\/\/bestfitnessstore.com\/sv\/wp-json\/wp\/v2\/comments?post=628"}],"wp:featuredmedia":[{"embeddable":true,"href":"https:\/\/bestfitnessstore.com\/sv\/wp-json\/wp\/v2\/media\/630"}],"wp:attachment":[{"href":"https:\/\/bestfitnessstore.com\/sv\/wp-json\/wp\/v2\/media?parent=628"}],"wp:term":[{"taxonomy":"product_brand","embeddable":true,"href":"https:\/\/bestfitnessstore.com\/sv\/wp-json\/wp\/v2\/product_brand?post=628"},{"taxonomy":"product_cat","embeddable":true,"href":"https:\/\/bestfitnessstore.com\/sv\/wp-json\/wp\/v2\/product_cat?post=628"},{"taxonomy":"product_tag","embeddable":true,"href":"https:\/\/bestfitnessstore.com\/sv\/wp-json\/wp\/v2\/product_tag?post=628"}],"curies":[{"name":"wp","href":"https:\/\/api.w.org\/{rel}","templated":true}]}}