{"id":617,"date":"2025-11-22T09:05:43","date_gmt":"2025-11-22T09:05:43","guid":{"rendered":"https:\/\/bestfitnessstore.com\/?post_type=product&#038;p=617"},"modified":"2025-11-22T09:05:43","modified_gmt":"2025-11-22T09:05:43","slug":"kettler-cycle-m-motionscykel","status":"publish","type":"product","link":"https:\/\/bestfitnessstore.com\/sv\/product\/kettler-cycle-m-exercise-bike\/","title":{"rendered":"Kettler Motionscykel Cycle M"},"content":{"rendered":"<div class=\"product-attribute-container-desktop desktop-only\">\n<div class=\"additional-attributes-wrapper table-wrapper\">\n<h4>PRODUKTINFORMATION<\/h4>\n<div class=\"attributes-container\">\n<ul class=\"product-attributes-container\">\n<li><span class=\"specification-title\">F\u00f6rpackningens vikt (KG):\u00a0<\/span><span class=\"specification-data\">34.709999<\/span><\/li>\n<li><span class=\"specification-title\">Pedaler:\u00a0<\/span><span class=\"specification-data\">Standard<\/span><\/li>\n<li><span class=\"specification-title\">Cykeltyp:\u00a0<\/span><span class=\"specification-data\">St\u00e5ende<\/span><\/li>\n<li><span class=\"specification-title\">Sv\u00e4nghjulets vikt (KG):\u00a0<\/span><span class=\"specification-data\">6<\/span><\/li>\n<li><span class=\"specification-title\">Maximal anv\u00e4ndarvikt (kg):\u00a0<\/span><span class=\"specification-data\">110,00 (kg)<\/span><\/li>\n<\/ul>\n<ul class=\"product-attributes-container\">\n<li><span class=\"specification-title\">Str\u00f6mf\u00f6rs\u00f6rjningsmetod:\u00a0<\/span><span class=\"specification-data\">Sj\u00e4lvf\u00f6rs\u00f6rjande<\/span><\/li>\n<li><span class=\"specification-title\">Justerbarhet f\u00f6r ram:\u00a0<\/span><span class=\"specification-data\">Sadel upp och ner<\/span><\/li>\n<li><span class=\"specification-title\">Transporthjul:\u00a0<\/span><span class=\"specification-data\">Ja<\/span><\/li>\n<li><span class=\"specification-title\">\u00d6vervakning av hj\u00e4rtfrekvens:\u00a0<\/span><span class=\"specification-data\">Inbyggda sensorer<\/span><\/li>\n<li><span class=\"specification-title\">Produktens m\u00e5tt (LxBxH):\u00a0<\/span><span class=\"specification-data\">80 x 60 x 144 cm<\/span><\/li>\n<\/ul>\n<\/div>\n<\/div>\n<\/div>\n<div class=\"product-features\">\n<h4>YTTERLIGARE FUNKTIONER<\/h4>\n<div class=\"more-container\">\n<div class=\"unshow-text\">\n<ul class=\"product-features-container\">\n<li><span class=\"specification-title\">Manuell Bromsanl\u00e4ggning:<\/span>\u00a0<span class=\"specification-data\">8 stadier av motst\u00e5nd<\/span><\/li>\n<li><span class=\"specification-title\">Sv\u00e4nghjul:<\/span>\u00a0<span class=\"specification-data\">6 kg<\/span><\/li>\n<li><span class=\"specification-title\">Display:<\/span>\u00a0<span class=\"specification-data\">Kontinuerlig visning av 7 funktioner, inklusive prestandaprofil<\/span><\/li>\n<li><span class=\"specification-title\">Visuellt larm:<\/span>\u00a0<span class=\"specification-data\">N\u00e4r maxpulsfrekvensen \u00f6verskrids<\/span><\/li>\n<li><span class=\"specification-title\">Vertikal justering av s\u00e4tet:<\/span>\u00a0<span class=\"specification-data\">Hitta r\u00e4tt k\u00f6rst\u00e4llning p\u00e5 ett enkelt s\u00e4tt<\/span><\/li>\n<li><span class=\"specification-title\">Svettavvisande nycklar:<\/span>\u00a0<span class=\"specification-data\">Byt upp din tr\u00e4ning n\u00e4r du \u00e4r p\u00e5 spr\u00e5ng<\/span><\/li>\n<li><span class=\"specification-title\">Pedaler:<\/span>\u00a0<span class=\"specification-data\">Balanserad f\u00f6r optimalt fotf\u00e4ste<\/span><\/li>\n<li><span class=\"specification-title\">Styrst\u00e5ng:<\/span>\u00a0<span class=\"specification-data\">Med integrerade pulssensorer<\/span><\/li>\n<li><span class=\"specification-title\">F\u00e4rg:<\/span>\u00a0<span class=\"specification-data\">Ljus- och m\u00f6rkgr\u00e5<\/span><\/li>\n<\/ul>\n<\/div>\n<\/div>\n<\/div>\n<div class=\"product-warranty\">\n<h4>GARANTI<\/h4>\n<div class=\"text-container\"><strong>Hemmabruk:<\/strong>\u00a03 \u00e5rs garanti p\u00e5 delar och arbete (endast tillverkningsfel). Kettler rekommenderar inte att utrustningen placeras i rum som inte har en reglerad temperatur och luftfuktighet. Det ska finnas tillr\u00e4cklig isolering och v\u00e4rmek\u00e4lla, annars upph\u00f6r garantin att g\u00e4lla (t.ex. om utrustningen f\u00f6rvaras i ett garage, en vintertr\u00e4dg\u00e5rd, ett skjul eller en k\u00e4llare).<\/div>\n<\/div>\n<div class=\"product-next-day\">\n<h4>EXPRESSLEVERANS<\/h4>\n<div class=\"text-container\">M\u00e5nga av v\u00e5ra produkter har expressleverans och leverans p\u00e5 utsatt datum, vilket inneb\u00e4r att du f\u00e5r din produkt levererad redan i morgon eller p\u00e5 ett datum som passar dig. Kontrollera leveransalternativen i kassan f\u00f6r att se tillg\u00e4ngligheten f\u00f6r din korg och ditt postnummer. Leveransvillkor g\u00e4ller.<\/div>\n<\/div>","protected":false},"excerpt":{"rendered":"<p>Kettler Cycle M motionscykel ger en j\u00e4mn och naturlig g\u00e5ng tack vare sitt 6 kg sv\u00e4nghjul och det manuella bromssystemet ger 8 steg av motst\u00e5nd. Den integrerade datorn visar 7 funktioner kontinuerligt, inklusive prestandaprofil, och har svettresistenta knappar som g\u00f6r att du kan \u00e4ndra din tr\u00e4ning n\u00e4r du \u00e4r p\u00e5 spr\u00e5ng. Styret har pulsm\u00e4tare f\u00f6r att m\u00e4ta din hj\u00e4rtfrekvens, och om du \u00f6verskrider din maxpuls visas ett visuellt larm p\u00e5 konsolen. Sitsen p\u00e5 Kettler Cycle M kan justeras vertikalt, vilket g\u00f6r det enkelt att hitta den perfekta sittpositionen, och balanserade pedaler s\u00e4kerst\u00e4ller optimal fotplacering. Det finns transporthjul framtill p\u00e5 cykeln och h\u00f6jdjusteringar baktill.<\/p>\n<div class=\"product-attribute-container-desktop desktop-only\">\n<div class=\"additional-attributes-wrapper table-wrapper\"><\/div>\n<\/div>","protected":false},"featured_media":618,"comment_status":"open","ping_status":"closed","template":"","meta":{"site-sidebar-layout":"default","site-content-layout":"","ast-site-content-layout":"default","site-content-style":"default","site-sidebar-style":"default","ast-global-header-display":"","ast-banner-title-visibility":"","ast-main-header-display":"","ast-hfb-above-header-display":"","ast-hfb-below-header-display":"","ast-hfb-mobile-header-display":"","site-post-title":"","ast-breadcrumbs-content":"","ast-featured-img":"","footer-sml-layout":"","theme-transparent-header-meta":"default","adv-header-id-meta":"","stick-header-meta":"","header-above-stick-meta":"","header-main-stick-meta":"","header-below-stick-meta":"","astra-migrate-meta-layouts":"set","ast-page-background-enabled":"default","ast-page-background-meta":{"desktop":{"background-color":"var(--ast-global-color-5)","background-image":"","background-repeat":"repeat","background-position":"center center","background-size":"auto","background-attachment":"scroll","background-type":"","background-media":"","overlay-type":"","overlay-color":"","overlay-opacity":"","overlay-gradient":""},"tablet":{"background-color":"","background-image":"","background-repeat":"repeat","background-position":"center center","background-size":"auto","background-attachment":"scroll","background-type":"","background-media":"","overlay-type":"","overlay-color":"","overlay-opacity":"","overlay-gradient":""},"mobile":{"background-color":"","background-image":"","background-repeat":"repeat","background-position":"center center","background-size":"auto","background-attachment":"scroll","background-type":"","background-media":"","overlay-type":"","overlay-color":"","overlay-opacity":"","overlay-gradient":""}},"ast-content-background-meta":{"desktop":{"background-color":"var(--ast-global-color-4)","background-image":"","background-repeat":"repeat","background-position":"center center","background-size":"auto","background-attachment":"scroll","background-type":"","background-media":"","overlay-type":"","overlay-color":"","overlay-opacity":"","overlay-gradient":""},"tablet":{"background-color":"var(--ast-global-color-4)","background-image":"","background-repeat":"repeat","background-position":"center center","background-size":"auto","background-attachment":"scroll","background-type":"","background-media":"","overlay-type":"","overlay-color":"","overlay-opacity":"","overlay-gradient":""},"mobile":{"background-color":"var(--ast-global-color-4)","background-image":"","background-repeat":"repeat","background-position":"center center","background-size":"auto","background-attachment":"scroll","background-type":"","background-media":"","overlay-type":"","overlay-color":"","overlay-opacity":"","overlay-gradient":""}}},"product_brand":[],"product_cat":[19],"product_tag":[22],"class_list":{"0":"post-617","1":"product","2":"type-product","3":"status-publish","4":"has-post-thumbnail","6":"product_cat-excise-bikes","7":"product_tag-exercise-bikes","8":"desktop-align-left","9":"tablet-align-left","10":"mobile-align-left","12":"first","13":"instock","14":"sale","15":"taxable","16":"shipping-taxable","17":"purchasable","18":"product-type-simple"},"_links":{"self":[{"href":"https:\/\/bestfitnessstore.com\/sv\/wp-json\/wp\/v2\/product\/617","targetHints":{"allow":["GET"]}}],"collection":[{"href":"https:\/\/bestfitnessstore.com\/sv\/wp-json\/wp\/v2\/product"}],"about":[{"href":"https:\/\/bestfitnessstore.com\/sv\/wp-json\/wp\/v2\/types\/product"}],"replies":[{"embeddable":true,"href":"https:\/\/bestfitnessstore.com\/sv\/wp-json\/wp\/v2\/comments?post=617"}],"wp:featuredmedia":[{"embeddable":true,"href":"https:\/\/bestfitnessstore.com\/sv\/wp-json\/wp\/v2\/media\/618"}],"wp:attachment":[{"href":"https:\/\/bestfitnessstore.com\/sv\/wp-json\/wp\/v2\/media?parent=617"}],"wp:term":[{"taxonomy":"product_brand","embeddable":true,"href":"https:\/\/bestfitnessstore.com\/sv\/wp-json\/wp\/v2\/product_brand?post=617"},{"taxonomy":"product_cat","embeddable":true,"href":"https:\/\/bestfitnessstore.com\/sv\/wp-json\/wp\/v2\/product_cat?post=617"},{"taxonomy":"product_tag","embeddable":true,"href":"https:\/\/bestfitnessstore.com\/sv\/wp-json\/wp\/v2\/product_tag?post=617"}],"curies":[{"name":"wp","href":"https:\/\/api.w.org\/{rel}","templated":true}]}}