{"id":518,"date":"2025-11-17T05:16:19","date_gmt":"2025-11-17T05:16:19","guid":{"rendered":"https:\/\/bestfitnessstore.com\/?post_type=product&#038;p=518"},"modified":"2025-11-17T05:16:19","modified_gmt":"2025-11-17T05:16:19","slug":"shua-v8-e800-elliptisk-crosstrainer","status":"publish","type":"product","link":"https:\/\/bestfitnessstore.com\/sv\/product\/shua-v8-e800-elliptical-cross-trainer\/","title":{"rendered":"SHUA V8 E800 Elliptisk crosstrainer"},"content":{"rendered":"<div class=\"product-attribute-container-desktop desktop-only\">\n<div class=\"additional-attributes-wrapper table-wrapper\">\n<h4>PRODUKTINFORMATION<\/h4>\n<div class=\"attributes-container\">\n<ul class=\"product-attributes-container\">\n<li><span class=\"specification-title\">F\u00f6rpackningens vikt (KG):\u00a0<\/span><span class=\"specification-data\">162.000000<\/span><\/li>\n<li><span class=\"specification-title\">Str\u00f6mf\u00f6rs\u00f6rjningsmetod:\u00a0<\/span><span class=\"specification-data\">Sj\u00e4lvf\u00f6rs\u00f6rjande<\/span><\/li>\n<li><span class=\"specification-title\">Sv\u00e4nghjulets vikt (KG):\u00a0<\/span><span class=\"specification-data\">12<\/span><\/li>\n<li><span class=\"specification-title\">\u00d6vervakning av hj\u00e4rtfrekvens:\u00a0<\/span><span class=\"specification-data\">Inbyggda sensorer<\/span><\/li>\n<li><span class=\"specification-title\">Inbyggda program:\u00a0<\/span><span class=\"specification-data\">Constant Watts, Intervall, Fettf\u00f6rbr\u00e4nning, Cardio<\/span><\/li>\n<li><span class=\"specification-title\">L\u00e5dans m\u00e5tt (LxBxH):\u00a0<\/span><span class=\"specification-data\">200 x 66 x 101,50 cm<\/span><\/li>\n<\/ul>\n<ul class=\"product-attributes-container\">\n<li><span class=\"specification-title\">Produktens vikt (KG):\u00a0<\/span><span class=\"specification-data\">130<\/span><\/li>\n<li><span class=\"specification-title\">Sv\u00e4nghjulets position:\u00a0<\/span><span class=\"specification-data\">Front<\/span><\/li>\n<li><span class=\"specification-title\">Stegl\u00e4ngd:\u00a0<\/span><span class=\"specification-data\">51<\/span><\/li>\n<li><span class=\"specification-title\">Maximal anv\u00e4ndarvikt (kg):\u00a0<\/span><span class=\"specification-data\">160,00 (kg)<\/span><\/li>\n<li><span class=\"specification-title\">Produktens m\u00e5tt (LxBxH):\u00a0<\/span><span class=\"specification-data\">190 x 86 x 177,70 cm<\/span><\/li>\n<\/ul>\n<\/div>\n<\/div>\n<\/div>\n<div class=\"product-features\">\n<h4>YTTERLIGARE FUNKTIONER<\/h4>\n<div class=\"more-container\">\n<div class=\"unshow-text\">\n<ul class=\"product-features-container\">\n<li><span class=\"specification-title\">Display:<\/span>\u00a0<span class=\"specification-data\">15\u201d LED<\/span><\/li>\n<li><span class=\"specification-title\">SEEC drivsystem:<\/span>\u00a0<span class=\"specification-data\">Sj\u00e4lvgenererande<\/span><\/li>\n<li><span class=\"specification-title\">Motst\u00e5ndsniv\u00e5er:<\/span>\u00a0<span class=\"specification-data\">32<\/span><\/li>\n<li><span class=\"specification-title\">Styrst\u00e5ng:<\/span>\u00a0<span class=\"specification-data\">Handpulssensorer; integrerade motst\u00e5ndskontroller<\/span><\/li>\n<li><span class=\"specification-title\">D\u00e4mpade pedaler:<\/span>\u00a0<span class=\"specification-data\">Utformad f\u00f6r att minska trycket p\u00e5 lederna<\/span><\/li>\n<\/ul>\n<\/div>\n<\/div>\n<\/div>\n<div class=\"product-warranty\">\n<h4>GARANTI<\/h4>\n<div class=\"text-container\"><strong>Hem &amp; l\u00e4tt \/ fullst\u00e4ndig kommersiell anv\u00e4ndning:<\/strong>\u00a0Hemmabruk: Ram - livstid, delar - 5 \u00e5r, motorer - 10 \u00e5r, arbetskraft - 3 \u00e5r. L\u00e4tt kommersiell anv\u00e4ndning: Ram - 1 \u00e5r, delar - 1 \u00e5r, motorer - 1 \u00e5r, arbete - 1 \u00e5r. Om din produkt kommer att anv\u00e4ndas i en helt kommersiell milj\u00f6, v\u00e4nligen k\u00f6p SHUA Full Commercial Warranty Upgrade f\u00f6r att s\u00e4kerst\u00e4lla att din produkt t\u00e4cks. L\u00e4tt kommersiella milj\u00f6er anses vara milj\u00f6er med l\u00e5g anv\u00e4ndning d\u00e4r maskiner och utrustning anv\u00e4nds mellan 3 och 5 timmar per dag i professionella eller f\u00f6retagsmilj\u00f6er som P.T Studios, Corporate \/ Business Gyms, skolor och h\u00f6gskolor (d\u00e4r endast personal och studenter har tillg\u00e5ng). Fullt kommersiella milj\u00f6er anses vara platser d\u00e4r anv\u00e4ndningen \u00e4r mycket h\u00f6gre och utrustningen anv\u00e4nds mer \u00e4n 5 timmar om dagen. Till exempel stora f\u00f6retagsgym, gym p\u00e5 universitet, h\u00f6gskolor och skolor (d\u00e4r tilltr\u00e4de \u00e4r \u00f6ppet f\u00f6r allm\u00e4nheten) och hotellgym med externa medlemmar.<\/div>\n<\/div>","protected":false},"excerpt":{"rendered":"<div id=\"fullDescription\" class=\"full-description\">\n<div class=\"text-container\">SHUA E800 Elliptical Cross Trainer \u00e4r en kraftig maskin som passar utm\u00e4rkt i kommersiella gym. Den har ett SEEC-drivsystem som skapar dubbelt s\u00e5 mycket kraft enbart genom anv\u00e4ndarens r\u00f6relser, vilket inneb\u00e4r att du inte beh\u00f6ver hitta n\u00e5gonstans att koppla in maskinen. Fyra skenor i aluminiumlegering s\u00e4kerst\u00e4ller en j\u00e4mn stegr\u00f6relse, med ett 12 kg sv\u00e4nghjul fram och optimerat pedalavst\u00e5nd. Pedalerna har ocks\u00e5 ett d\u00e4mpande lager av EVA som \u00e4r utformat f\u00f6r att minska trycket p\u00e5 lederna och minska risken f\u00f6r skador. E800:s magnetiska motst\u00e5ndssystem har 32 olika inst\u00e4llningar som l\u00e4mpar sig f\u00f6r m\u00e5nga olika tr\u00e4ningsintensiteter. Motst\u00e5ndet kan justeras via reglagen p\u00e5 de statiska handtagen, som ocks\u00e5 har handpulssensorer f\u00f6r pulsm\u00e4tning. E800 har ocks\u00e5 ett r\u00f6rligt styre som erbjuder en rad olika greppositioner f\u00f6r att engagera din \u00f6verkropp. P\u00e5 en 15\u2019 LED-display kan anv\u00e4ndaren se tid, distans och annan statistik. Den ger ocks\u00e5 snabb \u00e5tkomst till en rad f\u00f6rinst\u00e4llda tr\u00e4ningsprogram, inklusive Constant Watt-l\u00e4ge, Interval-l\u00e4ge, Fat Burn-l\u00e4ge och Cardio-l\u00e4ge. Konsolen har ocks\u00e5 genv\u00e4gsknappar f\u00f6r motst\u00e5nd f\u00f6r snabbare \u00e4ndringar under tr\u00e4ningspasset.&nbsp;<\/p>\n<\/div>\n<\/div>\n<div class=\"product-attribute-container-desktop desktop-only\">\n<div class=\"additional-attributes-wrapper table-wrapper\"><\/div>\n<\/div>","protected":false},"featured_media":520,"comment_status":"open","ping_status":"closed","template":"","meta":{"site-sidebar-layout":"default","site-content-layout":"","ast-site-content-layout":"default","site-content-style":"default","site-sidebar-style":"default","ast-global-header-display":"","ast-banner-title-visibility":"","ast-main-header-display":"","ast-hfb-above-header-display":"","ast-hfb-below-header-display":"","ast-hfb-mobile-header-display":"","site-post-title":"","ast-breadcrumbs-content":"","ast-featured-img":"","footer-sml-layout":"","theme-transparent-header-meta":"default","adv-header-id-meta":"","stick-header-meta":"","header-above-stick-meta":"","header-main-stick-meta":"","header-below-stick-meta":"","astra-migrate-meta-layouts":"set","ast-page-background-enabled":"default","ast-page-background-meta":{"desktop":{"background-color":"var(--ast-global-color-5)","background-image":"","background-repeat":"repeat","background-position":"center center","background-size":"auto","background-attachment":"scroll","background-type":"","background-media":"","overlay-type":"","overlay-color":"","overlay-opacity":"","overlay-gradient":""},"tablet":{"background-color":"","background-image":"","background-repeat":"repeat","background-position":"center center","background-size":"auto","background-attachment":"scroll","background-type":"","background-media":"","overlay-type":"","overlay-color":"","overlay-opacity":"","overlay-gradient":""},"mobile":{"background-color":"","background-image":"","background-repeat":"repeat","background-position":"center center","background-size":"auto","background-attachment":"scroll","background-type":"","background-media":"","overlay-type":"","overlay-color":"","overlay-opacity":"","overlay-gradient":""}},"ast-content-background-meta":{"desktop":{"background-color":"var(--ast-global-color-4)","background-image":"","background-repeat":"repeat","background-position":"center center","background-size":"auto","background-attachment":"scroll","background-type":"","background-media":"","overlay-type":"","overlay-color":"","overlay-opacity":"","overlay-gradient":""},"tablet":{"background-color":"var(--ast-global-color-4)","background-image":"","background-repeat":"repeat","background-position":"center center","background-size":"auto","background-attachment":"scroll","background-type":"","background-media":"","overlay-type":"","overlay-color":"","overlay-opacity":"","overlay-gradient":""},"mobile":{"background-color":"var(--ast-global-color-4)","background-image":"","background-repeat":"repeat","background-position":"center center","background-size":"auto","background-attachment":"scroll","background-type":"","background-media":"","overlay-type":"","overlay-color":"","overlay-opacity":"","overlay-gradient":""}}},"product_brand":[],"product_cat":[18],"product_tag":[23],"class_list":{"0":"post-518","1":"product","2":"type-product","3":"status-publish","4":"has-post-thumbnail","6":"product_cat-cross-trainers","7":"product_tag-cross-trainers","8":"desktop-align-left","9":"tablet-align-left","10":"mobile-align-left","12":"first","13":"instock","14":"sale","15":"taxable","16":"shipping-taxable","17":"purchasable","18":"product-type-simple"},"_links":{"self":[{"href":"https:\/\/bestfitnessstore.com\/sv\/wp-json\/wp\/v2\/product\/518","targetHints":{"allow":["GET"]}}],"collection":[{"href":"https:\/\/bestfitnessstore.com\/sv\/wp-json\/wp\/v2\/product"}],"about":[{"href":"https:\/\/bestfitnessstore.com\/sv\/wp-json\/wp\/v2\/types\/product"}],"replies":[{"embeddable":true,"href":"https:\/\/bestfitnessstore.com\/sv\/wp-json\/wp\/v2\/comments?post=518"}],"wp:featuredmedia":[{"embeddable":true,"href":"https:\/\/bestfitnessstore.com\/sv\/wp-json\/wp\/v2\/media\/520"}],"wp:attachment":[{"href":"https:\/\/bestfitnessstore.com\/sv\/wp-json\/wp\/v2\/media?parent=518"}],"wp:term":[{"taxonomy":"product_brand","embeddable":true,"href":"https:\/\/bestfitnessstore.com\/sv\/wp-json\/wp\/v2\/product_brand?post=518"},{"taxonomy":"product_cat","embeddable":true,"href":"https:\/\/bestfitnessstore.com\/sv\/wp-json\/wp\/v2\/product_cat?post=518"},{"taxonomy":"product_tag","embeddable":true,"href":"https:\/\/bestfitnessstore.com\/sv\/wp-json\/wp\/v2\/product_tag?post=518"}],"curies":[{"name":"wp","href":"https:\/\/api.w.org\/{rel}","templated":true}]}}