{"id":505,"date":"2025-11-17T05:06:54","date_gmt":"2025-11-17T05:06:54","guid":{"rendered":"https:\/\/bestfitnessstore.com\/?post_type=product&#038;p=505"},"modified":"2025-11-17T05:06:54","modified_gmt":"2025-11-17T05:06:54","slug":"proform-sport-elliptical-cross-trainer","status":"publish","type":"product","link":"https:\/\/bestfitnessstore.com\/sv\/product\/proform-sport-elliptical-cross-trainer\/","title":{"rendered":"ProForm Sport elliptisk crosstrainer"},"content":{"rendered":"<div class=\"product-attribute-container-desktop desktop-only\">\n<div class=\"additional-attributes-wrapper table-wrapper\">\n<h4>PRODUKTINFORMATION<\/h4>\n<div class=\"attributes-container\">\n<ul class=\"product-attributes-container\">\n<li><span class=\"specification-title\">F\u00f6rpackningens vikt (KG):\u00a0<\/span><span class=\"specification-data\">62.000000<\/span><\/li>\n<li><span class=\"specification-title\">Integration av appar:\u00a0<\/span><span class=\"specification-data\">iFIT<\/span><\/li>\n<li><span class=\"specification-title\">Transporthjul:\u00a0<\/span><span class=\"specification-data\">Ja<\/span><\/li>\n<li><span class=\"specification-title\">Stegl\u00e4ngd:\u00a0<\/span><span class=\"specification-data\">40.60<\/span><\/li>\n<li><span class=\"specification-title\">Produktens m\u00e5tt (LxBxH):\u00a0<\/span><span class=\"specification-data\">150.10 x 64.80 x 156 cm<\/span><\/li>\n<\/ul>\n<ul class=\"product-attributes-container\">\n<li><span class=\"specification-title\">Str\u00f6mf\u00f6rs\u00f6rjningsmetod:\u00a0<\/span><span class=\"specification-data\">Eln\u00e4t<\/span><\/li>\n<li><span class=\"specification-title\">H\u00e5llare f\u00f6r surfplatta:\u00a0<\/span><span class=\"specification-data\">Ja<\/span><\/li>\n<li><span class=\"specification-title\">Sv\u00e4nghjulets position:\u00a0<\/span><span class=\"specification-data\">Bakre delen<\/span><\/li>\n<li><span class=\"specification-title\">Maximal anv\u00e4ndarvikt (kg):\u00a0<\/span><span class=\"specification-data\">113,00 (kg)<\/span><\/li>\n<li><span class=\"specification-title\">L\u00e5dans m\u00e5tt (LxBxH):\u00a0<\/span><span class=\"specification-data\">135 x 39 x 66 cm<\/span><\/li>\n<\/ul>\n<\/div>\n<\/div>\n<\/div>\n<div class=\"product-features\">\n<h4>YTTERLIGARE FUNKTIONER<\/h4>\n<div class=\"more-container\">\n<div class=\"unshow-text\">\n<ul class=\"product-features-container\">\n<li><span class=\"specification-title\">Display:<\/span>\u00a0<span class=\"specification-data\">5\u201d LCD display. Tablet\/smart phone shown in images is not included<\/span><\/li>\n<li><span class=\"specification-title\">Tyst magnetiskt motst\u00e5nd\u2122:<\/span>\u00a0<span class=\"specification-data\">Smidiga och friktionsfria f\u00f6r\u00e4ndringar<\/span><\/li>\n<li><span class=\"specification-title\">Motst\u00e5ndsniv\u00e5er:<\/span>\u00a0<span class=\"specification-data\">20<\/span><\/li>\n<li><span class=\"specification-title\">Pedaler:<\/span>\u00a0<span class=\"specification-data\">Stora, d\u00e4mpade pedaler<\/span><\/li>\n<li><span class=\"specification-title\">IFIT:<\/span>\u00a0<span class=\"specification-data\">Access over 10,000 workouts and smart features for a personalised experience. iFIT Train membership required.<\/span><\/li>\n<li><span class=\"specification-title\">Motst\u00e5ndsknappar:<\/span>\u00a0<span class=\"specification-data\">\u00c4ndra snabbt intensiteten<\/span><\/li>\n<li><span class=\"specification-title\">Enhetshylla:<\/span>\u00a0<span class=\"specification-data\">Connect you device and set it on the shelf<\/span><\/li>\n<li><span class=\"specification-title\">USB-C Port:<\/span>\u00a0<span class=\"specification-data\">H\u00e5ll din telefon eller surfplatta fulladdad under tr\u00e4ningspasset<\/span><\/li>\n<li><span class=\"specification-title\">IFIT Trial:<\/span>\u00a0<span class=\"specification-data\">30-dagars iFIT Train-pr\u00f6vning ing\u00e5r. Kreditkort kr\u00e4vs f\u00f6r aktivering. iFIT Train-medlemskapet f\u00f6rnyas automatiskt om det inte s\u00e4gs upp i f\u00f6rv\u00e4g. 30-dagars provperiod g\u00e4ller endast f\u00f6r nya medlemskap.<\/span><\/li>\n<\/ul>\n<\/div>\n<\/div>\n<\/div>\n<div class=\"product-warranty\">\n<h4>GARANTI<\/h4>\n<div class=\"text-container\"><strong>Hemmabruk:<\/strong>\u00a0Tv\u00e5 \u00e5rs garanti p\u00e5 delar och arbete (villkor g\u00e4ller) under f\u00f6ruts\u00e4ttning att produkten registreras inom 28 dagar efter k\u00f6pet. Standardgarantin \u00e4r 12 m\u00e5nader f\u00f6r delar och arbete Villkor Denna garanti g\u00e4ller endast f\u00f6r den ursprungliga k\u00f6paren (du) och kan inte \u00f6verl\u00e5tas. Garantin t\u00e4cker inte: 1. Normalt slitage (exempel p\u00e5 delar som uts\u00e4tts f\u00f6r normalt slitage \u00e4r g\u00e5ngremmar, drivremmar, batterier, bromsbel\u00e4gg och hoppmattor). 2. Alla provisoriska reparationer, anpassningar eller \u00e4ndringar f\u00f6r att modifiera denna produkt fr\u00e5n dess normala syfte och funktion enligt beskrivningen i anv\u00e4ndarhandboken. 3. Skador till f\u00f6ljd av: a) V\u00e5llande eller illvilliga handlingar. b) Transport. c) Felaktig installation, montering eller anslutning som inte \u00f6verensst\u00e4mmer med ICON:s specifikationer eller rekommendationer. d) Missbruk, felaktig anv\u00e4ndning, underl\u00e5tenhet att f\u00f6lja instruktioner eller felaktig eller onormal anv\u00e4ndning. e) Bristande efterlevnad av instruktionerna i din anv\u00e4ndarhandbok (t.ex. anv\u00e4ndning av andra reng\u00f6rings- och underh\u00e5llsprodukter \u00e4n de som rekommenderas, underl\u00e5tenhet att st\u00e4nga av produkten efter anv\u00e4ndning osv.) f) Anv\u00e4ndning utanf\u00f6r hemmet (inklusive men inte begr\u00e4nsat till anv\u00e4ndning i kommersiella, professionella, hyres- eller institutionella milj\u00f6er). g) Reparationer som inte utf\u00f6rs av en ICON-auktoriserad tj\u00e4nsteleverant\u00f6r eller anv\u00e4ndning av delar som inte tillhandah\u00e5lls eller auktoriseras av ICON. h) Olyckor, st\u00f6tar, str\u00f6mavbrott, blixtnedslag, stormar, vatten, eld, djur eller andra orsaker som ICON inte kan p\u00e5verka. i) Felaktig placering inklusive, men inte begr\u00e4nsat till, fuktiga, dammiga eller utomhusmilj\u00f6er (exempel inkluderar garage, k\u00e4llare, verandor och uteplatser).<\/div>\n<\/div>\n<div class=\"product-next-day\">\n<h4>EXPRESSLEVERANS<\/h4>\n<div class=\"text-container\">M\u00e5nga av v\u00e5ra produkter har expressleverans och leverans p\u00e5 utsatt datum, vilket inneb\u00e4r att du f\u00e5r din produkt levererad redan i morgon eller p\u00e5 ett datum som passar dig. Kontrollera leveransalternativen i kassan f\u00f6r att se tillg\u00e4ngligheten f\u00f6r din korg och ditt postnummer. Leveransvillkor g\u00e4ller.<\/div>\n<\/div>","protected":false},"excerpt":{"rendered":"<p>Simple, solid and stable, the ProForm Sport Elliptical Cross Trainer makes it easy to jump on and start training. It has 20 levels of digital resistance, accommodating everything from high intensity workouts to recovery sessions. This Silent Magnetic Resistance\u2122 system, delivers a smooth a quiet experience, designed to help your motion feel more fluid for a seamless full-body workout. With a 40.6cm stride length, the Sport Elliptical Cross Trainer is designed to deliver a long range of motion with lower impact. With an iFIT Train account, you can get more out of the ProForm Sport Elliptical Cross Trainer. Sign in to your iFIT account* on your own tablet or smart phone (tablet\/smart phone shown is not included) and connect it to the Sport Elliptical Cross Trainer to tee up the next workout in your personalised plan. As you work out iFIT tracks your performance and automatically changes the 20 resistance levels to the setting you need. With iFIT, you get access to over 10,000 workouts, smart features, and coaching by expert iFIT Trainers in engaging global locations. The Trainers are there to help you with form, keep you motivated to finish strong, and offer insights about global locations to you stay engaged in both short and long sessions. Hit your stride and push through each rotation on soft, oversized pedals that fit all foot sizes, engaging your upper body at the same time with the moving handles. * 30-day iFIT Train Trial Included. Credit Card required for activation. iFIT Train Membership auto-renews unless cancelled in advance. 30-day trial applies to new memberships only.<\/p>\n<div class=\"product-attribute-container-desktop desktop-only\">\n<div class=\"additional-attributes-wrapper table-wrapper\"><\/div>\n<\/div>","protected":false},"featured_media":508,"comment_status":"open","ping_status":"closed","template":"","meta":{"site-sidebar-layout":"default","site-content-layout":"","ast-site-content-layout":"default","site-content-style":"default","site-sidebar-style":"default","ast-global-header-display":"","ast-banner-title-visibility":"","ast-main-header-display":"","ast-hfb-above-header-display":"","ast-hfb-below-header-display":"","ast-hfb-mobile-header-display":"","site-post-title":"","ast-breadcrumbs-content":"","ast-featured-img":"","footer-sml-layout":"","theme-transparent-header-meta":"default","adv-header-id-meta":"","stick-header-meta":"","header-above-stick-meta":"","header-main-stick-meta":"","header-below-stick-meta":"","astra-migrate-meta-layouts":"set","ast-page-background-enabled":"default","ast-page-background-meta":{"desktop":{"background-color":"var(--ast-global-color-5)","background-image":"","background-repeat":"repeat","background-position":"center center","background-size":"auto","background-attachment":"scroll","background-type":"","background-media":"","overlay-type":"","overlay-color":"","overlay-opacity":"","overlay-gradient":""},"tablet":{"background-color":"","background-image":"","background-repeat":"repeat","background-position":"center center","background-size":"auto","background-attachment":"scroll","background-type":"","background-media":"","overlay-type":"","overlay-color":"","overlay-opacity":"","overlay-gradient":""},"mobile":{"background-color":"","background-image":"","background-repeat":"repeat","background-position":"center center","background-size":"auto","background-attachment":"scroll","background-type":"","background-media":"","overlay-type":"","overlay-color":"","overlay-opacity":"","overlay-gradient":""}},"ast-content-background-meta":{"desktop":{"background-color":"var(--ast-global-color-4)","background-image":"","background-repeat":"repeat","background-position":"center center","background-size":"auto","background-attachment":"scroll","background-type":"","background-media":"","overlay-type":"","overlay-color":"","overlay-opacity":"","overlay-gradient":""},"tablet":{"background-color":"var(--ast-global-color-4)","background-image":"","background-repeat":"repeat","background-position":"center center","background-size":"auto","background-attachment":"scroll","background-type":"","background-media":"","overlay-type":"","overlay-color":"","overlay-opacity":"","overlay-gradient":""},"mobile":{"background-color":"var(--ast-global-color-4)","background-image":"","background-repeat":"repeat","background-position":"center center","background-size":"auto","background-attachment":"scroll","background-type":"","background-media":"","overlay-type":"","overlay-color":"","overlay-opacity":"","overlay-gradient":""}}},"product_brand":[],"product_cat":[18],"product_tag":[23],"class_list":{"0":"post-505","1":"product","2":"type-product","3":"status-publish","4":"has-post-thumbnail","6":"product_cat-cross-trainers","7":"product_tag-cross-trainers","8":"desktop-align-left","9":"tablet-align-left","10":"mobile-align-left","12":"first","13":"instock","14":"sale","15":"taxable","16":"shipping-taxable","17":"purchasable","18":"product-type-simple"},"_links":{"self":[{"href":"https:\/\/bestfitnessstore.com\/sv\/wp-json\/wp\/v2\/product\/505","targetHints":{"allow":["GET"]}}],"collection":[{"href":"https:\/\/bestfitnessstore.com\/sv\/wp-json\/wp\/v2\/product"}],"about":[{"href":"https:\/\/bestfitnessstore.com\/sv\/wp-json\/wp\/v2\/types\/product"}],"replies":[{"embeddable":true,"href":"https:\/\/bestfitnessstore.com\/sv\/wp-json\/wp\/v2\/comments?post=505"}],"wp:featuredmedia":[{"embeddable":true,"href":"https:\/\/bestfitnessstore.com\/sv\/wp-json\/wp\/v2\/media\/508"}],"wp:attachment":[{"href":"https:\/\/bestfitnessstore.com\/sv\/wp-json\/wp\/v2\/media?parent=505"}],"wp:term":[{"taxonomy":"product_brand","embeddable":true,"href":"https:\/\/bestfitnessstore.com\/sv\/wp-json\/wp\/v2\/product_brand?post=505"},{"taxonomy":"product_cat","embeddable":true,"href":"https:\/\/bestfitnessstore.com\/sv\/wp-json\/wp\/v2\/product_cat?post=505"},{"taxonomy":"product_tag","embeddable":true,"href":"https:\/\/bestfitnessstore.com\/sv\/wp-json\/wp\/v2\/product_tag?post=505"}],"curies":[{"name":"wp","href":"https:\/\/api.w.org\/{rel}","templated":true}]}}