{"id":459,"date":"2025-11-16T07:53:37","date_gmt":"2025-11-16T07:53:37","guid":{"rendered":"https:\/\/bestfitnessstore.com\/?post_type=product&#038;p=459"},"modified":"2025-11-16T07:53:37","modified_gmt":"2025-11-16T07:53:37","slug":"matrix-fitness-e50-elliptisk-tranare-med-xur-konsol","status":"publish","type":"product","link":"https:\/\/bestfitnessstore.com\/sv\/product\/matrix-fitness-e50-elliptical-trainer-with-xur-console\/","title":{"rendered":"Matrix Fitness E50 elliptisk tr\u00e4nare med XUR-konsol"},"content":{"rendered":"<div class=\"product-attribute-container-desktop desktop-only\">\n<div class=\"additional-attributes-wrapper table-wrapper\">\n<h4>PRODUKTINFORMATION<\/h4>\n<div class=\"attributes-container\">\n<ul class=\"product-attributes-container\">\n<li><span class=\"specification-title\">F\u00f6rpackningens vikt (KG):\u00a0<\/span><span class=\"specification-data\">165.000000<\/span><\/li>\n<li><span class=\"specification-title\">Str\u00f6mf\u00f6rs\u00f6rjningsmetod:\u00a0<\/span><span class=\"specification-data\">Eln\u00e4t<\/span><\/li>\n<li><span class=\"specification-title\">H\u00e5llare f\u00f6r surfplatta:\u00a0<\/span><span class=\"specification-data\">Ja<\/span><\/li>\n<li><span class=\"specification-title\">Transporthjul:\u00a0<\/span><span class=\"specification-data\">Ja<\/span><\/li>\n<li><span class=\"specification-title\">Maximal anv\u00e4ndarh\u00f6jd (cm):\u00a0<\/span><span class=\"specification-data\">201<\/span><\/li>\n<li><span class=\"specification-title\">Stegl\u00e4ngd:\u00a0<\/span><span class=\"specification-data\">51<\/span><\/li>\n<li><span class=\"specification-title\">\u00d6vervakning av hj\u00e4rtfrekvens:\u00a0<\/span><span class=\"specification-data\">Inbyggda sensorer och Bluetooth<\/span><\/li>\n<li><span class=\"specification-title\">Inbyggda program:\u00a0<\/span><span class=\"specification-data\">Manuell, rullande backar, intervaller, tidsm\u00e5l, distansm\u00e5l, kalorim\u00e5l, m\u00e5lpuls (hastighet), m\u00e5lpuls (lutning), sprint 8, anpassad<\/span><\/li>\n<\/ul>\n<ul class=\"product-attributes-container\">\n<li><span class=\"specification-title\">Produktens vikt (KG):\u00a0<\/span><span class=\"specification-data\">133<\/span><\/li>\n<li><span class=\"specification-title\">Integration av appar:\u00a0<\/span><span class=\"specification-data\">KinoMap, Zwift<\/span><\/li>\n<li><span class=\"specification-title\">Bluetooth:\u00a0<\/span><span class=\"specification-data\">Ja<\/span><\/li>\n<li><span class=\"specification-title\">Minsta anv\u00e4ndarh\u00f6jd (cm):\u00a0<\/span><span class=\"specification-data\">147<\/span><\/li>\n<li><span class=\"specification-title\">Sv\u00e4nghjulets position:\u00a0<\/span><span class=\"specification-data\">Front<\/span><\/li>\n<li><span class=\"specification-title\">Steg p\u00e5 h\u00f6jd (CM):\u00a0<\/span><span class=\"specification-data\">21<\/span><\/li>\n<li><span class=\"specification-title\">Maximal anv\u00e4ndarvikt (kg):\u00a0<\/span><span class=\"specification-data\">147,00 (kg)<\/span><\/li>\n<li><span class=\"specification-title\">Produktens m\u00e5tt (LxBxH):\u00a0<\/span><span class=\"specification-data\">148 x 84 x 173 cm<\/span><\/li>\n<\/ul>\n<\/div>\n<\/div>\n<\/div>\n<div class=\"product-features\">\n<h4>YTTERLIGARE FUNKTIONER<\/h4>\n<div class=\"more-container\">\n<div class=\"unshow-text\">\n<ul class=\"product-features-container\">\n<li><span class=\"specification-title\">Stegl\u00e4ngd:<\/span>\u00a0<span class=\"specification-data\">51 cm \/ 20\u201d<\/span><\/li>\n<li><span class=\"specification-title\">Motst\u00e5ndssystem:<\/span>\u00a0<span class=\"specification-data\">Exact Force Induktionsbroms<\/span><\/li>\n<li><span class=\"specification-title\">Step-on H\u00f6jd:<\/span>\u00a0<span class=\"specification-data\">23 cm \/ 9,1\u201d<\/span><\/li>\n<li><span class=\"specification-title\">Motst\u00e5ndsomr\u00e5de:<\/span>\u00a0<span class=\"specification-data\">20 niv\u00e5er, elektroniskt justerbara<\/span><\/li>\n<li><span class=\"specification-title\">Typ av pedal:<\/span>\u00a0<span class=\"specification-data\">\u00d6verdimensionerad<\/span><\/li>\n<li><span class=\"specification-title\">Avst\u00e5nd mellan pedalerna:<\/span>\u00a0<span class=\"specification-data\">6,35 cm \/ 2,5\u201d<\/span><\/li>\n<li><span class=\"specification-title\">Styrets utformning:<\/span>\u00a0<span class=\"specification-data\">Dual action, station\u00e4r med motst\u00e5ndsknappar och pulsgrepp<\/span><\/li>\n<li><span class=\"specification-title\">XUR-konsolen:<\/span>\u00a0<span class=\"specification-data\">22\u201d ljusstark HD-peksk\u00e4rm med ut\u00f6kad Bluetooth-anslutning, USB-port, HDMI-port, konsolappar, l\u00e4shylla, energisparl\u00e4ge, ViewFit-anslutning (integrera med tr\u00e4ningsappar). WiFi kr\u00e4vs f\u00f6r appar och programuppdateringar.<\/span><\/li>\n<li><span class=\"specification-title\">Tr\u00e4ningsprogram:<\/span>\u00a0<span class=\"specification-data\">12<\/span><\/li>\n<li><span class=\"specification-title\">Konsolappar:<\/span>\u00a0<span class=\"specification-data\">Virtual Active, Sprint8, YouTube, Spotify, Netflix och mycket mer. Abonnemang ing\u00e5r inte<\/span><\/li>\n<li><span class=\"specification-title\">Monterade m\u00e5tt (LxBxH):<\/span>\u00a0<span class=\"specification-data\">148 x 84 x 173 cm \/ 58\u201d x 33\u201d x 68,1\u201d<\/span><\/li>\n<li><span class=\"specification-title\">Aktivt fotavtryck (LxBxH):<\/span>\u00a0<span class=\"specification-data\">175 x 84 x 177 cm \/ 68,9\u201d x 33\u201d x 69,7\u201d<\/span><\/li>\n<li><span class=\"specification-title\">Monterad vikt:<\/span>\u00a0<span class=\"specification-data\">144 kg<\/span><\/li>\n<li><span class=\"specification-title\">Max anv\u00e4ndarvikt:<\/span>\u00a0<span class=\"specification-data\">147 kg \/ 325 lbs<\/span><\/li>\n<\/ul>\n<\/div>\n<\/div>\n<\/div>\n<div class=\"product-warranty\">\n<h4>GARANTI<\/h4>\n<div class=\"text-container\"><strong>Hemmabruk:<\/strong>\u00a03 \u00e5r P\/L<\/div>\n<\/div>","protected":false},"excerpt":{"rendered":"<p>Matrix Fitness E50 Elliptical Trainer har utformats speciellt f\u00f6r att passa in i ditt hem med minimal st\u00f6rning, medan genomt\u00e4nkt teknik ger smidig prestanda, naturlig r\u00f6relse och ergonomisk komfort. Exact Force Induction Brake-motst\u00e5ndssystemet ger omedelbara, mjuka och exakta motst\u00e5nds\u00e4ndringar med en knapptryckning, och utan r\u00f6rliga delar \u00e4r det tystare och mer h\u00e5llbart ocks\u00e5. Med 30 motst\u00e5ndsniv\u00e5er \u00e4r E50 tillr\u00e4ckligt flexibel f\u00f6r att utmana anv\u00e4ndare av alla tr\u00e4nings- och erfarenhetsniv\u00e5er, och den \u00e4r l\u00e4ttillg\u00e4nglig tack vare sin 51 cm l\u00e5nga stegl\u00e4ngd och 23 cm h\u00f6ga instegsh\u00f6jd. E50 drar nytta av Matrix Suspension Elliptical Technology och har en hjul- och sp\u00e5rfri design som minskar buller och friktion f\u00f6r en l\u00e5ngvarig kvalitet samtidigt som den ger en j\u00e4mn, konsekvent k\u00e4nsla genom ellipsen. Komplett med Matrix helt nya premiumkonsol XUR kan du uppleva deras st\u00f6rsta och ljusstarkaste 22\u201d HD-peksk\u00e4rm som ger liv \u00e5t dina virtuella resor, filmer och videor. Med avancerad Bluetooth- och ViewFit-anslutning kan du synkronisera med de appar du redan anv\u00e4nder, som MyFitnessPal, Strava med flera, eller njuta av dina underh\u00e5llningsfavoriter, inklusive Netflix, Spotify och YouTube (abonnemang ing\u00e5r ej). Anslut din telefon eller surfplatta via HDMI f\u00f6r att spegla din enhet p\u00e5 HD-sk\u00e4rmen, surfa p\u00e5 webben, spela musik med de integrerade 5-watts h\u00f6gtalarna och mycket mer! H\u00e5ll varje tr\u00e4ningspass varierat och motiverande med 12 inbyggda metriska tr\u00e4ningsprogram (inklusive det v\u00e4lk\u00e4nda Sprint8 HIIT-programmet), skapa dina egna anpassade tr\u00e4ningspass och upprepa tr\u00e4ningspass som sparas automatiskt i din tr\u00e4ningskalender. F\u00e5 den mest exakta pulsfeedbacken som fitnessutrustning kan ge med integrerad Polar pulsteknik, med ett Polar pulsband som ing\u00e5r i XUR. Multi-grip dual action och station\u00e4ra styren g\u00f6r att du snabbt kan \u00e4ndra fokus p\u00e5 dina sessioner, med motst\u00e5nd \/ lutningsknappar integrerade som m\u00f6jligg\u00f6r \u00e4ndringar i farten. Andra funktioner inkluderar en vattenflaskh\u00e5llare och ett tillbeh\u00f6rsfack.<\/p>\n<div class=\"product-attribute-container-desktop desktop-only\">\n<div class=\"additional-attributes-wrapper table-wrapper\"><\/div>\n<\/div>","protected":false},"featured_media":460,"comment_status":"open","ping_status":"closed","template":"","meta":{"site-sidebar-layout":"default","site-content-layout":"","ast-site-content-layout":"default","site-content-style":"default","site-sidebar-style":"default","ast-global-header-display":"","ast-banner-title-visibility":"","ast-main-header-display":"","ast-hfb-above-header-display":"","ast-hfb-below-header-display":"","ast-hfb-mobile-header-display":"","site-post-title":"","ast-breadcrumbs-content":"","ast-featured-img":"","footer-sml-layout":"","theme-transparent-header-meta":"default","adv-header-id-meta":"","stick-header-meta":"","header-above-stick-meta":"","header-main-stick-meta":"","header-below-stick-meta":"","astra-migrate-meta-layouts":"set","ast-page-background-enabled":"default","ast-page-background-meta":{"desktop":{"background-color":"var(--ast-global-color-5)","background-image":"","background-repeat":"repeat","background-position":"center center","background-size":"auto","background-attachment":"scroll","background-type":"","background-media":"","overlay-type":"","overlay-color":"","overlay-opacity":"","overlay-gradient":""},"tablet":{"background-color":"","background-image":"","background-repeat":"repeat","background-position":"center center","background-size":"auto","background-attachment":"scroll","background-type":"","background-media":"","overlay-type":"","overlay-color":"","overlay-opacity":"","overlay-gradient":""},"mobile":{"background-color":"","background-image":"","background-repeat":"repeat","background-position":"center center","background-size":"auto","background-attachment":"scroll","background-type":"","background-media":"","overlay-type":"","overlay-color":"","overlay-opacity":"","overlay-gradient":""}},"ast-content-background-meta":{"desktop":{"background-color":"var(--ast-global-color-4)","background-image":"","background-repeat":"repeat","background-position":"center center","background-size":"auto","background-attachment":"scroll","background-type":"","background-media":"","overlay-type":"","overlay-color":"","overlay-opacity":"","overlay-gradient":""},"tablet":{"background-color":"var(--ast-global-color-4)","background-image":"","background-repeat":"repeat","background-position":"center center","background-size":"auto","background-attachment":"scroll","background-type":"","background-media":"","overlay-type":"","overlay-color":"","overlay-opacity":"","overlay-gradient":""},"mobile":{"background-color":"var(--ast-global-color-4)","background-image":"","background-repeat":"repeat","background-position":"center center","background-size":"auto","background-attachment":"scroll","background-type":"","background-media":"","overlay-type":"","overlay-color":"","overlay-opacity":"","overlay-gradient":""}}},"product_brand":[],"product_cat":[18],"product_tag":[23],"class_list":{"0":"post-459","1":"product","2":"type-product","3":"status-publish","4":"has-post-thumbnail","6":"product_cat-cross-trainers","7":"product_tag-cross-trainers","8":"desktop-align-left","9":"tablet-align-left","10":"mobile-align-left","12":"first","13":"instock","14":"sale","15":"taxable","16":"shipping-taxable","17":"purchasable","18":"product-type-simple"},"_links":{"self":[{"href":"https:\/\/bestfitnessstore.com\/sv\/wp-json\/wp\/v2\/product\/459","targetHints":{"allow":["GET"]}}],"collection":[{"href":"https:\/\/bestfitnessstore.com\/sv\/wp-json\/wp\/v2\/product"}],"about":[{"href":"https:\/\/bestfitnessstore.com\/sv\/wp-json\/wp\/v2\/types\/product"}],"replies":[{"embeddable":true,"href":"https:\/\/bestfitnessstore.com\/sv\/wp-json\/wp\/v2\/comments?post=459"}],"wp:featuredmedia":[{"embeddable":true,"href":"https:\/\/bestfitnessstore.com\/sv\/wp-json\/wp\/v2\/media\/460"}],"wp:attachment":[{"href":"https:\/\/bestfitnessstore.com\/sv\/wp-json\/wp\/v2\/media?parent=459"}],"wp:term":[{"taxonomy":"product_brand","embeddable":true,"href":"https:\/\/bestfitnessstore.com\/sv\/wp-json\/wp\/v2\/product_brand?post=459"},{"taxonomy":"product_cat","embeddable":true,"href":"https:\/\/bestfitnessstore.com\/sv\/wp-json\/wp\/v2\/product_cat?post=459"},{"taxonomy":"product_tag","embeddable":true,"href":"https:\/\/bestfitnessstore.com\/sv\/wp-json\/wp\/v2\/product_tag?post=459"}],"curies":[{"name":"wp","href":"https:\/\/api.w.org\/{rel}","templated":true}]}}