{"id":1331,"date":"2025-11-25T17:13:55","date_gmt":"2025-11-25T17:13:55","guid":{"rendered":"https:\/\/bestfitnessstore.com\/?post_type=product&#038;p=1331"},"modified":"2025-11-25T17:13:55","modified_gmt":"2025-11-25T17:13:55","slug":"nordictrack-t8-5s-hopfallbart-lopband","status":"publish","type":"product","link":"https:\/\/bestfitnessstore.com\/sv\/product\/nordictrack-t8-5s-folding-treadmill\/","title":{"rendered":"NordicTrack T8.5S hopf\u00e4llbart l\u00f6pband"},"content":{"rendered":"<div class=\"product-attribute-container-desktop desktop-only\">\n<div class=\"additional-attributes-wrapper table-wrapper\">\n<h4>PRODUKTINFORMATION<\/h4>\n<div class=\"attributes-container\">\n<ul class=\"product-attributes-container\">\n<li><span class=\"specification-title\">F\u00f6rpackningens vikt (KG):\u00a0<\/span><span class=\"specification-data\">116.000000<\/span><\/li>\n<li><span class=\"specification-title\">Str\u00f6mf\u00f6rs\u00f6rjningsmetod:\u00a0<\/span><span class=\"specification-data\">Eln\u00e4t<\/span><\/li>\n<li><span class=\"specification-title\">Bluetooth:\u00a0<\/span><span class=\"specification-data\">Ja<\/span><\/li>\n<li><span class=\"specification-title\">Maximal anv\u00e4ndarvikt (kg):\u00a0<\/span><span class=\"specification-data\">135,00 (kg)<\/span><\/li>\n<\/ul>\n<ul class=\"product-attributes-container\">\n<li><span class=\"specification-title\">Produktens vikt (KG):\u00a0<\/span><span class=\"specification-data\">90<\/span><\/li>\n<li><span class=\"specification-title\">Integration av appar:\u00a0<\/span><span class=\"specification-data\">iFIT<\/span><\/li>\n<li><span class=\"specification-title\">F\u00e4llbar:\u00a0<\/span><span class=\"specification-data\">Ja<\/span><\/li>\n<li><span class=\"specification-title\">L\u00e5dans m\u00e5tt (LxBxH):\u00a0<\/span><span class=\"specification-data\">213 x 83 x 33 cm<\/span><\/li>\n<\/ul>\n<\/div>\n<\/div>\n<\/div>\n<div class=\"product-features\">\n<h4>YTTERLIGARE FUNKTIONER<\/h4>\n<div class=\"more-container\">\n<div class=\"unshow-text\">\n<ul class=\"product-features-container\">\n<li><span class=\"specification-title\">Drivsystem:<\/span>\u00a0<span class=\"specification-data\">3,0 CHP motor<\/span><\/li>\n<li><span class=\"specification-title\">Digital QuickIncline\u2122-kontroll:<\/span>\u00a0<span class=\"specification-data\">12%<\/span><\/li>\n<li><span class=\"specification-title\">Digital QuickSpeed\u00ae-kontroll:<\/span>\u00a0<span class=\"specification-data\">0-19 km\/tim<\/span><\/li>\n<li><span class=\"specification-title\">B\u00e4lte f\u00f6r slitbana:<\/span>\u00a0<span class=\"specification-data\">51 x 140 cm<\/span><\/li>\n<li><span class=\"specification-title\">Flex Select-d\u00e4mpning:<\/span>\u00a0<span class=\"specification-data\">Minskar belastningen p\u00e5 dina leder<\/span><\/li>\n<li><span class=\"specification-title\">Display:<\/span>\u00a0<span class=\"specification-data\">10\u201d peksk\u00e4rm i fullf\u00e4rg<\/span><\/li>\n<li><span class=\"specification-title\">IFIT aktiverad:<\/span>\u00a0<span class=\"specification-data\">Medlemskap i IFIT Pro kr\u00e4vs<\/span><\/li>\n<li><span class=\"specification-title\">Ljud:<\/span>\u00a0<span class=\"specification-data\">Dubbla 2\u201d-h\u00f6gtalare; kompatibel med Bluetooth-h\u00f6rlurar<\/span><\/li>\n<li><span class=\"specification-title\">F\u00e4llbar ram:<\/span>\u00a0<span class=\"specification-data\">Spara golvyta med Easy Lift Assist<\/span><\/li>\n<\/ul>\n<\/div>\n<\/div>\n<\/div>\n<div class=\"product-warranty\">\n<h4>GARANTI<\/h4>\n<div class=\"text-container\"><strong>Hemmabruk:<\/strong>\u00a0Livsl\u00e4ngd p\u00e5 ram, 10 \u00e5r p\u00e5 motor, tv\u00e5 \u00e5r p\u00e5 delar och arbete (villkor g\u00e4ller) f\u00f6rutsatt att produkten registreras inom 28 dagar efter k\u00f6pet. Standardgarantin \u00e4r 12 m\u00e5nader p\u00e5 delar och arbete. ICON \u00e4r tillverkare av NordicTrack och Pro-Form. Nedan hittar du deras garantipolicy. ICON Health and Fitness, Inc (ICON) garanterar att denna produkt \u00e4r fri fr\u00e5n tillverknings- och materialfel under normala anv\u00e4ndnings- och servicef\u00f6rh\u00e5llanden under en period av 12 m\u00e5nader fr\u00e5n det ursprungliga ink\u00f6psdatumet. Obs: Garantif\u00f6rl\u00e4ngningar kan g\u00e4lla f\u00f6r denna produkt under f\u00f6ruts\u00e4ttning att den registreras hos ditt lokala kundservicecenter inom 28 dagar efter ink\u00f6pet. F\u00f6r att registrera denna produkt och kvalificera dig f\u00f6r eventuella garantif\u00f6rl\u00e4ngningar som kan g\u00e4lla, fyll i garantiregistreringskortet och skicka det med ditt ink\u00f6psbevis till adressen som anges p\u00e5 baksidan av detta h\u00e4fte eller registrera dig online p\u00e5 iconsupport.eu. Fullst\u00e4ndig information om garantif\u00f6rl\u00e4ngningar och ICON:s tillverkargaranti finns tillg\u00e4nglig p\u00e5 beg\u00e4ran fr\u00e5n ditt lokala kundservicecenter eller online p\u00e5 iconsupport.eu. Villkor Denna garanti g\u00e4ller endast f\u00f6r den ursprungliga k\u00f6paren (du) och \u00e4r inte \u00f6verf\u00f6rbar. Garantin t\u00e4cker inte: 1. normalt slitage; 2. eventuella anpassningar eller \u00e4ndringar f\u00f6r att uppgradera produkten fr\u00e5n dess normala syfte enligt beskrivningen i anv\u00e4ndarhandboken; 3. skador till f\u00f6ljd av: a) transport; b) missbruk, felaktig anv\u00e4ndning, underl\u00e5tenhet att f\u00f6lja instruktioner eller felaktig eller onormal anv\u00e4ndning; c) anv\u00e4ndning utanf\u00f6r hemmet (inklusive men inte begr\u00e4nsat till kommersiella, professionella eller uthyrnings\u00e4ndam\u00e5l); d) reparationer som inte tillhandah\u00e5lls av en ICON-auktoriserad tj\u00e4nsteleverant\u00f6r; e) olyckor, blixtnedslag, vatten, brand eller andra orsaker utanf\u00f6r ICON: s kontroll; f) felaktig placering inklusive, men inte begr\u00e4nsat till, fuktiga, dammiga eller utomhusmilj\u00f6er (exempel: garage, k\u00e4llare) ICON \u00e4r inte ansvarigt f\u00f6r indirekta, speciella eller f\u00f6ljdskador som uppst\u00e5r p\u00e5 grund av eller i samband med anv\u00e4ndningen eller prestandan hos produkten eller skador med avseende p\u00e5 ekonomisk f\u00f6rlust, f\u00f6rlust av egendom, f\u00f6rlust av int\u00e4kter eller vinster, f\u00f6rlust av njutning eller anv\u00e4ndning eller kostnader f\u00f6r borttagning eller installation. Denna garanti t\u00e4cker produkter som k\u00f6pts och anv\u00e4nts inom Europeiska unionen, men alla produkter distribueras inte i alla l\u00e4nder. Detta kan leda till f\u00f6rseningar i garantiskyddet om du har k\u00f6pt produkten i ett annat land och den inte st\u00f6ds i det land d\u00e4r du bor. Det kan vara n\u00f6dv\u00e4ndigt att utf\u00f6ra reparationer p\u00e5 ett ICON-auktoriserat reparationscenter. ICON f\u00f6rbeh\u00e5ller sig r\u00e4tten att f\u00f6rl\u00e4nga eller \u00f6ka t\u00e4ckningen. Garantin \u00e4r ett till\u00e4gg till och p\u00e5verkar inte p\u00e5 n\u00e5got s\u00e4tt dina lagstadgade r\u00e4ttigheter enligt g\u00e4llande nationell lagstiftning eller dina r\u00e4ttigheter gentemot \u00e5terf\u00f6rs\u00e4ljaren enligt f\u00f6rs\u00e4ljnings-\/k\u00f6pavtalet.<\/div>\n<\/div>\n<div class=\"product-next-day\">\n<h4>EXPRESSLEVERANS<\/h4>\n<div class=\"text-container\">M\u00e5nga av v\u00e5ra produkter har expressleverans och leverans p\u00e5 utsatt datum, vilket inneb\u00e4r att du f\u00e5r din produkt levererad redan i morgon eller p\u00e5 ett datum som passar dig. Kontrollera leveransalternativen i kassan f\u00f6r att se tillg\u00e4ngligheten f\u00f6r din korg och ditt postnummer. Leveransvillkor g\u00e4ller.<\/div>\n<\/div>","protected":false},"excerpt":{"rendered":"<p>NordicTrack T8.5S hopf\u00e4llbart l\u00f6pband 51 x 140 cm \u00e4r utrustat med en 3,0 CHP-motor och kan n\u00e5 topphastigheter p\u00e5 19 km\/h och lutningar upp till 12%, b\u00e5da l\u00e4tt justerbara under l\u00f6pningen med digitala snabbkontroller. D\u00e4cket \u00e4r utrustat med Flex Select-d\u00e4mpning, vilket ger dig m\u00f6jlighet att anpassa k\u00e4nslan och responsen p\u00e5 ditt b\u00e4lte. En 10-tums kapacitiv peksk\u00e4rm i fullf\u00e4rg kan vridas f\u00f6r enkel visning och g\u00f6r att du kan streama kalorif\u00f6rbr\u00e4nnande iFIT-studiosessioner med personliga tr\u00e4nare i v\u00e4rldsklass som styr maskinens inst\u00e4llningar i realtid f\u00f6r att maximera din tr\u00e4ning. Med iFIT (iFIT Pro-medlemskap kr\u00e4vs) f\u00e5r du tillg\u00e5ng till mer \u00e4n 16 000 tr\u00e4ningspass p\u00e5 beg\u00e4ran n\u00e4r som helst p\u00e5 dygnet, och du kan tr\u00e4na \u00f6ver hela v\u00e4rlden med hj\u00e4lp av fantastiska Google Maps\u2122. T8.5S har ocks\u00e5 ActivePulse\u2122-teknik (SmartBeat-armband kr\u00e4vs) som automatiskt justerar hastighet och lutning f\u00f6r att h\u00e5lla pulsen i den optimala zonen. F\u00f6lj din instrukt\u00f6rs v\u00e4gledning genom de integrerade dubbla 2\u201d-h\u00f6gtalarna, samtidigt som du h\u00e5ller dig sval tack vare en inbyggd AutoBreeze\u2122 tr\u00e4ningsfl\u00e4kt. T8.5S:s utrymmesbesparande design g\u00f6r att du enkelt kan lyfta d\u00e4cket efter din l\u00f6prunda f\u00f6r att maximera golvytan. Andra viktiga funktioner \u00e4r ett tillbeh\u00f6rsfack och 1,9\u201d precisionsbalanserade rullar.<\/p>\n<div class=\"product-attribute-container-desktop desktop-only\">\n<div class=\"additional-attributes-wrapper table-wrapper\"><\/div>\n<\/div>","protected":false},"featured_media":1336,"comment_status":"open","ping_status":"closed","template":"","meta":{"site-sidebar-layout":"default","site-content-layout":"","ast-site-content-layout":"default","site-content-style":"default","site-sidebar-style":"default","ast-global-header-display":"","ast-banner-title-visibility":"","ast-main-header-display":"","ast-hfb-above-header-display":"","ast-hfb-below-header-display":"","ast-hfb-mobile-header-display":"","site-post-title":"","ast-breadcrumbs-content":"","ast-featured-img":"","footer-sml-layout":"","theme-transparent-header-meta":"default","adv-header-id-meta":"","stick-header-meta":"","header-above-stick-meta":"","header-main-stick-meta":"","header-below-stick-meta":"","astra-migrate-meta-layouts":"set","ast-page-background-enabled":"default","ast-page-background-meta":{"desktop":{"background-color":"var(--ast-global-color-5)","background-image":"","background-repeat":"repeat","background-position":"center center","background-size":"auto","background-attachment":"scroll","background-type":"","background-media":"","overlay-type":"","overlay-color":"","overlay-opacity":"","overlay-gradient":""},"tablet":{"background-color":"","background-image":"","background-repeat":"repeat","background-position":"center center","background-size":"auto","background-attachment":"scroll","background-type":"","background-media":"","overlay-type":"","overlay-color":"","overlay-opacity":"","overlay-gradient":""},"mobile":{"background-color":"","background-image":"","background-repeat":"repeat","background-position":"center center","background-size":"auto","background-attachment":"scroll","background-type":"","background-media":"","overlay-type":"","overlay-color":"","overlay-opacity":"","overlay-gradient":""}},"ast-content-background-meta":{"desktop":{"background-color":"var(--ast-global-color-4)","background-image":"","background-repeat":"repeat","background-position":"center center","background-size":"auto","background-attachment":"scroll","background-type":"","background-media":"","overlay-type":"","overlay-color":"","overlay-opacity":"","overlay-gradient":""},"tablet":{"background-color":"var(--ast-global-color-4)","background-image":"","background-repeat":"repeat","background-position":"center center","background-size":"auto","background-attachment":"scroll","background-type":"","background-media":"","overlay-type":"","overlay-color":"","overlay-opacity":"","overlay-gradient":""},"mobile":{"background-color":"var(--ast-global-color-4)","background-image":"","background-repeat":"repeat","background-position":"center center","background-size":"auto","background-attachment":"scroll","background-type":"","background-media":"","overlay-type":"","overlay-color":"","overlay-opacity":"","overlay-gradient":""}}},"product_brand":[],"product_cat":[21],"product_tag":[25],"class_list":{"0":"post-1331","1":"product","2":"type-product","3":"status-publish","4":"has-post-thumbnail","6":"product_cat-treadmills","7":"product_tag-treadmills","8":"desktop-align-left","9":"tablet-align-left","10":"mobile-align-left","12":"first","13":"instock","14":"sale","15":"taxable","16":"shipping-taxable","17":"purchasable","18":"product-type-simple"},"_links":{"self":[{"href":"https:\/\/bestfitnessstore.com\/sv\/wp-json\/wp\/v2\/product\/1331","targetHints":{"allow":["GET"]}}],"collection":[{"href":"https:\/\/bestfitnessstore.com\/sv\/wp-json\/wp\/v2\/product"}],"about":[{"href":"https:\/\/bestfitnessstore.com\/sv\/wp-json\/wp\/v2\/types\/product"}],"replies":[{"embeddable":true,"href":"https:\/\/bestfitnessstore.com\/sv\/wp-json\/wp\/v2\/comments?post=1331"}],"wp:featuredmedia":[{"embeddable":true,"href":"https:\/\/bestfitnessstore.com\/sv\/wp-json\/wp\/v2\/media\/1336"}],"wp:attachment":[{"href":"https:\/\/bestfitnessstore.com\/sv\/wp-json\/wp\/v2\/media?parent=1331"}],"wp:term":[{"taxonomy":"product_brand","embeddable":true,"href":"https:\/\/bestfitnessstore.com\/sv\/wp-json\/wp\/v2\/product_brand?post=1331"},{"taxonomy":"product_cat","embeddable":true,"href":"https:\/\/bestfitnessstore.com\/sv\/wp-json\/wp\/v2\/product_cat?post=1331"},{"taxonomy":"product_tag","embeddable":true,"href":"https:\/\/bestfitnessstore.com\/sv\/wp-json\/wp\/v2\/product_tag?post=1331"}],"curies":[{"name":"wp","href":"https:\/\/api.w.org\/{rel}","templated":true}]}}