{"id":1325,"date":"2025-11-25T17:03:15","date_gmt":"2025-11-25T17:03:15","guid":{"rendered":"https:\/\/bestfitnessstore.com\/?post_type=product&#038;p=1325"},"modified":"2025-11-25T17:03:16","modified_gmt":"2025-11-25T17:03:16","slug":"nordictrack-t-series-8-folding-treadmill","status":"publish","type":"product","link":"https:\/\/bestfitnessstore.com\/sv\/product\/nordictrack-t-series-8-folding-treadmill\/","title":{"rendered":"NordicTrack T Series 8 hopf\u00e4llbart l\u00f6pband"},"content":{"rendered":"<div class=\"product-attribute-container-desktop desktop-only\">\n<div class=\"additional-attributes-wrapper table-wrapper\">\n<h4>PRODUKTINFORMATION<\/h4>\n<div class=\"attributes-container\">\n<ul class=\"product-attributes-container\">\n<li><span class=\"specification-title\">F\u00f6rpackningens vikt (KG):\u00a0<\/span><span class=\"specification-data\">113.000000<\/span><\/li>\n<li><span class=\"specification-title\">Integration av appar:\u00a0<\/span><span class=\"specification-data\">iFIT<\/span><\/li>\n<li><span class=\"specification-title\">F\u00e4llbar:\u00a0<\/span><span class=\"specification-data\">Ja<\/span><\/li>\n<li><span class=\"specification-title\">Transporthjul:\u00a0<\/span><span class=\"specification-data\">Ja<\/span><\/li>\n<li><span class=\"specification-title\">L\u00e5dans m\u00e5tt (LxBxH):\u00a0<\/span><span class=\"specification-data\">207 x 85 x 29 cm<\/span><\/li>\n<\/ul>\n<ul class=\"product-attributes-container\">\n<li><span class=\"specification-title\">Str\u00f6mf\u00f6rs\u00f6rjningsmetod:\u00a0<\/span><span class=\"specification-data\">Eln\u00e4t<\/span><\/li>\n<li><span class=\"specification-title\">H\u00e5llare f\u00f6r surfplatta:\u00a0<\/span><span class=\"specification-data\">Ja<\/span><\/li>\n<li><span class=\"specification-title\">Maximal anv\u00e4ndarvikt (kg):\u00a0<\/span><span class=\"specification-data\">148.00 (Kg)<\/span><\/li>\n<li><span class=\"specification-title\">Produktens m\u00e5tt (LxBxH):\u00a0<\/span><span class=\"specification-data\">191 x 87 x 148 cm<\/span><\/li>\n<li><span class=\"specification-title\">F\u00e4lld M\u00e5tt (LxBxH):\u00a0<\/span><span class=\"specification-data\">104 x 87 x 174 cm<\/span><\/li>\n<\/ul>\n<\/div>\n<\/div>\n<\/div>\n<div class=\"product-features\">\n<h4>YTTERLIGARE FUNKTIONER<\/h4>\n<div class=\"more-container\">\n<div class=\"unshow-text\">\n<ul class=\"product-features-container\">\n<li><span class=\"specification-title\">Hastighetsomr\u00e5de:<\/span>\u00a0<span class=\"specification-data\">0-20 km\/tim<\/span><\/li>\n<li><span class=\"specification-title\">Lutningsintervall:<\/span>\u00a0<span class=\"specification-data\">0-12%<\/span><\/li>\n<li><span class=\"specification-title\">Display:<\/span>\u00a0<span class=\"specification-data\">7\u201d (17.8cm) LCD screen with device shelf; cup holders; USB-C port<\/span><\/li>\n<li><span class=\"specification-title\">IFIT Train:<\/span>\u00a0<span class=\"specification-data\">Sign into iFIT via your own device and connect to the T8. 30-day iFIT Train Trial Included. Credit Card required for activation. iFIT Train Membership auto-renews unless cancelled in advance. 30-day trial applies to new memberships only<\/span><\/li>\n<li><span class=\"specification-title\">SelectFlex\u2122-d\u00e4mpning:<\/span>\u00a0<span class=\"specification-data\">Justerbar mellan mjuk och fast<\/span><\/li>\n<li><span class=\"specification-title\">SmartAdjust\u2122-teknik:<\/span>\u00a0<span class=\"specification-data\">Anpassar tr\u00e4ningspassen efter din konditionsniv\u00e5<\/span><\/li>\n<li><span class=\"specification-title\">ActivePulse\u2122 pulsm\u00e4tning:<\/span>\u00a0<span class=\"specification-data\">Justerar automatiskt hastighet och lutning f\u00f6r att h\u00e5lla dig i r\u00e4tt zon; kompatibel Bluetooth\u00ae-aktiverad pulsm\u00e4tare kr\u00e4vs (s\u00e4ljs separat)<\/span><\/li>\n<li><span class=\"specification-title\">Reglage f\u00f6r handtag:<\/span>\u00a0<span class=\"specification-data\">Easy adjustments and shortcuts to speed and incline Speakers<\/span><\/li>\n<li><span class=\"specification-title\">AutoBreeze\u2122-fl\u00e4kt:<\/span>\u00a0<span class=\"specification-data\">H\u00e5ller dig sval under tr\u00e4ning<\/span><\/li>\n<li><span class=\"specification-title\">Automatisk f\u00e4llning:<\/span>\u00a0<span class=\"specification-data\">Enkel tryckning p\u00e5 den svarta fotlisten<\/span><\/li>\n<\/ul>\n<\/div>\n<\/div>\n<\/div>\n<div class=\"product-warranty\">\n<h4>GARANTI<\/h4>\n<div class=\"text-container\"><strong>Hemmabruk:<\/strong>\u00a0Livstid p\u00e5 ram, 5 \u00e5r p\u00e5 motor, tv\u00e5 \u00e5r p\u00e5 delar och arbete (villkor g\u00e4ller) f\u00f6rutsatt att produkten registreras inom 28 dagar efter k\u00f6pet. Standardgarantin \u00e4r 12 m\u00e5nader f\u00f6r delar och arbete Villkor Denna garanti g\u00e4ller endast f\u00f6r den ursprungliga k\u00f6paren (du) och kan inte \u00f6verl\u00e5tas. Garantin t\u00e4cker inte: 1. Normalt slitage (exempel p\u00e5 delar som uts\u00e4tts f\u00f6r normalt slitage \u00e4r g\u00e5ngremmar, drivremmar, batterier, bromsbel\u00e4gg och hoppmattor). 2. Alla provisoriska reparationer, anpassningar eller \u00e4ndringar som \u00e4ndrar denna produkt fr\u00e5n dess normala syfte och funktion enligt beskrivningen i anv\u00e4ndarhandboken. 3. Skador till f\u00f6ljd av: a) Upps\u00e5tliga eller illvilliga handlingar. b) Transport. c) Felaktig installation, montering eller anslutning som inte \u00f6verensst\u00e4mmer med ICON:s specifikationer eller rekommendationer. d) Missbruk, felaktig anv\u00e4ndning, underl\u00e5tenhet att f\u00f6lja instruktioner eller felaktig eller onormal anv\u00e4ndning. e) Bristande efterlevnad av instruktionerna i din anv\u00e4ndarhandbok (t.ex. anv\u00e4ndning av andra reng\u00f6rings- och underh\u00e5llsprodukter \u00e4n de som rekommenderas, underl\u00e5tenhet att st\u00e4nga av produkten efter anv\u00e4ndning osv.) f) Anv\u00e4ndning utanf\u00f6r hemmet (inklusive men inte begr\u00e4nsat till anv\u00e4ndning i kommersiella, professionella, hyres- eller institutionella milj\u00f6er). g) Reparationer som inte utf\u00f6rs av en ICON-auktoriserad tj\u00e4nsteleverant\u00f6r eller anv\u00e4ndning av delar som inte tillhandah\u00e5lls eller auktoriseras av ICON. h) Olyckor, st\u00f6tar, str\u00f6mavbrott, blixtnedslag, stormar, vatten, eld, djur eller andra orsaker som ICON inte kan p\u00e5verka. i) Felaktig placering inklusive, men inte begr\u00e4nsat till, fuktiga, dammiga eller utomhusmilj\u00f6er (exempel inkluderar garage, k\u00e4llare, verandor och uteplatser).<\/div>\n<\/div>\n<div class=\"product-next-day\">\n<h4>EXPRESSLEVERANS<\/h4>\n<div class=\"text-container\">M\u00e5nga av v\u00e5ra produkter har expressleverans och leverans p\u00e5 utsatt datum, vilket inneb\u00e4r att du f\u00e5r din produkt levererad redan i morgon eller p\u00e5 ett datum som passar dig. Kontrollera leveransalternativen i kassan f\u00f6r att se tillg\u00e4ngligheten f\u00f6r din korg och ditt postnummer. Leveransvillkor g\u00e4ller.<\/div>\n<\/div>","protected":false},"excerpt":{"rendered":"<p>The NordicTrack T Series 8 Folding Treadmill is equipped with a range of stand-out features: a 20km\/h top speed, 12 incline levels, handy folding design, and SelectFlex\u2122 Cushioning, which allows you to adjust the cushioning on the treadbelt from soft to firm to suit your preferences. iFIT Train membership* provides access to advanced performance tracking and over 10,000 workouts to keep you motivated. Sign in via your own device and then connect with the T Series 8. A simple and easily-accessible 7\u201d display makes performance tracking simple, whilst speed and incline shortcut buttons allow for fast changes. Keep cool with the conveniently placed AutoBreeze\u2122 fan and cup holders for your drink bottle. Intelligent ActivePulse\u2122 heart rate monitoring (monitor and iFIT membership sold separately) and adaptive workouts automatically change the incline and speed levels for you. The T Series 8 not only offers a comfortable and convenient training platform, but also features an easy-to-use folding mechanism. A simple press of the foot bar and the treadmill folds, massively altering its footprint and can be rolled into a chosen space. * 30-day iFIT Train Trial Included. Credit Card required for activation. iFIT Train Membership auto-renews unless cancelled in advance. 30-day trial applies to new memberships only.<\/p>\n<div class=\"product-attribute-container-desktop desktop-only\">\n<div class=\"additional-attributes-wrapper table-wrapper\"><\/div>\n<\/div>","protected":false},"featured_media":1326,"comment_status":"open","ping_status":"closed","template":"","meta":{"site-sidebar-layout":"default","site-content-layout":"","ast-site-content-layout":"default","site-content-style":"default","site-sidebar-style":"default","ast-global-header-display":"","ast-banner-title-visibility":"","ast-main-header-display":"","ast-hfb-above-header-display":"","ast-hfb-below-header-display":"","ast-hfb-mobile-header-display":"","site-post-title":"","ast-breadcrumbs-content":"","ast-featured-img":"","footer-sml-layout":"","theme-transparent-header-meta":"default","adv-header-id-meta":"","stick-header-meta":"","header-above-stick-meta":"","header-main-stick-meta":"","header-below-stick-meta":"","astra-migrate-meta-layouts":"set","ast-page-background-enabled":"default","ast-page-background-meta":{"desktop":{"background-color":"var(--ast-global-color-5)","background-image":"","background-repeat":"repeat","background-position":"center center","background-size":"auto","background-attachment":"scroll","background-type":"","background-media":"","overlay-type":"","overlay-color":"","overlay-opacity":"","overlay-gradient":""},"tablet":{"background-color":"","background-image":"","background-repeat":"repeat","background-position":"center center","background-size":"auto","background-attachment":"scroll","background-type":"","background-media":"","overlay-type":"","overlay-color":"","overlay-opacity":"","overlay-gradient":""},"mobile":{"background-color":"","background-image":"","background-repeat":"repeat","background-position":"center center","background-size":"auto","background-attachment":"scroll","background-type":"","background-media":"","overlay-type":"","overlay-color":"","overlay-opacity":"","overlay-gradient":""}},"ast-content-background-meta":{"desktop":{"background-color":"var(--ast-global-color-4)","background-image":"","background-repeat":"repeat","background-position":"center center","background-size":"auto","background-attachment":"scroll","background-type":"","background-media":"","overlay-type":"","overlay-color":"","overlay-opacity":"","overlay-gradient":""},"tablet":{"background-color":"var(--ast-global-color-4)","background-image":"","background-repeat":"repeat","background-position":"center center","background-size":"auto","background-attachment":"scroll","background-type":"","background-media":"","overlay-type":"","overlay-color":"","overlay-opacity":"","overlay-gradient":""},"mobile":{"background-color":"var(--ast-global-color-4)","background-image":"","background-repeat":"repeat","background-position":"center center","background-size":"auto","background-attachment":"scroll","background-type":"","background-media":"","overlay-type":"","overlay-color":"","overlay-opacity":"","overlay-gradient":""}}},"product_brand":[],"product_cat":[21],"product_tag":[25],"class_list":{"0":"post-1325","1":"product","2":"type-product","3":"status-publish","4":"has-post-thumbnail","6":"product_cat-treadmills","7":"product_tag-treadmills","8":"desktop-align-left","9":"tablet-align-left","10":"mobile-align-left","12":"first","13":"instock","14":"sale","15":"taxable","16":"shipping-taxable","17":"purchasable","18":"product-type-simple"},"_links":{"self":[{"href":"https:\/\/bestfitnessstore.com\/sv\/wp-json\/wp\/v2\/product\/1325","targetHints":{"allow":["GET"]}}],"collection":[{"href":"https:\/\/bestfitnessstore.com\/sv\/wp-json\/wp\/v2\/product"}],"about":[{"href":"https:\/\/bestfitnessstore.com\/sv\/wp-json\/wp\/v2\/types\/product"}],"replies":[{"embeddable":true,"href":"https:\/\/bestfitnessstore.com\/sv\/wp-json\/wp\/v2\/comments?post=1325"}],"wp:featuredmedia":[{"embeddable":true,"href":"https:\/\/bestfitnessstore.com\/sv\/wp-json\/wp\/v2\/media\/1326"}],"wp:attachment":[{"href":"https:\/\/bestfitnessstore.com\/sv\/wp-json\/wp\/v2\/media?parent=1325"}],"wp:term":[{"taxonomy":"product_brand","embeddable":true,"href":"https:\/\/bestfitnessstore.com\/sv\/wp-json\/wp\/v2\/product_brand?post=1325"},{"taxonomy":"product_cat","embeddable":true,"href":"https:\/\/bestfitnessstore.com\/sv\/wp-json\/wp\/v2\/product_cat?post=1325"},{"taxonomy":"product_tag","embeddable":true,"href":"https:\/\/bestfitnessstore.com\/sv\/wp-json\/wp\/v2\/product_tag?post=1325"}],"curies":[{"name":"wp","href":"https:\/\/api.w.org\/{rel}","templated":true}]}}