{"id":1272,"date":"2025-11-25T16:10:33","date_gmt":"2025-11-25T16:10:33","guid":{"rendered":"https:\/\/bestfitnessstore.com\/?post_type=product&#038;p=1272"},"modified":"2025-11-25T16:10:33","modified_gmt":"2025-11-25T16:10:33","slug":"matrix-fitness-tf50-hopfallbart-lopband-med-xr-konsol","status":"publish","type":"product","link":"https:\/\/bestfitnessstore.com\/sv\/product\/matrix-fitness-tf50-folding-treadmill-with-xr-console\/","title":{"rendered":"Matrix Fitness TF50 hopf\u00e4llbart l\u00f6pband med XR-konsol"},"content":{"rendered":"<div class=\"product-attribute-container-desktop desktop-only\">\n<div class=\"additional-attributes-wrapper table-wrapper\">\n<h5>PRODUKTINFORMATION<\/h5>\n<div class=\"attributes-container\">\n<ul class=\"product-attributes-container\">\n<li><span class=\"specification-title\">F\u00f6rpackningens vikt (KG):\u00a0<\/span><span class=\"specification-data\">156.400000<\/span><\/li>\n<li><span class=\"specification-title\">Str\u00f6mf\u00f6rs\u00f6rjningsmetod:\u00a0<\/span><span class=\"specification-data\">Eln\u00e4t<\/span><\/li>\n<li><span class=\"specification-title\">H\u00e5llare f\u00f6r surfplatta:\u00a0<\/span><span class=\"specification-data\">Ja<\/span><\/li>\n<li><span class=\"specification-title\">F\u00e4llbar:\u00a0<\/span><span class=\"specification-data\">Ja<\/span><\/li>\n<li><span class=\"specification-title\">Maximal anv\u00e4ndarvikt (kg):\u00a0<\/span><span class=\"specification-data\">181,00 (kg)<\/span><\/li>\n<li><span class=\"specification-title\">Transporthjul:\u00a0<\/span><span class=\"specification-data\">Ja<\/span><\/li>\n<li><span class=\"specification-title\">F\u00e4lld M\u00e5tt (LxBxH):\u00a0<\/span><span class=\"specification-data\">106 x 91 x 192 cm<\/span><\/li>\n<\/ul>\n<ul class=\"product-attributes-container\">\n<li><span class=\"specification-title\">Produktens vikt (KG):\u00a0<\/span><span class=\"specification-data\">138.50<\/span><\/li>\n<li><span class=\"specification-title\">Integration av appar:\u00a0<\/span><span class=\"specification-data\">KinoMap, Zwift<\/span><\/li>\n<li><span class=\"specification-title\">Bluetooth:\u00a0<\/span><span class=\"specification-data\">Ja<\/span><\/li>\n<li><span class=\"specification-title\">\u00d6vervakning av hj\u00e4rtfrekvens:\u00a0<\/span><span class=\"specification-data\">Inbyggda sensorer och Bluetooth<\/span><\/li>\n<li><span class=\"specification-title\">Inbyggda program:\u00a0<\/span><span class=\"specification-data\">Manuell, rullande backar, intervaller, tidsm\u00e5l, distansm\u00e5l, kalorim\u00e5l, m\u00e5lpuls (hastighet), m\u00e5lpuls (lutning), sprint 8, anpassad<\/span><\/li>\n<li><span class=\"specification-title\">Produktens m\u00e5tt (LxBxH):\u00a0<\/span><span class=\"specification-data\">206 x 91 x 158 cm<\/span><\/li>\n<\/ul>\n<\/div>\n<\/div>\n<\/div>\n<div class=\"product-features\">\n<h5>YTTERLIGARE FUNKTIONER<\/h5>\n<div class=\"more-container\">\n<div class=\"unshow-text\">\n<ul class=\"product-features-container\">\n<li><span class=\"specification-title\">Motor:<\/span>\u00a0<span class=\"specification-data\">3,25 hk Johnson-drivsystem med kontinuerlig drift<\/span><\/li>\n<li><span class=\"specification-title\">Hastighet:<\/span>\u00a0<span class=\"specification-data\">0,8 - 20 km\/h<\/span><\/li>\n<li><span class=\"specification-title\">Lutning:<\/span>\u00a0<span class=\"specification-data\">0-15%<\/span><\/li>\n<li><span class=\"specification-title\">L\u00f6pande omr\u00e5de:<\/span>\u00a0<span class=\"specification-data\">51 x 152 cm<\/span><\/li>\n<li><span class=\"specification-title\">B\u00e4lte\/D\u00e4ck tjocklek:<\/span>\u00a0<span class=\"specification-data\">2-lagers, 2,2 mm \/ 25,4 mm<\/span><\/li>\n<li><span class=\"specification-title\">XR-konsol:<\/span>\u00a0<span class=\"specification-data\">8,5\u201d extra bred bl\u00e5 LCD med l\u00e4shylla, energisparl\u00e4ge, ViewFit-anslutning (integrera med Fitness-appar)<\/span><\/li>\n<li><span class=\"specification-title\">Tr\u00e4ningsprogram:<\/span>\u00a0<span class=\"specification-data\">5, Sprint 8 ing\u00e5r<\/span><\/li>\n<li><span class=\"specification-title\">\u00d6vervakning av hj\u00e4rtfrekvens:<\/span>\u00a0<span class=\"specification-data\">Pulsh\u00f6jande grepp p\u00e5 sidoskenorna<\/span><\/li>\n<li><span class=\"specification-title\">Ultimate Deck System:<\/span>\u00a0<span class=\"specification-data\">Kraftig ram, extra tjockt d\u00e4ck och d\u00e4mpning av industriell kvalitet<\/span><\/li>\n<li><span class=\"specification-title\">Tillbeh\u00f6r:<\/span>\u00a0<span class=\"specification-data\">Vattenflaskh\u00e5llare, apparatst\u00e4ll, soft-touch-knappar, sidost\u00f6d i aluminium och 4-hjuls transportsystem<\/span><\/li>\n<li><span class=\"specification-title\">Maximal anv\u00e4ndarvikt:<\/span>\u00a0<span class=\"specification-data\">181 kg \/ 400 lbs<\/span><\/li>\n<li><span class=\"specification-title\">Produktens m\u00e5tt (LxBxH):<\/span>\u00a0<span class=\"specification-data\">206 x 90 x 158 cm \/ 81\u201d x 35\u201d x 62\u201d<\/span><\/li>\n<li><span class=\"specification-title\">F\u00e4lld M\u00e5tt (LxBxH):<\/span>\u00a0<span class=\"specification-data\">106 x 90 x 192 cm \/ 42\u201d x 35\u201d x 76\u201d<\/span><\/li>\n<li><span class=\"specification-title\">Monterad vikt:<\/span>\u00a0<span class=\"specification-data\">138,5 kg<\/span><\/li>\n<\/ul>\n<\/div>\n<\/div>\n<\/div>\n<div class=\"product-warranty\">\n<h5>GARANTI<\/h5>\n<div class=\"text-container\"><strong>Hemmabruk:<\/strong>\u00a0Hem - 10 \u00e5rs motor, 3 \u00e5rs P \/ L,<\/div>\n<\/div>","protected":false},"excerpt":{"rendered":"<p>Matrix Fitness TF50 hopf\u00e4llbart l\u00f6pband ger dig sofistikerad hemmatr\u00e4ning som h\u00e5ller dig motiverad och bekv\u00e4m. L\u00f6pbandet \u00e4r utrustat med ett Ultimate Deck-system och har en kraftig ram, extra tjockt d\u00e4ck och d\u00e4mpning av industriell kvalitet f\u00f6r b\u00e5de st\u00f6d och h\u00e5llbarhet. Med ett 3,25 HP Johnson Drive System h\u00e5ller du dig i perfekt rytm n\u00e4r systemet kalibreras om med varje fotsteg, medan du pressar mot topphastigheten p\u00e5 20 km\/h och klarar lutningar p\u00e5 upp till 15%. Allt detta p\u00e5 ett rymligt, 51 x 152 cm stort l\u00f6pband med ut\u00f6kad l\u00e4ngd. Med XR-konsolen kan du enkelt visa all din tr\u00e4ningsstatistik p\u00e5 den ljusa 8,5\u201d LCD-sk\u00e4rmen. Det finns 5 inbyggda tr\u00e4ningsprogram, inklusive Sprint 8 HIIT-programmet f\u00f6r intensiv hemmatr\u00e4ning. Tryck p\u00e5 WiFi-knappen \u201cConnect &amp; Sync\u201d f\u00f6r att ansluta XR-konsolen till ditt tr\u00e5dl\u00f6sa hemman\u00e4tverk f\u00f6r programuppdateringar och ViewFit-anslutning, som skickar tr\u00e4ningsdata till de tr\u00e4ningsappar och verktyg som du redan anv\u00e4nder (som MyFitnessPal, Fitbit, Strava m.fl.). Det hopf\u00e4llbara l\u00f6pbandet TF50 har en praktisk Space Saver-design som g\u00f6r att du kan f\u00f6rvara maskinen i vertikalt l\u00e4ge n\u00e4r den inte anv\u00e4nds. Det har ocks\u00e5 tr\u00e5dl\u00f6s puls (via kontaktpulssensorer), vattenflaskh\u00e5llare, enhetsh\u00e5llare, soft-touch-knappar, sidoskenor i aluminium och ett 4-hjuligt transportsystem.<\/p>\n<div class=\"product-attribute-container-desktop desktop-only\">\n<div class=\"additional-attributes-wrapper table-wrapper\"><\/div>\n<\/div>","protected":false},"featured_media":1276,"comment_status":"open","ping_status":"closed","template":"","meta":{"site-sidebar-layout":"default","site-content-layout":"","ast-site-content-layout":"default","site-content-style":"default","site-sidebar-style":"default","ast-global-header-display":"","ast-banner-title-visibility":"","ast-main-header-display":"","ast-hfb-above-header-display":"","ast-hfb-below-header-display":"","ast-hfb-mobile-header-display":"","site-post-title":"","ast-breadcrumbs-content":"","ast-featured-img":"","footer-sml-layout":"","theme-transparent-header-meta":"default","adv-header-id-meta":"","stick-header-meta":"","header-above-stick-meta":"","header-main-stick-meta":"","header-below-stick-meta":"","astra-migrate-meta-layouts":"set","ast-page-background-enabled":"default","ast-page-background-meta":{"desktop":{"background-color":"var(--ast-global-color-5)","background-image":"","background-repeat":"repeat","background-position":"center center","background-size":"auto","background-attachment":"scroll","background-type":"","background-media":"","overlay-type":"","overlay-color":"","overlay-opacity":"","overlay-gradient":""},"tablet":{"background-color":"","background-image":"","background-repeat":"repeat","background-position":"center center","background-size":"auto","background-attachment":"scroll","background-type":"","background-media":"","overlay-type":"","overlay-color":"","overlay-opacity":"","overlay-gradient":""},"mobile":{"background-color":"","background-image":"","background-repeat":"repeat","background-position":"center center","background-size":"auto","background-attachment":"scroll","background-type":"","background-media":"","overlay-type":"","overlay-color":"","overlay-opacity":"","overlay-gradient":""}},"ast-content-background-meta":{"desktop":{"background-color":"var(--ast-global-color-4)","background-image":"","background-repeat":"repeat","background-position":"center center","background-size":"auto","background-attachment":"scroll","background-type":"","background-media":"","overlay-type":"","overlay-color":"","overlay-opacity":"","overlay-gradient":""},"tablet":{"background-color":"var(--ast-global-color-4)","background-image":"","background-repeat":"repeat","background-position":"center center","background-size":"auto","background-attachment":"scroll","background-type":"","background-media":"","overlay-type":"","overlay-color":"","overlay-opacity":"","overlay-gradient":""},"mobile":{"background-color":"var(--ast-global-color-4)","background-image":"","background-repeat":"repeat","background-position":"center center","background-size":"auto","background-attachment":"scroll","background-type":"","background-media":"","overlay-type":"","overlay-color":"","overlay-opacity":"","overlay-gradient":""}}},"product_brand":[],"product_cat":[21],"product_tag":[25],"class_list":{"0":"post-1272","1":"product","2":"type-product","3":"status-publish","4":"has-post-thumbnail","6":"product_cat-treadmills","7":"product_tag-treadmills","8":"desktop-align-left","9":"tablet-align-left","10":"mobile-align-left","12":"first","13":"instock","14":"sale","15":"taxable","16":"shipping-taxable","17":"purchasable","18":"product-type-simple"},"_links":{"self":[{"href":"https:\/\/bestfitnessstore.com\/sv\/wp-json\/wp\/v2\/product\/1272","targetHints":{"allow":["GET"]}}],"collection":[{"href":"https:\/\/bestfitnessstore.com\/sv\/wp-json\/wp\/v2\/product"}],"about":[{"href":"https:\/\/bestfitnessstore.com\/sv\/wp-json\/wp\/v2\/types\/product"}],"replies":[{"embeddable":true,"href":"https:\/\/bestfitnessstore.com\/sv\/wp-json\/wp\/v2\/comments?post=1272"}],"wp:featuredmedia":[{"embeddable":true,"href":"https:\/\/bestfitnessstore.com\/sv\/wp-json\/wp\/v2\/media\/1276"}],"wp:attachment":[{"href":"https:\/\/bestfitnessstore.com\/sv\/wp-json\/wp\/v2\/media?parent=1272"}],"wp:term":[{"taxonomy":"product_brand","embeddable":true,"href":"https:\/\/bestfitnessstore.com\/sv\/wp-json\/wp\/v2\/product_brand?post=1272"},{"taxonomy":"product_cat","embeddable":true,"href":"https:\/\/bestfitnessstore.com\/sv\/wp-json\/wp\/v2\/product_cat?post=1272"},{"taxonomy":"product_tag","embeddable":true,"href":"https:\/\/bestfitnessstore.com\/sv\/wp-json\/wp\/v2\/product_tag?post=1272"}],"curies":[{"name":"wp","href":"https:\/\/api.w.org\/{rel}","templated":true}]}}