{"id":1059,"date":"2025-11-25T09:28:06","date_gmt":"2025-11-25T09:28:06","guid":{"rendered":"https:\/\/bestfitnessstore.com\/?post_type=product&#038;p=1059"},"modified":"2025-11-25T09:28:06","modified_gmt":"2025-11-25T09:28:06","slug":"life-fitness-varme-roddmaskin-lcd","status":"publish","type":"product","link":"https:\/\/bestfitnessstore.com\/sv\/product\/life-fitness-heat-rowing-machine-lcd\/","title":{"rendered":"Life Fitness Heat Roddmaskin LCD"},"content":{"rendered":"<div id=\"fullDescription\" class=\"full-description\">\n<div class=\"text-container\">\n<div class=\"product-attribute-container-desktop desktop-only\">\n<div class=\"additional-attributes-wrapper table-wrapper\">\n<h4>PRODUKTINFORMATION<\/h4>\n<div class=\"attributes-container\">\n<ul class=\"product-attributes-container\">\n<li><span class=\"specification-title\">F\u00f6rpackningens vikt (KG):\u00a0<\/span><span class=\"specification-data\">65.000000<\/span><\/li>\n<\/ul>\n<\/div>\n<\/div>\n<\/div>\n<div class=\"product-features\">\n<h4>YTTERLIGARE FUNKTIONER<\/h4>\n<div class=\"more-container\">\n<div class=\"unshow-text\">\n<ul class=\"product-features-container\">\n<li><span class=\"specification-title\">Konsol:<\/span>\u00a0<span class=\"specification-data\">LCD-konsol<\/span><\/li>\n<li><span class=\"specification-title\">Anslutningsm\u00f6jligheter:<\/span>\u00a0<span class=\"specification-data\">Polar\/Analog<\/span><\/li>\n<li><span class=\"specification-title\">Tr\u00e4ningsprogram:<\/span>\u00a0<span class=\"specification-data\">Snabbstart; Intervall 30-30; Intervall 60-60; Intervall anpassad; M\u00e5ltid, kalorier, distans, hj\u00e4rtfrekvens<\/span><\/li>\n<li><span class=\"specification-title\">M\u00e4tningar av tr\u00e4ningspasset:<\/span>\u00a0<span class=\"specification-data\">Tid, distans, SPM, 500 meter splittid, motst\u00e5ndsniv\u00e5, kalorier, watt, hj\u00e4rtfrekvens<\/span><\/li>\n<li><span class=\"specification-title\">Effektm\u00e4tning (WATT):<\/span>\u00a0<span class=\"specification-data\">WattRate\u00ae effektm\u00e4tare<\/span><\/li>\n<li><span class=\"specification-title\">Motst\u00e5ndsteknik:<\/span>\u00a0<span class=\"specification-data\">Statisk luft &amp; magnetisk via 300\u00b0 urtavla<\/span><\/li>\n<li><span class=\"specification-title\">Motst\u00e5ndsniv\u00e5er:<\/span>\u00a0<span class=\"specification-data\">100<\/span><\/li>\n<li><span class=\"specification-title\">Drivlina:<\/span>\u00a0<span class=\"specification-data\">Poly-V b\u00e4lte<\/span><\/li>\n<li><span class=\"specification-title\">Dragande mekanism:<\/span>\u00a0<span class=\"specification-data\">Kedja<\/span><\/li>\n<li><span class=\"specification-title\">Styrst\u00e5ng:<\/span>\u00a0<span class=\"specification-data\">Ergonomiskt handtag<\/span><\/li>\n<li><span class=\"specification-title\">Fotrem:<\/span>\u00a0<span class=\"specification-data\">Justeringsmekanism med sp\u00e4rr<\/span><\/li>\n<li><span class=\"specification-title\">Str\u00f6mf\u00f6rs\u00f6rjning f\u00f6r konsol:<\/span>\u00a0<span class=\"specification-data\">2D-batterier<\/span><\/li>\n<li><span class=\"specification-title\">F\u00e4rg p\u00e5 ram\/skenor:<\/span>\u00a0<span class=\"specification-data\">Kolsvart<\/span><\/li>\n<li><span class=\"specification-title\">Material i ramen:<\/span>\u00a0<span class=\"specification-data\">St\u00e5l<\/span><\/li>\n<li><span class=\"specification-title\">Material f\u00f6r skena:<\/span>\u00a0<span class=\"specification-data\">Aluminium<\/span><\/li>\n<li><span class=\"specification-title\">Telefonh\u00e5llare:<\/span>\u00a0<span class=\"specification-data\">Ja<\/span><\/li>\n<li><span class=\"specification-title\">Handtag f\u00f6r transport:<\/span>\u00a0<span class=\"specification-data\">Ja<\/span><\/li>\n<li><span class=\"specification-title\">Transporthjul:<\/span>\u00a0<span class=\"specification-data\">2<\/span><\/li>\n<li><span class=\"specification-title\">Max anv\u00e4ndarvikt:<\/span>\u00a0<span class=\"specification-data\">150 kg (330 lbs)<\/span><\/li>\n<li><span class=\"specification-title\">Monterad vikt:<\/span>\u00a0<span class=\"specification-data\">61 kg (134 lbs)<\/span><\/li>\n<li><span class=\"specification-title\">Monterade m\u00e5tt:<\/span>\u00a0<span class=\"specification-data\">85\u201d x 28\u201d x 47\u201d (216 cm x 71 cm x 120 cm)<\/span><\/li>\n<li><span class=\"specification-title\">Avst\u00e5nd - s\u00e4te till skena:<\/span>\u00a0<span class=\"specification-data\">6 cm (2,4\u201d)<\/span><\/li>\n<li><span class=\"specification-title\">Avst\u00e5nd - S\u00e4te till golv:<\/span>\u00a0<span class=\"specification-data\">45 cm (17,7\u201d)<\/span><\/li>\n<li><span class=\"specification-title\">V\u00e4nligen notera:<\/span>\u00a0<span class=\"specification-data\">Med f\u00f6rbeh\u00e5ll f\u00f6r en ledtid p\u00e5 4 veckor<\/span><\/li>\n<\/ul>\n<\/div>\n<\/div>\n<\/div>\n<div class=\"product-warranty\">\n<h4>GARANTI<\/h4>\n<div class=\"text-container\"><strong>Hem &amp; l\u00e4tt \/ fullst\u00e4ndig kommersiell anv\u00e4ndning:<\/strong>\u00a03 \u00e5r, delar och arbete (hem), 2 \u00e5r, delar och arbete (kommersiell)<\/div>\n<\/div>\n<\/div>\n<\/div>","protected":false},"excerpt":{"rendered":"<div id=\"fullDescription\" class=\"full-description\">\n<div class=\"text-container\">Life Fitness t\u00e4njde p\u00e5 gr\u00e4nserna f\u00f6r att skapa en str\u00f6mlinjeformad roddmaskin som hj\u00e4lper motion\u00e4rer att t\u00e4nja p\u00e5 sina gr\u00e4nser. Life Fitness Heat Rowing Machine LCD \u00e4r utformad med ett kombinerat luft- och magnetmotst\u00e5ndssystem och har 100 motst\u00e5ndsniv\u00e5er som kan justeras via en 300\u00b0 motst\u00e5ndsratt, vilket g\u00f6r att motion\u00e4rerna kan finjustera sina tr\u00e4ningspass till alla intensitetsniv\u00e5er. Den intuitiva LCD-konsolen g\u00f6r det m\u00f6jligt f\u00f6r instrukt\u00f6rer att optimera tr\u00e4ning i sm\u00e5 grupper och g\u00f6r det m\u00f6jligt f\u00f6r motion\u00e4rer att enkelt tr\u00e4na p\u00e5 egen hand med enkla program, inklusive m\u00e5ltr\u00e4ning, distans, tid, kalorier och intervaller. Den l\u00e4ttanv\u00e4nda digitala konsolen startar i Quick Start-l\u00e4ge, vilket ger motion\u00e4rerna m\u00f6jlighet att starta sin tr\u00e4ning snabbt och utan avbrott. Heat Row \u00e4r utformad med motion\u00e4ren i \u00e5tanke och har en m\u00e4ngd smarta designdetaljer f\u00f6r en njutbar tr\u00e4ningsupplevelse. En mobiltelefonh\u00e5llare finns ovanf\u00f6r LCD-sk\u00e4rmen s\u00e5 att du kan h\u00e5lla kontakten under tr\u00e4ningspasset, och det inbyggda rullstyrsystemet och den snabbkopplade fotremmen h\u00e5ller dig stadigt placerad och stabil n\u00e4r du ror. Heat Row \u00e4r ocks\u00e5 l\u00e4tt att transportera, med ett dolt handtag inuti \u00e4ndlocket och fr\u00e4mre transporthjul.&nbsp;<\/p>\n<\/div>\n<\/div>\n<div class=\"product-attribute-container-desktop desktop-only\">\n<div class=\"additional-attributes-wrapper table-wrapper\"><\/div>\n<\/div>","protected":false},"featured_media":1061,"comment_status":"open","ping_status":"closed","template":"","meta":{"site-sidebar-layout":"default","site-content-layout":"","ast-site-content-layout":"default","site-content-style":"default","site-sidebar-style":"default","ast-global-header-display":"","ast-banner-title-visibility":"","ast-main-header-display":"","ast-hfb-above-header-display":"","ast-hfb-below-header-display":"","ast-hfb-mobile-header-display":"","site-post-title":"","ast-breadcrumbs-content":"","ast-featured-img":"","footer-sml-layout":"","theme-transparent-header-meta":"default","adv-header-id-meta":"","stick-header-meta":"","header-above-stick-meta":"","header-main-stick-meta":"","header-below-stick-meta":"","astra-migrate-meta-layouts":"set","ast-page-background-enabled":"default","ast-page-background-meta":{"desktop":{"background-color":"var(--ast-global-color-5)","background-image":"","background-repeat":"repeat","background-position":"center center","background-size":"auto","background-attachment":"scroll","background-type":"","background-media":"","overlay-type":"","overlay-color":"","overlay-opacity":"","overlay-gradient":""},"tablet":{"background-color":"","background-image":"","background-repeat":"repeat","background-position":"center center","background-size":"auto","background-attachment":"scroll","background-type":"","background-media":"","overlay-type":"","overlay-color":"","overlay-opacity":"","overlay-gradient":""},"mobile":{"background-color":"","background-image":"","background-repeat":"repeat","background-position":"center center","background-size":"auto","background-attachment":"scroll","background-type":"","background-media":"","overlay-type":"","overlay-color":"","overlay-opacity":"","overlay-gradient":""}},"ast-content-background-meta":{"desktop":{"background-color":"var(--ast-global-color-4)","background-image":"","background-repeat":"repeat","background-position":"center center","background-size":"auto","background-attachment":"scroll","background-type":"","background-media":"","overlay-type":"","overlay-color":"","overlay-opacity":"","overlay-gradient":""},"tablet":{"background-color":"var(--ast-global-color-4)","background-image":"","background-repeat":"repeat","background-position":"center center","background-size":"auto","background-attachment":"scroll","background-type":"","background-media":"","overlay-type":"","overlay-color":"","overlay-opacity":"","overlay-gradient":""},"mobile":{"background-color":"var(--ast-global-color-4)","background-image":"","background-repeat":"repeat","background-position":"center center","background-size":"auto","background-attachment":"scroll","background-type":"","background-media":"","overlay-type":"","overlay-color":"","overlay-opacity":"","overlay-gradient":""}}},"product_brand":[],"product_cat":[20],"product_tag":[24],"class_list":{"0":"post-1059","1":"product","2":"type-product","3":"status-publish","4":"has-post-thumbnail","6":"product_cat-rowing-machine","7":"product_tag-rowing-machines","8":"desktop-align-left","9":"tablet-align-left","10":"mobile-align-left","12":"first","13":"instock","14":"sale","15":"taxable","16":"shipping-taxable","17":"purchasable","18":"product-type-simple"},"_links":{"self":[{"href":"https:\/\/bestfitnessstore.com\/sv\/wp-json\/wp\/v2\/product\/1059","targetHints":{"allow":["GET"]}}],"collection":[{"href":"https:\/\/bestfitnessstore.com\/sv\/wp-json\/wp\/v2\/product"}],"about":[{"href":"https:\/\/bestfitnessstore.com\/sv\/wp-json\/wp\/v2\/types\/product"}],"replies":[{"embeddable":true,"href":"https:\/\/bestfitnessstore.com\/sv\/wp-json\/wp\/v2\/comments?post=1059"}],"wp:featuredmedia":[{"embeddable":true,"href":"https:\/\/bestfitnessstore.com\/sv\/wp-json\/wp\/v2\/media\/1061"}],"wp:attachment":[{"href":"https:\/\/bestfitnessstore.com\/sv\/wp-json\/wp\/v2\/media?parent=1059"}],"wp:term":[{"taxonomy":"product_brand","embeddable":true,"href":"https:\/\/bestfitnessstore.com\/sv\/wp-json\/wp\/v2\/product_brand?post=1059"},{"taxonomy":"product_cat","embeddable":true,"href":"https:\/\/bestfitnessstore.com\/sv\/wp-json\/wp\/v2\/product_cat?post=1059"},{"taxonomy":"product_tag","embeddable":true,"href":"https:\/\/bestfitnessstore.com\/sv\/wp-json\/wp\/v2\/product_tag?post=1059"}],"curies":[{"name":"wp","href":"https:\/\/api.w.org\/{rel}","templated":true}]}}