{"id":935,"date":"2025-11-24T14:43:38","date_gmt":"2025-11-24T14:43:38","guid":{"rendered":"https:\/\/bestfitnessstore.com\/?post_type=product&#038;p=935"},"modified":"2025-11-24T14:43:38","modified_gmt":"2025-11-24T14:43:38","slug":"sole-sb900i-indoor-cycle","status":"publish","type":"product","link":"https:\/\/bestfitnessstore.com\/pl\/product\/sole-sb900i-indoor-cycle\/","title":{"rendered":"Rower treningowy Sole SB900(i)"},"content":{"rendered":"<div class=\"product-tabs-wrapper\">\n<div class=\"container product-tabs-inner\">\n<div class=\"woocommerce-tabs wc-tabs-wrapper tabs-layout-tabs wd-opener-pos-right wd-opener-style-arrow\" data-state=\"first\" data-layout=\"tabs\">\n<div class=\"wd-accordion-item\">\n<div id=\"tab-description\" class=\"entry-content woocommerce-Tabs-panel woocommerce-Tabs-panel--description wd-active panel wc-tab\" role=\"tabpanel\" aria-labelledby=\"tab-title-description\" data-accordion-index=\"description\">\n<div class=\"wc-tab-inner wd-entry-content\">\n<div class=\"product-attribute-container-desktop desktop-only\">\n<div class=\"additional-attributes-wrapper table-wrapper\">\n<h4>INFORMACJE O PRODUKCIE<\/h4>\n<div class=\"attributes-container\">\n<ul class=\"product-attributes-container\">\n<li><span class=\"specification-title\">Waga opakowania (KG):\u00a0<\/span><span class=\"specification-data\">72.199997<\/span><\/li>\n<li><span class=\"specification-title\">Metoda zasilania:\u00a0<\/span><span class=\"specification-data\">Samozasilanie<\/span><\/li>\n<li><span class=\"specification-title\">Uchwyt na tablet:\u00a0<\/span><span class=\"specification-data\">Tak<\/span><\/li>\n<li><span class=\"specification-title\">Peda\u0142y:\u00a0<\/span><span class=\"specification-data\">Klipsy SPD, klatka na palce<\/span><\/li>\n<li><span class=\"specification-title\">Typ cyklu:\u00a0<\/span><span class=\"specification-data\">Racer<\/span><\/li>\n<li><span class=\"specification-title\">System oporu:\u00a0<\/span><span class=\"specification-data\">Magnetyczny<\/span><\/li>\n<li><span class=\"specification-title\">Monitorowanie t\u0119tna:\u00a0<\/span><span class=\"specification-data\">Pasek na klatk\u0119 piersiow\u0105<\/span><\/li>\n<li><span class=\"specification-title\">Wbudowane programy:\u00a0<\/span><span class=\"specification-data\">Zmienny op\u00f3r i r\u00f3\u017cne treningi w aplikacji<\/span><\/li>\n<\/ul>\n<ul class=\"product-attributes-container\">\n<li><span class=\"specification-title\">Waga produktu (KG):\u00a0<\/span><span class=\"specification-data\">66.50<\/span><\/li>\n<li><span class=\"specification-title\">Integracja aplikacji:\u00a0<\/span><span class=\"specification-data\">KinoMap, Zwift<\/span><\/li>\n<li><span class=\"specification-title\">Bluetooth:\u00a0<\/span><span class=\"specification-data\">Tak<\/span><\/li>\n<li><span class=\"specification-title\">Regulacja ramy:\u00a0<\/span><span class=\"specification-data\">Kierownica do przodu i do ty\u0142u, kierownica w g\u00f3r\u0119 i w d\u00f3\u0142, siode\u0142ko do przodu i do ty\u0142u, siode\u0142ko w g\u00f3r\u0119 i w d\u00f3\u0142<\/span><\/li>\n<li><span class=\"specification-title\">K\u00f3\u0142ka transportowe:\u00a0<\/span><span class=\"specification-data\">Tak<\/span><\/li>\n<li><span class=\"specification-title\">Masa ko\u0142a zamachowego (KG):\u00a0<\/span><span class=\"specification-data\">22<\/span><\/li>\n<li><span class=\"specification-title\">Maksymalna waga u\u017cytkownika (kg):\u00a0<\/span><span class=\"specification-data\">135,00 (kg)<\/span><\/li>\n<li><span class=\"specification-title\">Wymiary produktu (d\u0142. x szer. x wys.):\u00a0<\/span><span class=\"specification-data\">118,50 x 54 x 126 cm<\/span><\/li>\n<\/ul>\n<\/div>\n<\/div>\n<\/div>\n<div class=\"product-features\">\n<h4>DODATKOWE FUNKCJE<\/h4>\n<div class=\"more-container\">\n<div class=\"unshow-text\">\n<ul class=\"product-features-container\">\n<li><span class=\"specification-title\">Kontrola odporno\u015bci:<\/span>\u00a0<span class=\"specification-data\">Op\u00f3r wielopoziomowy<\/span><\/li>\n<li><span class=\"specification-title\">Wy\u015bwietlanie treningu:<\/span>\u00a0<span class=\"specification-data\">Pojedyncze okno LCD<\/span><\/li>\n<li><span class=\"specification-title\">Bezprzewodowa pr\u0119dko\u015b\u0107 obrotowa:<\/span>\u00a0<span class=\"specification-data\">Tak<\/span><\/li>\n<li><span class=\"specification-title\">Bluetooth + FTMS:<\/span>\u00a0<span class=\"specification-data\">Tak<\/span><\/li>\n<li><span class=\"specification-title\">Akumulator:<\/span>\u00a0<span class=\"specification-data\">Tak<\/span><\/li>\n<li><span class=\"specification-title\">Czas pracy akumulatora:<\/span>\u00a0<span class=\"specification-data\">120-130 godzin<\/span><\/li>\n<li><span class=\"specification-title\">Czas \u0142adowania akumulatora:<\/span>\u00a0<span class=\"specification-data\">2,5 godziny<\/span><\/li>\n<li><span class=\"specification-title\">Kabel do \u0142adowania:<\/span>\u00a0<span class=\"specification-data\">Tak<\/span><\/li>\n<li><span class=\"specification-title\">Odbiornik:<\/span>\u00a0<span class=\"specification-data\">Tak<\/span><\/li>\n<li><span class=\"specification-title\">D\u0142ugo\u015b\u0107 korby:<\/span>\u00a0<span class=\"specification-data\">170 mm \/ 6\u201d<\/span><\/li>\n<\/ul>\n<\/div>\n<\/div>\n<\/div>\n<div class=\"product-warranty\">\n<h4>GWARANCJA<\/h4>\n<div class=\"text-container\"><strong>Do u\u017cytku domowego i lekko komercyjnego:<\/strong>\u00a0Gwarancja do u\u017cytku domowego: 5 lat na cz\u0119\u015bci, 3 lata na robocizn\u0119 Gwarancja do u\u017cytku komercyjnego: wa\u017cna do 3 godzin dziennie przez 12 miesi\u0119cy. Do 3 godzin u\u017cytkowania dziennie w odpowiednim \u015brodowisku domowym \/ lekko komercyjnym. Odpowiednie \u015brodowisko domowe oznacza, \u017ce Sole Fitness nie zaleca umieszczania swojego sprz\u0119tu w pomieszczeniach, kt\u00f3re nie maj\u0105 regulowanej temperatury i wilgotno\u015bci. Nale\u017cy zapewni\u0107 odpowiedni\u0105 izolacj\u0119 i \u017ar\u00f3d\u0142o ciep\u0142a, w przeciwnym razie gwarancja zostanie uniewa\u017cniona (np. je\u015bli sprz\u0119t jest przechowywany w gara\u017cu, ogrodzie zimowym, szopie lub piwnicy).<\/p>\n<\/div>\n<\/div>\n<div class=\"product-next-day\">\n<h4>DOSTAWA EKSPRESOWA<\/h4>\n<div class=\"text-container\">Wiele z naszych produkt\u00f3w ma opcje dostawy ekspresowej i z wyznaczon\u0105 dat\u0105, co oznacza, \u017ce produkt zostanie dostarczony ju\u017c jutro lub w wybranym przez Ciebie terminie. Sprawd\u017a opcje dostawy przy kasie, aby zobaczy\u0107 dost\u0119pno\u015b\u0107 dla swojego koszyka i kodu pocztowego. Obowi\u0105zuj\u0105 warunki dostawy.<\/div>\n<\/div>\n<\/div>\n<\/div>\n<\/div>\n<div class=\"wd-accordion-item\"><\/div>\n<div class=\"wd-accordion-item\"><\/div>\n<\/div>\n<\/div>\n<\/div>\n<div class=\"container related-and-upsells\">\n<div id=\"carousel-221\" class=\"wd-carousel-container  related-products wd-wpb with-title  wd-products-element wd-products products\">\n<h2 class=\"wd-el-title title slider-title element-title\"><\/h2>\n<\/div>\n<\/div>","protected":false},"excerpt":{"rendered":"<p>Rower treningowy Sole SB900(i) Indoor Cycle jest zbudowany z lekkiej ramy komercyjnej, wykonanej ze stali i pokrytej aluminiow\u0105 os\u0142on\u0105. Odporny na zarysowania i korozj\u0119, ten rower mo\u017ce wytrzyma\u0107 szczeg\u00f3lnie intensywne i spocone sesje rowerowe. Ci\u0119\u017ckie ko\u0142o zamachowe o wadze 22 kg i magnetyczny system oporu zapewniaj\u0105 p\u0142ynn\u0105 jazd\u0119 bez wzgl\u0119du na to, jak mocno naciskasz, a w pe\u0142ni regulowane siode\u0142ko i kierownica oznaczaj\u0105, \u017ce \u0142atwo jest znale\u017a\u0107 wygodn\u0105 pozycj\u0119 do jazdy. Model SB900(i) jest r\u00f3wnie\u017c wyposa\u017cony w peda\u0142y SPD, kt\u00f3re pasuj\u0105 do ka\u017cdego obuwia sportowego, a je\u015bli wolisz, mo\u017cesz je\u017adzi\u0107 z wpi\u0119tymi peda\u0142ami. Wbudowana konsola LCD pozwala \u015bledzi\u0107 statystyki treningu i posiada integracj\u0119 Bluetooth + FTMS w celu po\u0142\u0105czenia z niezliczonymi aplikacjami fitness. Konsola jest wyposa\u017cona w akumulator o czasie pracy 120-130 godzin i czasie \u0142adowania 2,5 godziny. Zawiera r\u00f3wnie\u017c regulowany uchwyt na tablet, dzi\u0119ki czemu mo\u017cesz zachowa\u0107 rozrywk\u0119 i \u0142\u0105czno\u015b\u0107 podczas jazdy.<\/p>\n<div class=\"product-attribute-container-desktop desktop-only\">\n<div class=\"additional-attributes-wrapper table-wrapper\"><\/div>\n<\/div>","protected":false},"featured_media":938,"comment_status":"open","ping_status":"closed","template":"","meta":{"site-sidebar-layout":"default","site-content-layout":"","ast-site-content-layout":"default","site-content-style":"default","site-sidebar-style":"default","ast-global-header-display":"","ast-banner-title-visibility":"","ast-main-header-display":"","ast-hfb-above-header-display":"","ast-hfb-below-header-display":"","ast-hfb-mobile-header-display":"","site-post-title":"","ast-breadcrumbs-content":"","ast-featured-img":"","footer-sml-layout":"","theme-transparent-header-meta":"default","adv-header-id-meta":"","stick-header-meta":"","header-above-stick-meta":"","header-main-stick-meta":"","header-below-stick-meta":"","astra-migrate-meta-layouts":"set","ast-page-background-enabled":"default","ast-page-background-meta":{"desktop":{"background-color":"var(--ast-global-color-5)","background-image":"","background-repeat":"repeat","background-position":"center center","background-size":"auto","background-attachment":"scroll","background-type":"","background-media":"","overlay-type":"","overlay-color":"","overlay-opacity":"","overlay-gradient":""},"tablet":{"background-color":"","background-image":"","background-repeat":"repeat","background-position":"center center","background-size":"auto","background-attachment":"scroll","background-type":"","background-media":"","overlay-type":"","overlay-color":"","overlay-opacity":"","overlay-gradient":""},"mobile":{"background-color":"","background-image":"","background-repeat":"repeat","background-position":"center center","background-size":"auto","background-attachment":"scroll","background-type":"","background-media":"","overlay-type":"","overlay-color":"","overlay-opacity":"","overlay-gradient":""}},"ast-content-background-meta":{"desktop":{"background-color":"var(--ast-global-color-4)","background-image":"","background-repeat":"repeat","background-position":"center center","background-size":"auto","background-attachment":"scroll","background-type":"","background-media":"","overlay-type":"","overlay-color":"","overlay-opacity":"","overlay-gradient":""},"tablet":{"background-color":"var(--ast-global-color-4)","background-image":"","background-repeat":"repeat","background-position":"center center","background-size":"auto","background-attachment":"scroll","background-type":"","background-media":"","overlay-type":"","overlay-color":"","overlay-opacity":"","overlay-gradient":""},"mobile":{"background-color":"var(--ast-global-color-4)","background-image":"","background-repeat":"repeat","background-position":"center center","background-size":"auto","background-attachment":"scroll","background-type":"","background-media":"","overlay-type":"","overlay-color":"","overlay-opacity":"","overlay-gradient":""}}},"product_brand":[],"product_cat":[19],"product_tag":[29],"class_list":{"0":"post-935","1":"product","2":"type-product","3":"status-publish","4":"has-post-thumbnail","6":"product_cat-excise-bikes","7":"product_tag-exercise","8":"desktop-align-left","9":"tablet-align-left","10":"mobile-align-left","12":"first","13":"instock","14":"sale","15":"taxable","16":"shipping-taxable","17":"purchasable","18":"product-type-simple"},"_links":{"self":[{"href":"https:\/\/bestfitnessstore.com\/pl\/wp-json\/wp\/v2\/product\/935","targetHints":{"allow":["GET"]}}],"collection":[{"href":"https:\/\/bestfitnessstore.com\/pl\/wp-json\/wp\/v2\/product"}],"about":[{"href":"https:\/\/bestfitnessstore.com\/pl\/wp-json\/wp\/v2\/types\/product"}],"replies":[{"embeddable":true,"href":"https:\/\/bestfitnessstore.com\/pl\/wp-json\/wp\/v2\/comments?post=935"}],"wp:featuredmedia":[{"embeddable":true,"href":"https:\/\/bestfitnessstore.com\/pl\/wp-json\/wp\/v2\/media\/938"}],"wp:attachment":[{"href":"https:\/\/bestfitnessstore.com\/pl\/wp-json\/wp\/v2\/media?parent=935"}],"wp:term":[{"taxonomy":"product_brand","embeddable":true,"href":"https:\/\/bestfitnessstore.com\/pl\/wp-json\/wp\/v2\/product_brand?post=935"},{"taxonomy":"product_cat","embeddable":true,"href":"https:\/\/bestfitnessstore.com\/pl\/wp-json\/wp\/v2\/product_cat?post=935"},{"taxonomy":"product_tag","embeddable":true,"href":"https:\/\/bestfitnessstore.com\/pl\/wp-json\/wp\/v2\/product_tag?post=935"}],"curies":[{"name":"wp","href":"https:\/\/api.w.org\/{rel}","templated":true}]}}