{"id":844,"date":"2025-11-24T12:16:13","date_gmt":"2025-11-24T12:16:13","guid":{"rendered":"https:\/\/bestfitnessstore.com\/?post_type=product&#038;p=844"},"modified":"2025-11-24T12:16:14","modified_gmt":"2025-11-24T12:16:14","slug":"proform-pro-trainer-500-indoor-cycle","status":"publish","type":"product","link":"https:\/\/bestfitnessstore.com\/pl\/product\/proform-pro-trainer-500-indoor-cycle\/","title":{"rendered":"Rower stacjonarny ProForm Pro Trainer 500"},"content":{"rendered":"<div class=\"product-attribute-container-desktop desktop-only\">\n<div class=\"additional-attributes-wrapper table-wrapper\">\n<h4>INFORMACJE O PRODUKCIE<\/h4>\n<div class=\"attributes-container\">\n<ul class=\"product-attributes-container\">\n<li><span class=\"specification-title\">Waga opakowania (KG):\u00a0<\/span><span class=\"specification-data\">47.000000<\/span><\/li>\n<li><span class=\"specification-title\">Integracja aplikacji:\u00a0<\/span><span class=\"specification-data\">iFIT<\/span><\/li>\n<li><span class=\"specification-title\">Typ cyklu:\u00a0<\/span><span class=\"specification-data\">Racer<\/span><\/li>\n<li><span class=\"specification-title\">System oporu:\u00a0<\/span><span class=\"specification-data\">Magnetyczny<\/span><\/li>\n<li><span class=\"specification-title\">Maksymalna waga u\u017cytkownika (kg):\u00a0<\/span><span class=\"specification-data\">115,00 (kg)<\/span><\/li>\n<\/ul>\n<ul class=\"product-attributes-container\">\n<li><span class=\"specification-title\">Metoda zasilania:\u00a0<\/span><span class=\"specification-data\">Sie\u0107 elektryczna<\/span><\/li>\n<li><span class=\"specification-title\">Uchwyt na tablet:\u00a0<\/span><span class=\"specification-data\">Tak<\/span><\/li>\n<li><span class=\"specification-title\">K\u00f3\u0142ka transportowe:\u00a0<\/span><span class=\"specification-data\">Tak<\/span><\/li>\n<li><span class=\"specification-title\">Masa ko\u0142a zamachowego (KG):\u00a0<\/span><span class=\"specification-data\">11<\/span><\/li>\n<li><span class=\"specification-title\">Wymiary pude\u0142ka (d\u0142. x szer. x wys.):\u00a0<\/span><span class=\"specification-data\">105 x 25 x 80 cm<\/span><\/li>\n<\/ul>\n<\/div>\n<\/div>\n<\/div>\n<div class=\"product-features\">\n<h4>DODATKOWE FUNKCJE<\/h4>\n<div class=\"more-container\">\n<div class=\"unshow-text\">\n<ul class=\"product-features-container\">\n<li><span class=\"specification-title\">Op\u00f3r magnetyczny SMR\u2122 Silent:<\/span>\u00a0<span class=\"specification-data\">16 digital levels<\/span><\/li>\n<li><span class=\"specification-title\">Wy\u015bwietlacz:<\/span>\u00a0<span class=\"specification-data\">1-window LCD display<\/span><\/li>\n<li><span class=\"specification-title\">Siod\u0142o:<\/span>\u00a0<span class=\"specification-data\">Ergonomic, padded saddle. Adjustable vertically and horizontally<\/span><\/li>\n<li><span class=\"specification-title\">Kierownica:<\/span>\u00a0<span class=\"specification-data\">Non-slip, multi-position handlebar. Adjustable vertically and horizontally with Lift Assist<\/span><\/li>\n<li><span class=\"specification-title\">Inne funkcje:<\/span>\u00a0<span class=\"specification-data\">Water bottle holder; pedals with toe cages; dumbbell holders with two 1.4kg dumbbells; front mounted transport wheels<\/span><\/li>\n<li><span class=\"specification-title\">IFit Trial:<\/span>\u00a0<span class=\"specification-data\">30-Day iFIT Trial Included. Credit Card required for activation. iFIT Membership auto-renews unless cancelled in advance. 30 day trial applies to new memberships only. Tablet shown in images is not included.<\/span><\/li>\n<\/ul>\n<\/div>\n<\/div>\n<\/div>\n<div class=\"product-warranty\">\n<h4>GWARANCJA<\/h4>\n<div class=\"text-container\"><strong>Do u\u017cytku domowego:<\/strong>\u00a0Two years parts and labour (conditions apply) subject to registering the product within 28 days of purchase. Standard warranty is 12 months parts and Labour . Terms This warranty extends only to the original purchaser (you) and is not transferable. The warranty does not cover: 1. Normal wear and tear (examples of normal wear parts include walking belts, drive belts, batteries, brake pads, and jumping mats). 2 Any makeshift repairs, adaptations, or changes to modify this product from its normal purpose and function as described in your user\u2019s manual. 3. Damage resulting from: a) Wilful or malicious acts. b) Transportation. c) Improper installation, assembly, or connection that is not in accordance with ICON specifications or recommendations. d) Abuse, misuse, failure to follow instructions, or improper or abnormal usage. e) Non-compliance with the instructions in your user\u2019s manual (such as the use of cleaning and maintenance products other than those recommended, failure to turn off the product after use, etc.). f) Non-home use (including but not limited to use in commercial, professional, rental, or institutional settings). g) Repairs not provided by an ICON-authorized service provider or use of parts not provided or authorized by ICON. h) Accidents, impacts, power fluctuations, lightning, storms, water, fi re, animals, or any other causes beyond the control of ICON. i) Improper location including, but not limited to, humid, dusty, or outdoor environments (examples include garages, cellars, porches, and patios).<\/div>\n<\/div>\n<div class=\"product-next-day\">\n<h4>DOSTAWA EKSPRESOWA<\/h4>\n<div class=\"text-container\">Wiele z naszych produkt\u00f3w ma opcje dostawy ekspresowej i z wyznaczon\u0105 dat\u0105, co oznacza, \u017ce produkt zostanie dostarczony ju\u017c jutro lub w wybranym przez Ciebie terminie. Sprawd\u017a opcje dostawy przy kasie, aby zobaczy\u0107 dost\u0119pno\u015b\u0107 dla swojego koszyka i kodu pocztowego. Obowi\u0105zuj\u0105 warunki dostawy.<\/div>\n<\/div>","protected":false},"excerpt":{"rendered":"<p>Enjoy a realistic simulation of road cycling from the comfort of your own home with the ProForm Pro Trainer 500 Indoor Cycle. Thanks to its 11kg flywheel and 16 levels of SMR\u2122 Silent Magnetic Resistance and belt drive system, every push on the pedals is smooth and natural. The ergonomic padded saddle and non-slip multi-position handlebars are both adjustable horizontally and vertically, with toe cage pedals offering a secure footing. View your workout stats\u2014including your Watts power readout\u2014on the large 1-window LCD display, or utilise the tablet holder in front of the screen. Download the iFit app to your device to access global on-demand workouts, streaming sessions led by world-class trainers that push you further to maximise your results (30-day iFit Family subscription included*). ActivePulse\u2122 technology will automatically adjust the resistance on your Sport CX to keep you in the optimal heart rate zone (SmartBeat Armband required), while SmartAdjust technology puts your resistance in the hands of your iFIT instructors. Other features include integrated transport wheels, a water bottle holder and dumbbell holders with two 1.4kg dumbbells included. *30-Day iFIT Trial Included. Credit Card required for activation. iFIT Membership auto-renews unless cancelled in advance. 30 day trial applies to new memberships only.<\/p>\n<div class=\"product-attribute-container-desktop desktop-only\">\n<div class=\"additional-attributes-wrapper table-wrapper\"><\/div>\n<\/div>","protected":false},"featured_media":846,"comment_status":"open","ping_status":"closed","template":"","meta":{"site-sidebar-layout":"default","site-content-layout":"","ast-site-content-layout":"default","site-content-style":"default","site-sidebar-style":"default","ast-global-header-display":"","ast-banner-title-visibility":"","ast-main-header-display":"","ast-hfb-above-header-display":"","ast-hfb-below-header-display":"","ast-hfb-mobile-header-display":"","site-post-title":"","ast-breadcrumbs-content":"","ast-featured-img":"","footer-sml-layout":"","theme-transparent-header-meta":"default","adv-header-id-meta":"","stick-header-meta":"","header-above-stick-meta":"","header-main-stick-meta":"","header-below-stick-meta":"","astra-migrate-meta-layouts":"set","ast-page-background-enabled":"default","ast-page-background-meta":{"desktop":{"background-color":"var(--ast-global-color-5)","background-image":"","background-repeat":"repeat","background-position":"center center","background-size":"auto","background-attachment":"scroll","background-type":"","background-media":"","overlay-type":"","overlay-color":"","overlay-opacity":"","overlay-gradient":""},"tablet":{"background-color":"","background-image":"","background-repeat":"repeat","background-position":"center center","background-size":"auto","background-attachment":"scroll","background-type":"","background-media":"","overlay-type":"","overlay-color":"","overlay-opacity":"","overlay-gradient":""},"mobile":{"background-color":"","background-image":"","background-repeat":"repeat","background-position":"center center","background-size":"auto","background-attachment":"scroll","background-type":"","background-media":"","overlay-type":"","overlay-color":"","overlay-opacity":"","overlay-gradient":""}},"ast-content-background-meta":{"desktop":{"background-color":"var(--ast-global-color-4)","background-image":"","background-repeat":"repeat","background-position":"center center","background-size":"auto","background-attachment":"scroll","background-type":"","background-media":"","overlay-type":"","overlay-color":"","overlay-opacity":"","overlay-gradient":""},"tablet":{"background-color":"var(--ast-global-color-4)","background-image":"","background-repeat":"repeat","background-position":"center center","background-size":"auto","background-attachment":"scroll","background-type":"","background-media":"","overlay-type":"","overlay-color":"","overlay-opacity":"","overlay-gradient":""},"mobile":{"background-color":"var(--ast-global-color-4)","background-image":"","background-repeat":"repeat","background-position":"center center","background-size":"auto","background-attachment":"scroll","background-type":"","background-media":"","overlay-type":"","overlay-color":"","overlay-opacity":"","overlay-gradient":""}}},"product_brand":[],"product_cat":[19],"product_tag":[22],"class_list":{"0":"post-844","1":"product","2":"type-product","3":"status-publish","4":"has-post-thumbnail","6":"product_cat-excise-bikes","7":"product_tag-exercise-bikes","8":"desktop-align-left","9":"tablet-align-left","10":"mobile-align-left","12":"first","13":"instock","14":"sale","15":"taxable","16":"shipping-taxable","17":"purchasable","18":"product-type-simple"},"_links":{"self":[{"href":"https:\/\/bestfitnessstore.com\/pl\/wp-json\/wp\/v2\/product\/844","targetHints":{"allow":["GET"]}}],"collection":[{"href":"https:\/\/bestfitnessstore.com\/pl\/wp-json\/wp\/v2\/product"}],"about":[{"href":"https:\/\/bestfitnessstore.com\/pl\/wp-json\/wp\/v2\/types\/product"}],"replies":[{"embeddable":true,"href":"https:\/\/bestfitnessstore.com\/pl\/wp-json\/wp\/v2\/comments?post=844"}],"wp:featuredmedia":[{"embeddable":true,"href":"https:\/\/bestfitnessstore.com\/pl\/wp-json\/wp\/v2\/media\/846"}],"wp:attachment":[{"href":"https:\/\/bestfitnessstore.com\/pl\/wp-json\/wp\/v2\/media?parent=844"}],"wp:term":[{"taxonomy":"product_brand","embeddable":true,"href":"https:\/\/bestfitnessstore.com\/pl\/wp-json\/wp\/v2\/product_brand?post=844"},{"taxonomy":"product_cat","embeddable":true,"href":"https:\/\/bestfitnessstore.com\/pl\/wp-json\/wp\/v2\/product_cat?post=844"},{"taxonomy":"product_tag","embeddable":true,"href":"https:\/\/bestfitnessstore.com\/pl\/wp-json\/wp\/v2\/product_tag?post=844"}],"curies":[{"name":"wp","href":"https:\/\/api.w.org\/{rel}","templated":true}]}}