{"id":731,"date":"2025-11-22T16:17:59","date_gmt":"2025-11-22T16:17:59","guid":{"rendered":"https:\/\/bestfitnessstore.com\/?post_type=product&#038;p=731"},"modified":"2025-11-22T16:19:40","modified_gmt":"2025-11-22T16:19:40","slug":"matrix-fitness-cxm-training-cycle","status":"publish","type":"product","link":"https:\/\/bestfitnessstore.com\/pl\/product\/matrix-fitness-cxm-training-cycle\/","title":{"rendered":"Cykl treningowy Matrix Fitness CXM"},"content":{"rendered":"<div class=\"product-attribute-container-desktop desktop-only\">\n<div class=\"additional-attributes-wrapper table-wrapper\">\n<h4>INFORMACJE O PRODUKCIE<\/h4>\n<div class=\"attributes-container\">\n<ul class=\"product-attributes-container\">\n<li><span class=\"specification-title\">Waga opakowania (KG):\u00a0<\/span><span class=\"specification-data\">62.600000<\/span><\/li>\n<li><span class=\"specification-title\">Integracja aplikacji:\u00a0<\/span><span class=\"specification-data\">Zwift<\/span><\/li>\n<li><span class=\"specification-title\">Bluetooth:\u00a0<\/span><span class=\"specification-data\">Tak<\/span><\/li>\n<li><span class=\"specification-title\">Regulacja ramy:\u00a0<\/span><span class=\"specification-data\">Kierownica do przodu i do ty\u0142u, kierownica w g\u00f3r\u0119 i w d\u00f3\u0142, siode\u0142ko do przodu i do ty\u0142u, siode\u0142ko w g\u00f3r\u0119 i w d\u00f3\u0142<\/span><\/li>\n<li><span class=\"specification-title\">K\u00f3\u0142ka transportowe:\u00a0<\/span><span class=\"specification-data\">Tak<\/span><\/li>\n<li><span class=\"specification-title\">Maksymalna waga u\u017cytkownika (kg):\u00a0<\/span><span class=\"specification-data\">158.75 (Kg)<\/span><\/li>\n<li><span class=\"specification-title\">Wymiary pude\u0142ka (d\u0142. x szer. x wys.):\u00a0<\/span><span class=\"specification-data\">125 x 65 x 110 cm<\/span><\/li>\n<\/ul>\n<ul class=\"product-attributes-container\">\n<li><span class=\"specification-title\">Waga produktu (KG):\u00a0<\/span><span class=\"specification-data\">56.50<\/span><\/li>\n<li><span class=\"specification-title\">Uchwyt na tablet:\u00a0<\/span><span class=\"specification-data\">Nie<\/span><\/li>\n<li><span class=\"specification-title\">Peda\u0142y:\u00a0<\/span><span class=\"specification-data\">Klipsy SPD, klatka na palce<\/span><\/li>\n<li><span class=\"specification-title\">Typ cyklu:\u00a0<\/span><span class=\"specification-data\">Racer<\/span><\/li>\n<li><span class=\"specification-title\">System oporu:\u00a0<\/span><span class=\"specification-data\">Magnetyczny<\/span><\/li>\n<li><span class=\"specification-title\">Wymiary produktu (d\u0142. x szer. x wys.):\u00a0<\/span><span class=\"specification-data\">122.40 x 56.40 x 102.80 cm<\/span><\/li>\n<\/ul>\n<\/div>\n<\/div>\n<\/div>\n<div class=\"product-features\">\n<h4>DODATKOWE FUNKCJE<\/h4>\n<div class=\"more-container\">\n<div class=\"unshow-text\">\n<ul class=\"product-features-container\">\n<li><span class=\"specification-title\">Materia\u0142 ramy:<\/span>\u00a0<span class=\"specification-data\">Stal<\/span><\/li>\n<li><span class=\"specification-title\">Uk\u0142ad nap\u0119dowy:<\/span>\u00a0<span class=\"specification-data\">Pasek Flexonic<\/span><\/li>\n<li><span class=\"specification-title\">Monitorowanie t\u0119tna:<\/span>\u00a0<span class=\"specification-data\">Telemetric<\/span><\/li>\n<li><span class=\"specification-title\">W\u0105ski wsp\u00f3\u0142czynnik Q:<\/span>\u00a0<span class=\"specification-data\">Optimises the position of the hips, knees and feet<\/span><\/li>\n<li><span class=\"specification-title\">Szybka obs\u0142uga dotykowa:<\/span>\u00a0<span class=\"specification-data\">Effortlessly customise the cycle to each user\u2019s preference<\/span><\/li>\n<li><span class=\"specification-title\">Konsola:<\/span>\u00a0<span class=\"specification-data\">Quick-response, generator-powered backlit LCD console<\/span><\/li>\n<li><span class=\"specification-title\">Wy\u015bwietlacz:<\/span>\u00a0<span class=\"specification-data\">Key metrics and intuitive operation when switching between watts, heart rate, RPMs or lap mode<\/span><\/li>\n<li><span class=\"specification-title\">Os\u0142oni\u0119te tylne ko\u0142o zamachowe:<\/span>\u00a0<span class=\"specification-data\">Chroni wewn\u0119trzne komponenty przed potem, kurzem i zanieczyszczeniami<\/span><\/li>\n<li><span class=\"specification-title\">Szybko zwalniany panel serwisowy:<\/span>\u00a0<span class=\"specification-data\">\u0141atwo demontowalne korby peda\u0142\u00f3w i \u0142atwe do zidentyfikowania elementy wewn\u0119trzne u\u0142atwiaj\u0105 serwisowanie.<\/span><\/li>\n<li><span class=\"specification-title\">Calculated watt measurement:<\/span>\u00a0<span class=\"specification-data\">Within 10% accuracy<\/span><\/li>\n<li><span class=\"specification-title\">Ergonomicznie wyprofilowane siedzisko:<\/span>\u00a0<span class=\"specification-data\">Zmniejszenie nacisku na punkty styku zapewnia komfortow\u0105 jazd\u0119<\/span><\/li>\n<li><span class=\"specification-title\">Wielopozycyjna kierownica:<\/span>\u00a0<span class=\"specification-data\">Simulates the different grips of a real road bike, soft PVC<\/span><\/li>\n<li><span class=\"specification-title\">Adjustment type:<\/span>\u00a0<span class=\"specification-data\">Quick-touch levers<\/span><\/li>\n<li><span class=\"specification-title\">Uchwyt na butelk\u0119 z wod\u0105:<\/span>\u00a0<span class=\"specification-data\">Two integrated into the handlebar<\/span><\/li>\n<\/ul>\n<\/div>\n<\/div>\n<\/div>\n<div class=\"product-warranty\">\n<h4>GWARANCJA<\/h4>\n<div class=\"text-container\"><strong>Do u\u017cytku domowego i lekkiego\/komercyjnego:<\/strong>\u00a02 lata<\/div>\n<\/div>","protected":false},"excerpt":{"rendered":"<p>Invigorate your group classes with a dynamic cycling experience that will bring members back again and again. Ideal for metric-focused group cycling classes or individual use, the Matrix Fitness CXM Training Cycle offers quality performance combined with excellent ergonomics. The quick-response, generator-powered backlit LCD console clearly displays watts, heart rate, RPMs or lap mode in a way that helps your riders chart their progress and get real results. The CXM Training Cycle has enhanced Bluetooth FTMS 4.0, making it easier to pair to cycling apps. A narrow Q-factor optimises the position of the rider\u2019s hips, knees and feet to comfortably mimic a real outdoor riding experience, which is enhanced by the low-maintenance, well-protected rear flywheel that includes contact-free magnetic resistance for smooth, consistent adjustments and calculated watt measurement within 10% accuracy. An ergonomically sculpted seat relieves pressure on touchpoints to make even long, intense cycling sessions comfortable, while multi-position handlebars with dual integrated water bottle holders simulates the different grips of a real road bike, with updated levers for easy adjustments. Quick-release access panels and easily removable pedal cranks simplify service, and front transport wheels allow you to easily move the cycle around.<\/p>\n<div class=\"product-attribute-container-desktop desktop-only\">\n<div class=\"additional-attributes-wrapper table-wrapper\"><\/div>\n<\/div>","protected":false},"featured_media":732,"comment_status":"open","ping_status":"closed","template":"","meta":{"site-sidebar-layout":"default","site-content-layout":"","ast-site-content-layout":"default","site-content-style":"default","site-sidebar-style":"default","ast-global-header-display":"","ast-banner-title-visibility":"","ast-main-header-display":"","ast-hfb-above-header-display":"","ast-hfb-below-header-display":"","ast-hfb-mobile-header-display":"","site-post-title":"","ast-breadcrumbs-content":"","ast-featured-img":"","footer-sml-layout":"","theme-transparent-header-meta":"default","adv-header-id-meta":"","stick-header-meta":"","header-above-stick-meta":"","header-main-stick-meta":"","header-below-stick-meta":"","astra-migrate-meta-layouts":"set","ast-page-background-enabled":"default","ast-page-background-meta":{"desktop":{"background-color":"var(--ast-global-color-5)","background-image":"","background-repeat":"repeat","background-position":"center center","background-size":"auto","background-attachment":"scroll","background-type":"","background-media":"","overlay-type":"","overlay-color":"","overlay-opacity":"","overlay-gradient":""},"tablet":{"background-color":"","background-image":"","background-repeat":"repeat","background-position":"center center","background-size":"auto","background-attachment":"scroll","background-type":"","background-media":"","overlay-type":"","overlay-color":"","overlay-opacity":"","overlay-gradient":""},"mobile":{"background-color":"","background-image":"","background-repeat":"repeat","background-position":"center center","background-size":"auto","background-attachment":"scroll","background-type":"","background-media":"","overlay-type":"","overlay-color":"","overlay-opacity":"","overlay-gradient":""}},"ast-content-background-meta":{"desktop":{"background-color":"var(--ast-global-color-4)","background-image":"","background-repeat":"repeat","background-position":"center center","background-size":"auto","background-attachment":"scroll","background-type":"","background-media":"","overlay-type":"","overlay-color":"","overlay-opacity":"","overlay-gradient":""},"tablet":{"background-color":"var(--ast-global-color-4)","background-image":"","background-repeat":"repeat","background-position":"center center","background-size":"auto","background-attachment":"scroll","background-type":"","background-media":"","overlay-type":"","overlay-color":"","overlay-opacity":"","overlay-gradient":""},"mobile":{"background-color":"var(--ast-global-color-4)","background-image":"","background-repeat":"repeat","background-position":"center center","background-size":"auto","background-attachment":"scroll","background-type":"","background-media":"","overlay-type":"","overlay-color":"","overlay-opacity":"","overlay-gradient":""}}},"product_brand":[],"product_cat":[19],"product_tag":[22],"class_list":{"0":"post-731","1":"product","2":"type-product","3":"status-publish","4":"has-post-thumbnail","6":"product_cat-excise-bikes","7":"product_tag-exercise-bikes","8":"desktop-align-left","9":"tablet-align-left","10":"mobile-align-left","12":"first","13":"instock","14":"sale","15":"taxable","16":"shipping-taxable","17":"purchasable","18":"product-type-simple"},"_links":{"self":[{"href":"https:\/\/bestfitnessstore.com\/pl\/wp-json\/wp\/v2\/product\/731","targetHints":{"allow":["GET"]}}],"collection":[{"href":"https:\/\/bestfitnessstore.com\/pl\/wp-json\/wp\/v2\/product"}],"about":[{"href":"https:\/\/bestfitnessstore.com\/pl\/wp-json\/wp\/v2\/types\/product"}],"replies":[{"embeddable":true,"href":"https:\/\/bestfitnessstore.com\/pl\/wp-json\/wp\/v2\/comments?post=731"}],"wp:featuredmedia":[{"embeddable":true,"href":"https:\/\/bestfitnessstore.com\/pl\/wp-json\/wp\/v2\/media\/732"}],"wp:attachment":[{"href":"https:\/\/bestfitnessstore.com\/pl\/wp-json\/wp\/v2\/media?parent=731"}],"wp:term":[{"taxonomy":"product_brand","embeddable":true,"href":"https:\/\/bestfitnessstore.com\/pl\/wp-json\/wp\/v2\/product_brand?post=731"},{"taxonomy":"product_cat","embeddable":true,"href":"https:\/\/bestfitnessstore.com\/pl\/wp-json\/wp\/v2\/product_cat?post=731"},{"taxonomy":"product_tag","embeddable":true,"href":"https:\/\/bestfitnessstore.com\/pl\/wp-json\/wp\/v2\/product_tag?post=731"}],"curies":[{"name":"wp","href":"https:\/\/api.w.org\/{rel}","templated":true}]}}