{"id":682,"date":"2025-11-22T15:24:11","date_gmt":"2025-11-22T15:24:11","guid":{"rendered":"https:\/\/bestfitnessstore.com\/?post_type=product&#038;p=682"},"modified":"2025-11-22T15:24:11","modified_gmt":"2025-11-22T15:24:11","slug":"matrix-fitness-commercial-endurance-recumbent-cycle-with-led-console-2","status":"publish","type":"product","link":"https:\/\/bestfitnessstore.com\/pl\/product\/matrix-fitness-commercial-endurance-recumbent-cycle-with-led-console-2\/","title":{"rendered":"Rower poziomy Matrix Fitness Commercial Endurance z konsol\u0105 LED"},"content":{"rendered":"<div class=\"product-attribute-container-desktop desktop-only\">\n<div class=\"additional-attributes-wrapper table-wrapper\">\n<h4>INFORMACJE O PRODUKCIE<\/h4>\n<div class=\"attributes-container\">\n<ul class=\"product-attributes-container\">\n<li><span class=\"specification-title\">Waga opakowania (KG):\u00a0<\/span><span class=\"specification-data\">112.000000<\/span><\/li>\n<li><span class=\"specification-title\">Metoda zasilania:\u00a0<\/span><span class=\"specification-data\">Samozasilanie i zasilanie sieciowe<\/span><\/li>\n<li><span class=\"specification-title\">Uchwyt na tablet:\u00a0<\/span><span class=\"specification-data\">Tak<\/span><\/li>\n<li><span class=\"specification-title\">Peda\u0142y:\u00a0<\/span><span class=\"specification-data\">Pasek<\/span><\/li>\n<li><span class=\"specification-title\">Typ cyklu:\u00a0<\/span><span class=\"specification-data\">Le\u017c\u0105cy<\/span><\/li>\n<li><span class=\"specification-title\">Minimalna wysoko\u015b\u0107 u\u017cytkownika (cm):\u00a0<\/span><span class=\"specification-data\">147<\/span><\/li>\n<li><span class=\"specification-title\">System oporu:\u00a0<\/span><span class=\"specification-data\">Generator bezszczotkowy<\/span><\/li>\n<li><span class=\"specification-title\">Maksymalna waga u\u017cytkownika (kg):\u00a0<\/span><span class=\"specification-data\">182,00 (kg)<\/span><\/li>\n<li><span class=\"specification-title\">Wymiary produktu (d\u0142. x szer. x wys.):\u00a0<\/span><span class=\"specification-data\">154,30 x 67,40 x 144,20 cm<\/span><\/li>\n<\/ul>\n<ul class=\"product-attributes-container\">\n<li><span class=\"specification-title\">Waga produktu (KG):\u00a0<\/span><span class=\"specification-data\">91<\/span><\/li>\n<li><span class=\"specification-title\">Integracja aplikacji:\u00a0<\/span><span class=\"specification-data\">KinoMap, Zwift<\/span><\/li>\n<li><span class=\"specification-title\">Bluetooth:\u00a0<\/span><span class=\"specification-data\">Tak<\/span><\/li>\n<li><span class=\"specification-title\">Regulacja ramy:\u00a0<\/span><span class=\"specification-data\">Siode\u0142ko do przodu i do ty\u0142u<\/span><\/li>\n<li><span class=\"specification-title\">K\u00f3\u0142ka transportowe:\u00a0<\/span><span class=\"specification-data\">Tak<\/span><\/li>\n<li><span class=\"specification-title\">Maksymalny wzrost u\u017cytkownika (cm):\u00a0<\/span><span class=\"specification-data\">201<\/span><\/li>\n<li><span class=\"specification-title\">Monitorowanie t\u0119tna:\u00a0<\/span><span class=\"specification-data\">Wbudowane czujniki i Bluetooth<\/span><\/li>\n<li><span class=\"specification-title\">Wbudowane programy:\u00a0<\/span><span class=\"specification-data\">Go, Manual, Target Heart Rate, Interval Training, Fat Burn, Rolling Hills, Goal Training, Fitness Tests, Custom<\/span><\/li>\n<\/ul>\n<\/div>\n<\/div>\n<\/div>\n<div class=\"product-features\">\n<h4>DODATKOWE FUNKCJE<\/h4>\n<div class=\"more-container\">\n<div class=\"unshow-text\">\n<ul class=\"product-features-container\">\n<li><span class=\"specification-title\">System oporu:<\/span>\u00a0<span class=\"specification-data\">Generator bezszczotkowy<\/span><\/li>\n<li><span class=\"specification-title\">Poziomy oporu:<\/span>\u00a0<span class=\"specification-data\">30<\/span><\/li>\n<li><span class=\"specification-title\">Zakres oporu:<\/span>\u00a0<span class=\"specification-data\">2-750 W<\/span><\/li>\n<li><span class=\"specification-title\">Konstrukcja korby:<\/span>\u00a0<span class=\"specification-data\">Trzycz\u0119\u015bciowy z kutymi ramionami i zintegrowanym \u015bci\u0105gaczem<\/span><\/li>\n<li><span class=\"specification-title\">Regulacja siedzenia:<\/span>\u00a0<span class=\"specification-data\">D\u017awignia jednor\u0119czna<\/span><\/li>\n<li><span class=\"specification-title\">Materia\u0142 siedziska:<\/span>\u00a0<span class=\"specification-data\">Niestandardowe, jednocz\u0119\u015bciowe, formowane oparcie i sp\u00f3d siedziska<\/span><\/li>\n<li><span class=\"specification-title\">Rozstaw peda\u0142\u00f3w:<\/span>\u00a0<span class=\"specification-data\">17,5 cm \/ 6,9\u201d<\/span><\/li>\n<li><span class=\"specification-title\">Wymagania dotycz\u0105ce zasilania:<\/span>\u00a0<span class=\"specification-data\">Zasilanie w\u0142asne lub 100-240 V - 50\/60 Hz AC<\/span><\/li>\n<li><span class=\"specification-title\">Konsola:<\/span>\u00a0<span class=\"specification-data\">Konsola LED klasy premium<\/span><\/li>\n<li><span class=\"specification-title\">Wy\u015bwietlacz:<\/span>\u00a0<span class=\"specification-data\">Wielokolorowa dioda LED o rozdzielczo\u015bci 8000 pikseli<\/span><\/li>\n<li><span class=\"specification-title\">Treningi:<\/span>\u00a0<span class=\"specification-data\">Go, Manual, Sprint8, Landmarks, Target Heart Rate, Interval Training, Fat Burn, Rolling Hills, Constant Watts, Glute Training, 5k\/10k i Fitness Tests.<\/span><\/li>\n<li><span class=\"specification-title\">WIFI:<\/span>\u00a0<span class=\"specification-data\">Dost\u0119p do po\u0142\u0105czonego portfolio rozwi\u0105za\u0144 Matrix; automatyczne aktualizacje oprogramowania<\/span><\/li>\n<li><span class=\"specification-title\">J\u0119zyki:<\/span>\u00a0<span class=\"specification-data\">Angielski, niemiecki, francuski, w\u0142oski, hiszpa\u0144ski, holenderski, portugalski, szwedzki, fi\u0144ski, turecki, du\u0144ski, polski<\/span><\/li>\n<li><span class=\"specification-title\">Funkcje konsoli:<\/span>\u00a0<span class=\"specification-data\">Opcjonalne logowanie RFID, port USB, wentylator, stojak do odczytu<\/span><\/li>\n<li><span class=\"specification-title\">Maksymalna waga u\u017cytkownika:<\/span>\u00a0<span class=\"specification-data\">182 kg \/ 400 funt\u00f3w.<\/span><\/li>\n<li><span class=\"specification-title\">Waga po z\u0142o\u017ceniu:<\/span>\u00a0<span class=\"specification-data\">91 kg \/ 200,6 funta.<\/span><\/li>\n<li><span class=\"specification-title\">Waga przesy\u0142ki:<\/span>\u00a0<span class=\"specification-data\">112 kg \/ 246,9 funt\u00f3w.<\/span><\/li>\n<li><span class=\"specification-title\">Wymiary po z\u0142o\u017ceniu:<\/span>\u00a0<span class=\"specification-data\">154,3 x 67,4 x 144,2 cm \/ 60,7\u201d x 26,5\u201d x 56,8\u201d<\/span><\/li>\n<li><span class=\"specification-title\">Czas realizacji:<\/span>\u00a0<span class=\"specification-data\">Budowane na zam\u00f3wienie - \u015bredni czas realizacji 2-14 tygodni<\/span><\/li>\n<\/ul>\n<\/div>\n<\/div>\n<\/div>\n<div class=\"product-warranty\">\n<h4>GWARANCJA<\/h4>\n<div class=\"text-container\"><strong>Do u\u017cytku domowego i lekkiego\/komercyjnego:<\/strong>\u00a02 lata na cz\u0119\u015bci i robocizn\u0119<\/div>\n<\/div>","protected":false},"excerpt":{"rendered":"<p>The Matrix Fitness Commercial Endurance Recumbent Cycle boasts an ergonomic seat and back for superior weight distribution, that can be adjusted to find the perfect riding position with just one hand. Self-balancing pedals and thoughtful touchpoints further add to the comfort and usability of the Endurance Recumbent. Switch between 30 resistance levels, ranging from 2-750 W, using the controls on the handlebars down by the seat to adjust the challenge on the go. Smart design features streamline service for technicians, and simplify placement for facilities. The Premium LED console gives your members the simplicity of the classic LED console, with more engaging colour and detail than ever before. A large 8000-pixel display fills the screen, providing clear, easy-to-read feedback in large numbers and letters. The Premium LED boasts convenience features like an optional RFID login, a fan to keep cool, USB port, and a reading rack for personal devices. WIFI enabled, this console works with select products from the Matrix Connected Solutions portfolio, and automatic software updates at no charge to your facility. Workouts include Go, Manual, Sprint8, Landmarks, Target Heart Rate, Interval Training, Fat Burn, Rolling Hills, Constant Watts, Glute Training, 5k\/10k and Fitness Tests* *programmes subject to change. Commercial product built to order \u2013 average lead time is 2-14 weeks, please contact us for further details.<\/p>\n<div class=\"product-attribute-container-desktop desktop-only\">\n<div class=\"additional-attributes-wrapper table-wrapper\"><\/div>\n<\/div>","protected":false},"featured_media":686,"comment_status":"open","ping_status":"closed","template":"","meta":{"site-sidebar-layout":"default","site-content-layout":"","ast-site-content-layout":"default","site-content-style":"default","site-sidebar-style":"default","ast-global-header-display":"","ast-banner-title-visibility":"","ast-main-header-display":"","ast-hfb-above-header-display":"","ast-hfb-below-header-display":"","ast-hfb-mobile-header-display":"","site-post-title":"","ast-breadcrumbs-content":"","ast-featured-img":"","footer-sml-layout":"","theme-transparent-header-meta":"default","adv-header-id-meta":"","stick-header-meta":"","header-above-stick-meta":"","header-main-stick-meta":"","header-below-stick-meta":"","astra-migrate-meta-layouts":"set","ast-page-background-enabled":"default","ast-page-background-meta":{"desktop":{"background-color":"var(--ast-global-color-5)","background-image":"","background-repeat":"repeat","background-position":"center center","background-size":"auto","background-attachment":"scroll","background-type":"","background-media":"","overlay-type":"","overlay-color":"","overlay-opacity":"","overlay-gradient":""},"tablet":{"background-color":"","background-image":"","background-repeat":"repeat","background-position":"center center","background-size":"auto","background-attachment":"scroll","background-type":"","background-media":"","overlay-type":"","overlay-color":"","overlay-opacity":"","overlay-gradient":""},"mobile":{"background-color":"","background-image":"","background-repeat":"repeat","background-position":"center center","background-size":"auto","background-attachment":"scroll","background-type":"","background-media":"","overlay-type":"","overlay-color":"","overlay-opacity":"","overlay-gradient":""}},"ast-content-background-meta":{"desktop":{"background-color":"var(--ast-global-color-4)","background-image":"","background-repeat":"repeat","background-position":"center center","background-size":"auto","background-attachment":"scroll","background-type":"","background-media":"","overlay-type":"","overlay-color":"","overlay-opacity":"","overlay-gradient":""},"tablet":{"background-color":"var(--ast-global-color-4)","background-image":"","background-repeat":"repeat","background-position":"center center","background-size":"auto","background-attachment":"scroll","background-type":"","background-media":"","overlay-type":"","overlay-color":"","overlay-opacity":"","overlay-gradient":""},"mobile":{"background-color":"var(--ast-global-color-4)","background-image":"","background-repeat":"repeat","background-position":"center center","background-size":"auto","background-attachment":"scroll","background-type":"","background-media":"","overlay-type":"","overlay-color":"","overlay-opacity":"","overlay-gradient":""}}},"product_brand":[],"product_cat":[19],"product_tag":[22],"class_list":{"0":"post-682","1":"product","2":"type-product","3":"status-publish","4":"has-post-thumbnail","6":"product_cat-excise-bikes","7":"product_tag-exercise-bikes","8":"desktop-align-left","9":"tablet-align-left","10":"mobile-align-left","12":"first","13":"instock","14":"sale","15":"taxable","16":"shipping-taxable","17":"purchasable","18":"product-type-simple"},"_links":{"self":[{"href":"https:\/\/bestfitnessstore.com\/pl\/wp-json\/wp\/v2\/product\/682","targetHints":{"allow":["GET"]}}],"collection":[{"href":"https:\/\/bestfitnessstore.com\/pl\/wp-json\/wp\/v2\/product"}],"about":[{"href":"https:\/\/bestfitnessstore.com\/pl\/wp-json\/wp\/v2\/types\/product"}],"replies":[{"embeddable":true,"href":"https:\/\/bestfitnessstore.com\/pl\/wp-json\/wp\/v2\/comments?post=682"}],"wp:featuredmedia":[{"embeddable":true,"href":"https:\/\/bestfitnessstore.com\/pl\/wp-json\/wp\/v2\/media\/686"}],"wp:attachment":[{"href":"https:\/\/bestfitnessstore.com\/pl\/wp-json\/wp\/v2\/media?parent=682"}],"wp:term":[{"taxonomy":"product_brand","embeddable":true,"href":"https:\/\/bestfitnessstore.com\/pl\/wp-json\/wp\/v2\/product_brand?post=682"},{"taxonomy":"product_cat","embeddable":true,"href":"https:\/\/bestfitnessstore.com\/pl\/wp-json\/wp\/v2\/product_cat?post=682"},{"taxonomy":"product_tag","embeddable":true,"href":"https:\/\/bestfitnessstore.com\/pl\/wp-json\/wp\/v2\/product_tag?post=682"}],"curies":[{"name":"wp","href":"https:\/\/api.w.org\/{rel}","templated":true}]}}