{"id":669,"date":"2025-11-22T15:16:13","date_gmt":"2025-11-22T15:16:13","guid":{"rendered":"https:\/\/bestfitnessstore.com\/?post_type=product&#038;p=669"},"modified":"2025-11-22T15:16:13","modified_gmt":"2025-11-22T15:16:13","slug":"cykl-zycia-fitness-rs3-z-konsola-go","status":"publish","type":"product","link":"https:\/\/bestfitnessstore.com\/pl\/product\/life-fitness-rs3-lifecycle-with-go-console\/","title":{"rendered":"Rower treningowy Life Fitness RS3 z konsol\u0105 Go"},"content":{"rendered":"<div class=\"product-attribute-container-desktop desktop-only\">\n<div class=\"additional-attributes-wrapper table-wrapper\">\n<h4>INFORMACJE O PRODUKCIE<\/h4>\n<div class=\"attributes-container\">\n<ul class=\"product-attributes-container\">\n<li><span class=\"specification-title\">Waga opakowania (KG):\u00a0<\/span><span class=\"specification-data\">84.000000<\/span><\/li>\n<li><span class=\"specification-title\">Metoda zasilania:\u00a0<\/span><span class=\"specification-data\">Sie\u0107 elektryczna<\/span><\/li>\n<li><span class=\"specification-title\">Bluetooth:\u00a0<\/span><span class=\"specification-data\">Nie<\/span><\/li>\n<li><span class=\"specification-title\">Regulacja ramy:\u00a0<\/span><span class=\"specification-data\">Siode\u0142ko do przodu i do ty\u0142u<\/span><\/li>\n<li><span class=\"specification-title\">K\u00f3\u0142ka transportowe:\u00a0<\/span><span class=\"specification-data\">Tak<\/span><\/li>\n<li><span class=\"specification-title\">Monitorowanie t\u0119tna:\u00a0<\/span><span class=\"specification-data\">Analogowe, wbudowane czujniki<\/span><\/li>\n<li><span class=\"specification-title\">Wbudowane programy:\u00a0<\/span><span class=\"specification-data\">13 wst\u0119pnie ustawionych trening\u00f3w: Manual, Random, Hill, EZ Resistance, Sport Training, Fat Burn, Cardio, Heart Rate Hill\u2122, Heart Rate Interval\u2122, Extreme Heart Rate\u2122, Calorie, Distance, Heart Rate z Quick Start, Cool Down, Warm Up i Race Mode<\/span><\/li>\n<\/ul>\n<ul class=\"product-attributes-container\">\n<li><span class=\"specification-title\">Waga produktu (KG):\u00a0<\/span><span class=\"specification-data\">70<\/span><\/li>\n<li><span class=\"specification-title\">Uchwyt na tablet:\u00a0<\/span><span class=\"specification-data\">Tak<\/span><\/li>\n<li><span class=\"specification-title\">Peda\u0142y:\u00a0<\/span><span class=\"specification-data\">Pasek<\/span><\/li>\n<li><span class=\"specification-title\">Typ cyklu:\u00a0<\/span><span class=\"specification-data\">Le\u017c\u0105cy<\/span><\/li>\n<li><span class=\"specification-title\">System oporu:\u00a0<\/span><span class=\"specification-data\">Generator bezszczotkowy<\/span><\/li>\n<li><span class=\"specification-title\">Maksymalna waga u\u017cytkownika (kg):\u00a0<\/span><span class=\"specification-data\">182,00 (kg)<\/span><\/li>\n<li><span class=\"specification-title\">Wymiary produktu (d\u0142. x szer. x wys.):\u00a0<\/span><span class=\"specification-data\">164 x 69 x 131 cm<\/span><\/li>\n<\/ul>\n<\/div>\n<\/div>\n<\/div>\n<div class=\"product-features\">\n<h4>DODATKOWE FUNKCJE<\/h4>\n<div class=\"more-container\">\n<div class=\"unshow-text\">\n<ul class=\"product-features-container\">\n<li><span class=\"specification-title\">Odporno\u015b\u0107:<\/span>\u00a0<span class=\"specification-data\">20 poziom\u00f3w<\/span><\/li>\n<li><span class=\"specification-title\">Wy\u015bwietlacz:<\/span>\u00a0<span class=\"specification-data\">Wy\u015bwietlacz LCD 4 x 6\u2033 z niebieskimi i bia\u0142ymi znakami oraz 16-znakowym wy\u015bwietlaczem profilu treningowego<\/span><\/li>\n<li><span class=\"specification-title\">Przejd\u017a do konsoli:<\/span>\u00a0<span class=\"specification-data\">2 profile u\u017cytkownika, 13 trening\u00f3w, 2 treningi niestandardowe<\/span><\/li>\n<li><span class=\"specification-title\">Wy\u015bwietlanie informacji zwrotnych:<\/span>\u00a0<span class=\"specification-data\">Kalorie, dystans, pr\u0119dko\u015b\u0107 (mph\/km\/h), poziom, czas, t\u0119tno, docelowe t\u0119tno, METs<\/span><\/li>\n<li><span class=\"specification-title\">Treningi niestandardowe:<\/span>\u00a0<span class=\"specification-data\">1 na profil u\u017cytkownika<\/span><\/li>\n<li><span class=\"specification-title\">Monitorowanie t\u0119tna:<\/span>\u00a0<span class=\"specification-data\">W zestawie czujniki na kierownicy i bezprzewodowy pas na klatk\u0119 piersiow\u0105<\/span><\/li>\n<li><span class=\"specification-title\">Ergonomiczna konstrukcja krokowa:<\/span>\u00a0<span class=\"specification-data\">Dla \u0142atwego wychodzenia i wchodzenia<\/span><\/li>\n<li><span class=\"specification-title\">Odchylany, regulowany fotel:<\/span>\u00a0<span class=\"specification-data\">13 regulacji z oddychaj\u0105c\u0105 tkanin\u0105 siatkow\u0105 z ty\u0142u<\/span><\/li>\n<li><span class=\"specification-title\">Samobalansuj\u0105ce peda\u0142y antypo\u015blizgowe:<\/span>\u00a0<span class=\"specification-data\">Z zapadkowymi paskami dla \u0142atwej regulacji<\/span><\/li>\n<li><span class=\"specification-title\">Kierownica:<\/span>\u00a0<span class=\"specification-data\">Deluxe z dwoma uchwytami przednimi i bocznymi<\/span><\/li>\n<li><span class=\"specification-title\">Inne:<\/span>\u00a0<span class=\"specification-data\">Tryb oszcz\u0119dzania energii, tylny uchwyt na butelk\u0119 z wod\u0105 i tacka na akcesoria<\/span><\/li>\n<\/ul>\n<\/div>\n<\/div>\n<\/div>\n<div class=\"product-warranty\">\n<h4>GWARANCJA<\/h4>\n<div class=\"text-container\"><strong>Do u\u017cytku domowego:<\/strong>\u00a010 lat na ram\u0119, 5 lat na silnik, 3 lata na cz\u0119\u015bci i robocizn\u0119, 3 miesi\u0105ce na elementy kosmetyczne.<\/div>\n<\/div>\n<div class=\"product-next-day\">\n<h4>DOSTAWA EKSPRESOWA<\/h4>\n<div class=\"text-container\">Wiele z naszych produkt\u00f3w ma opcje dostawy ekspresowej i z wyznaczon\u0105 dat\u0105, co oznacza, \u017ce produkt zostanie dostarczony ju\u017c jutro lub w wybranym przez Ciebie terminie. Sprawd\u017a opcje dostawy przy kasie, aby zobaczy\u0107 dost\u0119pno\u015b\u0107 dla swojego koszyka i kodu pocztowego. Obowi\u0105zuj\u0105 warunki dostawy.<\/div>\n<\/div>","protected":false},"excerpt":{"rendered":"<p>Lifecycle\u00ae RS3 Recumbent to kolejna fantastyczna propozycja z gamy Life Fitness LifeCycle. Domowy rower treningowy zbudowany zgodnie z rygorystycznymi standardami jako\u015bci klub\u00f3w fitness, bez wysi\u0142ku \u0142\u0105czy solidno\u015b\u0107 z zabawnymi opcjami treningowymi dostosowanymi do ka\u017cdego poziomu sprawno\u015bci. Dzi\u0119ki kluczowym funkcjom komfortu i niewiarygodnie cichemu oporowi do 20 poziom\u00f3w, nic nie rozprasza uwagi, dzi\u0119ki czemu mo\u017cesz skupi\u0107 si\u0119 na swoich celach. Elegancka, ergonomiczna konstrukcja z podw\u00f3jnym uchwytem przedniej kierownicy u\u0142atwia wsiadanie i zsiadanie z roweru. Mo\u017cesz tak\u017ce precyzyjnie dostroi\u0107 rower - dzi\u0119ki 13 regulacjom siedziska znajdziesz idealn\u0105 pozycj\u0119 dla siebie, a ergonomiczna siatka na odchylanym siedzeniu zapewnia ch\u0142\u00f3d i maksymalizuje komfort, dzi\u0119ki czemu jeste\u015b gotowy na efektywny trening. FUNKCJE KONSOLI GO Konsola Go jest \u0142atwa w obs\u0142udze i bardzo intuicyjna. Wszystkie niezb\u0119dne informacje o treningu, w tym dystans, pr\u0119dko\u015b\u0107 i kalorie, s\u0105 wy\u015bwietlane na du\u017cym wy\u015bwietlaczu LCD i zawieraj\u0105 proste przyciski szybkiego dost\u0119pu, w tym Quick Start, Warm Up i Cool Down. Aby uzyska\u0107 motywacj\u0119 lub nowe wyzwanie, wybierz jeden z 13 wbudowanych program\u00f3w treningowych, w tym 5 zaawansowanych program\u00f3w HeartSync\u2122, i \u015bled\u017a t\u0119tno za pomoc\u0105 czujnik\u00f3w na kierownicy lub do\u0142\u0105czonego bezprzewodowego pasa piersiowego. Istnieje r\u00f3wnie\u017c opcja utworzenia 2 profili u\u017cytkownika, dzi\u0119ki czemu ka\u017cdy u\u017cytkownik mo\u017ce szybko skonfigurowa\u0107 sw\u00f3j trening, monitorowa\u0107 w\u0142asne post\u0119py i zapisa\u0107 po jednym niestandardowym treningu. Dost\u0119pny r\u00f3wnie\u017c z konsol\u0105 Track+.<\/p>\n<div class=\"product-attribute-container-desktop desktop-only\">\n<div class=\"additional-attributes-wrapper table-wrapper\"><\/div>\n<\/div>","protected":false},"featured_media":672,"comment_status":"open","ping_status":"closed","template":"","meta":{"site-sidebar-layout":"default","site-content-layout":"","ast-site-content-layout":"default","site-content-style":"default","site-sidebar-style":"default","ast-global-header-display":"","ast-banner-title-visibility":"","ast-main-header-display":"","ast-hfb-above-header-display":"","ast-hfb-below-header-display":"","ast-hfb-mobile-header-display":"","site-post-title":"","ast-breadcrumbs-content":"","ast-featured-img":"","footer-sml-layout":"","theme-transparent-header-meta":"default","adv-header-id-meta":"","stick-header-meta":"","header-above-stick-meta":"","header-main-stick-meta":"","header-below-stick-meta":"","astra-migrate-meta-layouts":"set","ast-page-background-enabled":"default","ast-page-background-meta":{"desktop":{"background-color":"var(--ast-global-color-5)","background-image":"","background-repeat":"repeat","background-position":"center center","background-size":"auto","background-attachment":"scroll","background-type":"","background-media":"","overlay-type":"","overlay-color":"","overlay-opacity":"","overlay-gradient":""},"tablet":{"background-color":"","background-image":"","background-repeat":"repeat","background-position":"center center","background-size":"auto","background-attachment":"scroll","background-type":"","background-media":"","overlay-type":"","overlay-color":"","overlay-opacity":"","overlay-gradient":""},"mobile":{"background-color":"","background-image":"","background-repeat":"repeat","background-position":"center center","background-size":"auto","background-attachment":"scroll","background-type":"","background-media":"","overlay-type":"","overlay-color":"","overlay-opacity":"","overlay-gradient":""}},"ast-content-background-meta":{"desktop":{"background-color":"var(--ast-global-color-4)","background-image":"","background-repeat":"repeat","background-position":"center center","background-size":"auto","background-attachment":"scroll","background-type":"","background-media":"","overlay-type":"","overlay-color":"","overlay-opacity":"","overlay-gradient":""},"tablet":{"background-color":"var(--ast-global-color-4)","background-image":"","background-repeat":"repeat","background-position":"center center","background-size":"auto","background-attachment":"scroll","background-type":"","background-media":"","overlay-type":"","overlay-color":"","overlay-opacity":"","overlay-gradient":""},"mobile":{"background-color":"var(--ast-global-color-4)","background-image":"","background-repeat":"repeat","background-position":"center center","background-size":"auto","background-attachment":"scroll","background-type":"","background-media":"","overlay-type":"","overlay-color":"","overlay-opacity":"","overlay-gradient":""}}},"product_brand":[],"product_cat":[19],"product_tag":[22],"class_list":{"0":"post-669","1":"product","2":"type-product","3":"status-publish","4":"has-post-thumbnail","6":"product_cat-excise-bikes","7":"product_tag-exercise-bikes","8":"desktop-align-left","9":"tablet-align-left","10":"mobile-align-left","12":"first","13":"instock","14":"sale","15":"taxable","16":"shipping-taxable","17":"purchasable","18":"product-type-simple"},"_links":{"self":[{"href":"https:\/\/bestfitnessstore.com\/pl\/wp-json\/wp\/v2\/product\/669","targetHints":{"allow":["GET"]}}],"collection":[{"href":"https:\/\/bestfitnessstore.com\/pl\/wp-json\/wp\/v2\/product"}],"about":[{"href":"https:\/\/bestfitnessstore.com\/pl\/wp-json\/wp\/v2\/types\/product"}],"replies":[{"embeddable":true,"href":"https:\/\/bestfitnessstore.com\/pl\/wp-json\/wp\/v2\/comments?post=669"}],"wp:featuredmedia":[{"embeddable":true,"href":"https:\/\/bestfitnessstore.com\/pl\/wp-json\/wp\/v2\/media\/672"}],"wp:attachment":[{"href":"https:\/\/bestfitnessstore.com\/pl\/wp-json\/wp\/v2\/media?parent=669"}],"wp:term":[{"taxonomy":"product_brand","embeddable":true,"href":"https:\/\/bestfitnessstore.com\/pl\/wp-json\/wp\/v2\/product_brand?post=669"},{"taxonomy":"product_cat","embeddable":true,"href":"https:\/\/bestfitnessstore.com\/pl\/wp-json\/wp\/v2\/product_cat?post=669"},{"taxonomy":"product_tag","embeddable":true,"href":"https:\/\/bestfitnessstore.com\/pl\/wp-json\/wp\/v2\/product_tag?post=669"}],"curies":[{"name":"wp","href":"https:\/\/api.w.org\/{rel}","templated":true}]}}