{"id":628,"date":"2025-11-22T14:29:18","date_gmt":"2025-11-22T14:29:18","guid":{"rendered":"https:\/\/bestfitnessstore.com\/?post_type=product&#038;p=628"},"modified":"2025-11-22T14:29:19","modified_gmt":"2025-11-22T14:29:19","slug":"rower-stacjonarny-life-fitness-c1-z-konsola-track-connect-2-0","status":"publish","type":"product","link":"https:\/\/bestfitnessstore.com\/pl\/product\/life-fitness-c1-upright-cycle-with-track-connect-2-0-console\/","title":{"rendered":"Rower stacjonarny Life Fitness C1 z konsol\u0105 Track Connect 2.0"},"content":{"rendered":"<div class=\"product-attribute-container-desktop desktop-only\">\n<div class=\"additional-attributes-wrapper table-wrapper\">\n<h4>INFORMACJE O PRODUKCIE<\/h4>\n<div class=\"attributes-container\">\n<ul class=\"product-attributes-container\">\n<li><span class=\"specification-title\">Waga opakowania (KG):\u00a0<\/span><span class=\"specification-data\">60.000000<\/span><\/li>\n<li><span class=\"specification-title\">Integracja aplikacji:\u00a0<\/span><span class=\"specification-data\">FulGaz, Life Fitness Connect, Rouvy, Zwift<\/span><\/li>\n<li><span class=\"specification-title\">Bluetooth:\u00a0<\/span><span class=\"specification-data\">Tak<\/span><\/li>\n<li><span class=\"specification-title\">Regulacja ramy:\u00a0<\/span><span class=\"specification-data\">Siod\u0142o w g\u00f3r\u0119 i w d\u00f3\u0142<\/span><\/li>\n<li><span class=\"specification-title\">K\u00f3\u0142ka transportowe:\u00a0<\/span><span class=\"specification-data\">Tak<\/span><\/li>\n<li><span class=\"specification-title\">Masa ko\u0142a zamachowego (KG):\u00a0<\/span><span class=\"specification-data\">11<\/span><\/li>\n<li><span class=\"specification-title\">Maksymalna waga u\u017cytkownika (kg):\u00a0<\/span><span class=\"specification-data\">135,00 (kg)<\/span><\/li>\n<li><span class=\"specification-title\">Wymiary produktu (d\u0142. x szer. x wys.):\u00a0<\/span><span class=\"specification-data\">114 x 69 x 142 cm<\/span><\/li>\n<\/ul>\n<ul class=\"product-attributes-container\">\n<li><span class=\"specification-title\">Metoda zasilania:\u00a0<\/span><span class=\"specification-data\">Sie\u0107 elektryczna<\/span><\/li>\n<li><span class=\"specification-title\">Uchwyt na tablet:\u00a0<\/span><span class=\"specification-data\">Tak<\/span><\/li>\n<li><span class=\"specification-title\">Peda\u0142y:\u00a0<\/span><span class=\"specification-data\">Pasek<\/span><\/li>\n<li><span class=\"specification-title\">Typ cyklu:\u00a0<\/span><span class=\"specification-data\">Pionowo<\/span><\/li>\n<li><span class=\"specification-title\">System oporu:\u00a0<\/span><span class=\"specification-data\">Pr\u0105d wirowy<\/span><\/li>\n<li><span class=\"specification-title\">Monitorowanie t\u0119tna:\u00a0<\/span><span class=\"specification-data\">Analogowe, wbudowane czujniki<\/span><\/li>\n<li><span class=\"specification-title\">Wbudowane programy:\u00a0<\/span><span class=\"specification-data\">15 wst\u0119pnie ustawionych trening\u00f3w: Manual, Random, Hill, EZ Resistance, Sport Training, Fit Test, Calories, Distance, Target Heart Rate, Heart Rate Hill\u2122, Heart Rate Interval\u2122, Extreme Heart Rate\u2122, Fat Burn, Cardio, Custom High Intensity Interval Training  workou<\/span><\/li>\n<\/ul>\n<\/div>\n<\/div>\n<\/div>\n<div class=\"product-features\">\n<h4>DODATKOWE FUNKCJE<\/h4>\n<div class=\"more-container\">\n<div class=\"unshow-text\">\n<ul class=\"product-features-container\">\n<li><span class=\"specification-title\">Odporno\u015b\u0107:<\/span>\u00a0<span class=\"specification-data\">Pr\u0105d wirowy z 20 poziomami<\/span><\/li>\n<li><span class=\"specification-title\">Wy\u015bwietlacz:<\/span>\u00a0<span class=\"specification-data\">7-calowy wy\u015bwietlacz LCD z centrum komunikat\u00f3w instrukta\u017cowych i pojemno\u015bciowymi przyciskami dotykowymi<\/span><\/li>\n<li><span class=\"specification-title\">Wy\u015bwietlanie informacji zwrotnych:<\/span>\u00a0<span class=\"specification-data\">Kalorie, dystans, pr\u0119dko\u015b\u0107 (mph, km\/h, rpm), poziom nachylenia, czas, t\u0119tno, t\u0119tno docelowe, METs z animowanymi symbolami<\/span><\/li>\n<li><span class=\"specification-title\">Treningi niestandardowe:<\/span>\u00a0<span class=\"specification-data\">3 na profil u\u017cytkownika<\/span><\/li>\n<li><span class=\"specification-title\">Cechy szczeg\u00f3lne:<\/span>\u00a0<span class=\"specification-data\">Automatyczne zapisywanie, szybki start, oszcz\u0119dzanie energii, tryb nagrzewania i sch\u0142adzania, 4 profile u\u017cytkownika<\/span><\/li>\n<li><span class=\"specification-title\">Dost\u0119pno\u015b\u0107 LFconnect na LFconnect.com:<\/span>\u00a0<span class=\"specification-data\">Nieograniczona personalizacja, \u015bledzenie treningu, port USB (aktualizacje oprogramowania, zapisywanie program\u00f3w treningowych), aplikacja LFconnect (do pobrania z iTunes\u00ae App Store lub Google Play\u2122)<\/span><\/li>\n<li><span class=\"specification-title\">Kompatybilno\u015b\u0107:<\/span>\u00a0<span class=\"specification-data\">Kompatybilny z aplikacjami innych firm (lista kompatybilnych aplikacji znajduje si\u0119 na stronie LifeFitness.com\/MoreApps)<\/span><\/li>\n<li><span class=\"specification-title\">Regulowane siedzisko pionowe:<\/span>\u00a0<span class=\"specification-data\">14 pozycji<\/span><\/li>\n<li><span class=\"specification-title\">Peda\u0142y samobalansuj\u0105ce:<\/span>\u00a0<span class=\"specification-data\">Z zapadkowymi paskami dla \u0142atwej regulacji<\/span><\/li>\n<li><span class=\"specification-title\">Kierownica:<\/span>\u00a0<span class=\"specification-data\">Ergonomicznie zaprojektowana kierownica w stylu wy\u015bcigowym<\/span><\/li>\n<li><span class=\"specification-title\">Monitorowanie t\u0119tna:<\/span>\u00a0<span class=\"specification-data\">Czujniki na kierownicy i bezprzewodowy pas na klatk\u0119 piersiow\u0105<\/span><\/li>\n<li><span class=\"specification-title\">Akcesoria:<\/span>\u00a0<span class=\"specification-data\">Uchwyt na butelk\u0119 z wod\u0105, zintegrowany uchwyt na smartfon\/tablet<\/span><\/li>\n<li><span class=\"specification-title\">J\u0119zyki:<\/span>\u00a0<span class=\"specification-data\">4 (angielski, rosyjski, hiszpa\u0144ski, niemiecki)<\/span><\/li>\n<\/ul>\n<\/div>\n<\/div>\n<\/div>\n<div class=\"product-warranty\">\n<h4>GWARANCJA<\/h4>\n<div class=\"text-container\"><strong>Do u\u017cytku domowego:<\/strong>\u00a010 lat na ram\u0119, 5 lat na silnik, 3 lata na cz\u0119\u015bci i robocizn\u0119, 3 miesi\u0105ce na elementy kosmetyczne.<\/div>\n<\/div>\n<div class=\"product-next-day\">\n<h4>DOSTAWA EKSPRESOWA<\/h4>\n<div class=\"text-container\">Wiele z naszych produkt\u00f3w ma opcje dostawy ekspresowej i z wyznaczon\u0105 dat\u0105, co oznacza, \u017ce produkt zostanie dostarczony ju\u017c jutro lub w wybranym przez Ciebie terminie. Sprawd\u017a opcje dostawy przy kasie, aby zobaczy\u0107 dost\u0119pno\u015b\u0107 dla swojego koszyka i kodu pocztowego. Obowi\u0105zuj\u0105 warunki dostawy.<\/div>\n<\/div>","protected":false},"excerpt":{"rendered":"<p>Komfort i motywacja s\u0105 integraln\u0105 cz\u0119\u015bci\u0105 roweru stacjonarnego Life Fitness C1. Posiada wiele funkcji zapewniaj\u0105cych komfort, w tym niewiarygodnie cichy ruch, standardowe pionowe siode\u0142ko z 14 pozycjami i samobalansuj\u0105ce peda\u0142y z zapadkowymi paskami do \u0142atwej regulacji. 18-centymetrowy bia\u0142y wy\u015bwietlacz LCD nowej konsoli Track Connect 2.0 zawiera centrum komunikat\u00f3w instrukta\u017cowych i 3 niestandardowe treningi na profil u\u017cytkownika, a tak\u017ce 15 opcji treningowych. Klasyczne treningi: R\u0119czny, Losowy, Wzg\u00f3rze. Zaawansowane treningi: EZ Resistance, Sport Training, Fit Test. Treningi sterowane t\u0119tnem: Fat Burn, Cardio, Heart Rate Hill\u2122, Heart Rate Interval\u2122, Extreme Heart Rate\u2122. Treningi docelowe: Kalorie, Dystans, T\u0119tno docelowe. Track Connect 2.0 posiada ulepszony Bluetooth\u00ae, kt\u00f3ry umo\u017cliwia parowanie z Apple Watch\u00ae lub Samsung Galaxy Watch\u00ae, a tak\u017ce smartfonami Apple\u00ae lub Android\u2122. Umo\u017cliwia to p\u0142ynne po\u0142\u0105czenie z rowerem w celu uzyskania niezwykle dok\u0142adnych informacji treningowych. Dwustrefowa konstrukcja oddziela obszary rozrywki i treningu. Dzi\u0119ki wbudowanym czujnikom d\u0142oni i opcjonalnej bezprzewodowej \u0142\u0105czno\u015bci z pasem piersiowym, monitorowanie t\u0119tna jest wygodne. C1 jest r\u00f3wnie\u017c wyposa\u017cony w tryb oszcz\u0119dzania energii, kt\u00f3ry pozwala znacznie obni\u017cy\u0107 zu\u017cycie energii, gdy urz\u0105dzenie jest w\u0142\u0105czone, ale nie jest u\u017cywane.<\/p>\n<div class=\"product-attribute-container-desktop desktop-only\">\n<div class=\"additional-attributes-wrapper table-wrapper\"><\/div>\n<\/div>","protected":false},"featured_media":630,"comment_status":"open","ping_status":"closed","template":"","meta":{"site-sidebar-layout":"default","site-content-layout":"","ast-site-content-layout":"default","site-content-style":"default","site-sidebar-style":"default","ast-global-header-display":"","ast-banner-title-visibility":"","ast-main-header-display":"","ast-hfb-above-header-display":"","ast-hfb-below-header-display":"","ast-hfb-mobile-header-display":"","site-post-title":"","ast-breadcrumbs-content":"","ast-featured-img":"","footer-sml-layout":"","theme-transparent-header-meta":"default","adv-header-id-meta":"","stick-header-meta":"","header-above-stick-meta":"","header-main-stick-meta":"","header-below-stick-meta":"","astra-migrate-meta-layouts":"set","ast-page-background-enabled":"default","ast-page-background-meta":{"desktop":{"background-color":"var(--ast-global-color-5)","background-image":"","background-repeat":"repeat","background-position":"center center","background-size":"auto","background-attachment":"scroll","background-type":"","background-media":"","overlay-type":"","overlay-color":"","overlay-opacity":"","overlay-gradient":""},"tablet":{"background-color":"","background-image":"","background-repeat":"repeat","background-position":"center center","background-size":"auto","background-attachment":"scroll","background-type":"","background-media":"","overlay-type":"","overlay-color":"","overlay-opacity":"","overlay-gradient":""},"mobile":{"background-color":"","background-image":"","background-repeat":"repeat","background-position":"center center","background-size":"auto","background-attachment":"scroll","background-type":"","background-media":"","overlay-type":"","overlay-color":"","overlay-opacity":"","overlay-gradient":""}},"ast-content-background-meta":{"desktop":{"background-color":"var(--ast-global-color-4)","background-image":"","background-repeat":"repeat","background-position":"center center","background-size":"auto","background-attachment":"scroll","background-type":"","background-media":"","overlay-type":"","overlay-color":"","overlay-opacity":"","overlay-gradient":""},"tablet":{"background-color":"var(--ast-global-color-4)","background-image":"","background-repeat":"repeat","background-position":"center center","background-size":"auto","background-attachment":"scroll","background-type":"","background-media":"","overlay-type":"","overlay-color":"","overlay-opacity":"","overlay-gradient":""},"mobile":{"background-color":"var(--ast-global-color-4)","background-image":"","background-repeat":"repeat","background-position":"center center","background-size":"auto","background-attachment":"scroll","background-type":"","background-media":"","overlay-type":"","overlay-color":"","overlay-opacity":"","overlay-gradient":""}}},"product_brand":[],"product_cat":[19],"product_tag":[22],"class_list":{"0":"post-628","1":"product","2":"type-product","3":"status-publish","4":"has-post-thumbnail","6":"product_cat-excise-bikes","7":"product_tag-exercise-bikes","8":"desktop-align-left","9":"tablet-align-left","10":"mobile-align-left","12":"first","13":"instock","14":"sale","15":"taxable","16":"shipping-taxable","17":"purchasable","18":"product-type-simple"},"_links":{"self":[{"href":"https:\/\/bestfitnessstore.com\/pl\/wp-json\/wp\/v2\/product\/628","targetHints":{"allow":["GET"]}}],"collection":[{"href":"https:\/\/bestfitnessstore.com\/pl\/wp-json\/wp\/v2\/product"}],"about":[{"href":"https:\/\/bestfitnessstore.com\/pl\/wp-json\/wp\/v2\/types\/product"}],"replies":[{"embeddable":true,"href":"https:\/\/bestfitnessstore.com\/pl\/wp-json\/wp\/v2\/comments?post=628"}],"wp:featuredmedia":[{"embeddable":true,"href":"https:\/\/bestfitnessstore.com\/pl\/wp-json\/wp\/v2\/media\/630"}],"wp:attachment":[{"href":"https:\/\/bestfitnessstore.com\/pl\/wp-json\/wp\/v2\/media?parent=628"}],"wp:term":[{"taxonomy":"product_brand","embeddable":true,"href":"https:\/\/bestfitnessstore.com\/pl\/wp-json\/wp\/v2\/product_brand?post=628"},{"taxonomy":"product_cat","embeddable":true,"href":"https:\/\/bestfitnessstore.com\/pl\/wp-json\/wp\/v2\/product_cat?post=628"},{"taxonomy":"product_tag","embeddable":true,"href":"https:\/\/bestfitnessstore.com\/pl\/wp-json\/wp\/v2\/product_tag?post=628"}],"curies":[{"name":"wp","href":"https:\/\/api.w.org\/{rel}","templated":true}]}}