{"id":617,"date":"2025-11-22T09:05:43","date_gmt":"2025-11-22T09:05:43","guid":{"rendered":"https:\/\/bestfitnessstore.com\/?post_type=product&#038;p=617"},"modified":"2025-11-22T09:05:43","modified_gmt":"2025-11-22T09:05:43","slug":"rower-treningowy-kettler-cycle-m","status":"publish","type":"product","link":"https:\/\/bestfitnessstore.com\/pl\/product\/kettler-cycle-m-exercise-bike\/","title":{"rendered":"Rower treningowy Kettler Cycle M"},"content":{"rendered":"<div class=\"product-attribute-container-desktop desktop-only\">\n<div class=\"additional-attributes-wrapper table-wrapper\">\n<h4>INFORMACJE O PRODUKCIE<\/h4>\n<div class=\"attributes-container\">\n<ul class=\"product-attributes-container\">\n<li><span class=\"specification-title\">Waga opakowania (KG):\u00a0<\/span><span class=\"specification-data\">34.709999<\/span><\/li>\n<li><span class=\"specification-title\">Peda\u0142y:\u00a0<\/span><span class=\"specification-data\">Standard<\/span><\/li>\n<li><span class=\"specification-title\">Typ cyklu:\u00a0<\/span><span class=\"specification-data\">Pionowo<\/span><\/li>\n<li><span class=\"specification-title\">Masa ko\u0142a zamachowego (KG):\u00a0<\/span><span class=\"specification-data\">6<\/span><\/li>\n<li><span class=\"specification-title\">Maksymalna waga u\u017cytkownika (kg):\u00a0<\/span><span class=\"specification-data\">110,00 (kg)<\/span><\/li>\n<\/ul>\n<ul class=\"product-attributes-container\">\n<li><span class=\"specification-title\">Metoda zasilania:\u00a0<\/span><span class=\"specification-data\">Samozasilanie<\/span><\/li>\n<li><span class=\"specification-title\">Regulacja ramy:\u00a0<\/span><span class=\"specification-data\">Siod\u0142o w g\u00f3r\u0119 i w d\u00f3\u0142<\/span><\/li>\n<li><span class=\"specification-title\">K\u00f3\u0142ka transportowe:\u00a0<\/span><span class=\"specification-data\">Tak<\/span><\/li>\n<li><span class=\"specification-title\">Monitorowanie t\u0119tna:\u00a0<\/span><span class=\"specification-data\">Wbudowane czujniki<\/span><\/li>\n<li><span class=\"specification-title\">Wymiary produktu (d\u0142. x szer. x wys.):\u00a0<\/span><span class=\"specification-data\">80 x 60 x 144 cm<\/span><\/li>\n<\/ul>\n<\/div>\n<\/div>\n<\/div>\n<div class=\"product-features\">\n<h4>DODATKOWE FUNKCJE<\/h4>\n<div class=\"more-container\">\n<div class=\"unshow-text\">\n<ul class=\"product-features-container\">\n<li><span class=\"specification-title\">R\u0119czny uk\u0142ad hamulcowy:<\/span>\u00a0<span class=\"specification-data\">8 etap\u00f3w odporno\u015bci<\/span><\/li>\n<li><span class=\"specification-title\">Ko\u0142o zamachowe:<\/span>\u00a0<span class=\"specification-data\">6 kg<\/span><\/li>\n<li><span class=\"specification-title\">Wy\u015bwietlacz:<\/span>\u00a0<span class=\"specification-data\">Ci\u0105g\u0142e wy\u015bwietlanie 7 funkcji, w tym profilu wydajno\u015bci<\/span><\/li>\n<li><span class=\"specification-title\">Alarm wizualny:<\/span>\u00a0<span class=\"specification-data\">Po przekroczeniu maksymalnego t\u0119tna<\/span><\/li>\n<li><span class=\"specification-title\">Pionowa regulacja siedziska:<\/span>\u00a0<span class=\"specification-data\">\u0141atwe znalezienie w\u0142a\u015bciwej pozycji do jazdy<\/span><\/li>\n<li><span class=\"specification-title\">Klucze odporne na pot:<\/span>\u00a0<span class=\"specification-data\">Zmie\u0144 sw\u00f3j trening w podr\u00f3\u017cy<\/span><\/li>\n<li><span class=\"specification-title\">Peda\u0142y:<\/span>\u00a0<span class=\"specification-data\">Wywa\u017cenie zapewniaj\u0105ce optymalne oparcie<\/span><\/li>\n<li><span class=\"specification-title\">Kierownica:<\/span>\u00a0<span class=\"specification-data\">Ze zintegrowanymi czujnikami pulsu<\/span><\/li>\n<li><span class=\"specification-title\">Kolor:<\/span>\u00a0<span class=\"specification-data\">Jasny i ciemny szary<\/span><\/li>\n<\/ul>\n<\/div>\n<\/div>\n<\/div>\n<div class=\"product-warranty\">\n<h4>GWARANCJA<\/h4>\n<div class=\"text-container\"><strong>Do u\u017cytku domowego:<\/strong>\u00a03 lata gwarancji na cz\u0119\u015bci i robocizn\u0119 (tylko wady produkcyjne). Kettler nie zaleca umieszczania swoich urz\u0105dze\u0144 w pomieszczeniach, kt\u00f3re nie maj\u0105 regulowanej temperatury i wilgotno\u015bci. Nale\u017cy zapewni\u0107 odpowiedni\u0105 izolacj\u0119 i \u017ar\u00f3d\u0142o ciep\u0142a, w przeciwnym razie gwarancja zostanie uniewa\u017cniona (np. je\u015bli sprz\u0119t jest przechowywany w gara\u017cu, ogrodzie zimowym, szopie lub piwnicy).<\/div>\n<\/div>\n<div class=\"product-next-day\">\n<h4>DOSTAWA EKSPRESOWA<\/h4>\n<div class=\"text-container\">Wiele z naszych produkt\u00f3w ma opcje dostawy ekspresowej i z wyznaczon\u0105 dat\u0105, co oznacza, \u017ce produkt zostanie dostarczony ju\u017c jutro lub w wybranym przez Ciebie terminie. Sprawd\u017a opcje dostawy przy kasie, aby zobaczy\u0107 dost\u0119pno\u015b\u0107 dla swojego koszyka i kodu pocztowego. Obowi\u0105zuj\u0105 warunki dostawy.<\/div>\n<\/div>","protected":false},"excerpt":{"rendered":"<p>Rower treningowy Kettler Cycle M oferuje p\u0142ynn\u0105, naturaln\u0105 jazd\u0119 dzi\u0119ki ko\u0142u zamachowemu o wadze 6 kg, a r\u0119czny system hamowania zapewnia 8 stopni oporu. Zintegrowany komputer zapewnia ci\u0105g\u0142e wy\u015bwietlanie 7 funkcji, w tym profilu wydajno\u015bci, i zawiera odporne na pot przyciski do zmiany treningu w podr\u00f3\u017cy. Kierownica jest wyposa\u017cona w czujniki pulsu do pomiaru t\u0119tna, a po przekroczeniu maksymalnego t\u0119tna na konsoli pojawi si\u0119 alarm wizualny. Siedzisko Kettler Cycle M jest regulowane w pionie, co u\u0142atwia znalezienie idealnej pozycji do jazdy, a wywa\u017cone peda\u0142y zapewniaj\u0105 optymalne u\u0142o\u017cenie st\u00f3p. Z przodu roweru znajduj\u0105 si\u0119 k\u00f3\u0142ka transportowe, a z ty\u0142u regulacja wysoko\u015bci.<\/p>\n<div class=\"product-attribute-container-desktop desktop-only\">\n<div class=\"additional-attributes-wrapper table-wrapper\"><\/div>\n<\/div>","protected":false},"featured_media":618,"comment_status":"open","ping_status":"closed","template":"","meta":{"site-sidebar-layout":"default","site-content-layout":"","ast-site-content-layout":"default","site-content-style":"default","site-sidebar-style":"default","ast-global-header-display":"","ast-banner-title-visibility":"","ast-main-header-display":"","ast-hfb-above-header-display":"","ast-hfb-below-header-display":"","ast-hfb-mobile-header-display":"","site-post-title":"","ast-breadcrumbs-content":"","ast-featured-img":"","footer-sml-layout":"","theme-transparent-header-meta":"default","adv-header-id-meta":"","stick-header-meta":"","header-above-stick-meta":"","header-main-stick-meta":"","header-below-stick-meta":"","astra-migrate-meta-layouts":"set","ast-page-background-enabled":"default","ast-page-background-meta":{"desktop":{"background-color":"var(--ast-global-color-5)","background-image":"","background-repeat":"repeat","background-position":"center center","background-size":"auto","background-attachment":"scroll","background-type":"","background-media":"","overlay-type":"","overlay-color":"","overlay-opacity":"","overlay-gradient":""},"tablet":{"background-color":"","background-image":"","background-repeat":"repeat","background-position":"center center","background-size":"auto","background-attachment":"scroll","background-type":"","background-media":"","overlay-type":"","overlay-color":"","overlay-opacity":"","overlay-gradient":""},"mobile":{"background-color":"","background-image":"","background-repeat":"repeat","background-position":"center center","background-size":"auto","background-attachment":"scroll","background-type":"","background-media":"","overlay-type":"","overlay-color":"","overlay-opacity":"","overlay-gradient":""}},"ast-content-background-meta":{"desktop":{"background-color":"var(--ast-global-color-4)","background-image":"","background-repeat":"repeat","background-position":"center center","background-size":"auto","background-attachment":"scroll","background-type":"","background-media":"","overlay-type":"","overlay-color":"","overlay-opacity":"","overlay-gradient":""},"tablet":{"background-color":"var(--ast-global-color-4)","background-image":"","background-repeat":"repeat","background-position":"center center","background-size":"auto","background-attachment":"scroll","background-type":"","background-media":"","overlay-type":"","overlay-color":"","overlay-opacity":"","overlay-gradient":""},"mobile":{"background-color":"var(--ast-global-color-4)","background-image":"","background-repeat":"repeat","background-position":"center center","background-size":"auto","background-attachment":"scroll","background-type":"","background-media":"","overlay-type":"","overlay-color":"","overlay-opacity":"","overlay-gradient":""}}},"product_brand":[],"product_cat":[19],"product_tag":[22],"class_list":{"0":"post-617","1":"product","2":"type-product","3":"status-publish","4":"has-post-thumbnail","6":"product_cat-excise-bikes","7":"product_tag-exercise-bikes","8":"desktop-align-left","9":"tablet-align-left","10":"mobile-align-left","12":"first","13":"instock","14":"sale","15":"taxable","16":"shipping-taxable","17":"purchasable","18":"product-type-simple"},"_links":{"self":[{"href":"https:\/\/bestfitnessstore.com\/pl\/wp-json\/wp\/v2\/product\/617","targetHints":{"allow":["GET"]}}],"collection":[{"href":"https:\/\/bestfitnessstore.com\/pl\/wp-json\/wp\/v2\/product"}],"about":[{"href":"https:\/\/bestfitnessstore.com\/pl\/wp-json\/wp\/v2\/types\/product"}],"replies":[{"embeddable":true,"href":"https:\/\/bestfitnessstore.com\/pl\/wp-json\/wp\/v2\/comments?post=617"}],"wp:featuredmedia":[{"embeddable":true,"href":"https:\/\/bestfitnessstore.com\/pl\/wp-json\/wp\/v2\/media\/618"}],"wp:attachment":[{"href":"https:\/\/bestfitnessstore.com\/pl\/wp-json\/wp\/v2\/media?parent=617"}],"wp:term":[{"taxonomy":"product_brand","embeddable":true,"href":"https:\/\/bestfitnessstore.com\/pl\/wp-json\/wp\/v2\/product_brand?post=617"},{"taxonomy":"product_cat","embeddable":true,"href":"https:\/\/bestfitnessstore.com\/pl\/wp-json\/wp\/v2\/product_cat?post=617"},{"taxonomy":"product_tag","embeddable":true,"href":"https:\/\/bestfitnessstore.com\/pl\/wp-json\/wp\/v2\/product_tag?post=617"}],"curies":[{"name":"wp","href":"https:\/\/api.w.org\/{rel}","templated":true}]}}