{"id":522,"date":"2025-11-17T05:19:24","date_gmt":"2025-11-17T05:19:24","guid":{"rendered":"https:\/\/bestfitnessstore.com\/?post_type=product&#038;p=522"},"modified":"2025-11-17T05:19:24","modified_gmt":"2025-11-17T05:19:24","slug":"orbitrek-shua-x5-b6500e","status":"publish","type":"product","link":"https:\/\/bestfitnessstore.com\/pl\/product\/shua-x5-b6500e-elliptical-cross-trainer\/","title":{"rendered":"Orbitrek SHUA X5 B6500E"},"content":{"rendered":"<div id=\"fullDescription\" class=\"full-description\">\n<div class=\"text-container\">\n<div id=\"fullDescription\" class=\"full-description\">\n<div class=\"text-container\">\n<div class=\"product-attribute-container-desktop desktop-only\">\n<div class=\"additional-attributes-wrapper table-wrapper\">\n<h4>INFORMACJE O PRODUKCIE<\/h4>\n<div class=\"attributes-container\">\n<ul class=\"product-attributes-container\">\n<li><span class=\"specification-title\">Waga opakowania (KG):\u00a0<\/span><span class=\"specification-data\">113.250000<\/span><\/li>\n<li><span class=\"specification-title\">Metoda zasilania:\u00a0<\/span><span class=\"specification-data\">Sie\u0107 elektryczna<\/span><\/li>\n<li><span class=\"specification-title\">Pozycja ko\u0142a zamachowego:\u00a0<\/span><span class=\"specification-data\">Prz\u00f3d<\/span><\/li>\n<li><span class=\"specification-title\">D\u0142ugo\u015b\u0107 kroku:\u00a0<\/span><span class=\"specification-data\">50.80<\/span><\/li>\n<li><span class=\"specification-title\">Maksymalna waga u\u017cytkownika (kg):\u00a0<\/span><span class=\"specification-data\">150,00 (kg)<\/span><\/li>\n<\/ul>\n<ul class=\"product-attributes-container\">\n<li><span class=\"specification-title\">Waga produktu (KG):\u00a0<\/span><span class=\"specification-data\">113<\/span><\/li>\n<li><span class=\"specification-title\">K\u00f3\u0142ka transportowe:\u00a0<\/span><span class=\"specification-data\">Tak<\/span><\/li>\n<li><span class=\"specification-title\">Masa ko\u0142a zamachowego (KG):\u00a0<\/span><span class=\"specification-data\">10<\/span><\/li>\n<li><span class=\"specification-title\">Monitorowanie t\u0119tna:\u00a0<\/span><span class=\"specification-data\">Wbudowane czujniki<\/span><\/li>\n<li><span class=\"specification-title\">Wymiary produktu (d\u0142. x szer. x wys.):\u00a0<\/span><span class=\"specification-data\">172,10 x 72,50 x 163,80 cm<\/span><\/li>\n<\/ul>\n<\/div>\n<\/div>\n<\/div>\n<div class=\"product-features\">\n<h4>DODATKOWE FUNKCJE<\/h4>\n<div class=\"more-container\">\n<div class=\"unshow-text\">\n<ul class=\"product-features-container\">\n<li><span class=\"specification-title\">Konsola:<\/span>\u00a0<span class=\"specification-data\">7\u201d LCD<\/span><\/li>\n<li><span class=\"specification-title\">Ko\u0142o zamachowe:<\/span>\u00a0<span class=\"specification-data\">10 kg elektromagnetyczne dwukierunkowe ko\u0142o zamachowe<\/span><\/li>\n<li><span class=\"specification-title\">Poziomy oporu:<\/span>\u00a0<span class=\"specification-data\">24<\/span><\/li>\n<li><span class=\"specification-title\">Poziomy nachylenia:<\/span>\u00a0<span class=\"specification-data\">3 - 5\u00b0, 10\u00b0 i 15\u00b0<\/span><\/li>\n<li><span class=\"specification-title\">Ponadwymiarowe peda\u0142y:<\/span>\u00a0<span class=\"specification-data\">Bardzo szerokie i amortyzowane<\/span><\/li>\n<li><span class=\"specification-title\">Kierownica:<\/span>\u00a0<span class=\"specification-data\">R\u0119czne czujniki t\u0119tna<\/span><\/li>\n<\/ul>\n<\/div>\n<\/div>\n<\/div>\n<div class=\"product-warranty\">\n<h4>GWARANCJA<\/h4>\n<div class=\"text-container\"><strong>Do u\u017cytku domowego i lekko komercyjnego:<\/strong>\u00a03 lata na cz\u0119\u015bci i robocizn\u0119 do u\u017cytku domowego, 1 rok w lekkich \u015brodowiskach komercyjnych. Gwarancja nie obejmuje uszkodze\u0144 lub awarii spowodowanych niew\u0142a\u015bciw\u0105 lokalizacj\u0105, w tym mi\u0119dzy innymi wilgotnym, zakurzonym lub zewn\u0119trznym \u015brodowiskiem. Na przyk\u0142ad gara\u017ce, piwnice itp.<\/div>\n<\/div>\n<div class=\"product-next-day\">\n<h4>DOSTAWA EKSPRESOWA<\/h4>\n<div class=\"text-container\">Wiele z naszych produkt\u00f3w ma opcje dostawy ekspresowej i z wyznaczon\u0105 dat\u0105, co oznacza, \u017ce produkt zostanie dostarczony ju\u017c jutro lub w wybranym przez Ciebie terminie. Sprawd\u017a opcje dostawy przy kasie, aby zobaczy\u0107 dost\u0119pno\u015b\u0107 dla swojego koszyka i kodu pocztowego. Obowi\u0105zuj\u0105 warunki dostawy.<\/div>\n<\/div>\n<\/div>\n<\/div>\n<\/div>\n<\/div>","protected":false},"excerpt":{"rendered":"<div id=\"fullDescription\" class=\"full-description\">\n<div class=\"text-container\">Orbitrek SHUA X5 B6500E wyposa\u017cony jest w elektromagnetyczne, dwukierunkowe ko\u0142o zamachowe o wadze 10 kg, kt\u00f3re w po\u0142\u0105czeniu z naturaln\u0105 d\u0142ugo\u015bci\u0105 kroku wynosz\u0105c\u0105 20 cali zapewnia p\u0142ynn\u0105 i wygodn\u0105 prac\u0119 z ka\u017cdym krokiem. Dost\u0119pne s\u0105 24 poziomy oporu elektromagnetycznego, z precyzyjn\u0105 i delikatn\u0105 regulacj\u0105 oraz zerow\u0105 utrat\u0105 tarcia. Intensywno\u015b\u0107 mo\u017cna dodatkowo zwi\u0119kszy\u0107 dzi\u0119ki r\u0119cznej regulacji nachylenia B6500E. Korzystaj\u0105c z uchwytu mi\u0119dzy peda\u0142ami, u\u017cytkownicy mog\u0105 ustawi\u0107 ramp\u0119 na 5\u00b0, 10\u00b0 lub 15\u00b0, aby symulowa\u0107 trening na wzniesieniu. 7-calowy wy\u015bwietlacz LCD pokazuje wszystkie potrzebne dane i korzysta z wbudowanych g\u0142o\u015bnik\u00f3w stereo oraz du\u017cego wentylatora. Dost\u0119pny jest r\u00f3wnie\u017c wyb\u00f3r wbudowanych trening\u00f3w do wyboru, a tak\u017ce opcja r\u0119czna, gdy chcesz po prostu wsi\u0105\u015b\u0107 i ruszy\u0107. Ruchoma kierownica anga\u017cuje g\u00f3rn\u0105 cz\u0119\u015b\u0107 cia\u0142a, a para statycznych uchwyt\u00f3w zawiera czujniki pulsu d\u0142oni do dok\u0142adnych pomiar\u00f3w t\u0119tna. B6500E ma bardzo szerokie peda\u0142y, kt\u00f3re pasuj\u0105 do r\u00f3\u017cnych rozmiar\u00f3w but\u00f3w, wzmocnione warstw\u0105 amortyzuj\u0105c\u0105 EVA, kt\u00f3ra pomaga zmniejszy\u0107 wp\u0142yw na stawy.&nbsp;<\/p>\n<\/div>\n<\/div>\n<div class=\"product-attribute-container-desktop desktop-only\">\n<div class=\"additional-attributes-wrapper table-wrapper\"><\/div>\n<\/div>","protected":false},"featured_media":524,"comment_status":"open","ping_status":"closed","template":"","meta":{"site-sidebar-layout":"default","site-content-layout":"","ast-site-content-layout":"default","site-content-style":"default","site-sidebar-style":"default","ast-global-header-display":"","ast-banner-title-visibility":"","ast-main-header-display":"","ast-hfb-above-header-display":"","ast-hfb-below-header-display":"","ast-hfb-mobile-header-display":"","site-post-title":"","ast-breadcrumbs-content":"","ast-featured-img":"","footer-sml-layout":"","theme-transparent-header-meta":"default","adv-header-id-meta":"","stick-header-meta":"","header-above-stick-meta":"","header-main-stick-meta":"","header-below-stick-meta":"","astra-migrate-meta-layouts":"set","ast-page-background-enabled":"default","ast-page-background-meta":{"desktop":{"background-color":"var(--ast-global-color-5)","background-image":"","background-repeat":"repeat","background-position":"center center","background-size":"auto","background-attachment":"scroll","background-type":"","background-media":"","overlay-type":"","overlay-color":"","overlay-opacity":"","overlay-gradient":""},"tablet":{"background-color":"","background-image":"","background-repeat":"repeat","background-position":"center center","background-size":"auto","background-attachment":"scroll","background-type":"","background-media":"","overlay-type":"","overlay-color":"","overlay-opacity":"","overlay-gradient":""},"mobile":{"background-color":"","background-image":"","background-repeat":"repeat","background-position":"center center","background-size":"auto","background-attachment":"scroll","background-type":"","background-media":"","overlay-type":"","overlay-color":"","overlay-opacity":"","overlay-gradient":""}},"ast-content-background-meta":{"desktop":{"background-color":"var(--ast-global-color-4)","background-image":"","background-repeat":"repeat","background-position":"center center","background-size":"auto","background-attachment":"scroll","background-type":"","background-media":"","overlay-type":"","overlay-color":"","overlay-opacity":"","overlay-gradient":""},"tablet":{"background-color":"var(--ast-global-color-4)","background-image":"","background-repeat":"repeat","background-position":"center center","background-size":"auto","background-attachment":"scroll","background-type":"","background-media":"","overlay-type":"","overlay-color":"","overlay-opacity":"","overlay-gradient":""},"mobile":{"background-color":"var(--ast-global-color-4)","background-image":"","background-repeat":"repeat","background-position":"center center","background-size":"auto","background-attachment":"scroll","background-type":"","background-media":"","overlay-type":"","overlay-color":"","overlay-opacity":"","overlay-gradient":""}}},"product_brand":[],"product_cat":[18],"product_tag":[23],"class_list":{"0":"post-522","1":"product","2":"type-product","3":"status-publish","4":"has-post-thumbnail","6":"product_cat-cross-trainers","7":"product_tag-cross-trainers","8":"desktop-align-left","9":"tablet-align-left","10":"mobile-align-left","12":"first","13":"instock","14":"sale","15":"taxable","16":"shipping-taxable","17":"purchasable","18":"product-type-simple"},"_links":{"self":[{"href":"https:\/\/bestfitnessstore.com\/pl\/wp-json\/wp\/v2\/product\/522","targetHints":{"allow":["GET"]}}],"collection":[{"href":"https:\/\/bestfitnessstore.com\/pl\/wp-json\/wp\/v2\/product"}],"about":[{"href":"https:\/\/bestfitnessstore.com\/pl\/wp-json\/wp\/v2\/types\/product"}],"replies":[{"embeddable":true,"href":"https:\/\/bestfitnessstore.com\/pl\/wp-json\/wp\/v2\/comments?post=522"}],"wp:featuredmedia":[{"embeddable":true,"href":"https:\/\/bestfitnessstore.com\/pl\/wp-json\/wp\/v2\/media\/524"}],"wp:attachment":[{"href":"https:\/\/bestfitnessstore.com\/pl\/wp-json\/wp\/v2\/media?parent=522"}],"wp:term":[{"taxonomy":"product_brand","embeddable":true,"href":"https:\/\/bestfitnessstore.com\/pl\/wp-json\/wp\/v2\/product_brand?post=522"},{"taxonomy":"product_cat","embeddable":true,"href":"https:\/\/bestfitnessstore.com\/pl\/wp-json\/wp\/v2\/product_cat?post=522"},{"taxonomy":"product_tag","embeddable":true,"href":"https:\/\/bestfitnessstore.com\/pl\/wp-json\/wp\/v2\/product_tag?post=522"}],"curies":[{"name":"wp","href":"https:\/\/api.w.org\/{rel}","templated":true}]}}