{"id":505,"date":"2025-11-17T05:06:54","date_gmt":"2025-11-17T05:06:54","guid":{"rendered":"https:\/\/bestfitnessstore.com\/?post_type=product&#038;p=505"},"modified":"2025-11-17T05:06:54","modified_gmt":"2025-11-17T05:06:54","slug":"proform-sport-elliptical-cross-trainer","status":"publish","type":"product","link":"https:\/\/bestfitnessstore.com\/pl\/product\/proform-sport-elliptical-cross-trainer\/","title":{"rendered":"Orbitrek sportowy ProForm"},"content":{"rendered":"<div class=\"product-attribute-container-desktop desktop-only\">\n<div class=\"additional-attributes-wrapper table-wrapper\">\n<h4>INFORMACJE O PRODUKCIE<\/h4>\n<div class=\"attributes-container\">\n<ul class=\"product-attributes-container\">\n<li><span class=\"specification-title\">Waga opakowania (KG):\u00a0<\/span><span class=\"specification-data\">62.000000<\/span><\/li>\n<li><span class=\"specification-title\">Integracja aplikacji:\u00a0<\/span><span class=\"specification-data\">iFIT<\/span><\/li>\n<li><span class=\"specification-title\">K\u00f3\u0142ka transportowe:\u00a0<\/span><span class=\"specification-data\">Tak<\/span><\/li>\n<li><span class=\"specification-title\">D\u0142ugo\u015b\u0107 kroku:\u00a0<\/span><span class=\"specification-data\">40.60<\/span><\/li>\n<li><span class=\"specification-title\">Wymiary produktu (d\u0142. x szer. x wys.):\u00a0<\/span><span class=\"specification-data\">150.10 x 64.80 x 156 cm<\/span><\/li>\n<\/ul>\n<ul class=\"product-attributes-container\">\n<li><span class=\"specification-title\">Metoda zasilania:\u00a0<\/span><span class=\"specification-data\">Sie\u0107 elektryczna<\/span><\/li>\n<li><span class=\"specification-title\">Uchwyt na tablet:\u00a0<\/span><span class=\"specification-data\">Tak<\/span><\/li>\n<li><span class=\"specification-title\">Pozycja ko\u0142a zamachowego:\u00a0<\/span><span class=\"specification-data\">Ty\u0142<\/span><\/li>\n<li><span class=\"specification-title\">Maksymalna waga u\u017cytkownika (kg):\u00a0<\/span><span class=\"specification-data\">113,00 (kg)<\/span><\/li>\n<li><span class=\"specification-title\">Wymiary pude\u0142ka (d\u0142. x szer. x wys.):\u00a0<\/span><span class=\"specification-data\">135 x 39 x 66 cm<\/span><\/li>\n<\/ul>\n<\/div>\n<\/div>\n<\/div>\n<div class=\"product-features\">\n<h4>DODATKOWE FUNKCJE<\/h4>\n<div class=\"more-container\">\n<div class=\"unshow-text\">\n<ul class=\"product-features-container\">\n<li><span class=\"specification-title\">Wy\u015bwietlacz:<\/span>\u00a0<span class=\"specification-data\">5\u201d LCD display. Tablet\/smart phone shown in images is not included<\/span><\/li>\n<li><span class=\"specification-title\">Cichy op\u00f3r magnetyczny\u2122:<\/span>\u00a0<span class=\"specification-data\">Smooth and frictionless changes<\/span><\/li>\n<li><span class=\"specification-title\">Poziomy oporu:<\/span>\u00a0<span class=\"specification-data\">20<\/span><\/li>\n<li><span class=\"specification-title\">Peda\u0142y:<\/span>\u00a0<span class=\"specification-data\">Du\u017ce peda\u0142y z amortyzacj\u0105<\/span><\/li>\n<li><span class=\"specification-title\">IFIT:<\/span>\u00a0<span class=\"specification-data\">Access over 10,000 workouts and smart features for a personalised experience. iFIT Train membership required.<\/span><\/li>\n<li><span class=\"specification-title\">Resistance Buttons:<\/span>\u00a0<span class=\"specification-data\">Quickly change the intensity<\/span><\/li>\n<li><span class=\"specification-title\">P\u00f3\u0142ka urz\u0105dzenia:<\/span>\u00a0<span class=\"specification-data\">Connect you device and set it on the shelf<\/span><\/li>\n<li><span class=\"specification-title\">USB-C Port:<\/span>\u00a0<span class=\"specification-data\">Keep your phone or tablet fully-charged while training<\/span><\/li>\n<li><span class=\"specification-title\">IFIT Trial:<\/span>\u00a0<span class=\"specification-data\">30-dniowy okres pr\u00f3bny iFIT Train wliczony w cen\u0119. Karta kredytowa wymagana do aktywacji. Cz\u0142onkostwo iFIT Train odnawia si\u0119 automatycznie, chyba \u017ce zostanie anulowane z wyprzedzeniem. 30-dniowy okres pr\u00f3bny dotyczy tylko nowych cz\u0142onkostw.<\/span><\/li>\n<\/ul>\n<\/div>\n<\/div>\n<\/div>\n<div class=\"product-warranty\">\n<h4>GWARANCJA<\/h4>\n<div class=\"text-container\"><strong>Do u\u017cytku domowego:<\/strong>\u00a0Dwa lata na cz\u0119\u015bci i robocizn\u0119 (obowi\u0105zuj\u0105 warunki) pod warunkiem zarejestrowania produktu w ci\u0105gu 28 dni od zakupu. Standardowa gwarancja wynosi 12 miesi\u0119cy na cz\u0119\u015bci i robocizn\u0119 Warunki Niniejsza gwarancja obejmuje wy\u0142\u0105cznie pierwotnego nabywc\u0119 (u\u017cytkownika) i nie podlega przeniesieniu. Gwarancja nie obejmuje: 1. Normalnego zu\u017cycia (przyk\u0142ady cz\u0119\u015bci ulegaj\u0105cych normalnemu zu\u017cyciu obejmuj\u0105 pasy nap\u0119dowe, pasy nap\u0119dowe, baterie, klocki hamulcowe i maty do skakania). 2. Wszelkie prowizoryczne naprawy, adaptacje lub zmiany modyfikuj\u0105ce produkt w stosunku do jego normalnego przeznaczenia i funkcji opisanych w instrukcji obs\u0142ugi. 3. Uszkodzenia wynikaj\u0105ce z: a) Umy\u015blnego lub z\u0142o\u015bliwego dzia\u0142ania. b) Transportu. c) Niew\u0142a\u015bciwej instalacji, monta\u017cu lub po\u0142\u0105czenia, kt\u00f3re nie jest zgodne ze specyfikacjami lub zaleceniami ICON. d) Nadu\u017cycia, niew\u0142a\u015bciwego u\u017cytkowania, nieprzestrzegania instrukcji lub niew\u0142a\u015bciwego lub nienormalnego u\u017cytkowania. e) Nieprzestrzegania instrukcji zawartych w podr\u0119czniku u\u017cytkownika (takich jak u\u017cywanie \u015brodk\u00f3w czyszcz\u0105cych i konserwuj\u0105cych innych ni\u017c zalecane, niewy\u0142\u0105czanie produktu po u\u017cyciu itp.) f) U\u017cytkowanie poza domem (w tym mi\u0119dzy innymi w \u015brodowisku komercyjnym, profesjonalnym, wynajmowanym lub instytucjonalnym). g) Naprawy niedokonane przez autoryzowany serwis ICON lub u\u017cycie cz\u0119\u015bci niedostarczonych lub nieautoryzowanych przez ICON. h) Wypadki, uderzenia, wahania napi\u0119cia, wy\u0142adowania atmosferyczne, burze, woda, ogie\u0144, zwierz\u0119ta lub inne przyczyny pozostaj\u0105ce poza kontrol\u0105 ICON. i) Niew\u0142a\u015bciwa lokalizacja, w tym mi\u0119dzy innymi wilgotne, zakurzone lub zewn\u0119trzne \u015brodowisko (przyk\u0142ady obejmuj\u0105 gara\u017ce, piwnice, werandy i patia).<\/div>\n<\/div>\n<div class=\"product-next-day\">\n<h4>DOSTAWA EKSPRESOWA<\/h4>\n<div class=\"text-container\">Wiele z naszych produkt\u00f3w ma opcje dostawy ekspresowej i z wyznaczon\u0105 dat\u0105, co oznacza, \u017ce produkt zostanie dostarczony ju\u017c jutro lub w wybranym przez Ciebie terminie. Sprawd\u017a opcje dostawy przy kasie, aby zobaczy\u0107 dost\u0119pno\u015b\u0107 dla swojego koszyka i kodu pocztowego. Obowi\u0105zuj\u0105 warunki dostawy.<\/div>\n<\/div>","protected":false},"excerpt":{"rendered":"<p>Simple, solid and stable, the ProForm Sport Elliptical Cross Trainer makes it easy to jump on and start training. It has 20 levels of digital resistance, accommodating everything from high intensity workouts to recovery sessions. This Silent Magnetic Resistance\u2122 system, delivers a smooth a quiet experience, designed to help your motion feel more fluid for a seamless full-body workout. With a 40.6cm stride length, the Sport Elliptical Cross Trainer is designed to deliver a long range of motion with lower impact. With an iFIT Train account, you can get more out of the ProForm Sport Elliptical Cross Trainer. Sign in to your iFIT account* on your own tablet or smart phone (tablet\/smart phone shown is not included) and connect it to the Sport Elliptical Cross Trainer to tee up the next workout in your personalised plan. As you work out iFIT tracks your performance and automatically changes the 20 resistance levels to the setting you need. With iFIT, you get access to over 10,000 workouts, smart features, and coaching by expert iFIT Trainers in engaging global locations. The Trainers are there to help you with form, keep you motivated to finish strong, and offer insights about global locations to you stay engaged in both short and long sessions. Hit your stride and push through each rotation on soft, oversized pedals that fit all foot sizes, engaging your upper body at the same time with the moving handles. * 30-day iFIT Train Trial Included. Credit Card required for activation. iFIT Train Membership auto-renews unless cancelled in advance. 30-day trial applies to new memberships only.<\/p>\n<div class=\"product-attribute-container-desktop desktop-only\">\n<div class=\"additional-attributes-wrapper table-wrapper\"><\/div>\n<\/div>","protected":false},"featured_media":508,"comment_status":"open","ping_status":"closed","template":"","meta":{"site-sidebar-layout":"default","site-content-layout":"","ast-site-content-layout":"default","site-content-style":"default","site-sidebar-style":"default","ast-global-header-display":"","ast-banner-title-visibility":"","ast-main-header-display":"","ast-hfb-above-header-display":"","ast-hfb-below-header-display":"","ast-hfb-mobile-header-display":"","site-post-title":"","ast-breadcrumbs-content":"","ast-featured-img":"","footer-sml-layout":"","theme-transparent-header-meta":"default","adv-header-id-meta":"","stick-header-meta":"","header-above-stick-meta":"","header-main-stick-meta":"","header-below-stick-meta":"","astra-migrate-meta-layouts":"set","ast-page-background-enabled":"default","ast-page-background-meta":{"desktop":{"background-color":"var(--ast-global-color-5)","background-image":"","background-repeat":"repeat","background-position":"center center","background-size":"auto","background-attachment":"scroll","background-type":"","background-media":"","overlay-type":"","overlay-color":"","overlay-opacity":"","overlay-gradient":""},"tablet":{"background-color":"","background-image":"","background-repeat":"repeat","background-position":"center center","background-size":"auto","background-attachment":"scroll","background-type":"","background-media":"","overlay-type":"","overlay-color":"","overlay-opacity":"","overlay-gradient":""},"mobile":{"background-color":"","background-image":"","background-repeat":"repeat","background-position":"center center","background-size":"auto","background-attachment":"scroll","background-type":"","background-media":"","overlay-type":"","overlay-color":"","overlay-opacity":"","overlay-gradient":""}},"ast-content-background-meta":{"desktop":{"background-color":"var(--ast-global-color-4)","background-image":"","background-repeat":"repeat","background-position":"center center","background-size":"auto","background-attachment":"scroll","background-type":"","background-media":"","overlay-type":"","overlay-color":"","overlay-opacity":"","overlay-gradient":""},"tablet":{"background-color":"var(--ast-global-color-4)","background-image":"","background-repeat":"repeat","background-position":"center center","background-size":"auto","background-attachment":"scroll","background-type":"","background-media":"","overlay-type":"","overlay-color":"","overlay-opacity":"","overlay-gradient":""},"mobile":{"background-color":"var(--ast-global-color-4)","background-image":"","background-repeat":"repeat","background-position":"center center","background-size":"auto","background-attachment":"scroll","background-type":"","background-media":"","overlay-type":"","overlay-color":"","overlay-opacity":"","overlay-gradient":""}}},"product_brand":[],"product_cat":[18],"product_tag":[23],"class_list":{"0":"post-505","1":"product","2":"type-product","3":"status-publish","4":"has-post-thumbnail","6":"product_cat-cross-trainers","7":"product_tag-cross-trainers","8":"desktop-align-left","9":"tablet-align-left","10":"mobile-align-left","12":"first","13":"instock","14":"sale","15":"taxable","16":"shipping-taxable","17":"purchasable","18":"product-type-simple"},"_links":{"self":[{"href":"https:\/\/bestfitnessstore.com\/pl\/wp-json\/wp\/v2\/product\/505","targetHints":{"allow":["GET"]}}],"collection":[{"href":"https:\/\/bestfitnessstore.com\/pl\/wp-json\/wp\/v2\/product"}],"about":[{"href":"https:\/\/bestfitnessstore.com\/pl\/wp-json\/wp\/v2\/types\/product"}],"replies":[{"embeddable":true,"href":"https:\/\/bestfitnessstore.com\/pl\/wp-json\/wp\/v2\/comments?post=505"}],"wp:featuredmedia":[{"embeddable":true,"href":"https:\/\/bestfitnessstore.com\/pl\/wp-json\/wp\/v2\/media\/508"}],"wp:attachment":[{"href":"https:\/\/bestfitnessstore.com\/pl\/wp-json\/wp\/v2\/media?parent=505"}],"wp:term":[{"taxonomy":"product_brand","embeddable":true,"href":"https:\/\/bestfitnessstore.com\/pl\/wp-json\/wp\/v2\/product_brand?post=505"},{"taxonomy":"product_cat","embeddable":true,"href":"https:\/\/bestfitnessstore.com\/pl\/wp-json\/wp\/v2\/product_cat?post=505"},{"taxonomy":"product_tag","embeddable":true,"href":"https:\/\/bestfitnessstore.com\/pl\/wp-json\/wp\/v2\/product_tag?post=505"}],"curies":[{"name":"wp","href":"https:\/\/api.w.org\/{rel}","templated":true}]}}