{"id":500,"date":"2025-11-17T05:00:17","date_gmt":"2025-11-17T05:00:17","guid":{"rendered":"https:\/\/bestfitnessstore.com\/?post_type=product&#038;p=500"},"modified":"2025-11-17T05:02:11","modified_gmt":"2025-11-17T05:02:11","slug":"proform-cardio-hiit-hl","status":"publish","type":"product","link":"https:\/\/bestfitnessstore.com\/pl\/product\/proform-cardio-hiit-hl\/","title":{"rendered":"ProForm Cardio HIIT HL"},"content":{"rendered":"<div class=\"product-attribute-container-desktop desktop-only\">\n<div class=\"additional-attributes-wrapper table-wrapper\">\n<h4>INFORMACJE O PRODUKCIE<\/h4>\n<div class=\"attributes-container\">\n<ul class=\"product-attributes-container\">\n<li><span class=\"specification-title\">Waga opakowania (KG):\u00a0<\/span><span class=\"specification-data\">95.000000<\/span><\/li>\n<li><span class=\"specification-title\">Metoda zasilania:\u00a0<\/span><span class=\"specification-data\">Sie\u0107 elektryczna<\/span><\/li>\n<li><span class=\"specification-title\">Uchwyt na tablet:\u00a0<\/span><span class=\"specification-data\">Tak<\/span><\/li>\n<li><span class=\"specification-title\">Pozycja ko\u0142a zamachowego:\u00a0<\/span><span class=\"specification-data\">Prz\u00f3d<\/span><\/li>\n<li><span class=\"specification-title\">Monitorowanie t\u0119tna:\u00a0<\/span><span class=\"specification-data\">Pasek na klatk\u0119 piersiow\u0105<\/span><\/li>\n<li><span class=\"specification-title\">Wymiary pude\u0142ka (d\u0142. x szer. x wys.):\u00a0<\/span><span class=\"specification-data\">125 x 46 x 85 cm<\/span><\/li>\n<\/ul>\n<ul class=\"product-attributes-container\">\n<li><span class=\"specification-title\">Waga produktu (KG):\u00a0<\/span><span class=\"specification-data\">82<\/span><\/li>\n<li><span class=\"specification-title\">Integracja aplikacji:\u00a0<\/span><span class=\"specification-data\">iFIT<\/span><\/li>\n<li><span class=\"specification-title\">Bluetooth:\u00a0<\/span><span class=\"specification-data\">Tak<\/span><\/li>\n<li><span class=\"specification-title\">Masa ko\u0142a zamachowego (KG):\u00a0<\/span><span class=\"specification-data\">14<\/span><\/li>\n<li><span class=\"specification-title\">Maksymalna waga u\u017cytkownika (kg):\u00a0<\/span><span class=\"specification-data\">150,00 (kg)<\/span><\/li>\n<\/ul>\n<\/div>\n<\/div>\n<\/div>\n<div class=\"product-features\">\n<h4>DODATKOWE FUNKCJE<\/h4>\n<div class=\"more-container\">\n<div class=\"unshow-text\">\n<ul class=\"product-features-container\">\n<li><span class=\"specification-title\">Vertical Stride:<\/span>\u00a0<span class=\"specification-data\">25 cm<\/span><\/li>\n<li><span class=\"specification-title\">Horizontal Stride:<\/span>\u00a0<span class=\"specification-data\">12cm<\/span><\/li>\n<li><span class=\"specification-title\">Op\u00f3r magnetyczny SMR\u2122 Silent:<\/span>\u00a0<span class=\"specification-data\">22 digital levels<\/span><\/li>\n<li><span class=\"specification-title\">Multi-Function Handlebars:<\/span>\u00a0<span class=\"specification-data\">Mi\u0119kkie w dotyku uchwyty na g\u00f3rnej cz\u0119\u015bci cia\u0142a<\/span><\/li>\n<li><span class=\"specification-title\">Wy\u015bwietlacz:<\/span>\u00a0<span class=\"specification-data\">5-calowy, wielokolorowy wy\u015bwietlacz o wysokim kontra\u015bcie<\/span><\/li>\n<li><span class=\"specification-title\">IFIT Trial:<\/span>\u00a0<span class=\"specification-data\">30-Day iFIT Trial Included. Credit Card required for activation. iFIT Pro Membership auto-renews unless cancelled in advance. 30 day trial applies to new memberships only. Tablet not included<\/span><\/li>\n<li><span class=\"specification-title\">D\u017awi\u0119k:<\/span>\u00a0<span class=\"specification-data\">Bluetooth headphone compatible; dual 2\u201d speakers<\/span><\/li>\n<li><span class=\"specification-title\">Ponadwymiarowe peda\u0142y:<\/span>\u00a0<span class=\"specification-data\">Cushioned for comfort<\/span><\/li>\n<li><span class=\"specification-title\">Technologia SmartAdjust:<\/span>\u00a0<span class=\"specification-data\">Trena\u017cer automatycznie dostosowuje op\u00f3r<\/span><\/li>\n<li><span class=\"specification-title\">Technologia ActivePulse\u2122:<\/span>\u00a0<span class=\"specification-data\">Kompatybilny z opask\u0105 SmartBeat\u2122 (brak w zestawie)<\/span><\/li>\n<li><span class=\"specification-title\">Zintegrowane funkcje:<\/span>\u00a0<span class=\"specification-data\">Tablet holder; water bottle holder, Coolaire workout fan<\/span><\/li>\n<\/ul>\n<\/div>\n<\/div>\n<\/div>\n<div class=\"product-warranty\">\n<h4>GWARANCJA<\/h4>\n<div class=\"text-container\"><strong>Do u\u017cytku domowego:<\/strong>\u00a0Dwa lata na cz\u0119\u015bci i robocizn\u0119 (obowi\u0105zuj\u0105 warunki) pod warunkiem zarejestrowania produktu w ci\u0105gu 28 dni od zakupu. Standardowa gwarancja wynosi 12 miesi\u0119cy na cz\u0119\u015bci i robocizn\u0119 Warunki Niniejsza gwarancja obejmuje wy\u0142\u0105cznie pierwotnego nabywc\u0119 (u\u017cytkownika) i nie podlega przeniesieniu. Gwarancja nie obejmuje: 1. Normalnego zu\u017cycia (przyk\u0142ady cz\u0119\u015bci ulegaj\u0105cych normalnemu zu\u017cyciu obejmuj\u0105 pasy nap\u0119dowe, pasy nap\u0119dowe, baterie, klocki hamulcowe i maty do skakania). 2. Wszelkie prowizoryczne naprawy, adaptacje lub zmiany modyfikuj\u0105ce produkt w stosunku do jego normalnego przeznaczenia i funkcji opisanych w instrukcji obs\u0142ugi. 3. Uszkodzenia wynikaj\u0105ce z: a) Umy\u015blnego lub z\u0142o\u015bliwego dzia\u0142ania. b) Transportu. c) Niew\u0142a\u015bciwej instalacji, monta\u017cu lub po\u0142\u0105czenia, kt\u00f3re nie jest zgodne ze specyfikacjami lub zaleceniami ICON. d) Nadu\u017cycia, niew\u0142a\u015bciwego u\u017cytkowania, nieprzestrzegania instrukcji lub niew\u0142a\u015bciwego lub nienormalnego u\u017cytkowania. e) Nieprzestrzegania instrukcji zawartych w podr\u0119czniku u\u017cytkownika (takich jak u\u017cywanie \u015brodk\u00f3w czyszcz\u0105cych i konserwuj\u0105cych innych ni\u017c zalecane, niewy\u0142\u0105czanie produktu po u\u017cyciu itp.) f) U\u017cytkowanie poza domem (w tym mi\u0119dzy innymi w \u015brodowisku komercyjnym, profesjonalnym, wynajmowanym lub instytucjonalnym). g) Naprawy niedokonane przez autoryzowany serwis ICON lub u\u017cycie cz\u0119\u015bci niedostarczonych lub nieautoryzowanych przez ICON. h) Wypadki, uderzenia, wahania napi\u0119cia, wy\u0142adowania atmosferyczne, burze, woda, ogie\u0144, zwierz\u0119ta lub inne przyczyny pozostaj\u0105ce poza kontrol\u0105 ICON. i) Niew\u0142a\u015bciwa lokalizacja, w tym mi\u0119dzy innymi wilgotne, zakurzone lub zewn\u0119trzne \u015brodowisko (przyk\u0142ady obejmuj\u0105 gara\u017ce, piwnice, werandy i patia).<\/div>\n<div><\/div>\n<\/div>\n<div class=\"product-next-day\">\n<h4>DOSTAWA EKSPRESOWA<\/h4>\n<div class=\"text-container\">Wiele z naszych produkt\u00f3w ma opcje dostawy ekspresowej i z wyznaczon\u0105 dat\u0105, co oznacza, \u017ce produkt zostanie dostarczony ju\u017c jutro lub w wybranym przez Ciebie terminie. Sprawd\u017a opcje dostawy przy kasie, aby zobaczy\u0107 dost\u0119pno\u015b\u0107 dla swojego koszyka i kodu pocztowego. Obowi\u0105zuj\u0105 warunki dostawy.<\/div>\n<\/div>","protected":false},"excerpt":{"rendered":"<p>Unlike traditional ellipticals, the ProForm Cardio HIIT HL boasts a 12cm horizontal stride length and a 25cm vertical stride length, combining the benefits of both a cross trainer and a stepper into one space-saving frame. Simulating standard flat strides and steep climbs, the Cardio HIIT HL causes increased muscle activation for enhanced results. A 14kg inertia-enhanced flywheel ensures every movement is smooth and natural, with 22 levels of SMR\u2122 Silent Magnetic Resistance to progress through. The multi-function handlebars let you engage specific upper body muscle groups and are coated in a soft touch material that\u2019s comfortable and easy to grip. The ProForm Cardio HIIT HL\u2019s 5\u201d high contrast multi-colour display puts all the metrics you need right in front of you. Download the iFIT App to your tablet or smart device, connect to the machine, and you can enjoy a virtually unlimited selection of individualised workouts led by the world\u2019s best trainers in the comfort of your own home. Access a workout every day, automatically track your progress, enjoy real-life routes with Google Maps\u2122, compete with your friends, custom-tailor your training to your specific goals and more (30-day iFIT subscription included*). The Cardio HIIT HL boasts ProForm\u2019s ActivePulse\u2122 Technology, which lets the machine automatically adjust your resistance to ensure you stay in the optimal heart rate zone (SmartBeat\u2122 Arm Band required \u2013 sold separately). Connect your Bluetooth headphones to listen to your audio without disturbing others, or play it out loud through the integrated 2\u201d speakers. Other integrated features include a Coolaire workout fan, a water bottle holder and oversized cushion pedals. *30-day iFIT Trial Included. Credit Card required for activation. iFIT Membership auto-renews unless cancelled in advance. 30-day trial applies to new memberships only. Tablet shown in images is not included.<\/p>\n<div class=\"product-attribute-container-desktop desktop-only\">\n<div class=\"additional-attributes-wrapper table-wrapper\"><\/div>\n<\/div>","protected":false},"featured_media":504,"comment_status":"open","ping_status":"closed","template":"","meta":{"site-sidebar-layout":"default","site-content-layout":"","ast-site-content-layout":"default","site-content-style":"default","site-sidebar-style":"default","ast-global-header-display":"","ast-banner-title-visibility":"","ast-main-header-display":"","ast-hfb-above-header-display":"","ast-hfb-below-header-display":"","ast-hfb-mobile-header-display":"","site-post-title":"","ast-breadcrumbs-content":"","ast-featured-img":"","footer-sml-layout":"","theme-transparent-header-meta":"default","adv-header-id-meta":"","stick-header-meta":"","header-above-stick-meta":"","header-main-stick-meta":"","header-below-stick-meta":"","astra-migrate-meta-layouts":"set","ast-page-background-enabled":"default","ast-page-background-meta":{"desktop":{"background-color":"var(--ast-global-color-5)","background-image":"","background-repeat":"repeat","background-position":"center center","background-size":"auto","background-attachment":"scroll","background-type":"","background-media":"","overlay-type":"","overlay-color":"","overlay-opacity":"","overlay-gradient":""},"tablet":{"background-color":"","background-image":"","background-repeat":"repeat","background-position":"center center","background-size":"auto","background-attachment":"scroll","background-type":"","background-media":"","overlay-type":"","overlay-color":"","overlay-opacity":"","overlay-gradient":""},"mobile":{"background-color":"","background-image":"","background-repeat":"repeat","background-position":"center center","background-size":"auto","background-attachment":"scroll","background-type":"","background-media":"","overlay-type":"","overlay-color":"","overlay-opacity":"","overlay-gradient":""}},"ast-content-background-meta":{"desktop":{"background-color":"var(--ast-global-color-4)","background-image":"","background-repeat":"repeat","background-position":"center center","background-size":"auto","background-attachment":"scroll","background-type":"","background-media":"","overlay-type":"","overlay-color":"","overlay-opacity":"","overlay-gradient":""},"tablet":{"background-color":"var(--ast-global-color-4)","background-image":"","background-repeat":"repeat","background-position":"center center","background-size":"auto","background-attachment":"scroll","background-type":"","background-media":"","overlay-type":"","overlay-color":"","overlay-opacity":"","overlay-gradient":""},"mobile":{"background-color":"var(--ast-global-color-4)","background-image":"","background-repeat":"repeat","background-position":"center center","background-size":"auto","background-attachment":"scroll","background-type":"","background-media":"","overlay-type":"","overlay-color":"","overlay-opacity":"","overlay-gradient":""}}},"product_brand":[],"product_cat":[18],"product_tag":[23],"class_list":{"0":"post-500","1":"product","2":"type-product","3":"status-publish","4":"has-post-thumbnail","6":"product_cat-cross-trainers","7":"product_tag-cross-trainers","8":"desktop-align-left","9":"tablet-align-left","10":"mobile-align-left","12":"first","13":"instock","14":"sale","15":"taxable","16":"shipping-taxable","17":"purchasable","18":"product-type-simple"},"_links":{"self":[{"href":"https:\/\/bestfitnessstore.com\/pl\/wp-json\/wp\/v2\/product\/500","targetHints":{"allow":["GET"]}}],"collection":[{"href":"https:\/\/bestfitnessstore.com\/pl\/wp-json\/wp\/v2\/product"}],"about":[{"href":"https:\/\/bestfitnessstore.com\/pl\/wp-json\/wp\/v2\/types\/product"}],"replies":[{"embeddable":true,"href":"https:\/\/bestfitnessstore.com\/pl\/wp-json\/wp\/v2\/comments?post=500"}],"wp:featuredmedia":[{"embeddable":true,"href":"https:\/\/bestfitnessstore.com\/pl\/wp-json\/wp\/v2\/media\/504"}],"wp:attachment":[{"href":"https:\/\/bestfitnessstore.com\/pl\/wp-json\/wp\/v2\/media?parent=500"}],"wp:term":[{"taxonomy":"product_brand","embeddable":true,"href":"https:\/\/bestfitnessstore.com\/pl\/wp-json\/wp\/v2\/product_brand?post=500"},{"taxonomy":"product_cat","embeddable":true,"href":"https:\/\/bestfitnessstore.com\/pl\/wp-json\/wp\/v2\/product_cat?post=500"},{"taxonomy":"product_tag","embeddable":true,"href":"https:\/\/bestfitnessstore.com\/pl\/wp-json\/wp\/v2\/product_tag?post=500"}],"curies":[{"name":"wp","href":"https:\/\/api.w.org\/{rel}","templated":true}]}}