{"id":1450,"date":"2025-11-26T06:34:00","date_gmt":"2025-11-26T06:34:00","guid":{"rendered":"https:\/\/bestfitnessstore.com\/?post_type=product&#038;p=1450"},"modified":"2025-11-26T06:34:00","modified_gmt":"2025-11-26T06:34:00","slug":"bieznia-spirit-ct850-led","status":"publish","type":"product","link":"https:\/\/bestfitnessstore.com\/pl\/product\/spirit-ct850-led-treadmill\/","title":{"rendered":"Bie\u017cnia Spirit CT850+ LED"},"content":{"rendered":"<div class=\"product-attribute-container-desktop desktop-only\">\n<div class=\"additional-attributes-wrapper table-wrapper\">\n<h4>INFORMACJE O PRODUKCIE<\/h4>\n<div class=\"attributes-container\">\n<ul class=\"product-attributes-container\">\n<li><span class=\"specification-title\">Waga opakowania (KG):\u00a0<\/span><span class=\"specification-data\">200.600000<\/span><\/li>\n<li><span class=\"specification-title\">Metoda zasilania:\u00a0<\/span><span class=\"specification-data\">Sie\u0107 elektryczna<\/span><\/li>\n<li><span class=\"specification-title\">Uchwyt na tablet:\u00a0<\/span><span class=\"specification-data\">Tak<\/span><\/li>\n<li><span class=\"specification-title\">Sk\u0142adanie:\u00a0<\/span><span class=\"specification-data\">Nie<\/span><\/li>\n<li><span class=\"specification-title\">Maksymalna waga u\u017cytkownika (kg):\u00a0<\/span><span class=\"specification-data\">205,00 (kg)<\/span><\/li>\n<li><span class=\"specification-title\">Wymiary produktu (d\u0142. x szer. x wys.):\u00a0<\/span><span class=\"specification-data\">215,90 x 90,90 x 153,90 cm<\/span><\/li>\n<\/ul>\n<ul class=\"product-attributes-container\">\n<li><span class=\"specification-title\">Waga produktu (KG):\u00a0<\/span><span class=\"specification-data\">180<\/span><\/li>\n<li><span class=\"specification-title\">Integracja aplikacji:\u00a0<\/span><span class=\"specification-data\">KinoMap, Zwift<\/span><\/li>\n<li><span class=\"specification-title\">Bluetooth:\u00a0<\/span><span class=\"specification-data\">Tak<\/span><\/li>\n<li><span class=\"specification-title\">Monitorowanie t\u0119tna:\u00a0<\/span><span class=\"specification-data\">Wbudowane czujniki i Bluetooth<\/span><\/li>\n<li><span class=\"specification-title\">Wbudowane programy:\u00a0<\/span><span class=\"specification-data\">Manual, Hill, Fat burn, Cardio, Interval, 2 Heart Rate, Custom, HIIT, 5K, 10K, 6 military readiness tests (Army, Navy, Air Force, Marines, PEB, Coast Guard)<\/span><\/li>\n<li><span class=\"specification-title\">Wymiary pude\u0142ka (d\u0142. x szer. x wys.):\u00a0<\/span><span class=\"specification-data\">225 x 95,70 x 54 cm<\/span><\/li>\n<\/ul>\n<\/div>\n<\/div>\n<\/div>\n<div class=\"product-features\">\n<h4>DODATKOWE FUNKCJE<\/h4>\n<div class=\"more-container\">\n<div class=\"unshow-text\">\n<ul class=\"product-features-container\">\n<li><span class=\"specification-title\">Moc:<\/span>\u00a0<span class=\"specification-data\">AC120V, 20A \/ AC230V, 10A<\/span><\/li>\n<li><span class=\"specification-title\">Konsola:<\/span>\u00a0<span class=\"specification-data\">LED<\/span><\/li>\n<li><span class=\"specification-title\">Wy\u015bwietlacz konsoli:<\/span>\u00a0<span class=\"specification-data\">Bia\u0142e diody LED, profil programu, 18-znakowe okno komunikatu, okno pr\u0119dko\u015bci, okno nachylenia<\/span><\/li>\n<li><span class=\"specification-title\">Port USB:<\/span>\u00a0<span class=\"specification-data\">Do \u0142adowania urz\u0105dze\u0144<\/span><\/li>\n<li><span class=\"specification-title\">Fan:<\/span>\u00a0<span class=\"specification-data\">Ch\u0142odzenie podczas trening\u00f3w<\/span><\/li>\n<li><span class=\"specification-title\">Silnik:<\/span>\u00a0<span class=\"specification-data\">Nap\u0119d AC o mocy 4,0 HP z izolacj\u0105 klasy H<\/span><\/li>\n<li><span class=\"specification-title\">Zakres pr\u0119dko\u015bci:<\/span>\u00a0<span class=\"specification-data\">0.3-12MPH \/ 0.8-20KPH<\/span><\/li>\n<li><span class=\"specification-title\">Zakres nachylenia:<\/span>\u00a0<span class=\"specification-data\">0-15%<\/span><\/li>\n<li><span class=\"specification-title\">Powierzchnia do biegania:<\/span>\u00a0<span class=\"specification-data\">60\u2033 x 22\u2033 \/ 1525 x 560 mm<\/span><\/li>\n<li><span class=\"specification-title\">Pas:<\/span>\u00a0<span class=\"specification-data\">Habasit\u00ae - 2-warstwowy, 2,5 mm<\/span><\/li>\n<li><span class=\"specification-title\">Rozmiar rolki:<\/span>\u00a0<span class=\"specification-data\">3,0\u201d \/ 75 mm<\/span><\/li>\n<li><span class=\"specification-title\">Pok\u0142ad:<\/span>\u00a0<span class=\"specification-data\">25 mm \/ 1\u201d fenolowy, dwustronny, powlekany woskiem<\/span><\/li>\n<li><span class=\"specification-title\">Amortyzacja pok\u0142adu:<\/span>\u00a0<span class=\"specification-data\">6 Elastomery amortyzuj\u0105ce<\/span><\/li>\n<li><span class=\"specification-title\">Waga produktu:<\/span>\u00a0<span class=\"specification-data\">395 funt\u00f3w \/ 180 kg<\/span><\/li>\n<\/ul>\n<\/div>\n<\/div>\n<\/div>\n<div class=\"product-warranty\">\n<h4>GWARANCJA<\/h4>\n<div class=\"text-container\"><strong>Do u\u017cytku domowego i lekkiego\/komercyjnego:<\/strong>\u00a03 lata na cz\u0119\u015bci i robocizn\u0119. Produkt musi by\u0107 u\u017cywany\/przechowywany w odpowiednim \u015brodowisku (lokalizacje z wilgotnym, nieuszczelnionym betonem lub obszary ze sta\u0142ym przep\u0142ywem powietrza do obszar\u00f3w zewn\u0119trznych nie s\u0105 klasyfikowane jako odpowiednie).<\/div>\n<\/div>","protected":false},"excerpt":{"rendered":"<p>Bie\u017cnia Spirit CT850+ LED o wymiarach 152,5 x 56 cm, nap\u0119dzana silnikiem o mocy 4,0 KM, zapewnia maksymaln\u0105 pr\u0119dko\u015b\u0107 20 km\/h i nachylenie do 15%. Dwustronny, pokryty woskiem pok\u0142ad posiada 6 amortyzowanych elastomer\u00f3w zapewniaj\u0105cych wygodny krok. Uchwyty do pomiaru pulsu znajduj\u0105 si\u0119 na kierownicy przed biegaczem, co u\u0142atwia monitorowanie t\u0119tna podczas sesji lub pod\u0142\u0105czenie pasa piersiowego (brak w zestawie) przez Bluetooth. \u015aled\u017a sw\u00f3j trening (Interwa\u0142, 5k, 10k, Kalorie, Wzg\u00f3rze, Spalanie t\u0142uszczu, Cardio, Fit Test, 2 HR, Custom, 4 Testy gotowo\u015bci) na jasnej, bia\u0142ej konsoli LED z wieloma oknami, zmieniaj\u0105c intensywno\u015b\u0107 za pomoc\u0105 jednego dotkni\u0119cia. Konsola zawiera port USB do \u0142adowania urz\u0105dzenia, wentylator treningowy zapewniaj\u0105cy ch\u0142\u00f3d podczas treningu oraz Bluetooth do pod\u0142\u0105czenia pasa piersiowego\/aplikacji i s\u0142uchawek.<\/p>\n<div class=\"product-attribute-container-desktop desktop-only\">\n<div class=\"additional-attributes-wrapper table-wrapper\"><\/div>\n<\/div>","protected":false},"featured_media":1454,"comment_status":"open","ping_status":"closed","template":"","meta":{"site-sidebar-layout":"default","site-content-layout":"","ast-site-content-layout":"default","site-content-style":"default","site-sidebar-style":"default","ast-global-header-display":"","ast-banner-title-visibility":"","ast-main-header-display":"","ast-hfb-above-header-display":"","ast-hfb-below-header-display":"","ast-hfb-mobile-header-display":"","site-post-title":"","ast-breadcrumbs-content":"","ast-featured-img":"","footer-sml-layout":"","theme-transparent-header-meta":"default","adv-header-id-meta":"","stick-header-meta":"","header-above-stick-meta":"","header-main-stick-meta":"","header-below-stick-meta":"","astra-migrate-meta-layouts":"set","ast-page-background-enabled":"default","ast-page-background-meta":{"desktop":{"background-color":"var(--ast-global-color-5)","background-image":"","background-repeat":"repeat","background-position":"center center","background-size":"auto","background-attachment":"scroll","background-type":"","background-media":"","overlay-type":"","overlay-color":"","overlay-opacity":"","overlay-gradient":""},"tablet":{"background-color":"","background-image":"","background-repeat":"repeat","background-position":"center center","background-size":"auto","background-attachment":"scroll","background-type":"","background-media":"","overlay-type":"","overlay-color":"","overlay-opacity":"","overlay-gradient":""},"mobile":{"background-color":"","background-image":"","background-repeat":"repeat","background-position":"center center","background-size":"auto","background-attachment":"scroll","background-type":"","background-media":"","overlay-type":"","overlay-color":"","overlay-opacity":"","overlay-gradient":""}},"ast-content-background-meta":{"desktop":{"background-color":"var(--ast-global-color-4)","background-image":"","background-repeat":"repeat","background-position":"center center","background-size":"auto","background-attachment":"scroll","background-type":"","background-media":"","overlay-type":"","overlay-color":"","overlay-opacity":"","overlay-gradient":""},"tablet":{"background-color":"var(--ast-global-color-4)","background-image":"","background-repeat":"repeat","background-position":"center center","background-size":"auto","background-attachment":"scroll","background-type":"","background-media":"","overlay-type":"","overlay-color":"","overlay-opacity":"","overlay-gradient":""},"mobile":{"background-color":"var(--ast-global-color-4)","background-image":"","background-repeat":"repeat","background-position":"center center","background-size":"auto","background-attachment":"scroll","background-type":"","background-media":"","overlay-type":"","overlay-color":"","overlay-opacity":"","overlay-gradient":""}}},"product_brand":[],"product_cat":[21],"product_tag":[25],"class_list":{"0":"post-1450","1":"product","2":"type-product","3":"status-publish","4":"has-post-thumbnail","6":"product_cat-treadmills","7":"product_tag-treadmills","8":"desktop-align-left","9":"tablet-align-left","10":"mobile-align-left","12":"first","13":"instock","14":"sale","15":"taxable","16":"shipping-taxable","17":"purchasable","18":"product-type-simple"},"_links":{"self":[{"href":"https:\/\/bestfitnessstore.com\/pl\/wp-json\/wp\/v2\/product\/1450","targetHints":{"allow":["GET"]}}],"collection":[{"href":"https:\/\/bestfitnessstore.com\/pl\/wp-json\/wp\/v2\/product"}],"about":[{"href":"https:\/\/bestfitnessstore.com\/pl\/wp-json\/wp\/v2\/types\/product"}],"replies":[{"embeddable":true,"href":"https:\/\/bestfitnessstore.com\/pl\/wp-json\/wp\/v2\/comments?post=1450"}],"wp:featuredmedia":[{"embeddable":true,"href":"https:\/\/bestfitnessstore.com\/pl\/wp-json\/wp\/v2\/media\/1454"}],"wp:attachment":[{"href":"https:\/\/bestfitnessstore.com\/pl\/wp-json\/wp\/v2\/media?parent=1450"}],"wp:term":[{"taxonomy":"product_brand","embeddable":true,"href":"https:\/\/bestfitnessstore.com\/pl\/wp-json\/wp\/v2\/product_brand?post=1450"},{"taxonomy":"product_cat","embeddable":true,"href":"https:\/\/bestfitnessstore.com\/pl\/wp-json\/wp\/v2\/product_cat?post=1450"},{"taxonomy":"product_tag","embeddable":true,"href":"https:\/\/bestfitnessstore.com\/pl\/wp-json\/wp\/v2\/product_tag?post=1450"}],"curies":[{"name":"wp","href":"https:\/\/api.w.org\/{rel}","templated":true}]}}