{"id":1331,"date":"2025-11-25T17:13:55","date_gmt":"2025-11-25T17:13:55","guid":{"rendered":"https:\/\/bestfitnessstore.com\/?post_type=product&#038;p=1331"},"modified":"2025-11-25T17:13:55","modified_gmt":"2025-11-25T17:13:55","slug":"bieznia-skladana-nordictrack-t8-5s","status":"publish","type":"product","link":"https:\/\/bestfitnessstore.com\/pl\/product\/nordictrack-t8-5s-folding-treadmill\/","title":{"rendered":"Bie\u017cnia sk\u0142adana NordicTrack T8.5S"},"content":{"rendered":"<div class=\"product-attribute-container-desktop desktop-only\">\n<div class=\"additional-attributes-wrapper table-wrapper\">\n<h4>INFORMACJE O PRODUKCIE<\/h4>\n<div class=\"attributes-container\">\n<ul class=\"product-attributes-container\">\n<li><span class=\"specification-title\">Waga opakowania (KG):\u00a0<\/span><span class=\"specification-data\">116.000000<\/span><\/li>\n<li><span class=\"specification-title\">Metoda zasilania:\u00a0<\/span><span class=\"specification-data\">Sie\u0107 elektryczna<\/span><\/li>\n<li><span class=\"specification-title\">Bluetooth:\u00a0<\/span><span class=\"specification-data\">Tak<\/span><\/li>\n<li><span class=\"specification-title\">Maksymalna waga u\u017cytkownika (kg):\u00a0<\/span><span class=\"specification-data\">135,00 (kg)<\/span><\/li>\n<\/ul>\n<ul class=\"product-attributes-container\">\n<li><span class=\"specification-title\">Waga produktu (KG):\u00a0<\/span><span class=\"specification-data\">90<\/span><\/li>\n<li><span class=\"specification-title\">Integracja aplikacji:\u00a0<\/span><span class=\"specification-data\">iFIT<\/span><\/li>\n<li><span class=\"specification-title\">Sk\u0142adanie:\u00a0<\/span><span class=\"specification-data\">Tak<\/span><\/li>\n<li><span class=\"specification-title\">Wymiary pude\u0142ka (d\u0142. x szer. x wys.):\u00a0<\/span><span class=\"specification-data\">213 x 83 x 33 cm<\/span><\/li>\n<\/ul>\n<\/div>\n<\/div>\n<\/div>\n<div class=\"product-features\">\n<h4>DODATKOWE FUNKCJE<\/h4>\n<div class=\"more-container\">\n<div class=\"unshow-text\">\n<ul class=\"product-features-container\">\n<li><span class=\"specification-title\">Uk\u0142ad nap\u0119dowy:<\/span>\u00a0<span class=\"specification-data\">Silnik 3.0 CHP<\/span><\/li>\n<li><span class=\"specification-title\">Cyfrowe sterowanie QuickIncline\u2122:<\/span>\u00a0<span class=\"specification-data\">12%<\/span><\/li>\n<li><span class=\"specification-title\">Cyfrowe sterowanie QuickSpeed\u00ae:<\/span>\u00a0<span class=\"specification-data\">0-19 km\/h<\/span><\/li>\n<li><span class=\"specification-title\">Pas bie\u017cnika:<\/span>\u00a0<span class=\"specification-data\">51 x 140 cm<\/span><\/li>\n<li><span class=\"specification-title\">Amortyzacja Flex Select:<\/span>\u00a0<span class=\"specification-data\">Zmniejszenie wp\u0142ywu na stawy<\/span><\/li>\n<li><span class=\"specification-title\">Wy\u015bwietlacz:<\/span>\u00a0<span class=\"specification-data\">10-calowy kolorowy ekran dotykowy<\/span><\/li>\n<li><span class=\"specification-title\">IFIT Enabled:<\/span>\u00a0<span class=\"specification-data\">Wymagane cz\u0142onkostwo IFIT Pro<\/span><\/li>\n<li><span class=\"specification-title\">D\u017awi\u0119k:<\/span>\u00a0<span class=\"specification-data\">Podw\u00f3jne g\u0142o\u015bniki 2\u201d; kompatybilno\u015b\u0107 ze s\u0142uchawkami Bluetooth<\/span><\/li>\n<li><span class=\"specification-title\">Sk\u0142adana rama:<\/span>\u00a0<span class=\"specification-data\">Oszcz\u0119dno\u015b\u0107 miejsca na pod\u0142odze dzi\u0119ki systemowi Easy Lift Assist<\/span><\/li>\n<\/ul>\n<\/div>\n<\/div>\n<\/div>\n<div class=\"product-warranty\">\n<h4>GWARANCJA<\/h4>\n<div class=\"text-container\"><strong>Do u\u017cytku domowego:<\/strong>\u00a0Do\u017cywotnia gwarancja na ram\u0119, 10 lat na silnik, 2 lata na cz\u0119\u015bci i robocizn\u0119 (obowi\u0105zuj\u0105 warunki) pod warunkiem zarejestrowania produktu w ci\u0105gu 28 dni od zakupu. Standardowa gwarancja wynosi 12 miesi\u0119cy na cz\u0119\u015bci i robocizn\u0119. ICON jest producentem NordicTrack i Pro-Form. Poni\u017cej znajduje si\u0119 ich polityka gwarancyjna. ICON Health and Fitness, Inc. (ICON) gwarantuje, \u017ce ten produkt b\u0119dzie wolny od wad produkcyjnych i materia\u0142owych, w normalnych warunkach u\u017cytkowania i obs\u0142ugi, przez okres 12 miesi\u0119cy od daty pierwotnego zakupu. Uwaga: Przed\u0142u\u017cenie gwarancji mo\u017ce mie\u0107 zastosowanie do tego produktu pod warunkiem zarejestrowania si\u0119 w lokalnym centrum obs\u0142ugi klienta w ci\u0105gu 28 dni od zakupu. Aby zarejestrowa\u0107 ten produkt i zakwalifikowa\u0107 si\u0119 do przed\u0142u\u017cenia gwarancji, nale\u017cy wype\u0142ni\u0107 kart\u0119 rejestracyjn\u0105 gwarancji i wys\u0142a\u0107 j\u0105 wraz z dowodem zakupu na adres podany na tylnej ok\u0142adce niniejszej broszury lub zarejestrowa\u0107 si\u0119 online na stronie iconsupport.eu. Szczeg\u00f3\u0142owe informacje na temat przed\u0142u\u017cenia gwarancji i gwarancji producenta ICON s\u0105 dost\u0119pne na \u017c\u0105danie w lokalnym centrum obs\u0142ugi klienta lub online na stronie iconsupport.eu. Niniejsza gwarancja obejmuje wy\u0142\u0105cznie pierwotnego nabywc\u0119 (u\u017cytkownika) i nie podlega przeniesieniu. Gwarancja nie obejmuje: 1. normalnego zu\u017cycia; 2. wszelkich adaptacji lub zmian maj\u0105cych na celu ulepszenie tego produktu w stosunku do jego normalnego przeznaczenia opisanego w instrukcji obs\u0142ugi; 3. uszkodze\u0144 wynikaj\u0105cych z: a) transportu; b) nadu\u017cycia, niew\u0142a\u015bciwego u\u017cycia, nieprzestrzegania instrukcji lub niew\u0142a\u015bciwego lub nienormalnego u\u017cytkowania; c) u\u017cytkowania poza domem (w tym mi\u0119dzy innymi do cel\u00f3w komercyjnych, zawodowych lub wynajmu); d) napraw nie wykonanych przez autoryzowany serwis ICON; e) wypadk\u00f3w, uderzenia pioruna, zalania wod\u0105, po\u017caru lub innych przyczyn pozostaj\u0105cych poza kontrol\u0105 ICON; f) niew\u0142a\u015bciwej lokalizacji, w tym mi\u0119dzy innymi wilgotnego, zakurzonego lub zewn\u0119trznego \u015brodowiska (przyk\u0142ady: gara\u017ce, piwnice). ICON nie ponosi odpowiedzialno\u015bci za szkody po\u015brednie, specjalne lub wt\u00f3rne wynikaj\u0105ce z lub w zwi\u0105zku z u\u017cytkowaniem lub dzia\u0142aniem produktu lub szkody zwi\u0105zane z jak\u0105kolwiek strat\u0105 ekonomiczn\u0105, utrat\u0105 w\u0142asno\u015bci, utrat\u0105 przychod\u00f3w lub zysk\u00f3w, utrat\u0105 przyjemno\u015bci lub u\u017cytkowania lub kosztami usuni\u0119cia lub instalacji. Niniejsza gwarancja obejmuje produkty zakupione i u\u017cywane na terenie Unii Europejskiej, jednak nie wszystkie produkty s\u0105 dystrybuowane w ka\u017cdym kraju. Mo\u017ce to spowodowa\u0107 op\u00f3\u017anienia w obj\u0119ciu gwarancj\u0105, je\u015bli produkt zosta\u0142 zakupiony w innym kraju i nie jest obs\u0142ugiwany w kraju zamieszkania u\u017cytkownika. Mo\u017ce by\u0107 konieczne wykonanie naprawy w autoryzowanym centrum napraw ICON. ICON zastrzega sobie prawo do rozszerzenia lub zwi\u0119kszenia zakresu gwarancji. Gwarancja stanowi uzupe\u0142nienie i w \u017caden spos\u00f3b nie wp\u0142ywa na ustawowe prawa u\u017cytkownika wynikaj\u0105ce z obowi\u0105zuj\u0105cych przepis\u00f3w krajowych ani na prawa u\u017cytkownika wobec sprzedawcy wynikaj\u0105ce z umowy sprzeda\u017cy\/zakupu.<\/div>\n<\/div>\n<div class=\"product-next-day\">\n<h4>DOSTAWA EKSPRESOWA<\/h4>\n<div class=\"text-container\">Wiele z naszych produkt\u00f3w ma opcje dostawy ekspresowej i z wyznaczon\u0105 dat\u0105, co oznacza, \u017ce produkt zostanie dostarczony ju\u017c jutro lub w wybranym przez Ciebie terminie. Sprawd\u017a opcje dostawy przy kasie, aby zobaczy\u0107 dost\u0119pno\u015b\u0107 dla swojego koszyka i kodu pocztowego. Obowi\u0105zuj\u0105 warunki dostawy.<\/div>\n<\/div>","protected":false},"excerpt":{"rendered":"<p>Wyposa\u017cony w silnik o mocy 3,0 CHP, sk\u0142adany pas bie\u017cni NordicTrack T8.5S o wymiarach 51 x 140 cm jest w stanie osi\u0105gn\u0105\u0107 maksymaln\u0105 pr\u0119dko\u015b\u0107 19 km\/h i nachylenie do 12%, kt\u00f3re mo\u017cna \u0142atwo regulowa\u0107 podczas biegu za pomoc\u0105 cyfrowych szybkich element\u00f3w steruj\u0105cych. Bie\u017cnia zosta\u0142a wyposa\u017cona w system amortyzacji Flex Select Cushioning, kt\u00f3ry pozwala dostosowa\u0107 odczucia i szybko\u015b\u0107 reakcji pasa. 10-calowy kolorowy pojemno\u015bciowy wy\u015bwietlacz dotykowy obraca si\u0119, aby u\u0142atwi\u0107 przegl\u0105danie, i umo\u017cliwia strumieniowe przesy\u0142anie spalaj\u0105cych kalorie sesji studyjnych iFIT ze \u015bwiatowej klasy trenerami osobistymi, kt\u00f3rzy kontroluj\u0105 ustawienia urz\u0105dzenia w czasie rzeczywistym, aby zmaksymalizowa\u0107 trening. Dzi\u0119ki iFIT (wymagane cz\u0142onkostwo iFIT Pro) mo\u017cesz uzyska\u0107 dost\u0119p do ponad 16 000 trening\u00f3w na \u017c\u0105danie o ka\u017cdej porze dnia, trenuj\u0105c na ca\u0142ym \u015bwiecie dzi\u0119ki osza\u0142amiaj\u0105cym Google Maps\u2122. T8.5S korzysta r\u00f3wnie\u017c z technologii ActivePulse\u2122 (wymagana opaska SmartBeat), kt\u00f3ra automatycznie dostosowuje pr\u0119dko\u015b\u0107 i nachylenie, aby utrzyma\u0107 t\u0119tno w optymalnej strefie. Pod\u0105\u017caj za wskaz\u00f3wkami instruktora przez zintegrowane podw\u00f3jne 2-calowe g\u0142o\u015bniki, zachowuj\u0105c ch\u0142\u00f3d dzi\u0119ki wbudowanemu wentylatorowi treningowemu AutoBreeze\u2122. Oszcz\u0119dzaj\u0105ca miejsce konstrukcja T8.5S pozwala z \u0142atwo\u015bci\u0105 podnie\u015b\u0107 platform\u0119 po biegu, aby zmaksymalizowa\u0107 przestrze\u0144 na pod\u0142odze. Inne wa\u017cne funkcje obejmuj\u0105 tac\u0119 na akcesoria i precyzyjnie wywa\u017cone rolki o \u015brednicy 1,9 cala.<\/p>\n<div class=\"product-attribute-container-desktop desktop-only\">\n<div class=\"additional-attributes-wrapper table-wrapper\"><\/div>\n<\/div>","protected":false},"featured_media":1336,"comment_status":"open","ping_status":"closed","template":"","meta":{"site-sidebar-layout":"default","site-content-layout":"","ast-site-content-layout":"default","site-content-style":"default","site-sidebar-style":"default","ast-global-header-display":"","ast-banner-title-visibility":"","ast-main-header-display":"","ast-hfb-above-header-display":"","ast-hfb-below-header-display":"","ast-hfb-mobile-header-display":"","site-post-title":"","ast-breadcrumbs-content":"","ast-featured-img":"","footer-sml-layout":"","theme-transparent-header-meta":"default","adv-header-id-meta":"","stick-header-meta":"","header-above-stick-meta":"","header-main-stick-meta":"","header-below-stick-meta":"","astra-migrate-meta-layouts":"set","ast-page-background-enabled":"default","ast-page-background-meta":{"desktop":{"background-color":"var(--ast-global-color-5)","background-image":"","background-repeat":"repeat","background-position":"center center","background-size":"auto","background-attachment":"scroll","background-type":"","background-media":"","overlay-type":"","overlay-color":"","overlay-opacity":"","overlay-gradient":""},"tablet":{"background-color":"","background-image":"","background-repeat":"repeat","background-position":"center center","background-size":"auto","background-attachment":"scroll","background-type":"","background-media":"","overlay-type":"","overlay-color":"","overlay-opacity":"","overlay-gradient":""},"mobile":{"background-color":"","background-image":"","background-repeat":"repeat","background-position":"center center","background-size":"auto","background-attachment":"scroll","background-type":"","background-media":"","overlay-type":"","overlay-color":"","overlay-opacity":"","overlay-gradient":""}},"ast-content-background-meta":{"desktop":{"background-color":"var(--ast-global-color-4)","background-image":"","background-repeat":"repeat","background-position":"center center","background-size":"auto","background-attachment":"scroll","background-type":"","background-media":"","overlay-type":"","overlay-color":"","overlay-opacity":"","overlay-gradient":""},"tablet":{"background-color":"var(--ast-global-color-4)","background-image":"","background-repeat":"repeat","background-position":"center center","background-size":"auto","background-attachment":"scroll","background-type":"","background-media":"","overlay-type":"","overlay-color":"","overlay-opacity":"","overlay-gradient":""},"mobile":{"background-color":"var(--ast-global-color-4)","background-image":"","background-repeat":"repeat","background-position":"center center","background-size":"auto","background-attachment":"scroll","background-type":"","background-media":"","overlay-type":"","overlay-color":"","overlay-opacity":"","overlay-gradient":""}}},"product_brand":[],"product_cat":[21],"product_tag":[25],"class_list":{"0":"post-1331","1":"product","2":"type-product","3":"status-publish","4":"has-post-thumbnail","6":"product_cat-treadmills","7":"product_tag-treadmills","8":"desktop-align-left","9":"tablet-align-left","10":"mobile-align-left","12":"first","13":"instock","14":"sale","15":"taxable","16":"shipping-taxable","17":"purchasable","18":"product-type-simple"},"_links":{"self":[{"href":"https:\/\/bestfitnessstore.com\/pl\/wp-json\/wp\/v2\/product\/1331","targetHints":{"allow":["GET"]}}],"collection":[{"href":"https:\/\/bestfitnessstore.com\/pl\/wp-json\/wp\/v2\/product"}],"about":[{"href":"https:\/\/bestfitnessstore.com\/pl\/wp-json\/wp\/v2\/types\/product"}],"replies":[{"embeddable":true,"href":"https:\/\/bestfitnessstore.com\/pl\/wp-json\/wp\/v2\/comments?post=1331"}],"wp:featuredmedia":[{"embeddable":true,"href":"https:\/\/bestfitnessstore.com\/pl\/wp-json\/wp\/v2\/media\/1336"}],"wp:attachment":[{"href":"https:\/\/bestfitnessstore.com\/pl\/wp-json\/wp\/v2\/media?parent=1331"}],"wp:term":[{"taxonomy":"product_brand","embeddable":true,"href":"https:\/\/bestfitnessstore.com\/pl\/wp-json\/wp\/v2\/product_brand?post=1331"},{"taxonomy":"product_cat","embeddable":true,"href":"https:\/\/bestfitnessstore.com\/pl\/wp-json\/wp\/v2\/product_cat?post=1331"},{"taxonomy":"product_tag","embeddable":true,"href":"https:\/\/bestfitnessstore.com\/pl\/wp-json\/wp\/v2\/product_tag?post=1331"}],"curies":[{"name":"wp","href":"https:\/\/api.w.org\/{rel}","templated":true}]}}