{"id":1272,"date":"2025-11-25T16:10:33","date_gmt":"2025-11-25T16:10:33","guid":{"rendered":"https:\/\/bestfitnessstore.com\/?post_type=product&#038;p=1272"},"modified":"2025-11-25T16:10:33","modified_gmt":"2025-11-25T16:10:33","slug":"skladana-bieznia-matrix-fitness-tf50-z-konsola-xr","status":"publish","type":"product","link":"https:\/\/bestfitnessstore.com\/pl\/product\/matrix-fitness-tf50-folding-treadmill-with-xr-console\/","title":{"rendered":"Bie\u017cnia sk\u0142adana Matrix Fitness TF50 z konsol\u0105 XR"},"content":{"rendered":"<div class=\"product-attribute-container-desktop desktop-only\">\n<div class=\"additional-attributes-wrapper table-wrapper\">\n<h5>INFORMACJE O PRODUKCIE<\/h5>\n<div class=\"attributes-container\">\n<ul class=\"product-attributes-container\">\n<li><span class=\"specification-title\">Waga opakowania (KG):\u00a0<\/span><span class=\"specification-data\">156.400000<\/span><\/li>\n<li><span class=\"specification-title\">Metoda zasilania:\u00a0<\/span><span class=\"specification-data\">Sie\u0107 elektryczna<\/span><\/li>\n<li><span class=\"specification-title\">Uchwyt na tablet:\u00a0<\/span><span class=\"specification-data\">Tak<\/span><\/li>\n<li><span class=\"specification-title\">Sk\u0142adanie:\u00a0<\/span><span class=\"specification-data\">Tak<\/span><\/li>\n<li><span class=\"specification-title\">Maksymalna waga u\u017cytkownika (kg):\u00a0<\/span><span class=\"specification-data\">181,00 (kg)<\/span><\/li>\n<li><span class=\"specification-title\">K\u00f3\u0142ka transportowe:\u00a0<\/span><span class=\"specification-data\">Tak<\/span><\/li>\n<li><span class=\"specification-title\">Wymiary po z\u0142o\u017ceniu (d\u0142. x szer. x wys.):\u00a0<\/span><span class=\"specification-data\">106 x 91 x 192 cm<\/span><\/li>\n<\/ul>\n<ul class=\"product-attributes-container\">\n<li><span class=\"specification-title\">Waga produktu (KG):\u00a0<\/span><span class=\"specification-data\">138.50<\/span><\/li>\n<li><span class=\"specification-title\">Integracja aplikacji:\u00a0<\/span><span class=\"specification-data\">KinoMap, Zwift<\/span><\/li>\n<li><span class=\"specification-title\">Bluetooth:\u00a0<\/span><span class=\"specification-data\">Tak<\/span><\/li>\n<li><span class=\"specification-title\">Monitorowanie t\u0119tna:\u00a0<\/span><span class=\"specification-data\">Wbudowane czujniki i Bluetooth<\/span><\/li>\n<li><span class=\"specification-title\">Wbudowane programy:\u00a0<\/span><span class=\"specification-data\">R\u0119czny, Rolling Hills, Interwa\u0142y, Cel czasowy, Cel dystansowy, Cel kaloryczny, Docelowe t\u0119tno (pr\u0119dko\u015b\u0107), Docelowe t\u0119tno (nachylenie), Sprint 8, Niestandardowy<\/span><\/li>\n<li><span class=\"specification-title\">Wymiary produktu (d\u0142. x szer. x wys.):\u00a0<\/span><span class=\"specification-data\">206 x 91 x 158 cm<\/span><\/li>\n<\/ul>\n<\/div>\n<\/div>\n<\/div>\n<div class=\"product-features\">\n<h5>DODATKOWE FUNKCJE<\/h5>\n<div class=\"more-container\">\n<div class=\"unshow-text\">\n<ul class=\"product-features-container\">\n<li><span class=\"specification-title\">Silnik:<\/span>\u00a0<span class=\"specification-data\">Uk\u0142ad nap\u0119dowy Johnson o mocy ci\u0105g\u0142ej 3,25 KM<\/span><\/li>\n<li><span class=\"specification-title\">Pr\u0119dko\u015b\u0107:<\/span>\u00a0<span class=\"specification-data\">0,8 - 20 km\/h<\/span><\/li>\n<li><span class=\"specification-title\">Nachylenie:<\/span>\u00a0<span class=\"specification-data\">0-15%<\/span><\/li>\n<li><span class=\"specification-title\">Obszar dzia\u0142ania:<\/span>\u00a0<span class=\"specification-data\">51 x 152 cm<\/span><\/li>\n<li><span class=\"specification-title\">Grubo\u015b\u0107 ta\u015bmy\/pok\u0142adu:<\/span>\u00a0<span class=\"specification-data\">2-warstwowy, 2,2 mm \/ 25,4 mm<\/span><\/li>\n<li><span class=\"specification-title\">Konsola XR:<\/span>\u00a0<span class=\"specification-data\">8,5-calowy bardzo szeroki niebieski wy\u015bwietlacz LCD z p\u00f3\u0142k\u0105 do czytania, tryb oszcz\u0119dzania energii, \u0142\u0105czno\u015b\u0107 ViewFit (integracja z aplikacjami fitness)<\/span><\/li>\n<li><span class=\"specification-title\">Programy treningowe:<\/span>\u00a0<span class=\"specification-data\">5, w tym Sprint 8<\/span><\/li>\n<li><span class=\"specification-title\">Monitorowanie t\u0119tna:<\/span>\u00a0<span class=\"specification-data\">Uchwyty do pomiaru t\u0119tna na szynach bocznych<\/span><\/li>\n<li><span class=\"specification-title\">Ultimate Deck System:<\/span>\u00a0<span class=\"specification-data\">Wytrzyma\u0142a rama, bardzo gruby pok\u0142ad i amortyzacja klasy przemys\u0142owej<\/span><\/li>\n<li><span class=\"specification-title\">Akcesoria:<\/span>\u00a0<span class=\"specification-data\">Uchwyty na butelki z wod\u0105, stojak na urz\u0105dzenie, przyciski z mi\u0119kkim wyko\u0144czeniem, aluminiowe szyny boczne i 4-ko\u0142owy system transportowy.<\/span><\/li>\n<li><span class=\"specification-title\">Maksymalna waga u\u017cytkownika:<\/span>\u00a0<span class=\"specification-data\">181 kg \/ 400 funt\u00f3w<\/span><\/li>\n<li><span class=\"specification-title\">Wymiary produktu (d\u0142. x szer. x wys.):<\/span>\u00a0<span class=\"specification-data\">206 x 90 x 158 cm \/ 81\u201d x 35\u201d x 62\u201d<\/span><\/li>\n<li><span class=\"specification-title\">Wymiary po z\u0142o\u017ceniu (d\u0142. x szer. x wys.):<\/span>\u00a0<span class=\"specification-data\">106 x 90 x 192 cm \/ 42\u201d x 35\u201d x 76\u201d<\/span><\/li>\n<li><span class=\"specification-title\">Waga po z\u0142o\u017ceniu:<\/span>\u00a0<span class=\"specification-data\">138,5 kg<\/span><\/li>\n<\/ul>\n<\/div>\n<\/div>\n<\/div>\n<div class=\"product-warranty\">\n<h5>GWARANCJA<\/h5>\n<div class=\"text-container\"><strong>Do u\u017cytku domowego:<\/strong>\u00a0Dom- 10 lat silnik, 3 lata P\/L,<\/div>\n<\/div>","protected":false},"excerpt":{"rendered":"<p>Bie\u017cnia sk\u0142adana Matrix Fitness TF50 zapewnia zaawansowany trening domowy, kt\u00f3ry zapewni motywacj\u0119 i wygod\u0119. Wyposa\u017cona w system Ultimate Deck, bie\u017cnia posiada wytrzyma\u0142\u0105 ram\u0119, wyj\u0105tkowo gruby pok\u0142ad i amortyzacj\u0119 klasy przemys\u0142owej, zapewniaj\u0105c\u0105 zar\u00f3wno wsparcie, jak i trwa\u0142o\u015b\u0107. Wyposa\u017cona w system nap\u0119dowy Johnson o mocy 3,25 KM, pozostaje w idealnym rytmie, poniewa\u017c system ponownie kalibruje si\u0119 z ka\u017cdym krokiem, gdy osi\u0105gasz maksymaln\u0105 pr\u0119dko\u015b\u0107 20 km\/h i osi\u0105gasz nachylenie do 15%. Wszystko to na przestronnym pasie biegowym o wyd\u0142u\u017conej d\u0142ugo\u015bci 51 x 152 cm. W komplecie z konsol\u0105 XR mo\u017cesz z \u0142atwo\u015bci\u0105 przegl\u0105da\u0107 wszystkie statystyki treningu na jasnym 8,5-calowym wy\u015bwietlaczu LCD. Wbudowanych jest 5 program\u00f3w treningowych, w tym program Sprint 8 HIIT do intensywnego treningu w domu. Naci\u015bnij przycisk WiFi \u201dConnect &amp; Sync\u201c, aby pod\u0142\u0105czy\u0107 konsol\u0119 XR do domowej sieci bezprzewodowej w celu aktualizacji oprogramowania i \u0142\u0105czno\u015bci ViewFit, wysy\u0142aj\u0105c dane treningowe do aplikacji fitness i narz\u0119dzi, z kt\u00f3rych ju\u017c korzystasz (takich jak MyFitnessPal, Fitbit, Strava i inne). Sk\u0142adana bie\u017cnia TF50 ma wygodn\u0105 konstrukcj\u0119 oszcz\u0119dzaj\u0105c\u0105 miejsce, umo\u017cliwiaj\u0105c\u0105 przechowywanie urz\u0105dzenia w pozycji pionowej, gdy nie jest u\u017cywane. Posiada r\u00f3wnie\u017c bezprzewodowy pomiar t\u0119tna (za pomoc\u0105 kontaktowych czujnik\u00f3w t\u0119tna), uchwyty na butelki z wod\u0105, stojak na urz\u0105dzenie, mi\u0119kkie w dotyku przyciski, aluminiowe szyny boczne i 4-ko\u0142owy system transportowy.<\/p>\n<div class=\"product-attribute-container-desktop desktop-only\">\n<div class=\"additional-attributes-wrapper table-wrapper\"><\/div>\n<\/div>","protected":false},"featured_media":1276,"comment_status":"open","ping_status":"closed","template":"","meta":{"site-sidebar-layout":"default","site-content-layout":"","ast-site-content-layout":"default","site-content-style":"default","site-sidebar-style":"default","ast-global-header-display":"","ast-banner-title-visibility":"","ast-main-header-display":"","ast-hfb-above-header-display":"","ast-hfb-below-header-display":"","ast-hfb-mobile-header-display":"","site-post-title":"","ast-breadcrumbs-content":"","ast-featured-img":"","footer-sml-layout":"","theme-transparent-header-meta":"default","adv-header-id-meta":"","stick-header-meta":"","header-above-stick-meta":"","header-main-stick-meta":"","header-below-stick-meta":"","astra-migrate-meta-layouts":"set","ast-page-background-enabled":"default","ast-page-background-meta":{"desktop":{"background-color":"var(--ast-global-color-5)","background-image":"","background-repeat":"repeat","background-position":"center center","background-size":"auto","background-attachment":"scroll","background-type":"","background-media":"","overlay-type":"","overlay-color":"","overlay-opacity":"","overlay-gradient":""},"tablet":{"background-color":"","background-image":"","background-repeat":"repeat","background-position":"center center","background-size":"auto","background-attachment":"scroll","background-type":"","background-media":"","overlay-type":"","overlay-color":"","overlay-opacity":"","overlay-gradient":""},"mobile":{"background-color":"","background-image":"","background-repeat":"repeat","background-position":"center center","background-size":"auto","background-attachment":"scroll","background-type":"","background-media":"","overlay-type":"","overlay-color":"","overlay-opacity":"","overlay-gradient":""}},"ast-content-background-meta":{"desktop":{"background-color":"var(--ast-global-color-4)","background-image":"","background-repeat":"repeat","background-position":"center center","background-size":"auto","background-attachment":"scroll","background-type":"","background-media":"","overlay-type":"","overlay-color":"","overlay-opacity":"","overlay-gradient":""},"tablet":{"background-color":"var(--ast-global-color-4)","background-image":"","background-repeat":"repeat","background-position":"center center","background-size":"auto","background-attachment":"scroll","background-type":"","background-media":"","overlay-type":"","overlay-color":"","overlay-opacity":"","overlay-gradient":""},"mobile":{"background-color":"var(--ast-global-color-4)","background-image":"","background-repeat":"repeat","background-position":"center center","background-size":"auto","background-attachment":"scroll","background-type":"","background-media":"","overlay-type":"","overlay-color":"","overlay-opacity":"","overlay-gradient":""}}},"product_brand":[],"product_cat":[21],"product_tag":[25],"class_list":{"0":"post-1272","1":"product","2":"type-product","3":"status-publish","4":"has-post-thumbnail","6":"product_cat-treadmills","7":"product_tag-treadmills","8":"desktop-align-left","9":"tablet-align-left","10":"mobile-align-left","12":"first","13":"instock","14":"sale","15":"taxable","16":"shipping-taxable","17":"purchasable","18":"product-type-simple"},"_links":{"self":[{"href":"https:\/\/bestfitnessstore.com\/pl\/wp-json\/wp\/v2\/product\/1272","targetHints":{"allow":["GET"]}}],"collection":[{"href":"https:\/\/bestfitnessstore.com\/pl\/wp-json\/wp\/v2\/product"}],"about":[{"href":"https:\/\/bestfitnessstore.com\/pl\/wp-json\/wp\/v2\/types\/product"}],"replies":[{"embeddable":true,"href":"https:\/\/bestfitnessstore.com\/pl\/wp-json\/wp\/v2\/comments?post=1272"}],"wp:featuredmedia":[{"embeddable":true,"href":"https:\/\/bestfitnessstore.com\/pl\/wp-json\/wp\/v2\/media\/1276"}],"wp:attachment":[{"href":"https:\/\/bestfitnessstore.com\/pl\/wp-json\/wp\/v2\/media?parent=1272"}],"wp:term":[{"taxonomy":"product_brand","embeddable":true,"href":"https:\/\/bestfitnessstore.com\/pl\/wp-json\/wp\/v2\/product_brand?post=1272"},{"taxonomy":"product_cat","embeddable":true,"href":"https:\/\/bestfitnessstore.com\/pl\/wp-json\/wp\/v2\/product_cat?post=1272"},{"taxonomy":"product_tag","embeddable":true,"href":"https:\/\/bestfitnessstore.com\/pl\/wp-json\/wp\/v2\/product_tag?post=1272"}],"curies":[{"name":"wp","href":"https:\/\/api.w.org\/{rel}","templated":true}]}}