{"id":1059,"date":"2025-11-25T09:28:06","date_gmt":"2025-11-25T09:28:06","guid":{"rendered":"https:\/\/bestfitnessstore.com\/?post_type=product&#038;p=1059"},"modified":"2025-11-25T09:28:06","modified_gmt":"2025-11-25T09:28:06","slug":"life-fitness-maszyna-do-wioslowania-z-wyswietlaczem-lcd","status":"publish","type":"product","link":"https:\/\/bestfitnessstore.com\/pl\/product\/life-fitness-heat-rowing-machine-lcd\/","title":{"rendered":"Wio\u015blarz Life Fitness Heat LCD"},"content":{"rendered":"<div id=\"fullDescription\" class=\"full-description\">\n<div class=\"text-container\">\n<div class=\"product-attribute-container-desktop desktop-only\">\n<div class=\"additional-attributes-wrapper table-wrapper\">\n<h4>INFORMACJE O PRODUKCIE<\/h4>\n<div class=\"attributes-container\">\n<ul class=\"product-attributes-container\">\n<li><span class=\"specification-title\">Waga opakowania (KG):\u00a0<\/span><span class=\"specification-data\">65.000000<\/span><\/li>\n<\/ul>\n<\/div>\n<\/div>\n<\/div>\n<div class=\"product-features\">\n<h4>DODATKOWE FUNKCJE<\/h4>\n<div class=\"more-container\">\n<div class=\"unshow-text\">\n<ul class=\"product-features-container\">\n<li><span class=\"specification-title\">Konsola:<\/span>\u00a0<span class=\"specification-data\">Konsola LCD<\/span><\/li>\n<li><span class=\"specification-title\">\u0141\u0105czno\u015b\u0107:<\/span>\u00a0<span class=\"specification-data\">Polarny\/analogowy<\/span><\/li>\n<li><span class=\"specification-title\">Programy treningowe:<\/span>\u00a0<span class=\"specification-data\">Szybki start; Interwa\u0142 30-30; Interwa\u0142 60-60; Interwa\u0142 niestandardowy; Docelowy czas, kalorie, dystans, t\u0119tno<\/span><\/li>\n<li><span class=\"specification-title\">Dane treningowe:<\/span>\u00a0<span class=\"specification-data\">Czas, dystans, SPM, czas podzia\u0142u na 500 metr\u00f3w, poziom oporu, kalorie, waty, t\u0119tno<\/span><\/li>\n<li><span class=\"specification-title\">Pomiar mocy (WATT):<\/span>\u00a0<span class=\"specification-data\">Miernik mocy WattRate<\/span><\/li>\n<li><span class=\"specification-title\">Technologia odporno\u015bci:<\/span>\u00a0<span class=\"specification-data\">Statyczne powietrze i magnes za pomoc\u0105 pokr\u0119t\u0142a 300\u00b0<\/span><\/li>\n<li><span class=\"specification-title\">Poziomy oporu:<\/span>\u00a0<span class=\"specification-data\">100<\/span><\/li>\n<li><span class=\"specification-title\">Uk\u0142ad nap\u0119dowy:<\/span>\u00a0<span class=\"specification-data\">Ta\u015bma Poly-V<\/span><\/li>\n<li><span class=\"specification-title\">Mechanizm ci\u0105gn\u0105cy:<\/span>\u00a0<span class=\"specification-data\">\u0141a\u0144cuch<\/span><\/li>\n<li><span class=\"specification-title\">Kierownica:<\/span>\u00a0<span class=\"specification-data\">Ergonomiczny uchwyt<\/span><\/li>\n<li><span class=\"specification-title\">Pasek na stop\u0119:<\/span>\u00a0<span class=\"specification-data\">Mechanizm regulacji zapadkowej<\/span><\/li>\n<li><span class=\"specification-title\">Zasilanie konsoli:<\/span>\u00a0<span class=\"specification-data\">Akumulatory 2D<\/span><\/li>\n<li><span class=\"specification-title\">Kolor ramy\/szyny:<\/span>\u00a0<span class=\"specification-data\">Czarny w\u0119giel drzewny<\/span><\/li>\n<li><span class=\"specification-title\">Materia\u0142 ramy:<\/span>\u00a0<span class=\"specification-data\">Stal<\/span><\/li>\n<li><span class=\"specification-title\">Materia\u0142 szyny:<\/span>\u00a0<span class=\"specification-data\">Aluminium<\/span><\/li>\n<li><span class=\"specification-title\">Uchwyt na telefon:<\/span>\u00a0<span class=\"specification-data\">Tak<\/span><\/li>\n<li><span class=\"specification-title\">Uchwyt transportowy:<\/span>\u00a0<span class=\"specification-data\">Tak<\/span><\/li>\n<li><span class=\"specification-title\">K\u00f3\u0142ka transportowe:<\/span>\u00a0<span class=\"specification-data\">2<\/span><\/li>\n<li><span class=\"specification-title\">Maksymalna waga u\u017cytkownika:<\/span>\u00a0<span class=\"specification-data\">330 funt\u00f3w (150 kg)<\/span><\/li>\n<li><span class=\"specification-title\">Waga po z\u0142o\u017ceniu:<\/span>\u00a0<span class=\"specification-data\">134 funty (61 kg)<\/span><\/li>\n<li><span class=\"specification-title\">Wymiary po z\u0142o\u017ceniu:<\/span>\u00a0<span class=\"specification-data\">85\u201d x 28\u201d x 47\u201d (216 cm x 71 cm x 120 cm)<\/span><\/li>\n<li><span class=\"specification-title\">Odleg\u0142o\u015b\u0107 - od siedzenia do szyny:<\/span>\u00a0<span class=\"specification-data\">2,4\u201d (6 cm)<\/span><\/li>\n<li><span class=\"specification-title\">Odleg\u0142o\u015b\u0107 od siedzenia do pod\u0142ogi:<\/span>\u00a0<span class=\"specification-data\">17,7\u201d (45 cm)<\/span><\/li>\n<li><span class=\"specification-title\">Uwaga:<\/span>\u00a0<span class=\"specification-data\">Czas realizacji zam\u00f3wienia wynosi 4 tygodnie<\/span><\/li>\n<\/ul>\n<\/div>\n<\/div>\n<\/div>\n<div class=\"product-warranty\">\n<h4>GWARANCJA<\/h4>\n<div class=\"text-container\"><strong>Do u\u017cytku domowego i lekkiego\/komercyjnego:<\/strong>\u00a03 lata na cz\u0119\u015bci i robocizn\u0119 (domowe), 2 lata na cz\u0119\u015bci i robocizn\u0119 (komercyjne)<\/div>\n<\/div>\n<\/div>\n<\/div>","protected":false},"excerpt":{"rendered":"<div id=\"fullDescription\" class=\"full-description\">\n<div class=\"text-container\">Life Fitness przesun\u0119\u0142o granice, aby stworzy\u0107 usprawniony wio\u015blarz, kt\u00f3ry pomaga \u0107wicz\u0105cym przekroczy\u0107 ich granice. Zaprojektowany z po\u0142\u0105czonym systemem oporu powietrznego i magnetycznego, wio\u015blarz Life Fitness Heat LCD zapewnia 100 poziom\u00f3w oporu, regulowanych za pomoc\u0105 pokr\u0119t\u0142a oporu 300\u00b0, kt\u00f3re pozwalaj\u0105 \u0107wicz\u0105cym dostosowa\u0107 trening do dowolnego poziomu intensywno\u015bci. Intuicyjna konsola LCD pozwala instruktorom zoptymalizowa\u0107 trening w ma\u0142ych grupach i umo\u017cliwia \u0107wicz\u0105cym \u0142atwy samodzielny trening dzi\u0119ki prostym programom, w tym treningom docelowym, dystansowi, czasowi, kaloriom i interwa\u0142om. Ta \u0142atwa w u\u017cyciu konsola cyfrowa uruchamia si\u0119 w trybie Quick Start, daj\u0105c \u0107wicz\u0105cym mo\u017cliwo\u015b\u0107 szybkiego rozpocz\u0119cia treningu bez przerywania. Stworzony z my\u015bl\u0105 o \u0107wicz\u0105cych, Heat Row oferuje wiele inteligentnych rozwi\u0105za\u0144 projektowych zapewniaj\u0105cych przyjemne wra\u017cenia treningowe. Uchwyt na telefon kom\u00f3rkowy znajduje si\u0119 nad ekranem LCD, aby pozosta\u0107 w kontakcie podczas treningu, a wbudowany system prowadnic rolkowych i szybko zwalniany pasek na stopy zapewniaj\u0105 stabilno\u015b\u0107 i stabilno\u015b\u0107 podczas wios\u0142owania. Heat Row jest r\u00f3wnie\u017c \u0142atwy w transporcie dzi\u0119ki ukrytemu uchwytowi wewn\u0105trz pokrywy ko\u0144cowej i przednim k\u00f3\u0142kom transportowym.&nbsp;<\/p>\n<\/div>\n<\/div>\n<div class=\"product-attribute-container-desktop desktop-only\">\n<div class=\"additional-attributes-wrapper table-wrapper\"><\/div>\n<\/div>","protected":false},"featured_media":1061,"comment_status":"open","ping_status":"closed","template":"","meta":{"site-sidebar-layout":"default","site-content-layout":"","ast-site-content-layout":"default","site-content-style":"default","site-sidebar-style":"default","ast-global-header-display":"","ast-banner-title-visibility":"","ast-main-header-display":"","ast-hfb-above-header-display":"","ast-hfb-below-header-display":"","ast-hfb-mobile-header-display":"","site-post-title":"","ast-breadcrumbs-content":"","ast-featured-img":"","footer-sml-layout":"","theme-transparent-header-meta":"default","adv-header-id-meta":"","stick-header-meta":"","header-above-stick-meta":"","header-main-stick-meta":"","header-below-stick-meta":"","astra-migrate-meta-layouts":"set","ast-page-background-enabled":"default","ast-page-background-meta":{"desktop":{"background-color":"var(--ast-global-color-5)","background-image":"","background-repeat":"repeat","background-position":"center center","background-size":"auto","background-attachment":"scroll","background-type":"","background-media":"","overlay-type":"","overlay-color":"","overlay-opacity":"","overlay-gradient":""},"tablet":{"background-color":"","background-image":"","background-repeat":"repeat","background-position":"center center","background-size":"auto","background-attachment":"scroll","background-type":"","background-media":"","overlay-type":"","overlay-color":"","overlay-opacity":"","overlay-gradient":""},"mobile":{"background-color":"","background-image":"","background-repeat":"repeat","background-position":"center center","background-size":"auto","background-attachment":"scroll","background-type":"","background-media":"","overlay-type":"","overlay-color":"","overlay-opacity":"","overlay-gradient":""}},"ast-content-background-meta":{"desktop":{"background-color":"var(--ast-global-color-4)","background-image":"","background-repeat":"repeat","background-position":"center center","background-size":"auto","background-attachment":"scroll","background-type":"","background-media":"","overlay-type":"","overlay-color":"","overlay-opacity":"","overlay-gradient":""},"tablet":{"background-color":"var(--ast-global-color-4)","background-image":"","background-repeat":"repeat","background-position":"center center","background-size":"auto","background-attachment":"scroll","background-type":"","background-media":"","overlay-type":"","overlay-color":"","overlay-opacity":"","overlay-gradient":""},"mobile":{"background-color":"var(--ast-global-color-4)","background-image":"","background-repeat":"repeat","background-position":"center center","background-size":"auto","background-attachment":"scroll","background-type":"","background-media":"","overlay-type":"","overlay-color":"","overlay-opacity":"","overlay-gradient":""}}},"product_brand":[],"product_cat":[20],"product_tag":[24],"class_list":{"0":"post-1059","1":"product","2":"type-product","3":"status-publish","4":"has-post-thumbnail","6":"product_cat-rowing-machine","7":"product_tag-rowing-machines","8":"desktop-align-left","9":"tablet-align-left","10":"mobile-align-left","12":"first","13":"instock","14":"sale","15":"taxable","16":"shipping-taxable","17":"purchasable","18":"product-type-simple"},"_links":{"self":[{"href":"https:\/\/bestfitnessstore.com\/pl\/wp-json\/wp\/v2\/product\/1059","targetHints":{"allow":["GET"]}}],"collection":[{"href":"https:\/\/bestfitnessstore.com\/pl\/wp-json\/wp\/v2\/product"}],"about":[{"href":"https:\/\/bestfitnessstore.com\/pl\/wp-json\/wp\/v2\/types\/product"}],"replies":[{"embeddable":true,"href":"https:\/\/bestfitnessstore.com\/pl\/wp-json\/wp\/v2\/comments?post=1059"}],"wp:featuredmedia":[{"embeddable":true,"href":"https:\/\/bestfitnessstore.com\/pl\/wp-json\/wp\/v2\/media\/1061"}],"wp:attachment":[{"href":"https:\/\/bestfitnessstore.com\/pl\/wp-json\/wp\/v2\/media?parent=1059"}],"wp:term":[{"taxonomy":"product_brand","embeddable":true,"href":"https:\/\/bestfitnessstore.com\/pl\/wp-json\/wp\/v2\/product_brand?post=1059"},{"taxonomy":"product_cat","embeddable":true,"href":"https:\/\/bestfitnessstore.com\/pl\/wp-json\/wp\/v2\/product_cat?post=1059"},{"taxonomy":"product_tag","embeddable":true,"href":"https:\/\/bestfitnessstore.com\/pl\/wp-json\/wp\/v2\/product_tag?post=1059"}],"curies":[{"name":"wp","href":"https:\/\/api.w.org\/{rel}","templated":true}]}}