{"id":888,"date":"2025-11-24T13:39:28","date_gmt":"2025-11-24T13:39:28","guid":{"rendered":"https:\/\/bestfitnessstore.com\/?post_type=product&#038;p=888"},"modified":"2025-11-24T13:39:28","modified_gmt":"2025-11-24T13:39:28","slug":"shua-x5-b6500u-upright-exercise-bike","status":"publish","type":"product","link":"https:\/\/bestfitnessstore.com\/it\/product\/shua-x5-b6500u-upright-exercise-bike\/","title":{"rendered":"Cyclette verticale SHUA X5 B6500U"},"content":{"rendered":"<div class=\"product-attribute-container-desktop desktop-only\">\n<div class=\"additional-attributes-wrapper table-wrapper\">\n<h4>INFORMAZIONI SUL PRODOTTO<\/h4>\n<div class=\"attributes-container\">\n<ul class=\"product-attributes-container\">\n<li><span class=\"specification-title\">Peso della confezione (KG):\u00a0<\/span><span class=\"specification-data\">59.250000<\/span><\/li>\n<li><span class=\"specification-title\">Metodo di alimentazione:\u00a0<\/span><span class=\"specification-data\">Rete elettrica<\/span><\/li>\n<li><span class=\"specification-title\">Regolazione del telaio:\u00a0<\/span><span class=\"specification-data\">Sella su e gi\u00f9<\/span><\/li>\n<li><span class=\"specification-title\">Ruote di trasporto:\u00a0<\/span><span class=\"specification-data\">S\u00ec<\/span><\/li>\n<li><span class=\"specification-title\">Altezza massima dell'utente (cm):\u00a0<\/span><span class=\"specification-data\">210<\/span><\/li>\n<li><span class=\"specification-title\">Peso del volano (KG):\u00a0<\/span><span class=\"specification-data\">7<\/span><\/li>\n<li><span class=\"specification-title\">Peso massimo dell'utente (kg):\u00a0<\/span><span class=\"specification-data\">150,00 (Kg)<\/span><\/li>\n<\/ul>\n<ul class=\"product-attributes-container\">\n<li><span class=\"specification-title\">Peso del prodotto (KG):\u00a0<\/span><span class=\"specification-data\">50<\/span><\/li>\n<li><span class=\"specification-title\">Pedali:\u00a0<\/span><span class=\"specification-data\">Cinghia<\/span><\/li>\n<li><span class=\"specification-title\">Tipo di ciclo:\u00a0<\/span><span class=\"specification-data\">Montante<\/span><\/li>\n<li><span class=\"specification-title\">Altezza minima dell'utente (cm):\u00a0<\/span><span class=\"specification-data\">150<\/span><\/li>\n<li><span class=\"specification-title\">Sistema di resistenza:\u00a0<\/span><span class=\"specification-data\">Magnetico<\/span><\/li>\n<li><span class=\"specification-title\">Monitoraggio della frequenza cardiaca:\u00a0<\/span><span class=\"specification-data\">Sensori integrati<\/span><\/li>\n<li><span class=\"specification-title\">Dimensioni del prodotto (LxLxH):\u00a0<\/span><span class=\"specification-data\">113 x 62.50 x 147.50 cm<\/span><\/li>\n<\/ul>\n<\/div>\n<\/div>\n<\/div>\n<div class=\"product-features\">\n<h4>CARATTERISTICHE AGGIUNTIVE<\/h4>\n<div class=\"more-container\">\n<div class=\"unshow-text\">\n<ul class=\"product-features-container\">\n<li><span class=\"specification-title\">Console:<\/span>\u00a0<span class=\"specification-data\">7\u201d LCD<\/span><\/li>\n<li><span class=\"specification-title\">Volano:<\/span>\u00a0<span class=\"specification-data\">7 kg electromagnetic control flywheel<\/span><\/li>\n<li><span class=\"specification-title\">Livelli di resistenza:<\/span>\u00a0<span class=\"specification-data\">24-level resistance adjustment<\/span><\/li>\n<li><span class=\"specification-title\">PU Foam Seat:<\/span>\u00a0<span class=\"specification-data\">Soft and comfortable, even for longer rides<\/span><\/li>\n<li><span class=\"specification-title\">Manubrio:<\/span>\u00a0<span class=\"specification-data\">Forearm rests, hand pulse sensors, resistance buttons<\/span><\/li>\n<\/ul>\n<\/div>\n<\/div>\n<\/div>\n<div class=\"product-warranty\">\n<h4>GARANZIA<\/h4>\n<div class=\"text-container\"><strong>Uso domestico e commerciale leggero:<\/strong>\u00a03 anni di parti e manodopera per uso domestico, 1 anno in ambienti commerciali leggeri. La garanzia non copre i danni o i guasti dovuti a una collocazione impropria, compresi, ma non solo, gli ambienti umidi, polverosi o esterni. Ad esempio, garage e cantine, ecc.<\/p>\n<\/div>\n<\/div>\n<div class=\"product-next-day\">\n<h4>CONSEGNA ESPRESSA<\/h4>\n<div class=\"text-container\">Per molti dei nostri prodotti sono disponibili opzioni di consegna espressa e a data prestabilita, il che significa che il prodotto verr\u00e0 consegnato gi\u00e0 domani o nella data prescelta che pi\u00f9 vi aggrada. Controllare le opzioni di consegna al momento del checkout per verificare la disponibilit\u00e0 per il proprio carrello e codice postale. Si applicano i termini di consegna.<\/div>\n<\/div>","protected":false},"excerpt":{"rendered":"<p>Housing a 7kg electromagnetic control flywheel, the SHUA X5 B6500U Upright Exercise Bike is smooth and stable, no matter the speed you\u2019re pedalling at. It has 24 levels of resistance\u2014perfect for all users\u2014with each change fast and precise. Resistance is easily adjustable mid-workout, with buttons on top of the handlebars for quick changes. The handlebars also incorporate comfortable forearm rests and hand pulse sensors for heart rate monitoring. The B6500U has a PU foam one-piece cushion that\u2019s soft and comfortable, even for long rides. The seat can be adjusted up and down to suit users of all heights. A 7-inch LCD display shows you all the metrics you need to see, and benefits from MP3 interface, a USB charging port, 2.0 high-fidelity audio and an integrated workout fan. The frame of the bike also incorporates front transport wheels that make it easy to move around the gym floor, and levelling adjustment feet to make your ride more stable.<\/p>\n<div class=\"product-attribute-container-desktop desktop-only\">\n<div class=\"additional-attributes-wrapper table-wrapper\"><\/div>\n<\/div>","protected":false},"featured_media":892,"comment_status":"open","ping_status":"closed","template":"","meta":{"site-sidebar-layout":"default","site-content-layout":"","ast-site-content-layout":"default","site-content-style":"default","site-sidebar-style":"default","ast-global-header-display":"","ast-banner-title-visibility":"","ast-main-header-display":"","ast-hfb-above-header-display":"","ast-hfb-below-header-display":"","ast-hfb-mobile-header-display":"","site-post-title":"","ast-breadcrumbs-content":"","ast-featured-img":"","footer-sml-layout":"","theme-transparent-header-meta":"default","adv-header-id-meta":"","stick-header-meta":"","header-above-stick-meta":"","header-main-stick-meta":"","header-below-stick-meta":"","astra-migrate-meta-layouts":"set","ast-page-background-enabled":"default","ast-page-background-meta":{"desktop":{"background-color":"var(--ast-global-color-5)","background-image":"","background-repeat":"repeat","background-position":"center center","background-size":"auto","background-attachment":"scroll","background-type":"","background-media":"","overlay-type":"","overlay-color":"","overlay-opacity":"","overlay-gradient":""},"tablet":{"background-color":"","background-image":"","background-repeat":"repeat","background-position":"center center","background-size":"auto","background-attachment":"scroll","background-type":"","background-media":"","overlay-type":"","overlay-color":"","overlay-opacity":"","overlay-gradient":""},"mobile":{"background-color":"","background-image":"","background-repeat":"repeat","background-position":"center center","background-size":"auto","background-attachment":"scroll","background-type":"","background-media":"","overlay-type":"","overlay-color":"","overlay-opacity":"","overlay-gradient":""}},"ast-content-background-meta":{"desktop":{"background-color":"var(--ast-global-color-4)","background-image":"","background-repeat":"repeat","background-position":"center center","background-size":"auto","background-attachment":"scroll","background-type":"","background-media":"","overlay-type":"","overlay-color":"","overlay-opacity":"","overlay-gradient":""},"tablet":{"background-color":"var(--ast-global-color-4)","background-image":"","background-repeat":"repeat","background-position":"center center","background-size":"auto","background-attachment":"scroll","background-type":"","background-media":"","overlay-type":"","overlay-color":"","overlay-opacity":"","overlay-gradient":""},"mobile":{"background-color":"var(--ast-global-color-4)","background-image":"","background-repeat":"repeat","background-position":"center center","background-size":"auto","background-attachment":"scroll","background-type":"","background-media":"","overlay-type":"","overlay-color":"","overlay-opacity":"","overlay-gradient":""}}},"product_brand":[],"product_cat":[19],"product_tag":[22],"class_list":{"0":"post-888","1":"product","2":"type-product","3":"status-publish","4":"has-post-thumbnail","6":"product_cat-excise-bikes","7":"product_tag-exercise-bikes","8":"desktop-align-left","9":"tablet-align-left","10":"mobile-align-left","12":"first","13":"instock","14":"sale","15":"taxable","16":"shipping-taxable","17":"purchasable","18":"product-type-simple"},"_links":{"self":[{"href":"https:\/\/bestfitnessstore.com\/it\/wp-json\/wp\/v2\/product\/888","targetHints":{"allow":["GET"]}}],"collection":[{"href":"https:\/\/bestfitnessstore.com\/it\/wp-json\/wp\/v2\/product"}],"about":[{"href":"https:\/\/bestfitnessstore.com\/it\/wp-json\/wp\/v2\/types\/product"}],"replies":[{"embeddable":true,"href":"https:\/\/bestfitnessstore.com\/it\/wp-json\/wp\/v2\/comments?post=888"}],"wp:featuredmedia":[{"embeddable":true,"href":"https:\/\/bestfitnessstore.com\/it\/wp-json\/wp\/v2\/media\/892"}],"wp:attachment":[{"href":"https:\/\/bestfitnessstore.com\/it\/wp-json\/wp\/v2\/media?parent=888"}],"wp:term":[{"taxonomy":"product_brand","embeddable":true,"href":"https:\/\/bestfitnessstore.com\/it\/wp-json\/wp\/v2\/product_brand?post=888"},{"taxonomy":"product_cat","embeddable":true,"href":"https:\/\/bestfitnessstore.com\/it\/wp-json\/wp\/v2\/product_cat?post=888"},{"taxonomy":"product_tag","embeddable":true,"href":"https:\/\/bestfitnessstore.com\/it\/wp-json\/wp\/v2\/product_tag?post=888"}],"curies":[{"name":"wp","href":"https:\/\/api.w.org\/{rel}","templated":true}]}}