{"id":844,"date":"2025-11-24T12:16:13","date_gmt":"2025-11-24T12:16:13","guid":{"rendered":"https:\/\/bestfitnessstore.com\/?post_type=product&#038;p=844"},"modified":"2025-11-24T12:16:14","modified_gmt":"2025-11-24T12:16:14","slug":"proform-pro-trainer-500-indoor-cycle","status":"publish","type":"product","link":"https:\/\/bestfitnessstore.com\/it\/product\/proform-pro-trainer-500-indoor-cycle\/","title":{"rendered":"ProForm Pro Trainer 500 Indoor Cycle"},"content":{"rendered":"<div class=\"product-attribute-container-desktop desktop-only\">\n<div class=\"additional-attributes-wrapper table-wrapper\">\n<h4>INFORMAZIONI SUL PRODOTTO<\/h4>\n<div class=\"attributes-container\">\n<ul class=\"product-attributes-container\">\n<li><span class=\"specification-title\">Peso della confezione (KG):\u00a0<\/span><span class=\"specification-data\">47.000000<\/span><\/li>\n<li><span class=\"specification-title\">Integrazione delle app:\u00a0<\/span><span class=\"specification-data\">iFIT<\/span><\/li>\n<li><span class=\"specification-title\">Tipo di ciclo:\u00a0<\/span><span class=\"specification-data\">Pilota<\/span><\/li>\n<li><span class=\"specification-title\">Sistema di resistenza:\u00a0<\/span><span class=\"specification-data\">Magnetico<\/span><\/li>\n<li><span class=\"specification-title\">Peso massimo dell'utente (kg):\u00a0<\/span><span class=\"specification-data\">115,00 (Kg)<\/span><\/li>\n<\/ul>\n<ul class=\"product-attributes-container\">\n<li><span class=\"specification-title\">Metodo di alimentazione:\u00a0<\/span><span class=\"specification-data\">Rete elettrica<\/span><\/li>\n<li><span class=\"specification-title\">Supporto per tablet:\u00a0<\/span><span class=\"specification-data\">S\u00ec<\/span><\/li>\n<li><span class=\"specification-title\">Ruote di trasporto:\u00a0<\/span><span class=\"specification-data\">S\u00ec<\/span><\/li>\n<li><span class=\"specification-title\">Peso del volano (KG):\u00a0<\/span><span class=\"specification-data\">11<\/span><\/li>\n<li><span class=\"specification-title\">Dimensioni della scatola (LxLxH):\u00a0<\/span><span class=\"specification-data\">105 x 25 x 80 cm<\/span><\/li>\n<\/ul>\n<\/div>\n<\/div>\n<\/div>\n<div class=\"product-features\">\n<h4>CARATTERISTICHE AGGIUNTIVE<\/h4>\n<div class=\"more-container\">\n<div class=\"unshow-text\">\n<ul class=\"product-features-container\">\n<li><span class=\"specification-title\">SMR\u2122 Resistenza magnetica silenziosa:<\/span>\u00a0<span class=\"specification-data\">16 livelli digitali<\/span><\/li>\n<li><span class=\"specification-title\">Display:<\/span>\u00a0<span class=\"specification-data\">Display LCD a 1 finestra<\/span><\/li>\n<li><span class=\"specification-title\">Sella:<\/span>\u00a0<span class=\"specification-data\">Sella ergonomica e imbottita. Regolabile in verticale e in orizzontale<\/span><\/li>\n<li><span class=\"specification-title\">Manubrio:<\/span>\u00a0<span class=\"specification-data\">Manubrio antiscivolo e multiposizione. Regolabile in verticale e in orizzontale con il Lift Assist.<\/span><\/li>\n<li><span class=\"specification-title\">Altre caratteristiche:<\/span>\u00a0<span class=\"specification-data\">Porta borraccia; pedali con portapunte; portamanubri con due manubri da 1,4 kg; ruote di trasporto anteriori<\/span><\/li>\n<li><span class=\"specification-title\">Prova IFit:<\/span>\u00a0<span class=\"specification-data\">Prova di iFIT di 30 giorni inclusa. Per l'attivazione \u00e8 necessaria la carta di credito. L'iscrizione a iFIT si rinnova automaticamente se non viene annullata in anticipo. La prova di 30 giorni si applica solo alle nuove iscrizioni. Il tablet mostrato nelle immagini non \u00e8 incluso.<\/span><\/li>\n<\/ul>\n<\/div>\n<\/div>\n<\/div>\n<div class=\"product-warranty\">\n<h4>GARANZIA<\/h4>\n<div class=\"text-container\"><strong>Uso domestico:<\/strong>\u00a0Due anni di parti e manodopera (si applicano le condizioni) a condizione che il prodotto venga registrato entro 28 giorni dall'acquisto. La garanzia standard \u00e8 di 12 mesi per parti e manodopera. Termini La garanzia si estende solo all'acquirente originale (l'utente) e non \u00e8 trasferibile. La garanzia non copre: 1. La normale usura (esempi di parti soggette a normale usura sono cinghie di trasmissione, cinghie di trasmissione, batterie, pastiglie dei freni e tappetini per il salto). 2. Eventuali riparazioni, adattamenti o modifiche di fortuna che alterino il prodotto rispetto al suo normale scopo e funzionamento, come descritto nel manuale d'uso. 3. Danni derivanti da: a) Atti dolosi o intenzionali. b) Trasporto. c) Installazione, montaggio o collegamento improprio non conforme alle specifiche o alle raccomandazioni di ICON. d) Abuso, uso improprio, mancata osservanza delle istruzioni o uso improprio o anormale. e) Mancato rispetto delle istruzioni contenute nel manuale d'uso (ad esempio, uso di prodotti per la pulizia e la manutenzione diversi da quelli raccomandati, mancato spegnimento del prodotto dopo l'uso, ecc.) f) Uso non domestico (compreso, ma non limitato, l'uso in ambienti commerciali, professionali, di noleggio o istituzionali). g) Riparazioni non effettuate da un fornitore di servizi autorizzato da ICON o uso di parti non fornite o autorizzate da ICON. h) Incidenti, urti, sbalzi di tensione, fulmini, tempeste, acqua, fuoco, animali o qualsiasi altra causa al di fuori del controllo di ICON. i) Collocazione impropria, compresi, ma non limitati a, ambienti umidi, polverosi o all'aperto (ad esempio garage, cantine, portici e patii).<\/div>\n<\/div>\n<div class=\"product-next-day\">\n<h4>CONSEGNA ESPRESSA<\/h4>\n<div class=\"text-container\">Per molti dei nostri prodotti sono disponibili opzioni di consegna espressa e a data prestabilita, il che significa che il prodotto verr\u00e0 consegnato gi\u00e0 domani o nella data prescelta che pi\u00f9 vi aggrada. Controllare le opzioni di consegna al momento del checkout per verificare la disponibilit\u00e0 per il proprio carrello e codice postale. Si applicano i termini di consegna.<\/div>\n<\/div>","protected":false},"excerpt":{"rendered":"<p>Godetevi una simulazione realistica del ciclismo su strada nel comfort di casa vostra con la ProForm Pro Trainer 500 Indoor Cycle. Grazie al volano da 11 kg, ai 16 livelli di resistenza magnetica silenziosa SMR\u2122 e al sistema di trasmissione a cinghia, ogni spinta sui pedali \u00e8 fluida e naturale. Il sellino ergonomico imbottito e il manubrio antiscivolo multiposizione sono regolabili sia in orizzontale che in verticale, mentre i pedali con gabbia per le dita offrono un appoggio sicuro. Visualizzate le statistiche dell'allenamento, compresa la lettura della potenza in Watt, sull'ampio display LCD a 1 finestra o utilizzate il supporto per tablet davanti allo schermo. Scaricate l'app iFit sul vostro dispositivo per accedere ad allenamenti globali on-demand, sessioni in streaming condotte da allenatori di fama mondiale che vi spingono a massimizzare i vostri risultati (abbonamento iFit Family di 30 giorni incluso*). La tecnologia ActivePulse\u2122 regola automaticamente la resistenza di Sport CX per mantenervi nella zona di frequenza cardiaca ottimale (\u00e8 necessaria la fascia da braccio SmartBeat), mentre la tecnologia SmartAdjust mette la resistenza nelle mani dei vostri istruttori iFIT. Altre caratteristiche sono le ruote di trasporto integrate, il portaborraccia e il portamanubri con due manubri da 1,4 kg inclusi. *Prova iFIT di 30 giorni inclusa. Per l'attivazione \u00e8 necessaria la carta di credito. L'abbonamento iFIT si rinnova automaticamente se non viene annullato in anticipo. La prova di 30 giorni si applica solo alle nuove iscrizioni.<\/p>\n<div class=\"product-attribute-container-desktop desktop-only\">\n<div class=\"additional-attributes-wrapper table-wrapper\"><\/div>\n<\/div>","protected":false},"featured_media":846,"comment_status":"open","ping_status":"closed","template":"","meta":{"site-sidebar-layout":"default","site-content-layout":"","ast-site-content-layout":"default","site-content-style":"default","site-sidebar-style":"default","ast-global-header-display":"","ast-banner-title-visibility":"","ast-main-header-display":"","ast-hfb-above-header-display":"","ast-hfb-below-header-display":"","ast-hfb-mobile-header-display":"","site-post-title":"","ast-breadcrumbs-content":"","ast-featured-img":"","footer-sml-layout":"","theme-transparent-header-meta":"default","adv-header-id-meta":"","stick-header-meta":"","header-above-stick-meta":"","header-main-stick-meta":"","header-below-stick-meta":"","astra-migrate-meta-layouts":"set","ast-page-background-enabled":"default","ast-page-background-meta":{"desktop":{"background-color":"var(--ast-global-color-5)","background-image":"","background-repeat":"repeat","background-position":"center center","background-size":"auto","background-attachment":"scroll","background-type":"","background-media":"","overlay-type":"","overlay-color":"","overlay-opacity":"","overlay-gradient":""},"tablet":{"background-color":"","background-image":"","background-repeat":"repeat","background-position":"center center","background-size":"auto","background-attachment":"scroll","background-type":"","background-media":"","overlay-type":"","overlay-color":"","overlay-opacity":"","overlay-gradient":""},"mobile":{"background-color":"","background-image":"","background-repeat":"repeat","background-position":"center center","background-size":"auto","background-attachment":"scroll","background-type":"","background-media":"","overlay-type":"","overlay-color":"","overlay-opacity":"","overlay-gradient":""}},"ast-content-background-meta":{"desktop":{"background-color":"var(--ast-global-color-4)","background-image":"","background-repeat":"repeat","background-position":"center center","background-size":"auto","background-attachment":"scroll","background-type":"","background-media":"","overlay-type":"","overlay-color":"","overlay-opacity":"","overlay-gradient":""},"tablet":{"background-color":"var(--ast-global-color-4)","background-image":"","background-repeat":"repeat","background-position":"center center","background-size":"auto","background-attachment":"scroll","background-type":"","background-media":"","overlay-type":"","overlay-color":"","overlay-opacity":"","overlay-gradient":""},"mobile":{"background-color":"var(--ast-global-color-4)","background-image":"","background-repeat":"repeat","background-position":"center center","background-size":"auto","background-attachment":"scroll","background-type":"","background-media":"","overlay-type":"","overlay-color":"","overlay-opacity":"","overlay-gradient":""}}},"product_brand":[],"product_cat":[19],"product_tag":[22],"class_list":{"0":"post-844","1":"product","2":"type-product","3":"status-publish","4":"has-post-thumbnail","6":"product_cat-excise-bikes","7":"product_tag-exercise-bikes","8":"desktop-align-left","9":"tablet-align-left","10":"mobile-align-left","12":"first","13":"instock","14":"sale","15":"taxable","16":"shipping-taxable","17":"purchasable","18":"product-type-simple"},"_links":{"self":[{"href":"https:\/\/bestfitnessstore.com\/it\/wp-json\/wp\/v2\/product\/844","targetHints":{"allow":["GET"]}}],"collection":[{"href":"https:\/\/bestfitnessstore.com\/it\/wp-json\/wp\/v2\/product"}],"about":[{"href":"https:\/\/bestfitnessstore.com\/it\/wp-json\/wp\/v2\/types\/product"}],"replies":[{"embeddable":true,"href":"https:\/\/bestfitnessstore.com\/it\/wp-json\/wp\/v2\/comments?post=844"}],"wp:featuredmedia":[{"embeddable":true,"href":"https:\/\/bestfitnessstore.com\/it\/wp-json\/wp\/v2\/media\/846"}],"wp:attachment":[{"href":"https:\/\/bestfitnessstore.com\/it\/wp-json\/wp\/v2\/media?parent=844"}],"wp:term":[{"taxonomy":"product_brand","embeddable":true,"href":"https:\/\/bestfitnessstore.com\/it\/wp-json\/wp\/v2\/product_brand?post=844"},{"taxonomy":"product_cat","embeddable":true,"href":"https:\/\/bestfitnessstore.com\/it\/wp-json\/wp\/v2\/product_cat?post=844"},{"taxonomy":"product_tag","embeddable":true,"href":"https:\/\/bestfitnessstore.com\/it\/wp-json\/wp\/v2\/product_tag?post=844"}],"curies":[{"name":"wp","href":"https:\/\/api.w.org\/{rel}","templated":true}]}}