{"id":832,"date":"2025-11-24T12:06:27","date_gmt":"2025-11-24T12:06:27","guid":{"rendered":"https:\/\/bestfitnessstore.com\/?post_type=product&#038;p=832"},"modified":"2025-11-24T12:06:28","modified_gmt":"2025-11-24T12:06:28","slug":"proform-325-csx-recumbent-bike","status":"publish","type":"product","link":"https:\/\/bestfitnessstore.com\/it\/product\/proform-325-csx-recumbent-bike\/","title":{"rendered":"Bicicletta reclinabile ProForm 325 CSX"},"content":{"rendered":"<div class=\"product-attribute-container-desktop desktop-only\">\n<div class=\"additional-attributes-wrapper table-wrapper\">\n<h4>INFORMAZIONI SUL PRODOTTO<\/h4>\n<div class=\"attributes-container\">\n<ul class=\"product-attributes-container\">\n<li><span class=\"specification-title\">Peso della confezione (KG):\u00a0<\/span><span class=\"specification-data\">68.000000<\/span><\/li>\n<li><span class=\"specification-title\">Integrazione delle app:\u00a0<\/span><span class=\"specification-data\">iFIT<\/span><\/li>\n<li><span class=\"specification-title\">Bluetooth:\u00a0<\/span><span class=\"specification-data\">S\u00ec<\/span><\/li>\n<li><span class=\"specification-title\">Regolazione del telaio:\u00a0<\/span><span class=\"specification-data\">Sella in avanti e indietro<\/span><\/li>\n<li><span class=\"specification-title\">Ruote di trasporto:\u00a0<\/span><span class=\"specification-data\">S\u00ec<\/span><\/li>\n<li><span class=\"specification-title\">Peso del volano (KG):\u00a0<\/span><span class=\"specification-data\">7<\/span><\/li>\n<li><span class=\"specification-title\">Peso massimo dell'utente (kg):\u00a0<\/span><span class=\"specification-data\">135,00 (Kg)<\/span><\/li>\n<\/ul>\n<ul class=\"product-attributes-container\">\n<li><span class=\"specification-title\">Metodo di alimentazione:\u00a0<\/span><span class=\"specification-data\">Rete elettrica<\/span><\/li>\n<li><span class=\"specification-title\">Supporto per tablet:\u00a0<\/span><span class=\"specification-data\">S\u00ec<\/span><\/li>\n<li><span class=\"specification-title\">Pedali:\u00a0<\/span><span class=\"specification-data\">Cinghia<\/span><\/li>\n<li><span class=\"specification-title\">Tipo di ciclo:\u00a0<\/span><span class=\"specification-data\">Reclinabile<\/span><\/li>\n<li><span class=\"specification-title\">Sistema di resistenza:\u00a0<\/span><span class=\"specification-data\">Magnetico<\/span><\/li>\n<li><span class=\"specification-title\">Monitoraggio della frequenza cardiaca:\u00a0<\/span><span class=\"specification-data\">Bluetooth<\/span><\/li>\n<li><span class=\"specification-title\">Dimensioni della scatola (LxLxH):\u00a0<\/span><span class=\"specification-data\">140 x 30 x 64 cm<\/span><\/li>\n<\/ul>\n<\/div>\n<\/div>\n<\/div>\n<div class=\"product-features\">\n<h4>CARATTERISTICHE AGGIUNTIVE<\/h4>\n<div class=\"more-container\">\n<div class=\"unshow-text\">\n<ul class=\"product-features-container\">\n<li><span class=\"specification-title\">Telaio Recumbent:<\/span>\u00a0<span class=\"specification-data\">Passo dopo passo nella progettazione<\/span><\/li>\n<li><span class=\"specification-title\">Resistenza magnetica silenziosa SMR\u2122 digitale:<\/span>\u00a0<span class=\"specification-data\">22 livelli<\/span><\/li>\n<li><span class=\"specification-title\">Display:<\/span>\u00a0<span class=\"specification-data\">Display multicolore da 5\u201d ad alto contrasto<\/span><\/li>\n<li><span class=\"specification-title\">IFIT\u00ae Bluetooth Smart (BLE) abilitato:<\/span>\u00a0<span class=\"specification-data\">Per un'interattivit\u00e0 pi\u00f9 avanzata (abbonamento iFIT di 30 giorni incluso)<\/span><\/li>\n<li><span class=\"specification-title\">Audio:<\/span>\u00a0<span class=\"specification-data\">Doppio altoparlante da 2\u201d; compatibile con le cuffie Bluetooth<\/span><\/li>\n<li><span class=\"specification-title\">Tecnologia ActivePulse\u2122:<\/span>\u00a0<span class=\"specification-data\">Regolazione automatica dell'intensit\u00e0 e monitoraggio accurato della frequenza cardiaca (SmartBeat Arm Band non inclusa)<\/span><\/li>\n<li><span class=\"specification-title\">Sedile con cuscino:<\/span>\u00a0<span class=\"specification-data\">Sedile con supporto lombare sovradimensionato; regolazione del sedile a scorrimento semplice<\/span><\/li>\n<li><span class=\"specification-title\">Pedali:<\/span>\u00a0<span class=\"specification-data\">Pedali ergonomici extra larghi<\/span><\/li>\n<li><span class=\"specification-title\">Caratteristiche integrate:<\/span>\u00a0<span class=\"specification-data\">Supporto per tablet\/smartphone; ventola per allenamento AutoBreeze; supporto per bottiglia d'acqua<\/span><\/li>\n<li><span class=\"specification-title\">Prova IFIT:<\/span>\u00a0<span class=\"specification-data\">Prova di iFIT di 30 giorni inclusa. Per l'attivazione \u00e8 necessaria la carta di credito. L'iscrizione a iFIT si rinnova automaticamente se non viene annullata in anticipo. La prova di 30 giorni si applica solo alle nuove iscrizioni.<\/span><\/li>\n<li><span class=\"specification-title\">Nota bene:<\/span>\u00a0<span class=\"specification-data\">Il tablet mostrato nelle immagini non \u00e8 incluso<\/span><\/li>\n<\/ul>\n<\/div>\n<\/div>\n<\/div>\n<div class=\"product-warranty\">\n<h4>GARANZIA<\/h4>\n<div class=\"text-container\"><strong>Uso domestico:<\/strong>\u00a02 anni di parti e manodopera (si applicano le condizioni) a condizione che l'ellittica venga registrata entro 28 giorni dall'acquisto. La garanzia standard \u00e8 di 12 mesi per parti e manodopera. La garanzia non \u00e8 disponibile per gli ambienti non domestici. Termini La presente garanzia si estende solo all'acquirente originale (l'utente) e non \u00e8 trasferibile. La garanzia non copre: 1. La normale usura (esempi di parti soggette a normale usura sono cinghie di trasmissione, cinghie di trasmissione, batterie, pastiglie dei freni e tappetini per il salto). 2. Eventuali riparazioni, adattamenti o modifiche di fortuna che alterino il prodotto rispetto al suo normale scopo e funzionamento, come descritto nel manuale d'uso. 3. Danni derivanti da: a) Atti dolosi o intenzionali. b) Trasporto. c) Installazione, montaggio o collegamento improprio non conforme alle specifiche o alle raccomandazioni di ICON. d) Abuso, uso improprio, mancata osservanza delle istruzioni o uso improprio o anormale. e) Mancato rispetto delle istruzioni contenute nel manuale d'uso (ad esempio, uso di prodotti per la pulizia e la manutenzione diversi da quelli raccomandati, mancato spegnimento del prodotto dopo l'uso, ecc.) f) Uso non domestico (compreso, ma non limitato, l'uso in ambienti commerciali, professionali, di noleggio o istituzionali). g) Riparazioni non effettuate da un fornitore di servizi autorizzato da ICON o uso di parti non fornite o autorizzate da ICON. h) Incidenti, urti, sbalzi di tensione, fulmini, tempeste, acqua, fuoco, animali o qualsiasi altra causa al di fuori del controllo di ICON. i) Collocazione impropria, compresi, ma non solo, ambienti umidi, polverosi o all'aperto (ad esempio garage, cantine, portici e patii).<\/div>\n<\/div>\n<div class=\"product-next-day\">\n<h4>CONSEGNA ESPRESSA<\/h4>\n<div class=\"text-container\">Per molti dei nostri prodotti sono disponibili opzioni di consegna espressa e a data prestabilita, il che significa che il prodotto verr\u00e0 consegnato gi\u00e0 domani o nella data prescelta che pi\u00f9 vi aggrada. Controllare le opzioni di consegna al momento del checkout per verificare la disponibilit\u00e0 per il proprio carrello e codice postale. Si applicano i termini di consegna.<\/div>\n<\/div>","protected":false},"excerpt":{"rendered":"<p>Salire e muoversi \u00e8 facile e veloce con la Recumbent Bike ProForm 325 CSX, dal design compatto e graduale. Il sedile ammortizzato \u00e8 sovradimensionato e con supporto lombare, e pu\u00f2 essere regolato in avanti e indietro per trovare la posizione di guida ideale, mentre i pedali ergonomici extra larghi mantengono i piedi al sicuro durante la pedalata. Un volano efficace da 7 kg, potenziato dall'inerzia, assicura che ogni spinta sia fluida, con 22 livelli di resistenza magnetica silenziosa SMR\u2122 facilmente regolabili tramite i comandi Digital QuickResistance\u2122. Scaricate l'app iFIT sul vostro tablet o dispositivo smart, collegate la bike e potrete godere di una selezione praticamente illimitata di allenamenti personalizzati guidati dai migliori trainer del mondo nel comfort di casa vostra. Potrete accedere a un nuovo allenamento ogni giorno, monitorare automaticamente i vostri progressi, godervi i percorsi ciclistici reali con Google Maps\u2122, competere con i vostri amici, personalizzare l'allenamento in base ai vostri obiettivi specifici e molto altro ancora (abbonamento iFIT di 30 giorni incluso*). Con la tecnologia ActivePulse\u2122, potete collegare una SmartBeat Arm Band (non inclusa) e far s\u00ec che i vostri trainer iFIT regolino la resistenza del ProForm 325 CSX in base alla vostra frequenza cardiaca, in modo da sapere che state lavorando alla giusta intensit\u00e0, nella giusta zona. Un display multicolore da 5\u201d ad alto contrasto consente di monitorare le statistiche pi\u00f9 importanti durante la corsa, compresa la lettura della potenza in watt. 2 altoparlanti da 2\u201d consentono di ascoltare la musica preferita ad alta voce mentre ci si allena, oppure di collegare le cuffie Bluetooth alla console per un'immersione totale. Altre funzioni integrate sono la ventola di allenamento Autobreeze e il portaborraccia facilmente accessibile. *Prova iFIT di 30 giorni inclusa. Per l'attivazione \u00e8 necessaria la carta di credito. L'abbonamento iFIT si rinnova automaticamente se non viene annullato in anticipo. La prova di 30 giorni si applica solo alle nuove iscrizioni.<\/p>\n<div class=\"product-attribute-container-desktop desktop-only\">\n<div class=\"additional-attributes-wrapper table-wrapper\"><\/div>\n<\/div>","protected":false},"featured_media":835,"comment_status":"open","ping_status":"closed","template":"","meta":{"site-sidebar-layout":"default","site-content-layout":"","ast-site-content-layout":"default","site-content-style":"default","site-sidebar-style":"default","ast-global-header-display":"","ast-banner-title-visibility":"","ast-main-header-display":"","ast-hfb-above-header-display":"","ast-hfb-below-header-display":"","ast-hfb-mobile-header-display":"","site-post-title":"","ast-breadcrumbs-content":"","ast-featured-img":"","footer-sml-layout":"","theme-transparent-header-meta":"default","adv-header-id-meta":"","stick-header-meta":"","header-above-stick-meta":"","header-main-stick-meta":"","header-below-stick-meta":"","astra-migrate-meta-layouts":"set","ast-page-background-enabled":"default","ast-page-background-meta":{"desktop":{"background-color":"var(--ast-global-color-5)","background-image":"","background-repeat":"repeat","background-position":"center center","background-size":"auto","background-attachment":"scroll","background-type":"","background-media":"","overlay-type":"","overlay-color":"","overlay-opacity":"","overlay-gradient":""},"tablet":{"background-color":"","background-image":"","background-repeat":"repeat","background-position":"center center","background-size":"auto","background-attachment":"scroll","background-type":"","background-media":"","overlay-type":"","overlay-color":"","overlay-opacity":"","overlay-gradient":""},"mobile":{"background-color":"","background-image":"","background-repeat":"repeat","background-position":"center center","background-size":"auto","background-attachment":"scroll","background-type":"","background-media":"","overlay-type":"","overlay-color":"","overlay-opacity":"","overlay-gradient":""}},"ast-content-background-meta":{"desktop":{"background-color":"var(--ast-global-color-4)","background-image":"","background-repeat":"repeat","background-position":"center center","background-size":"auto","background-attachment":"scroll","background-type":"","background-media":"","overlay-type":"","overlay-color":"","overlay-opacity":"","overlay-gradient":""},"tablet":{"background-color":"var(--ast-global-color-4)","background-image":"","background-repeat":"repeat","background-position":"center center","background-size":"auto","background-attachment":"scroll","background-type":"","background-media":"","overlay-type":"","overlay-color":"","overlay-opacity":"","overlay-gradient":""},"mobile":{"background-color":"var(--ast-global-color-4)","background-image":"","background-repeat":"repeat","background-position":"center center","background-size":"auto","background-attachment":"scroll","background-type":"","background-media":"","overlay-type":"","overlay-color":"","overlay-opacity":"","overlay-gradient":""}}},"product_brand":[],"product_cat":[19],"product_tag":[22],"class_list":{"0":"post-832","1":"product","2":"type-product","3":"status-publish","4":"has-post-thumbnail","6":"product_cat-excise-bikes","7":"product_tag-exercise-bikes","8":"desktop-align-left","9":"tablet-align-left","10":"mobile-align-left","12":"first","13":"instock","14":"sale","15":"taxable","16":"shipping-taxable","17":"purchasable","18":"product-type-simple"},"_links":{"self":[{"href":"https:\/\/bestfitnessstore.com\/it\/wp-json\/wp\/v2\/product\/832","targetHints":{"allow":["GET"]}}],"collection":[{"href":"https:\/\/bestfitnessstore.com\/it\/wp-json\/wp\/v2\/product"}],"about":[{"href":"https:\/\/bestfitnessstore.com\/it\/wp-json\/wp\/v2\/types\/product"}],"replies":[{"embeddable":true,"href":"https:\/\/bestfitnessstore.com\/it\/wp-json\/wp\/v2\/comments?post=832"}],"wp:featuredmedia":[{"embeddable":true,"href":"https:\/\/bestfitnessstore.com\/it\/wp-json\/wp\/v2\/media\/835"}],"wp:attachment":[{"href":"https:\/\/bestfitnessstore.com\/it\/wp-json\/wp\/v2\/media?parent=832"}],"wp:term":[{"taxonomy":"product_brand","embeddable":true,"href":"https:\/\/bestfitnessstore.com\/it\/wp-json\/wp\/v2\/product_brand?post=832"},{"taxonomy":"product_cat","embeddable":true,"href":"https:\/\/bestfitnessstore.com\/it\/wp-json\/wp\/v2\/product_cat?post=832"},{"taxonomy":"product_tag","embeddable":true,"href":"https:\/\/bestfitnessstore.com\/it\/wp-json\/wp\/v2\/product_tag?post=832"}],"curies":[{"name":"wp","href":"https:\/\/api.w.org\/{rel}","templated":true}]}}