{"id":761,"date":"2025-11-22T17:00:25","date_gmt":"2025-11-22T17:00:25","guid":{"rendered":"https:\/\/bestfitnessstore.com\/?post_type=product&#038;p=761"},"modified":"2025-11-22T17:00:52","modified_gmt":"2025-11-22T17:00:52","slug":"matrix-fitness-r50-recumbent-cycle-con-console-xer","status":"publish","type":"product","link":"https:\/\/bestfitnessstore.com\/it\/product\/matrix-fitness-r50-recumbent-cycle-with-xer-console\/","title":{"rendered":"Matrix Fitness R50 Recumbent Cycle con console XER"},"content":{"rendered":"<div class=\"product-attribute-container-desktop desktop-only\">\n<div class=\"additional-attributes-wrapper table-wrapper\">\n<h4>INFORMAZIONI SUL PRODOTTO<\/h4>\n<div class=\"attributes-container\">\n<ul class=\"product-attributes-container\">\n<li><span class=\"specification-title\">Peso della confezione (KG):\u00a0<\/span><span class=\"specification-data\">101.400000<\/span><\/li>\n<li><span class=\"specification-title\">Metodo di alimentazione:\u00a0<\/span><span class=\"specification-data\">Rete elettrica<\/span><\/li>\n<li><span class=\"specification-title\">Supporto per tablet:\u00a0<\/span><span class=\"specification-data\">S\u00ec<\/span><\/li>\n<li><span class=\"specification-title\">Pedali:\u00a0<\/span><span class=\"specification-data\">Cinghia<\/span><\/li>\n<li><span class=\"specification-title\">Ruote di trasporto:\u00a0<\/span><span class=\"specification-data\">S\u00ec<\/span><\/li>\n<li><span class=\"specification-title\">Altezza massima dell'utente (cm):\u00a0<\/span><span class=\"specification-data\">201<\/span><\/li>\n<li><span class=\"specification-title\">Monitoraggio della frequenza cardiaca:\u00a0<\/span><span class=\"specification-data\">Sensori integrati e Bluetooth<\/span><\/li>\n<li><span class=\"specification-title\">Programmi integrati:\u00a0<\/span><span class=\"specification-data\">Manuale, Brucia grassi, Colline, Intervalli, Obiettivo tempo, Obiettivo distanza, Frequenza cardiaca target, Sprint 8, Personalizzato<\/span><\/li>\n<\/ul>\n<ul class=\"product-attributes-container\">\n<li><span class=\"specification-title\">Peso del prodotto (KG):\u00a0<\/span><span class=\"specification-data\">78<\/span><\/li>\n<li><span class=\"specification-title\">Integrazione delle app:\u00a0<\/span><span class=\"specification-data\">KinoMap, Zwift<\/span><\/li>\n<li><span class=\"specification-title\">Bluetooth:\u00a0<\/span><span class=\"specification-data\">S\u00ec<\/span><\/li>\n<li><span class=\"specification-title\">Regolazione del telaio:\u00a0<\/span><span class=\"specification-data\">Sella in avanti e indietro<\/span><\/li>\n<li><span class=\"specification-title\">Altezza minima dell'utente (cm):\u00a0<\/span><span class=\"specification-data\">147<\/span><\/li>\n<li><span class=\"specification-title\">Sistema di resistenza:\u00a0<\/span><span class=\"specification-data\">Induzione<\/span><\/li>\n<li><span class=\"specification-title\">Peso massimo dell'utente (kg):\u00a0<\/span><span class=\"specification-data\">159,00 (Kg)<\/span><\/li>\n<li><span class=\"specification-title\">Dimensioni del prodotto (LxLxH):\u00a0<\/span><span class=\"specification-data\">163 x 64 x 136 cm<\/span><\/li>\n<\/ul>\n<\/div>\n<\/div>\n<\/div>\n<div class=\"product-features\">\n<h4>CARATTERISTICHE AGGIUNTIVE<\/h4>\n<div class=\"more-container\">\n<div class=\"unshow-text\">\n<ul class=\"product-features-container\">\n<li><span class=\"specification-title\">Telaio a doppia forma:<\/span>\u00a0<span class=\"specification-data\">Eccellente stabilit\u00e0, supina<\/span><\/li>\n<li><span class=\"specification-title\">Livelli di resistenza:<\/span>\u00a0<span class=\"specification-data\">30 (elettronico)<\/span><\/li>\n<li><span class=\"specification-title\">Sistema di resistenza ai freni a induzione Exact Force:<\/span>\u00a0<span class=\"specification-data\">Variazioni di resistenza istantanee, fluide e precise<\/span><\/li>\n<li><span class=\"specification-title\">Sedile regolabile:<\/span>\u00a0<span class=\"specification-data\">Avanzamento\/poppa tramite facile regolazione del livello<\/span><\/li>\n<li><span class=\"specification-title\">Sedile Comfort Arc:<\/span>\u00a0<span class=\"specification-data\">Con schienale reclinabile in rete<\/span><\/li>\n<li><span class=\"specification-title\">Pedali:<\/span>\u00a0<span class=\"specification-data\">Sovradimensionato e autobilanciato con cinghie regolabili<\/span><\/li>\n<li><span class=\"specification-title\">Manubrio:<\/span>\u00a0<span class=\"specification-data\">Montato sul sedile con manopole di resistenza e manopole per la frequenza cardiaca<\/span><\/li>\n<li><span class=\"specification-title\">Console XER:<\/span>\u00a0<span class=\"specification-data\">Schermo touchscreen di classe 10\u201d con connettivit\u00e0 Bluetooth, porta USB, app per console, rack di lettura, modalit\u00e0 risparmio energetico, connettivit\u00e0 Viewfit (integrazione con le app Fitness). \u00c8 necessario il WiFi per le app e gli aggiornamenti software.<\/span><\/li>\n<li><span class=\"specification-title\">Programmi di allenamento:<\/span>\u00a0<span class=\"specification-data\">11 incorporato<\/span><\/li>\n<li><span class=\"specification-title\">Applicazioni per console:<\/span>\u00a0<span class=\"specification-data\">Virtual Active, Sprint8, YouTube, Spotify, Netflix e altro ancora. Abbonamenti non inclusi.<\/span><\/li>\n<li><span class=\"specification-title\">Extra:<\/span>\u00a0<span class=\"specification-data\">Supporto per bottiglia d'acqua, porta-lettura integrato, modalit\u00e0 risparmio energetico<\/span><\/li>\n<li><span class=\"specification-title\">Dimensioni (LxLxH):<\/span>\u00a0<span class=\"specification-data\">163 x 64 x 136 cm \/ 64,2\u201d x 25,2\u201d x 53,5\u201d<\/span><\/li>\n<li><span class=\"specification-title\">Peso assemblato:<\/span>\u00a0<span class=\"specification-data\">87,5 kg<\/span><\/li>\n<li><span class=\"specification-title\">Peso massimo dell'utente:<\/span>\u00a0<span class=\"specification-data\">159 kg \/ 350 lbs<\/span><\/li>\n<\/ul>\n<\/div>\n<\/div>\n<\/div>\n<div class=\"product-warranty\">\n<h4>GARANZIA<\/h4>\n<div class=\"text-container\"><strong>Uso domestico:<\/strong>\u00a03 anni P\/L<\/p>\n<\/div>\n<\/div>\n<div class=\"product-next-day\">\n<h4>CONSEGNA ESPRESSA<\/h4>\n<div class=\"text-container\">Per molti dei nostri prodotti sono disponibili opzioni di consegna espressa e a data prestabilita, il che significa che il prodotto verr\u00e0 consegnato gi\u00e0 domani o nella data prescelta che pi\u00f9 vi aggrada. Controllare le opzioni di consegna al momento del checkout per verificare la disponibilit\u00e0 per il proprio carrello e codice postale. Si applicano i termini di consegna.<\/div>\n<\/div>","protected":false},"excerpt":{"rendered":"<p>Scoprite una sessione di ciclismo pi\u00f9 rilassata con la Recumbent Cycle R50 di Matrix Fitness. Il suo telaio Dual Form \u00e8 robusto e durevole e offre una maggiore accessibilit\u00e0 grazie al suo facile design a gradini. Il sistema frenante a induzione Exact Force offre 30 livelli di resistenza elettronica, che possono essere facilmente regolati durante l'allenamento tramite le levette di resistenza sul manubrio montato sul sedile quando si desidera aumentare la sfida. Afferrate le impugnature a contatto integrate nel manubrio per tenere sotto controllo la frequenza cardiaca anche in movimento! L'R50 \u00e8 dotato di un sedile Comfort Arc migliorato, con uno schienale in rete sovradimensionato che pu\u00f2 essere reclinato per un comfort ottimale, e di pedali sovradimensionati e autobilancianti per un appoggio sicuro. Completa di console XER aggiornata, \u00e8 possibile visualizzare tutte le statistiche dell'allenamento con facilit\u00e0 sul chiaro e intuitivo display touchscreen da 10\u201d. Sono presenti 11 programmi di allenamento integrati e si possono visualizzare le app della console come Sprint 8, Virtual Active, MyFitnessPal, oltre ai programmi di intrattenimento preferiti come Netflix, Spotify, YouTube e altri (abbonamenti non inclusi). Collegate la console via WiFi per gli aggiornamenti software, la connettivit\u00e0 ViewFit, la navigazione web e le app di intrattenimento. Le funzioni extra includono un supporto per bottiglie d'acqua, un portaoggetti integrato per la lettura e la modalit\u00e0 di risparmio energetico.<\/p>\n<div class=\"product-attribute-container-desktop desktop-only\">\n<div class=\"additional-attributes-wrapper table-wrapper\"><\/div>\n<\/div>","protected":false},"featured_media":764,"comment_status":"open","ping_status":"closed","template":"","meta":{"site-sidebar-layout":"default","site-content-layout":"","ast-site-content-layout":"default","site-content-style":"default","site-sidebar-style":"default","ast-global-header-display":"","ast-banner-title-visibility":"","ast-main-header-display":"","ast-hfb-above-header-display":"","ast-hfb-below-header-display":"","ast-hfb-mobile-header-display":"","site-post-title":"","ast-breadcrumbs-content":"","ast-featured-img":"","footer-sml-layout":"","theme-transparent-header-meta":"default","adv-header-id-meta":"","stick-header-meta":"","header-above-stick-meta":"","header-main-stick-meta":"","header-below-stick-meta":"","astra-migrate-meta-layouts":"set","ast-page-background-enabled":"default","ast-page-background-meta":{"desktop":{"background-color":"var(--ast-global-color-5)","background-image":"","background-repeat":"repeat","background-position":"center center","background-size":"auto","background-attachment":"scroll","background-type":"","background-media":"","overlay-type":"","overlay-color":"","overlay-opacity":"","overlay-gradient":""},"tablet":{"background-color":"","background-image":"","background-repeat":"repeat","background-position":"center center","background-size":"auto","background-attachment":"scroll","background-type":"","background-media":"","overlay-type":"","overlay-color":"","overlay-opacity":"","overlay-gradient":""},"mobile":{"background-color":"","background-image":"","background-repeat":"repeat","background-position":"center center","background-size":"auto","background-attachment":"scroll","background-type":"","background-media":"","overlay-type":"","overlay-color":"","overlay-opacity":"","overlay-gradient":""}},"ast-content-background-meta":{"desktop":{"background-color":"var(--ast-global-color-4)","background-image":"","background-repeat":"repeat","background-position":"center center","background-size":"auto","background-attachment":"scroll","background-type":"","background-media":"","overlay-type":"","overlay-color":"","overlay-opacity":"","overlay-gradient":""},"tablet":{"background-color":"var(--ast-global-color-4)","background-image":"","background-repeat":"repeat","background-position":"center center","background-size":"auto","background-attachment":"scroll","background-type":"","background-media":"","overlay-type":"","overlay-color":"","overlay-opacity":"","overlay-gradient":""},"mobile":{"background-color":"var(--ast-global-color-4)","background-image":"","background-repeat":"repeat","background-position":"center center","background-size":"auto","background-attachment":"scroll","background-type":"","background-media":"","overlay-type":"","overlay-color":"","overlay-opacity":"","overlay-gradient":""}}},"product_brand":[],"product_cat":[19],"product_tag":[22],"class_list":{"0":"post-761","1":"product","2":"type-product","3":"status-publish","4":"has-post-thumbnail","6":"product_cat-excise-bikes","7":"product_tag-exercise-bikes","8":"desktop-align-left","9":"tablet-align-left","10":"mobile-align-left","12":"first","13":"instock","14":"sale","15":"taxable","16":"shipping-taxable","17":"purchasable","18":"product-type-simple"},"_links":{"self":[{"href":"https:\/\/bestfitnessstore.com\/it\/wp-json\/wp\/v2\/product\/761","targetHints":{"allow":["GET"]}}],"collection":[{"href":"https:\/\/bestfitnessstore.com\/it\/wp-json\/wp\/v2\/product"}],"about":[{"href":"https:\/\/bestfitnessstore.com\/it\/wp-json\/wp\/v2\/types\/product"}],"replies":[{"embeddable":true,"href":"https:\/\/bestfitnessstore.com\/it\/wp-json\/wp\/v2\/comments?post=761"}],"wp:featuredmedia":[{"embeddable":true,"href":"https:\/\/bestfitnessstore.com\/it\/wp-json\/wp\/v2\/media\/764"}],"wp:attachment":[{"href":"https:\/\/bestfitnessstore.com\/it\/wp-json\/wp\/v2\/media?parent=761"}],"wp:term":[{"taxonomy":"product_brand","embeddable":true,"href":"https:\/\/bestfitnessstore.com\/it\/wp-json\/wp\/v2\/product_brand?post=761"},{"taxonomy":"product_cat","embeddable":true,"href":"https:\/\/bestfitnessstore.com\/it\/wp-json\/wp\/v2\/product_cat?post=761"},{"taxonomy":"product_tag","embeddable":true,"href":"https:\/\/bestfitnessstore.com\/it\/wp-json\/wp\/v2\/product_tag?post=761"}],"curies":[{"name":"wp","href":"https:\/\/api.w.org\/{rel}","templated":true}]}}