{"id":628,"date":"2025-11-22T14:29:18","date_gmt":"2025-11-22T14:29:18","guid":{"rendered":"https:\/\/bestfitnessstore.com\/?post_type=product&#038;p=628"},"modified":"2025-11-22T14:29:19","modified_gmt":"2025-11-22T14:29:19","slug":"ciclo-verticale-life-fitness-c1-con-console-track-connect-2-0","status":"publish","type":"product","link":"https:\/\/bestfitnessstore.com\/it\/product\/life-fitness-c1-upright-cycle-with-track-connect-2-0-console\/","title":{"rendered":"Life Fitness C1 Upright Cycle con console Track Connect 2.0"},"content":{"rendered":"<div class=\"product-attribute-container-desktop desktop-only\">\n<div class=\"additional-attributes-wrapper table-wrapper\">\n<h4>INFORMAZIONI SUL PRODOTTO<\/h4>\n<div class=\"attributes-container\">\n<ul class=\"product-attributes-container\">\n<li><span class=\"specification-title\">Peso della confezione (KG):\u00a0<\/span><span class=\"specification-data\">60.000000<\/span><\/li>\n<li><span class=\"specification-title\">Integrazione delle app:\u00a0<\/span><span class=\"specification-data\">FulGaz, Life Fitness Connect, Rouvy, Zwift<\/span><\/li>\n<li><span class=\"specification-title\">Bluetooth:\u00a0<\/span><span class=\"specification-data\">S\u00ec<\/span><\/li>\n<li><span class=\"specification-title\">Regolazione del telaio:\u00a0<\/span><span class=\"specification-data\">Sella su e gi\u00f9<\/span><\/li>\n<li><span class=\"specification-title\">Ruote di trasporto:\u00a0<\/span><span class=\"specification-data\">S\u00ec<\/span><\/li>\n<li><span class=\"specification-title\">Peso del volano (KG):\u00a0<\/span><span class=\"specification-data\">11<\/span><\/li>\n<li><span class=\"specification-title\">Peso massimo dell'utente (kg):\u00a0<\/span><span class=\"specification-data\">135,00 (Kg)<\/span><\/li>\n<li><span class=\"specification-title\">Dimensioni del prodotto (LxLxH):\u00a0<\/span><span class=\"specification-data\">114 x 69 x 142 cm<\/span><\/li>\n<\/ul>\n<ul class=\"product-attributes-container\">\n<li><span class=\"specification-title\">Metodo di alimentazione:\u00a0<\/span><span class=\"specification-data\">Rete elettrica<\/span><\/li>\n<li><span class=\"specification-title\">Supporto per tablet:\u00a0<\/span><span class=\"specification-data\">S\u00ec<\/span><\/li>\n<li><span class=\"specification-title\">Pedali:\u00a0<\/span><span class=\"specification-data\">Cinghia<\/span><\/li>\n<li><span class=\"specification-title\">Tipo di ciclo:\u00a0<\/span><span class=\"specification-data\">Montante<\/span><\/li>\n<li><span class=\"specification-title\">Sistema di resistenza:\u00a0<\/span><span class=\"specification-data\">Corrente indotta<\/span><\/li>\n<li><span class=\"specification-title\">Monitoraggio della frequenza cardiaca:\u00a0<\/span><span class=\"specification-data\">Sensori analogici integrati<\/span><\/li>\n<li><span class=\"specification-title\">Programmi integrati:\u00a0<\/span><span class=\"specification-data\">15 allenamenti preimpostati: Manuale, Casuale, Collina, Resistenza EZ, Allenamento sportivo, Test di adattamento, Calorie, Distanza, Frequenza cardiaca target, Frequenza cardiaca Hill\u2122, Frequenza cardiaca Interval\u2122, Frequenza cardiaca estrema\u2122, Brucia grassi, Cardio, Allenamento a intervalli ad alta intensit\u00e0 personalizzato .<\/span><\/li>\n<\/ul>\n<\/div>\n<\/div>\n<\/div>\n<div class=\"product-features\">\n<h4>CARATTERISTICHE AGGIUNTIVE<\/h4>\n<div class=\"more-container\">\n<div class=\"unshow-text\">\n<ul class=\"product-features-container\">\n<li><span class=\"specification-title\">Resistenza:<\/span>\u00a0<span class=\"specification-data\">Corrente indotta con 20 livelli<\/span><\/li>\n<li><span class=\"specification-title\">Display:<\/span>\u00a0<span class=\"specification-data\">LCD da 7\u201d con centro messaggi istruttivo e tasti a sfioramento capacitivi<\/span><\/li>\n<li><span class=\"specification-title\">Feedback sul display:<\/span>\u00a0<span class=\"specification-data\">Calorie, distanza, velocit\u00e0 (mph, km\/h, rpm), livello\/inclinazione, tempo, frequenza cardiaca, frequenza cardiaca target, MET con simboli animati<\/span><\/li>\n<li><span class=\"specification-title\">Allenamenti personalizzati:<\/span>\u00a0<span class=\"specification-data\">3 per profilo utente<\/span><\/li>\n<li><span class=\"specification-title\">Caratteristiche speciali:<\/span>\u00a0<span class=\"specification-data\">Salvataggio automatico, avvio rapido, risparmio energetico, modalit\u00e0 Warm Up e Cool Down, 4 profili utente<\/span><\/li>\n<li><span class=\"specification-title\">Accessibilit\u00e0 LFconnect su LFconnect.com:<\/span>\u00a0<span class=\"specification-data\">Personalizzazione illimitata, tracciamento degli allenamenti, porta USB (aggiornamenti software, salvataggio dei programmi di allenamento), app LFconnect (scaricabile da iTunes\u00ae App Store o Google Play\u2122)<\/span><\/li>\n<li><span class=\"specification-title\">Compatibilit\u00e0:<\/span>\u00a0<span class=\"specification-data\">Compatibile con le applicazioni di terze parti (per un elenco delle applicazioni compatibili, visitare LifeFitness.com\/MoreApps)<\/span><\/li>\n<li><span class=\"specification-title\">Sedile verticale regolabile:<\/span>\u00a0<span class=\"specification-data\">14 posizioni<\/span><\/li>\n<li><span class=\"specification-title\">Pedali autobilanciati:<\/span>\u00a0<span class=\"specification-data\">Con cinghie a cricchetto per una facile regolazione<\/span><\/li>\n<li><span class=\"specification-title\">Manubrio:<\/span>\u00a0<span class=\"specification-data\">Manubrio da corsa dal design ergonomico<\/span><\/li>\n<li><span class=\"specification-title\">Monitoraggio della frequenza cardiaca:<\/span>\u00a0<span class=\"specification-data\">Sensori manuali sul manubrio e fascia toracica wireless<\/span><\/li>\n<li><span class=\"specification-title\">Accessori:<\/span>\u00a0<span class=\"specification-data\">Porta borraccia, porta smartphone\/tablet integrato<\/span><\/li>\n<li><span class=\"specification-title\">Lingue:<\/span>\u00a0<span class=\"specification-data\">4 (inglese, russo, spagnolo, tedesco)<\/span><\/li>\n<\/ul>\n<\/div>\n<\/div>\n<\/div>\n<div class=\"product-warranty\">\n<h4>GARANZIA<\/h4>\n<div class=\"text-container\"><strong>Uso domestico:<\/strong>\u00a010 anni per il telaio, 5 anni per il motore, 3 anni per i ricambi e la manodopera, 3 mesi per gli elementi estetici.<\/div>\n<\/div>\n<div class=\"product-next-day\">\n<h4>CONSEGNA ESPRESSA<\/h4>\n<div class=\"text-container\">Per molti dei nostri prodotti sono disponibili opzioni di consegna espressa e a data prestabilita, il che significa che il prodotto verr\u00e0 consegnato gi\u00e0 domani o nella data prescelta che pi\u00f9 vi aggrada. Controllare le opzioni di consegna al momento del checkout per verificare la disponibilit\u00e0 per il proprio carrello e codice postale. Si applicano i termini di consegna.<\/div>\n<\/div>","protected":false},"excerpt":{"rendered":"<p>Comfort e motivazione sono parte integrante della Life Fitness C1 Upright Cycle. Presenta una serie di caratteristiche di comfort, tra cui un movimento incredibilmente silenzioso, un sedile eretto standard con 14 posizioni e pedali autobilanciati con cinghie a cricchetto per una facile regolazione. Il display LCD bianco da 18 cm della nuova console Track Connect 2.0 presenta un centro messaggi istruttivo e 3 allenamenti personalizzati per profilo utente, oltre a 15 opzioni di allenamento. Allenamenti classici: Manuale, Casuale, Collina. Allenamenti avanzati: EZ Resistance, Sport Training, Fit Test. Allenamenti con controllo della frequenza cardiaca: Brucia grassi, Cardio, Heart Rate Hill\u2122, Heart Rate Interval\u2122, Extreme Heart Rate\u2122. Allenamenti con obiettivi: Calorie, Distanza, Frequenza cardiaca target. Il Track Connect 2.0 \u00e8 dotato di un Bluetooth\u00ae potenziato che consente l'accoppiamento con un Apple Watch\u00ae o un Samsung Galaxy Watch\u00ae, nonch\u00e9 con smartphone Apple\u00ae o Android\u2122. In questo modo \u00e8 possibile connettersi senza problemi alla bicicletta per ottenere informazioni estremamente precise sull'allenamento. Il design a doppia zona separa le aree di intrattenimento da quelle di allenamento. Grazie ai sensori manuali integrati e alla connettivit\u00e0 opzionale della fascia toracica wireless, il monitoraggio della frequenza cardiaca \u00e8 a portata di mano. Il modello C1 \u00e8 inoltre dotato di una modalit\u00e0 di risparmio energetico che consente di ridurre drasticamente il consumo di energia quando la macchina \u00e8 accesa ma non viene utilizzata.<\/p>\n<div class=\"product-attribute-container-desktop desktop-only\">\n<div class=\"additional-attributes-wrapper table-wrapper\"><\/div>\n<\/div>","protected":false},"featured_media":630,"comment_status":"open","ping_status":"closed","template":"","meta":{"site-sidebar-layout":"default","site-content-layout":"","ast-site-content-layout":"default","site-content-style":"default","site-sidebar-style":"default","ast-global-header-display":"","ast-banner-title-visibility":"","ast-main-header-display":"","ast-hfb-above-header-display":"","ast-hfb-below-header-display":"","ast-hfb-mobile-header-display":"","site-post-title":"","ast-breadcrumbs-content":"","ast-featured-img":"","footer-sml-layout":"","theme-transparent-header-meta":"default","adv-header-id-meta":"","stick-header-meta":"","header-above-stick-meta":"","header-main-stick-meta":"","header-below-stick-meta":"","astra-migrate-meta-layouts":"set","ast-page-background-enabled":"default","ast-page-background-meta":{"desktop":{"background-color":"var(--ast-global-color-5)","background-image":"","background-repeat":"repeat","background-position":"center center","background-size":"auto","background-attachment":"scroll","background-type":"","background-media":"","overlay-type":"","overlay-color":"","overlay-opacity":"","overlay-gradient":""},"tablet":{"background-color":"","background-image":"","background-repeat":"repeat","background-position":"center center","background-size":"auto","background-attachment":"scroll","background-type":"","background-media":"","overlay-type":"","overlay-color":"","overlay-opacity":"","overlay-gradient":""},"mobile":{"background-color":"","background-image":"","background-repeat":"repeat","background-position":"center center","background-size":"auto","background-attachment":"scroll","background-type":"","background-media":"","overlay-type":"","overlay-color":"","overlay-opacity":"","overlay-gradient":""}},"ast-content-background-meta":{"desktop":{"background-color":"var(--ast-global-color-4)","background-image":"","background-repeat":"repeat","background-position":"center center","background-size":"auto","background-attachment":"scroll","background-type":"","background-media":"","overlay-type":"","overlay-color":"","overlay-opacity":"","overlay-gradient":""},"tablet":{"background-color":"var(--ast-global-color-4)","background-image":"","background-repeat":"repeat","background-position":"center center","background-size":"auto","background-attachment":"scroll","background-type":"","background-media":"","overlay-type":"","overlay-color":"","overlay-opacity":"","overlay-gradient":""},"mobile":{"background-color":"var(--ast-global-color-4)","background-image":"","background-repeat":"repeat","background-position":"center center","background-size":"auto","background-attachment":"scroll","background-type":"","background-media":"","overlay-type":"","overlay-color":"","overlay-opacity":"","overlay-gradient":""}}},"product_brand":[],"product_cat":[19],"product_tag":[22],"class_list":{"0":"post-628","1":"product","2":"type-product","3":"status-publish","4":"has-post-thumbnail","6":"product_cat-excise-bikes","7":"product_tag-exercise-bikes","8":"desktop-align-left","9":"tablet-align-left","10":"mobile-align-left","12":"first","13":"instock","14":"sale","15":"taxable","16":"shipping-taxable","17":"purchasable","18":"product-type-simple"},"_links":{"self":[{"href":"https:\/\/bestfitnessstore.com\/it\/wp-json\/wp\/v2\/product\/628","targetHints":{"allow":["GET"]}}],"collection":[{"href":"https:\/\/bestfitnessstore.com\/it\/wp-json\/wp\/v2\/product"}],"about":[{"href":"https:\/\/bestfitnessstore.com\/it\/wp-json\/wp\/v2\/types\/product"}],"replies":[{"embeddable":true,"href":"https:\/\/bestfitnessstore.com\/it\/wp-json\/wp\/v2\/comments?post=628"}],"wp:featuredmedia":[{"embeddable":true,"href":"https:\/\/bestfitnessstore.com\/it\/wp-json\/wp\/v2\/media\/630"}],"wp:attachment":[{"href":"https:\/\/bestfitnessstore.com\/it\/wp-json\/wp\/v2\/media?parent=628"}],"wp:term":[{"taxonomy":"product_brand","embeddable":true,"href":"https:\/\/bestfitnessstore.com\/it\/wp-json\/wp\/v2\/product_brand?post=628"},{"taxonomy":"product_cat","embeddable":true,"href":"https:\/\/bestfitnessstore.com\/it\/wp-json\/wp\/v2\/product_cat?post=628"},{"taxonomy":"product_tag","embeddable":true,"href":"https:\/\/bestfitnessstore.com\/it\/wp-json\/wp\/v2\/product_tag?post=628"}],"curies":[{"name":"wp","href":"https:\/\/api.w.org\/{rel}","templated":true}]}}