{"id":518,"date":"2025-11-17T05:16:19","date_gmt":"2025-11-17T05:16:19","guid":{"rendered":"https:\/\/bestfitnessstore.com\/?post_type=product&#038;p=518"},"modified":"2025-11-17T05:16:19","modified_gmt":"2025-11-17T05:16:19","slug":"cross-trainer-ellittico-shua-v8-e800","status":"publish","type":"product","link":"https:\/\/bestfitnessstore.com\/it\/product\/shua-v8-e800-elliptical-cross-trainer\/","title":{"rendered":"Allenatore trasversale ellittico SHUA V8 E800"},"content":{"rendered":"<div class=\"product-attribute-container-desktop desktop-only\">\n<div class=\"additional-attributes-wrapper table-wrapper\">\n<h4>INFORMAZIONI SUL PRODOTTO<\/h4>\n<div class=\"attributes-container\">\n<ul class=\"product-attributes-container\">\n<li><span class=\"specification-title\">Peso della confezione (KG):\u00a0<\/span><span class=\"specification-data\">162.000000<\/span><\/li>\n<li><span class=\"specification-title\">Metodo di alimentazione:\u00a0<\/span><span class=\"specification-data\">Autoalimentato<\/span><\/li>\n<li><span class=\"specification-title\">Peso del volano (KG):\u00a0<\/span><span class=\"specification-data\">12<\/span><\/li>\n<li><span class=\"specification-title\">Monitoraggio della frequenza cardiaca:\u00a0<\/span><span class=\"specification-data\">Sensori integrati<\/span><\/li>\n<li><span class=\"specification-title\">Programmi integrati:\u00a0<\/span><span class=\"specification-data\">Watt costanti, Intervallo, Brucia grassi, Cardio<\/span><\/li>\n<li><span class=\"specification-title\">Dimensioni della scatola (LxLxH):\u00a0<\/span><span class=\"specification-data\">200 x 66 x 101,50 cm<\/span><\/li>\n<\/ul>\n<ul class=\"product-attributes-container\">\n<li><span class=\"specification-title\">Peso del prodotto (KG):\u00a0<\/span><span class=\"specification-data\">130<\/span><\/li>\n<li><span class=\"specification-title\">Posizione del volano:\u00a0<\/span><span class=\"specification-data\">Anteriore<\/span><\/li>\n<li><span class=\"specification-title\">Lunghezza del passo:\u00a0<\/span><span class=\"specification-data\">51<\/span><\/li>\n<li><span class=\"specification-title\">Peso massimo dell'utente (kg):\u00a0<\/span><span class=\"specification-data\">160,00 (Kg)<\/span><\/li>\n<li><span class=\"specification-title\">Dimensioni del prodotto (LxLxH):\u00a0<\/span><span class=\"specification-data\">190 x 86 x 177,70 cm<\/span><\/li>\n<\/ul>\n<\/div>\n<\/div>\n<\/div>\n<div class=\"product-features\">\n<h4>CARATTERISTICHE AGGIUNTIVE<\/h4>\n<div class=\"more-container\">\n<div class=\"unshow-text\">\n<ul class=\"product-features-container\">\n<li><span class=\"specification-title\">Display:<\/span>\u00a0<span class=\"specification-data\">LED DA 15<\/span><\/li>\n<li><span class=\"specification-title\">Sistema di trasmissione SEEC:<\/span>\u00a0<span class=\"specification-data\">Autogenerazione<\/span><\/li>\n<li><span class=\"specification-title\">Livelli di resistenza:<\/span>\u00a0<span class=\"specification-data\">32<\/span><\/li>\n<li><span class=\"specification-title\">Manubrio:<\/span>\u00a0<span class=\"specification-data\">Sensori del polso della mano; controlli di resistenza integrati<\/span><\/li>\n<li><span class=\"specification-title\">Pedali ammortizzati:<\/span>\u00a0<span class=\"specification-data\">Progettato per alleviare la pressione sulle articolazioni<\/span><\/li>\n<\/ul>\n<\/div>\n<\/div>\n<\/div>\n<div class=\"product-warranty\">\n<h4>GARANZIA<\/h4>\n<div class=\"text-container\"><strong>Uso domestico e commerciale leggero\/pieno:<\/strong>\u00a0Uso domestico: Telaio - a vita, parti - 5 anni, motori - 10 anni, manodopera - 3 anni. Uso commerciale leggero: Telaio - 1 anno, Parti - 1 anno, Motori - 1 anno, Manodopera - 1 anno. Se il prodotto viene utilizzato in un ambiente commerciale completo, acquistare l'aggiornamento della garanzia commerciale completa SHUA per assicurarsi che il prodotto sia coperto. Gli ambienti commerciali leggeri sono considerati ambienti a basso utilizzo in cui le macchine e le attrezzature sono utilizzate tra le 3 e le 5 ore al giorno in contesti professionali o aziendali, come studi P.T., palestre aziendali, scuole e college (dove hanno accesso solo personale e studenti). Gli ambienti commerciali completi sono considerati luoghi in cui l'utilizzo \u00e8 molto pi\u00f9 elevato e le apparecchiature vengono utilizzate per pi\u00f9 di 5 ore al giorno. Ad esempio, le grandi palestre aziendali, le palestre di universit\u00e0, college e scuole (dove l'accesso \u00e8 aperto al pubblico) e le palestre di hotel con soci esterni.<\/div>\n<\/div>","protected":false},"excerpt":{"rendered":"<div id=\"fullDescription\" class=\"full-description\">\n<div class=\"text-container\">Macchina per impieghi gravosi, il cross trainer ellittico SHUA E800 eccelle negli ambienti delle palestre commerciali. \u00c8 dotato di un sistema di trasmissione SEEC che crea il doppio della potenza attraverso il solo movimento dell'utente, il che significa che non \u00e8 necessario trovare un posto dove collegare la macchina. I quattro binari in lega di alluminio assicurano un movimento fluido, con un volano anteriore da 12 kg e una distanza ottimizzata tra i pedali. I pedali sono inoltre dotati di uno strato ammortizzante in EVA, progettato per alleviare la pressione sulle articolazioni e ridurre la possibilit\u00e0 di lesioni. Il sistema di resistenza magnetica dell'E800 vanta 32 diverse impostazioni, adatte a un'ampia variet\u00e0 di intensit\u00e0 di allenamento. La resistenza pu\u00f2 essere regolata tramite i comandi sulle maniglie statiche, che incorporano anche sensori per il monitoraggio della frequenza cardiaca. L'E800 \u00e8 inoltre dotato di manubri mobili che offrono una serie di posizioni di presa per coinvolgere la parte superiore del corpo. Un display a LED da 15\u2019 consente agli utenti di visualizzare il tempo, la distanza e altre statistiche. Offre inoltre un accesso rapido a una serie di programmi di allenamento preimpostati, tra cui la modalit\u00e0 Watt costante, la modalit\u00e0 Intervalli, la modalit\u00e0 Brucia grassi e la modalit\u00e0 Cardio. La console dispone anche di pulsanti di scelta rapida della resistenza per cambiare pi\u00f9 rapidamente durante l'allenamento.&nbsp;<\/p>\n<\/div>\n<\/div>\n<div class=\"product-attribute-container-desktop desktop-only\">\n<div class=\"additional-attributes-wrapper table-wrapper\"><\/div>\n<\/div>","protected":false},"featured_media":520,"comment_status":"open","ping_status":"closed","template":"","meta":{"site-sidebar-layout":"default","site-content-layout":"","ast-site-content-layout":"default","site-content-style":"default","site-sidebar-style":"default","ast-global-header-display":"","ast-banner-title-visibility":"","ast-main-header-display":"","ast-hfb-above-header-display":"","ast-hfb-below-header-display":"","ast-hfb-mobile-header-display":"","site-post-title":"","ast-breadcrumbs-content":"","ast-featured-img":"","footer-sml-layout":"","theme-transparent-header-meta":"default","adv-header-id-meta":"","stick-header-meta":"","header-above-stick-meta":"","header-main-stick-meta":"","header-below-stick-meta":"","astra-migrate-meta-layouts":"set","ast-page-background-enabled":"default","ast-page-background-meta":{"desktop":{"background-color":"var(--ast-global-color-5)","background-image":"","background-repeat":"repeat","background-position":"center center","background-size":"auto","background-attachment":"scroll","background-type":"","background-media":"","overlay-type":"","overlay-color":"","overlay-opacity":"","overlay-gradient":""},"tablet":{"background-color":"","background-image":"","background-repeat":"repeat","background-position":"center center","background-size":"auto","background-attachment":"scroll","background-type":"","background-media":"","overlay-type":"","overlay-color":"","overlay-opacity":"","overlay-gradient":""},"mobile":{"background-color":"","background-image":"","background-repeat":"repeat","background-position":"center center","background-size":"auto","background-attachment":"scroll","background-type":"","background-media":"","overlay-type":"","overlay-color":"","overlay-opacity":"","overlay-gradient":""}},"ast-content-background-meta":{"desktop":{"background-color":"var(--ast-global-color-4)","background-image":"","background-repeat":"repeat","background-position":"center center","background-size":"auto","background-attachment":"scroll","background-type":"","background-media":"","overlay-type":"","overlay-color":"","overlay-opacity":"","overlay-gradient":""},"tablet":{"background-color":"var(--ast-global-color-4)","background-image":"","background-repeat":"repeat","background-position":"center center","background-size":"auto","background-attachment":"scroll","background-type":"","background-media":"","overlay-type":"","overlay-color":"","overlay-opacity":"","overlay-gradient":""},"mobile":{"background-color":"var(--ast-global-color-4)","background-image":"","background-repeat":"repeat","background-position":"center center","background-size":"auto","background-attachment":"scroll","background-type":"","background-media":"","overlay-type":"","overlay-color":"","overlay-opacity":"","overlay-gradient":""}}},"product_brand":[],"product_cat":[18],"product_tag":[23],"class_list":{"0":"post-518","1":"product","2":"type-product","3":"status-publish","4":"has-post-thumbnail","6":"product_cat-cross-trainers","7":"product_tag-cross-trainers","8":"desktop-align-left","9":"tablet-align-left","10":"mobile-align-left","12":"first","13":"instock","14":"sale","15":"taxable","16":"shipping-taxable","17":"purchasable","18":"product-type-simple"},"_links":{"self":[{"href":"https:\/\/bestfitnessstore.com\/it\/wp-json\/wp\/v2\/product\/518","targetHints":{"allow":["GET"]}}],"collection":[{"href":"https:\/\/bestfitnessstore.com\/it\/wp-json\/wp\/v2\/product"}],"about":[{"href":"https:\/\/bestfitnessstore.com\/it\/wp-json\/wp\/v2\/types\/product"}],"replies":[{"embeddable":true,"href":"https:\/\/bestfitnessstore.com\/it\/wp-json\/wp\/v2\/comments?post=518"}],"wp:featuredmedia":[{"embeddable":true,"href":"https:\/\/bestfitnessstore.com\/it\/wp-json\/wp\/v2\/media\/520"}],"wp:attachment":[{"href":"https:\/\/bestfitnessstore.com\/it\/wp-json\/wp\/v2\/media?parent=518"}],"wp:term":[{"taxonomy":"product_brand","embeddable":true,"href":"https:\/\/bestfitnessstore.com\/it\/wp-json\/wp\/v2\/product_brand?post=518"},{"taxonomy":"product_cat","embeddable":true,"href":"https:\/\/bestfitnessstore.com\/it\/wp-json\/wp\/v2\/product_cat?post=518"},{"taxonomy":"product_tag","embeddable":true,"href":"https:\/\/bestfitnessstore.com\/it\/wp-json\/wp\/v2\/product_tag?post=518"}],"curies":[{"name":"wp","href":"https:\/\/api.w.org\/{rel}","templated":true}]}}