{"id":505,"date":"2025-11-17T05:06:54","date_gmt":"2025-11-17T05:06:54","guid":{"rendered":"https:\/\/bestfitnessstore.com\/?post_type=product&#038;p=505"},"modified":"2025-11-17T05:06:54","modified_gmt":"2025-11-17T05:06:54","slug":"cross-trainer-ellittico-proform-sport","status":"publish","type":"product","link":"https:\/\/bestfitnessstore.com\/it\/product\/proform-sport-elliptical-cross-trainer\/","title":{"rendered":"Cross Trainer ellittico ProForm Sport"},"content":{"rendered":"<div class=\"product-attribute-container-desktop desktop-only\">\n<div class=\"additional-attributes-wrapper table-wrapper\">\n<h4>INFORMAZIONI SUL PRODOTTO<\/h4>\n<div class=\"attributes-container\">\n<ul class=\"product-attributes-container\">\n<li><span class=\"specification-title\">Peso della confezione (KG):\u00a0<\/span><span class=\"specification-data\">62.000000<\/span><\/li>\n<li><span class=\"specification-title\">Integrazione delle app:\u00a0<\/span><span class=\"specification-data\">iFIT<\/span><\/li>\n<li><span class=\"specification-title\">Ruote di trasporto:\u00a0<\/span><span class=\"specification-data\">S\u00ec<\/span><\/li>\n<li><span class=\"specification-title\">Lunghezza del passo:\u00a0<\/span><span class=\"specification-data\">40.60<\/span><\/li>\n<li><span class=\"specification-title\">Dimensioni del prodotto (LxLxH):\u00a0<\/span><span class=\"specification-data\">150,10 x 64,80 x 156 cm<\/span><\/li>\n<\/ul>\n<ul class=\"product-attributes-container\">\n<li><span class=\"specification-title\">Metodo di alimentazione:\u00a0<\/span><span class=\"specification-data\">Rete elettrica<\/span><\/li>\n<li><span class=\"specification-title\">Supporto per tablet:\u00a0<\/span><span class=\"specification-data\">S\u00ec<\/span><\/li>\n<li><span class=\"specification-title\">Posizione del volano:\u00a0<\/span><span class=\"specification-data\">Posteriore<\/span><\/li>\n<li><span class=\"specification-title\">Peso massimo dell'utente (kg):\u00a0<\/span><span class=\"specification-data\">113,00 (Kg)<\/span><\/li>\n<li><span class=\"specification-title\">Dimensioni della scatola (LxLxH):\u00a0<\/span><span class=\"specification-data\">135 x 39 x 66 cm<\/span><\/li>\n<\/ul>\n<\/div>\n<\/div>\n<\/div>\n<div class=\"product-features\">\n<h4>CARATTERISTICHE AGGIUNTIVE<\/h4>\n<div class=\"more-container\">\n<div class=\"unshow-text\">\n<ul class=\"product-features-container\">\n<li><span class=\"specification-title\">Display:<\/span>\u00a0<span class=\"specification-data\">Display LCD da 5\u201d. Il tablet\/smart phone mostrato nelle immagini non \u00e8 incluso.<\/span><\/li>\n<li><span class=\"specification-title\">Resistenza magnetica silenziosa\u2122:<\/span>\u00a0<span class=\"specification-data\">Modifiche fluide e senza attriti<\/span><\/li>\n<li><span class=\"specification-title\">Livelli di resistenza:<\/span>\u00a0<span class=\"specification-data\">20<\/span><\/li>\n<li><span class=\"specification-title\">Pedali:<\/span>\u00a0<span class=\"specification-data\">Pedali sovradimensionati e ammortizzati<\/span><\/li>\n<li><span class=\"specification-title\">IFIT:<\/span>\u00a0<span class=\"specification-data\">Accesso a oltre 10.000 allenamenti e funzioni intelligenti per un'esperienza personalizzata. \u00c8 necessaria l'iscrizione a iFIT Train.<\/span><\/li>\n<li><span class=\"specification-title\">Pulsanti di resistenza:<\/span>\u00a0<span class=\"specification-data\">Modifica rapida dell'intensit\u00e0<\/span><\/li>\n<li><span class=\"specification-title\">Scaffale del dispositivo:<\/span>\u00a0<span class=\"specification-data\">Collegare il dispositivo e posizionarlo sul ripiano<\/span><\/li>\n<li><span class=\"specification-title\">Porta USB-C:<\/span>\u00a0<span class=\"specification-data\">Mantenete il vostro telefono o tablet completamente carico durante l'allenamento<\/span><\/li>\n<li><span class=\"specification-title\">Prova IFIT:<\/span>\u00a0<span class=\"specification-data\">Prova di iFIT Train di 30 giorni inclusa. Per l'attivazione \u00e8 necessaria la carta di credito. L'iscrizione a iFIT Train si rinnova automaticamente se non viene annullata in anticipo. La prova di 30 giorni si applica solo alle nuove iscrizioni.<\/span><\/li>\n<\/ul>\n<\/div>\n<\/div>\n<\/div>\n<div class=\"product-warranty\">\n<h4>GARANZIA<\/h4>\n<div class=\"text-container\"><strong>Uso domestico:<\/strong>\u00a0Due anni di parti e manodopera (si applicano le condizioni) a condizione che il prodotto venga registrato entro 28 giorni dall'acquisto. La garanzia standard \u00e8 di 12 mesi per parti e manodopera Termini Questa garanzia si estende solo all'acquirente originale (l'utente) e non \u00e8 trasferibile. La garanzia non copre: 1. La normale usura (esempi di parti soggette a normale usura sono cinghie di trasmissione, cinghie di trasmissione, batterie, pastiglie dei freni e tappetini per il salto). 2. Eventuali riparazioni, adattamenti o modifiche di fortuna che alterino il prodotto rispetto al suo normale scopo e funzionamento, come descritto nel manuale d'uso. 3. Danni derivanti da: a) Atti dolosi o intenzionali. b) Trasporto. c) Installazione, montaggio o collegamento improprio non conforme alle specifiche o alle raccomandazioni di ICON. d) Abuso, uso improprio, mancata osservanza delle istruzioni o uso improprio o anormale. e) Mancato rispetto delle istruzioni contenute nel manuale d'uso (ad esempio, uso di prodotti per la pulizia e la manutenzione diversi da quelli raccomandati, mancato spegnimento del prodotto dopo l'uso, ecc.) f) Uso non domestico (compreso, ma non limitato, l'uso in ambienti commerciali, professionali, di noleggio o istituzionali). g) Riparazioni non effettuate da un fornitore di servizi autorizzato da ICON o uso di parti non fornite o autorizzate da ICON. h) Incidenti, urti, sbalzi di tensione, fulmini, tempeste, acqua, fuoco, animali o qualsiasi altra causa al di fuori del controllo di ICON. i) Collocazione impropria, compresi, ma non limitati a, ambienti umidi, polverosi o all'aperto (ad esempio garage, cantine, portici e patii).<\/div>\n<\/div>\n<div class=\"product-next-day\">\n<h4>CONSEGNA ESPRESSA<\/h4>\n<div class=\"text-container\">Per molti dei nostri prodotti sono disponibili opzioni di consegna espressa e a data prestabilita, il che significa che il prodotto verr\u00e0 consegnato gi\u00e0 domani o nella data prescelta che pi\u00f9 vi aggrada. Controllare le opzioni di consegna al momento del checkout per verificare la disponibilit\u00e0 per il proprio carrello e codice postale. Si applicano i termini di consegna.<\/div>\n<\/div>","protected":false},"excerpt":{"rendered":"<p>Semplice, solido e stabile, il cross trainer ellittico ProForm Sport facilita la salita e l'allenamento. Dispone di 20 livelli di resistenza digitale, per soddisfare qualsiasi esigenza, dagli allenamenti ad alta intensit\u00e0 alle sessioni di recupero. Il sistema Silent Magnetic Resistance\u2122 offre un'esperienza fluida e silenziosa, progettata per rendere il movimento pi\u00f9 fluido e per un allenamento completo senza interruzioni. Con una lunghezza del passo di 40,6 cm, lo Sport Elliptical Cross Trainer \u00e8 progettato per offrire una lunga gamma di movimenti con un impatto ridotto. Con un account iFIT Train, potete ottenere di pi\u00f9 dal ProForm Sport Elliptical Cross Trainer. Accedete al vostro account iFIT* sul vostro tablet o smartphone (il tablet\/smartphone illustrato non \u00e8 incluso) e collegatelo allo Sport Elliptical Cross Trainer per preparare il prossimo allenamento del vostro piano personalizzato. Mentre vi allenate, iFIT tiene traccia delle vostre prestazioni e modifica automaticamente i 20 livelli di resistenza in base alle vostre esigenze. Con iFIT si ha accesso a oltre 10.000 allenamenti, a funzioni intelligenti e all'assistenza di trainer iFIT esperti in tutto il mondo. I trainer sono a disposizione per aiutarvi a mantenere la forma fisica, per motivarvi a finire bene e per offrirvi informazioni sulle localit\u00e0 del mondo, in modo da tenervi impegnati sia nelle sessioni brevi che in quelle lunghe. Fate il vostro passo e affrontate ogni rotazione su pedali morbidi e sovradimensionati che si adattano a tutte le misure di piede, impegnando allo stesso tempo la parte superiore del corpo con le maniglie mobili. * Prova di iFIT Train di 30 giorni inclusa. Per l'attivazione \u00e8 necessaria la carta di credito. L'abbonamento a iFIT Train si rinnova automaticamente se non viene annullato in anticipo. La prova di 30 giorni si applica solo alle nuove iscrizioni.<\/p>\n<div class=\"product-attribute-container-desktop desktop-only\">\n<div class=\"additional-attributes-wrapper table-wrapper\"><\/div>\n<\/div>","protected":false},"featured_media":508,"comment_status":"open","ping_status":"closed","template":"","meta":{"site-sidebar-layout":"default","site-content-layout":"","ast-site-content-layout":"default","site-content-style":"default","site-sidebar-style":"default","ast-global-header-display":"","ast-banner-title-visibility":"","ast-main-header-display":"","ast-hfb-above-header-display":"","ast-hfb-below-header-display":"","ast-hfb-mobile-header-display":"","site-post-title":"","ast-breadcrumbs-content":"","ast-featured-img":"","footer-sml-layout":"","theme-transparent-header-meta":"default","adv-header-id-meta":"","stick-header-meta":"","header-above-stick-meta":"","header-main-stick-meta":"","header-below-stick-meta":"","astra-migrate-meta-layouts":"set","ast-page-background-enabled":"default","ast-page-background-meta":{"desktop":{"background-color":"var(--ast-global-color-5)","background-image":"","background-repeat":"repeat","background-position":"center center","background-size":"auto","background-attachment":"scroll","background-type":"","background-media":"","overlay-type":"","overlay-color":"","overlay-opacity":"","overlay-gradient":""},"tablet":{"background-color":"","background-image":"","background-repeat":"repeat","background-position":"center center","background-size":"auto","background-attachment":"scroll","background-type":"","background-media":"","overlay-type":"","overlay-color":"","overlay-opacity":"","overlay-gradient":""},"mobile":{"background-color":"","background-image":"","background-repeat":"repeat","background-position":"center center","background-size":"auto","background-attachment":"scroll","background-type":"","background-media":"","overlay-type":"","overlay-color":"","overlay-opacity":"","overlay-gradient":""}},"ast-content-background-meta":{"desktop":{"background-color":"var(--ast-global-color-4)","background-image":"","background-repeat":"repeat","background-position":"center center","background-size":"auto","background-attachment":"scroll","background-type":"","background-media":"","overlay-type":"","overlay-color":"","overlay-opacity":"","overlay-gradient":""},"tablet":{"background-color":"var(--ast-global-color-4)","background-image":"","background-repeat":"repeat","background-position":"center center","background-size":"auto","background-attachment":"scroll","background-type":"","background-media":"","overlay-type":"","overlay-color":"","overlay-opacity":"","overlay-gradient":""},"mobile":{"background-color":"var(--ast-global-color-4)","background-image":"","background-repeat":"repeat","background-position":"center center","background-size":"auto","background-attachment":"scroll","background-type":"","background-media":"","overlay-type":"","overlay-color":"","overlay-opacity":"","overlay-gradient":""}}},"product_brand":[],"product_cat":[18],"product_tag":[23],"class_list":{"0":"post-505","1":"product","2":"type-product","3":"status-publish","4":"has-post-thumbnail","6":"product_cat-cross-trainers","7":"product_tag-cross-trainers","8":"desktop-align-left","9":"tablet-align-left","10":"mobile-align-left","12":"first","13":"instock","14":"sale","15":"taxable","16":"shipping-taxable","17":"purchasable","18":"product-type-simple"},"_links":{"self":[{"href":"https:\/\/bestfitnessstore.com\/it\/wp-json\/wp\/v2\/product\/505","targetHints":{"allow":["GET"]}}],"collection":[{"href":"https:\/\/bestfitnessstore.com\/it\/wp-json\/wp\/v2\/product"}],"about":[{"href":"https:\/\/bestfitnessstore.com\/it\/wp-json\/wp\/v2\/types\/product"}],"replies":[{"embeddable":true,"href":"https:\/\/bestfitnessstore.com\/it\/wp-json\/wp\/v2\/comments?post=505"}],"wp:featuredmedia":[{"embeddable":true,"href":"https:\/\/bestfitnessstore.com\/it\/wp-json\/wp\/v2\/media\/508"}],"wp:attachment":[{"href":"https:\/\/bestfitnessstore.com\/it\/wp-json\/wp\/v2\/media?parent=505"}],"wp:term":[{"taxonomy":"product_brand","embeddable":true,"href":"https:\/\/bestfitnessstore.com\/it\/wp-json\/wp\/v2\/product_brand?post=505"},{"taxonomy":"product_cat","embeddable":true,"href":"https:\/\/bestfitnessstore.com\/it\/wp-json\/wp\/v2\/product_cat?post=505"},{"taxonomy":"product_tag","embeddable":true,"href":"https:\/\/bestfitnessstore.com\/it\/wp-json\/wp\/v2\/product_tag?post=505"}],"curies":[{"name":"wp","href":"https:\/\/api.w.org\/{rel}","templated":true}]}}