{"id":1331,"date":"2025-11-25T17:13:55","date_gmt":"2025-11-25T17:13:55","guid":{"rendered":"https:\/\/bestfitnessstore.com\/?post_type=product&#038;p=1331"},"modified":"2025-11-25T17:13:55","modified_gmt":"2025-11-25T17:13:55","slug":"nordictrack-t8-5s-tapis-roulant-pieghevole","status":"publish","type":"product","link":"https:\/\/bestfitnessstore.com\/it\/product\/nordictrack-t8-5s-folding-treadmill\/","title":{"rendered":"Tapis roulant pieghevole NordicTrack T8.5S"},"content":{"rendered":"<div class=\"product-attribute-container-desktop desktop-only\">\n<div class=\"additional-attributes-wrapper table-wrapper\">\n<h4>INFORMAZIONI SUL PRODOTTO<\/h4>\n<div class=\"attributes-container\">\n<ul class=\"product-attributes-container\">\n<li><span class=\"specification-title\">Peso della confezione (KG):\u00a0<\/span><span class=\"specification-data\">116.000000<\/span><\/li>\n<li><span class=\"specification-title\">Metodo di alimentazione:\u00a0<\/span><span class=\"specification-data\">Rete elettrica<\/span><\/li>\n<li><span class=\"specification-title\">Bluetooth:\u00a0<\/span><span class=\"specification-data\">S\u00ec<\/span><\/li>\n<li><span class=\"specification-title\">Peso massimo dell'utente (kg):\u00a0<\/span><span class=\"specification-data\">135,00 (Kg)<\/span><\/li>\n<\/ul>\n<ul class=\"product-attributes-container\">\n<li><span class=\"specification-title\">Peso del prodotto (KG):\u00a0<\/span><span class=\"specification-data\">90<\/span><\/li>\n<li><span class=\"specification-title\">Integrazione delle app:\u00a0<\/span><span class=\"specification-data\">iFIT<\/span><\/li>\n<li><span class=\"specification-title\">Pieghevole:\u00a0<\/span><span class=\"specification-data\">S\u00ec<\/span><\/li>\n<li><span class=\"specification-title\">Dimensioni della scatola (LxLxH):\u00a0<\/span><span class=\"specification-data\">213 x 83 x 33 cm<\/span><\/li>\n<\/ul>\n<\/div>\n<\/div>\n<\/div>\n<div class=\"product-features\">\n<h4>CARATTERISTICHE AGGIUNTIVE<\/h4>\n<div class=\"more-container\">\n<div class=\"unshow-text\">\n<ul class=\"product-features-container\">\n<li><span class=\"specification-title\">Sistema di trasmissione:<\/span>\u00a0<span class=\"specification-data\">Motore da 3,0 CHP<\/span><\/li>\n<li><span class=\"specification-title\">Controllo digitale QuickIncline\u2122:<\/span>\u00a0<span class=\"specification-data\">12%<\/span><\/li>\n<li><span class=\"specification-title\">Controllo digitale QuickSpeed\u00ae:<\/span>\u00a0<span class=\"specification-data\">0-19 km\/h<\/span><\/li>\n<li><span class=\"specification-title\">Cinghia del battistrada:<\/span>\u00a0<span class=\"specification-data\">51 x 140 cm<\/span><\/li>\n<li><span class=\"specification-title\">Ammortizzazione Flex Select:<\/span>\u00a0<span class=\"specification-data\">Ridurre l'impatto sulle articolazioni<\/span><\/li>\n<li><span class=\"specification-title\">Display:<\/span>\u00a0<span class=\"specification-data\">Display touchscreen a colori da 10 pollici<\/span><\/li>\n<li><span class=\"specification-title\">IFIT abilitato:<\/span>\u00a0<span class=\"specification-data\">\u00c8 richiesta l'iscrizione a IFIT Pro<\/span><\/li>\n<li><span class=\"specification-title\">Audio:<\/span>\u00a0<span class=\"specification-data\">Doppio altoparlante da 2\u201d; compatibile con le cuffie Bluetooth<\/span><\/li>\n<li><span class=\"specification-title\">Telaio pieghevole:<\/span>\u00a0<span class=\"specification-data\">Risparmiare spazio a terra con Easy Lift Assist<\/span><\/li>\n<\/ul>\n<\/div>\n<\/div>\n<\/div>\n<div class=\"product-warranty\">\n<h4>GARANZIA<\/h4>\n<div class=\"text-container\"><strong>Uso domestico:<\/strong>\u00a0Garanzia a vita sul telaio, 10 anni sul motore, due anni su parti e manodopera (si applicano le condizioni) a condizione che il prodotto venga registrato entro 28 giorni dall'acquisto. La garanzia standard \u00e8 di 12 mesi per parti e manodopera. ICON \u00e8 il produttore di NordicTrack e Pro-Form. Di seguito sono riportate le loro condizioni di garanzia. ICON Health and Fitness, Inc. (ICON) garantisce che questo prodotto \u00e8 privo di difetti di fabbricazione e di materiale, in condizioni d'uso e di manutenzione normali, per un periodo di 12 mesi dalla data di acquisto originale. Nota: le estensioni della garanzia possono essere applicate a questo prodotto a condizione che venga registrato presso il centro di assistenza clienti locale entro 28 giorni dall'acquisto. Per registrare il prodotto e beneficiare di eventuali estensioni della garanzia, compilare la scheda di registrazione della garanzia e inviarla, insieme alla prova d'acquisto, all'indirizzo indicato sul retro della copertina di questo libretto o registrarsi online sul sito iconsupport.eu. I dettagli completi sulle estensioni della garanzia e sulla garanzia del produttore ICON sono disponibili su richiesta presso il centro di assistenza clienti locale o online su iconsupport.eu. Termini La presente garanzia si estende solo all'acquirente originale (l'utente) e non \u00e8 trasferibile. La garanzia non copre 1. la normale usura; 2. qualsiasi adattamento o modifica per migliorare il prodotto rispetto alla sua normale destinazione d'uso, come descritto nel manuale d'uso; 3. i danni derivanti da: 1. la perdita di controllo del prodotto. danni derivanti da: a) trasporto; b) abuso, uso improprio, mancata osservanza delle istruzioni o uso improprio o anormale; c) uso non domestico (incluso, ma non limitato a scopi commerciali, professionali o di noleggio); d) riparazioni non fornite da un fornitore di servizi autorizzato da ICON; e) incidenti, fulmini, acqua, fuoco o qualsiasi altra causa al di fuori del controllo di ICON; f) collocazione impropria, inclusi, ma non solo, ambienti umidi, polverosi o all'aperto (esempi: garage, cantine) ICON non \u00e8 responsabile per danni indiretti, speciali o consequenziali derivanti da o in connessione con l'uso o le prestazioni del prodotto o per danni relativi a perdite economiche, perdita di propriet\u00e0, perdita di ricavi o profitti, perdita di godimento o uso, o costi di rimozione o installazione. La presente garanzia copre i prodotti acquistati e utilizzati all'interno dell'Unione Europea; tuttavia, non tutti i prodotti sono distribuiti in tutti i paesi. Ci\u00f2 potrebbe comportare ritardi nella copertura della garanzia se il prodotto \u00e8 stato acquistato in un paese diverso e non \u00e8 supportato nel paese di residenza. Potrebbe essere necessario eseguire le riparazioni presso un centro di riparazione autorizzato da ICON. ICON si riserva il diritto di estendere o aumentare la copertura. La garanzia si aggiunge e non pregiudica in alcun modo i diritti legali dell'utente ai sensi delle leggi nazionali vigenti, n\u00e9 i diritti dell'utente nei confronti del rivenditore derivanti dal contratto di vendita\/acquisto.<\/div>\n<\/div>\n<div class=\"product-next-day\">\n<h4>CONSEGNA ESPRESSA<\/h4>\n<div class=\"text-container\">Per molti dei nostri prodotti sono disponibili opzioni di consegna espressa e a data prestabilita, il che significa che il prodotto verr\u00e0 consegnato gi\u00e0 domani o nella data prescelta che pi\u00f9 vi aggrada. Controllare le opzioni di consegna al momento del checkout per verificare la disponibilit\u00e0 per il proprio carrello e codice postale. Si applicano i termini di consegna.<\/div>\n<\/div>","protected":false},"excerpt":{"rendered":"<p>Dotato di un motore da 3,0 CHP, il tapis roulant pieghevole NordicTrack T8.5S da 51 x 140 cm \u00e8 in grado di raggiungere velocit\u00e0 massime di 19 km\/h e pendenze fino a 12%, entrambe facilmente regolabili in corsa con i comandi rapidi digitali. La pedana \u00e8 dotata di Flex Select Cushioning, che consente di personalizzare la sensazione e la reattivit\u00e0 del nastro. Il display touch capacitivo a colori da 10\u201d \u00e8 orientabile per una facile visualizzazione e consente di seguire in streaming le sessioni di studio iFIT con personal trainer di fama mondiale che controllano le impostazioni della macchina in tempo reale per massimizzare l'allenamento. Con iFIT (\u00e8 necessaria l'iscrizione a iFIT Pro), \u00e8 possibile accedere a pi\u00f9 di 16.000 allenamenti on-demand in qualsiasi momento della giornata, allenandosi in tutto il mondo con le straordinarie Google Maps\u2122. Il T8.5S beneficia anche della tecnologia ActivePulse\u2122 (\u00e8 necessaria la fascia da braccio SmartBeat) che regola automaticamente la velocit\u00e0 e l'inclinazione per mantenere la frequenza cardiaca nella zona ottimale. Seguite le indicazioni del vostro istruttore attraverso i doppi altoparlanti da 2\u201d integrati e mantenetevi freschi grazie alla ventola di allenamento AutoBreeze\u2122 incorporata. Il design salvaspazio del T8.5S consente di sollevare facilmente il piano dopo la corsa per ottimizzare lo spazio sul pavimento. Altre caratteristiche degne di nota sono il vassoio per gli accessori e i rulli da 1,9\u201d con bilanciamento di precisione.<\/p>\n<div class=\"product-attribute-container-desktop desktop-only\">\n<div class=\"additional-attributes-wrapper table-wrapper\"><\/div>\n<\/div>","protected":false},"featured_media":1336,"comment_status":"open","ping_status":"closed","template":"","meta":{"site-sidebar-layout":"default","site-content-layout":"","ast-site-content-layout":"default","site-content-style":"default","site-sidebar-style":"default","ast-global-header-display":"","ast-banner-title-visibility":"","ast-main-header-display":"","ast-hfb-above-header-display":"","ast-hfb-below-header-display":"","ast-hfb-mobile-header-display":"","site-post-title":"","ast-breadcrumbs-content":"","ast-featured-img":"","footer-sml-layout":"","theme-transparent-header-meta":"default","adv-header-id-meta":"","stick-header-meta":"","header-above-stick-meta":"","header-main-stick-meta":"","header-below-stick-meta":"","astra-migrate-meta-layouts":"set","ast-page-background-enabled":"default","ast-page-background-meta":{"desktop":{"background-color":"var(--ast-global-color-5)","background-image":"","background-repeat":"repeat","background-position":"center center","background-size":"auto","background-attachment":"scroll","background-type":"","background-media":"","overlay-type":"","overlay-color":"","overlay-opacity":"","overlay-gradient":""},"tablet":{"background-color":"","background-image":"","background-repeat":"repeat","background-position":"center center","background-size":"auto","background-attachment":"scroll","background-type":"","background-media":"","overlay-type":"","overlay-color":"","overlay-opacity":"","overlay-gradient":""},"mobile":{"background-color":"","background-image":"","background-repeat":"repeat","background-position":"center center","background-size":"auto","background-attachment":"scroll","background-type":"","background-media":"","overlay-type":"","overlay-color":"","overlay-opacity":"","overlay-gradient":""}},"ast-content-background-meta":{"desktop":{"background-color":"var(--ast-global-color-4)","background-image":"","background-repeat":"repeat","background-position":"center center","background-size":"auto","background-attachment":"scroll","background-type":"","background-media":"","overlay-type":"","overlay-color":"","overlay-opacity":"","overlay-gradient":""},"tablet":{"background-color":"var(--ast-global-color-4)","background-image":"","background-repeat":"repeat","background-position":"center center","background-size":"auto","background-attachment":"scroll","background-type":"","background-media":"","overlay-type":"","overlay-color":"","overlay-opacity":"","overlay-gradient":""},"mobile":{"background-color":"var(--ast-global-color-4)","background-image":"","background-repeat":"repeat","background-position":"center center","background-size":"auto","background-attachment":"scroll","background-type":"","background-media":"","overlay-type":"","overlay-color":"","overlay-opacity":"","overlay-gradient":""}}},"product_brand":[],"product_cat":[21],"product_tag":[25],"class_list":{"0":"post-1331","1":"product","2":"type-product","3":"status-publish","4":"has-post-thumbnail","6":"product_cat-treadmills","7":"product_tag-treadmills","8":"desktop-align-left","9":"tablet-align-left","10":"mobile-align-left","12":"first","13":"instock","14":"sale","15":"taxable","16":"shipping-taxable","17":"purchasable","18":"product-type-simple"},"_links":{"self":[{"href":"https:\/\/bestfitnessstore.com\/it\/wp-json\/wp\/v2\/product\/1331","targetHints":{"allow":["GET"]}}],"collection":[{"href":"https:\/\/bestfitnessstore.com\/it\/wp-json\/wp\/v2\/product"}],"about":[{"href":"https:\/\/bestfitnessstore.com\/it\/wp-json\/wp\/v2\/types\/product"}],"replies":[{"embeddable":true,"href":"https:\/\/bestfitnessstore.com\/it\/wp-json\/wp\/v2\/comments?post=1331"}],"wp:featuredmedia":[{"embeddable":true,"href":"https:\/\/bestfitnessstore.com\/it\/wp-json\/wp\/v2\/media\/1336"}],"wp:attachment":[{"href":"https:\/\/bestfitnessstore.com\/it\/wp-json\/wp\/v2\/media?parent=1331"}],"wp:term":[{"taxonomy":"product_brand","embeddable":true,"href":"https:\/\/bestfitnessstore.com\/it\/wp-json\/wp\/v2\/product_brand?post=1331"},{"taxonomy":"product_cat","embeddable":true,"href":"https:\/\/bestfitnessstore.com\/it\/wp-json\/wp\/v2\/product_cat?post=1331"},{"taxonomy":"product_tag","embeddable":true,"href":"https:\/\/bestfitnessstore.com\/it\/wp-json\/wp\/v2\/product_tag?post=1331"}],"curies":[{"name":"wp","href":"https:\/\/api.w.org\/{rel}","templated":true}]}}