{"id":1325,"date":"2025-11-25T17:03:15","date_gmt":"2025-11-25T17:03:15","guid":{"rendered":"https:\/\/bestfitnessstore.com\/?post_type=product&#038;p=1325"},"modified":"2025-11-25T17:03:16","modified_gmt":"2025-11-25T17:03:16","slug":"tapis-roulant-pieghevole-nordictrack-t-series-8","status":"publish","type":"product","link":"https:\/\/bestfitnessstore.com\/it\/product\/nordictrack-t-series-8-folding-treadmill\/","title":{"rendered":"Tapis roulant pieghevole NordicTrack T Series 8"},"content":{"rendered":"<div class=\"product-attribute-container-desktop desktop-only\">\n<div class=\"additional-attributes-wrapper table-wrapper\">\n<h4>INFORMAZIONI SUL PRODOTTO<\/h4>\n<div class=\"attributes-container\">\n<ul class=\"product-attributes-container\">\n<li><span class=\"specification-title\">Peso della confezione (KG):\u00a0<\/span><span class=\"specification-data\">113.000000<\/span><\/li>\n<li><span class=\"specification-title\">Integrazione delle app:\u00a0<\/span><span class=\"specification-data\">iFIT<\/span><\/li>\n<li><span class=\"specification-title\">Pieghevole:\u00a0<\/span><span class=\"specification-data\">S\u00ec<\/span><\/li>\n<li><span class=\"specification-title\">Ruote di trasporto:\u00a0<\/span><span class=\"specification-data\">S\u00ec<\/span><\/li>\n<li><span class=\"specification-title\">Dimensioni della scatola (LxLxH):\u00a0<\/span><span class=\"specification-data\">207 x 85 x 29 cm<\/span><\/li>\n<\/ul>\n<ul class=\"product-attributes-container\">\n<li><span class=\"specification-title\">Metodo di alimentazione:\u00a0<\/span><span class=\"specification-data\">Rete elettrica<\/span><\/li>\n<li><span class=\"specification-title\">Supporto per tablet:\u00a0<\/span><span class=\"specification-data\">S\u00ec<\/span><\/li>\n<li><span class=\"specification-title\">Peso massimo dell'utente (kg):\u00a0<\/span><span class=\"specification-data\">148,00 (Kg)<\/span><\/li>\n<li><span class=\"specification-title\">Dimensioni del prodotto (LxLxH):\u00a0<\/span><span class=\"specification-data\">191 x 87 x 148 cm<\/span><\/li>\n<li><span class=\"specification-title\">Piegato Dimensioni (LxLxH):\u00a0<\/span><span class=\"specification-data\">104 x 87 x 174 cm<\/span><\/li>\n<\/ul>\n<\/div>\n<\/div>\n<\/div>\n<div class=\"product-features\">\n<h4>CARATTERISTICHE AGGIUNTIVE<\/h4>\n<div class=\"more-container\">\n<div class=\"unshow-text\">\n<ul class=\"product-features-container\">\n<li><span class=\"specification-title\">Gamma di velocit\u00e0:<\/span>\u00a0<span class=\"specification-data\">0-20 km\/h<\/span><\/li>\n<li><span class=\"specification-title\">Gamma di inclinazione:<\/span>\u00a0<span class=\"specification-data\">0-12%<\/span><\/li>\n<li><span class=\"specification-title\">Display:<\/span>\u00a0<span class=\"specification-data\">Schermo LCD da 7\u201d (17,8 cm) con ripiano per dispositivi; portabicchieri; porta USB-C<\/span><\/li>\n<li><span class=\"specification-title\">Treno IFIT:<\/span>\u00a0<span class=\"specification-data\">Accedere a iFIT tramite il proprio dispositivo e collegarsi al T8. Prova di iFIT Train di 30 giorni inclusa. Per l'attivazione \u00e8 necessaria la carta di credito. L'iscrizione a iFIT Train si rinnova automaticamente se non viene annullata in anticipo. La prova di 30 giorni si applica solo alle nuove iscrizioni<\/span><\/li>\n<li><span class=\"specification-title\">Ammortizzazione SelectFlex\u2122:<\/span>\u00a0<span class=\"specification-data\">Regolabile tra morbido e compatto<\/span><\/li>\n<li><span class=\"specification-title\">Tecnologia SmartAdjust\u2122:<\/span>\u00a0<span class=\"specification-data\">Adatta gli allenamenti al vostro livello di forma fisica<\/span><\/li>\n<li><span class=\"specification-title\">Monitoraggio della frequenza cardiaca ActivePulse\u2122:<\/span>\u00a0<span class=\"specification-data\">Regola automaticamente la velocit\u00e0 e l'inclinazione per mantenere l'utente nella zona desiderata; \u00e8 necessaria una fascia cardio compatibile con Bluetooth\u00ae (venduta separatamente).<\/span><\/li>\n<li><span class=\"specification-title\">Comandi con impugnatura:<\/span>\u00a0<span class=\"specification-data\">Facili regolazioni e scorciatoie per velocit\u00e0 e inclinazione Altoparlanti<\/span><\/li>\n<li><span class=\"specification-title\">Ventola AutoBreeze\u2122:<\/span>\u00a0<span class=\"specification-data\">Mantiene il sangue freddo durante l'allenamento<\/span><\/li>\n<li><span class=\"specification-title\">Ripiegamento automatico:<\/span>\u00a0<span class=\"specification-data\">Semplice pressione della barra nera dei piedi<\/span><\/li>\n<\/ul>\n<\/div>\n<\/div>\n<\/div>\n<div class=\"product-warranty\">\n<h4>GARANZIA<\/h4>\n<div class=\"text-container\"><strong>Uso domestico:<\/strong>\u00a0Garanzia a vita sul telaio, 5 anni sul motore, due anni su parti e manodopera (si applicano le condizioni) a condizione che il prodotto venga registrato entro 28 giorni dall'acquisto. La garanzia standard \u00e8 di 12 mesi per parti e manodopera Termini Questa garanzia si estende solo all'acquirente originale (voi) e non \u00e8 trasferibile. La garanzia non copre: 1. La normale usura (esempi di parti soggette a normale usura sono cinghie di trasmissione, cinghie di trasmissione, batterie, pastiglie dei freni e tappetini per il salto). 2. Eventuali riparazioni, adattamenti o modifiche di fortuna che alterino il prodotto rispetto al suo normale scopo e funzionamento, come descritto nel manuale d'uso. 3. Danni derivanti da: a) Atti dolosi o intenzionali. b) Trasporto. c) Installazione, montaggio o collegamento improprio non conforme alle specifiche o alle raccomandazioni di ICON. d) Abuso, uso improprio, mancata osservanza delle istruzioni o uso improprio o anormale. e) Mancato rispetto delle istruzioni contenute nel manuale d'uso (ad esempio, uso di prodotti per la pulizia e la manutenzione diversi da quelli raccomandati, mancato spegnimento del prodotto dopo l'uso, ecc.) f) Uso non domestico (compreso, ma non limitato, l'uso in ambienti commerciali, professionali, di noleggio o istituzionali). g) Riparazioni non effettuate da un fornitore di servizi autorizzato da ICON o uso di parti non fornite o autorizzate da ICON. h) Incidenti, urti, sbalzi di tensione, fulmini, tempeste, acqua, fuoco, animali o qualsiasi altra causa al di fuori del controllo di ICON. i) Collocazione impropria, compresi, ma non limitati a, ambienti umidi, polverosi o all'aperto (ad esempio garage, cantine, portici e patii).<\/div>\n<\/div>\n<div class=\"product-next-day\">\n<h4>CONSEGNA ESPRESSA<\/h4>\n<div class=\"text-container\">Per molti dei nostri prodotti sono disponibili opzioni di consegna espressa e a data prestabilita, il che significa che il prodotto verr\u00e0 consegnato gi\u00e0 domani o nella data prescelta che pi\u00f9 vi aggrada. Controllare le opzioni di consegna al momento del checkout per verificare la disponibilit\u00e0 per il proprio carrello e codice postale. Si applicano i termini di consegna.<\/div>\n<\/div>","protected":false},"excerpt":{"rendered":"<p>Il tapis roulant pieghevole NordicTrack T Series 8 \u00e8 dotato di una serie di caratteristiche di spicco: una velocit\u00e0 massima di 20 km\/h, 12 livelli di pendenza, un pratico design pieghevole e l'ammortizzazione SelectFlex\u2122, che consente di regolare l'ammortizzazione del nastro del tapis roulant da morbida a solida in base alle proprie preferenze. L'iscrizione a iFIT Train* consente di accedere a un monitoraggio avanzato delle prestazioni e a oltre 10.000 allenamenti per mantenersi motivati. Accedete con il vostro dispositivo e poi connettetevi con il T Series 8. Il display da 7\u201d, semplice e facilmente accessibile, semplifica il monitoraggio delle prestazioni, mentre i pulsanti di scelta rapida della velocit\u00e0 e dell'inclinazione consentono di cambiare rapidamente. La ventola AutoBreeze\u2122, comodamente posizionata, e i portabicchieri per le bottiglie di bevande consentono di mantenersi freschi. Il monitoraggio intelligente della frequenza cardiaca ActivePulse\u2122 (monitor e abbonamento iFIT venduti separatamente) e gli allenamenti adattivi modificano automaticamente i livelli di inclinazione e di velocit\u00e0. La T Series 8 non solo offre una piattaforma di allenamento comoda e conveniente, ma \u00e8 anche dotata di un meccanismo pieghevole facile da usare. Basta una semplice pressione della barra dei piedi e il tapis roulant si ripiega, modificando notevolmente il suo ingombro, e pu\u00f2 essere trasportato in uno spazio a scelta. * Prova di iFIT Train di 30 giorni inclusa. Per l'attivazione \u00e8 necessaria la carta di credito. L'iscrizione a iFIT Train si rinnova automaticamente se non viene annullata in anticipo. La prova di 30 giorni si applica solo alle nuove iscrizioni.<\/p>\n<div class=\"product-attribute-container-desktop desktop-only\">\n<div class=\"additional-attributes-wrapper table-wrapper\"><\/div>\n<\/div>","protected":false},"featured_media":1326,"comment_status":"open","ping_status":"closed","template":"","meta":{"site-sidebar-layout":"default","site-content-layout":"","ast-site-content-layout":"default","site-content-style":"default","site-sidebar-style":"default","ast-global-header-display":"","ast-banner-title-visibility":"","ast-main-header-display":"","ast-hfb-above-header-display":"","ast-hfb-below-header-display":"","ast-hfb-mobile-header-display":"","site-post-title":"","ast-breadcrumbs-content":"","ast-featured-img":"","footer-sml-layout":"","theme-transparent-header-meta":"default","adv-header-id-meta":"","stick-header-meta":"","header-above-stick-meta":"","header-main-stick-meta":"","header-below-stick-meta":"","astra-migrate-meta-layouts":"set","ast-page-background-enabled":"default","ast-page-background-meta":{"desktop":{"background-color":"var(--ast-global-color-5)","background-image":"","background-repeat":"repeat","background-position":"center center","background-size":"auto","background-attachment":"scroll","background-type":"","background-media":"","overlay-type":"","overlay-color":"","overlay-opacity":"","overlay-gradient":""},"tablet":{"background-color":"","background-image":"","background-repeat":"repeat","background-position":"center center","background-size":"auto","background-attachment":"scroll","background-type":"","background-media":"","overlay-type":"","overlay-color":"","overlay-opacity":"","overlay-gradient":""},"mobile":{"background-color":"","background-image":"","background-repeat":"repeat","background-position":"center center","background-size":"auto","background-attachment":"scroll","background-type":"","background-media":"","overlay-type":"","overlay-color":"","overlay-opacity":"","overlay-gradient":""}},"ast-content-background-meta":{"desktop":{"background-color":"var(--ast-global-color-4)","background-image":"","background-repeat":"repeat","background-position":"center center","background-size":"auto","background-attachment":"scroll","background-type":"","background-media":"","overlay-type":"","overlay-color":"","overlay-opacity":"","overlay-gradient":""},"tablet":{"background-color":"var(--ast-global-color-4)","background-image":"","background-repeat":"repeat","background-position":"center center","background-size":"auto","background-attachment":"scroll","background-type":"","background-media":"","overlay-type":"","overlay-color":"","overlay-opacity":"","overlay-gradient":""},"mobile":{"background-color":"var(--ast-global-color-4)","background-image":"","background-repeat":"repeat","background-position":"center center","background-size":"auto","background-attachment":"scroll","background-type":"","background-media":"","overlay-type":"","overlay-color":"","overlay-opacity":"","overlay-gradient":""}}},"product_brand":[],"product_cat":[21],"product_tag":[25],"class_list":{"0":"post-1325","1":"product","2":"type-product","3":"status-publish","4":"has-post-thumbnail","6":"product_cat-treadmills","7":"product_tag-treadmills","8":"desktop-align-left","9":"tablet-align-left","10":"mobile-align-left","12":"first","13":"instock","14":"sale","15":"taxable","16":"shipping-taxable","17":"purchasable","18":"product-type-simple"},"_links":{"self":[{"href":"https:\/\/bestfitnessstore.com\/it\/wp-json\/wp\/v2\/product\/1325","targetHints":{"allow":["GET"]}}],"collection":[{"href":"https:\/\/bestfitnessstore.com\/it\/wp-json\/wp\/v2\/product"}],"about":[{"href":"https:\/\/bestfitnessstore.com\/it\/wp-json\/wp\/v2\/types\/product"}],"replies":[{"embeddable":true,"href":"https:\/\/bestfitnessstore.com\/it\/wp-json\/wp\/v2\/comments?post=1325"}],"wp:featuredmedia":[{"embeddable":true,"href":"https:\/\/bestfitnessstore.com\/it\/wp-json\/wp\/v2\/media\/1326"}],"wp:attachment":[{"href":"https:\/\/bestfitnessstore.com\/it\/wp-json\/wp\/v2\/media?parent=1325"}],"wp:term":[{"taxonomy":"product_brand","embeddable":true,"href":"https:\/\/bestfitnessstore.com\/it\/wp-json\/wp\/v2\/product_brand?post=1325"},{"taxonomy":"product_cat","embeddable":true,"href":"https:\/\/bestfitnessstore.com\/it\/wp-json\/wp\/v2\/product_cat?post=1325"},{"taxonomy":"product_tag","embeddable":true,"href":"https:\/\/bestfitnessstore.com\/it\/wp-json\/wp\/v2\/product_tag?post=1325"}],"curies":[{"name":"wp","href":"https:\/\/api.w.org\/{rel}","templated":true}]}}