{"id":1257,"date":"2025-11-25T16:03:48","date_gmt":"2025-11-25T16:03:48","guid":{"rendered":"https:\/\/bestfitnessstore.com\/?post_type=product&#038;p=1257"},"modified":"2025-11-25T16:03:48","modified_gmt":"2025-11-25T16:03:48","slug":"matrix-fitness-tf30-tapis-roulant-pieghevole-con-console-xr","status":"publish","type":"product","link":"https:\/\/bestfitnessstore.com\/it\/product\/matrix-fitness-tf30-folding-treadmill-with-xr-console\/","title":{"rendered":"Matrix Fitness TF30 tapis roulant pieghevole con console XR"},"content":{"rendered":"<div class=\"product-attribute-container-desktop desktop-only\">\n<div class=\"additional-attributes-wrapper table-wrapper\">\n<h4>INFORMAZIONI SUL PRODOTTO<\/h4>\n<div class=\"attributes-container\">\n<ul class=\"product-attributes-container\">\n<li><span class=\"specification-title\">Peso della confezione (KG):\u00a0<\/span><span class=\"specification-data\">148.400000<\/span><\/li>\n<li><span class=\"specification-title\">Integrazione delle app:\u00a0<\/span><span class=\"specification-data\">KinoMap, Zwift<\/span><\/li>\n<li><span class=\"specification-title\">Bluetooth:\u00a0<\/span><span class=\"specification-data\">S\u00ec<\/span><\/li>\n<li><span class=\"specification-title\">Monitoraggio della frequenza cardiaca:\u00a0<\/span><span class=\"specification-data\">Sensori integrati e Bluetooth<\/span><\/li>\n<li><span class=\"specification-title\">Programmi integrati:\u00a0<\/span><span class=\"specification-data\">Manuale, Colline, Intervalli, Obiettivo tempo, Obiettivo distanza, Obiettivo calorie, Frequenza cardiaca target (velocit\u00e0), Frequenza cardiaca target (pendenza), Sprint 8, Personalizzato<\/span><\/li>\n<li><span class=\"specification-title\">Dimensioni del prodotto (LxLxH):\u00a0<\/span><span class=\"specification-data\">195 x 90 x 157 cm<\/span><\/li>\n<\/ul>\n<ul class=\"product-attributes-container\">\n<li><span class=\"specification-title\">Metodo di alimentazione:\u00a0<\/span><span class=\"specification-data\">Rete elettrica<\/span><\/li>\n<li><span class=\"specification-title\">Supporto per tablet:\u00a0<\/span><span class=\"specification-data\">S\u00ec<\/span><\/li>\n<li><span class=\"specification-title\">Pieghevole:\u00a0<\/span><span class=\"specification-data\">S\u00ec<\/span><\/li>\n<li><span class=\"specification-title\">Peso massimo dell'utente (kg):\u00a0<\/span><span class=\"specification-data\">159,00 (Kg)<\/span><\/li>\n<li><span class=\"specification-title\">Ruote di trasporto:\u00a0<\/span><span class=\"specification-data\">S\u00ec<\/span><\/li>\n<li><span class=\"specification-title\">Piegato Dimensioni (LxLxH):\u00a0<\/span><span class=\"specification-data\">106 x 90 x 181 cm<\/span><\/li>\n<\/ul>\n<\/div>\n<\/div>\n<\/div>\n<div class=\"product-features\">\n<h4>CARATTERISTICHE AGGIUNTIVE<\/h4>\n<div class=\"more-container\">\n<div class=\"unshow-text\">\n<ul class=\"product-features-container\">\n<li><span class=\"specification-title\">Motore:<\/span>\u00a0<span class=\"specification-data\">Sistema di trasmissione Johnson da 3,25 HP a servizio continuo<\/span><\/li>\n<li><span class=\"specification-title\">Velocit\u00e0:<\/span>\u00a0<span class=\"specification-data\">0,8 - 20 km\/h<\/span><\/li>\n<li><span class=\"specification-title\">Inclinazione:<\/span>\u00a0<span class=\"specification-data\">0-15%<\/span><\/li>\n<li><span class=\"specification-title\">Area di corsa:<\/span>\u00a0<span class=\"specification-data\">51 x 140 cm<\/span><\/li>\n<li><span class=\"specification-title\">Spessore del nastro\/del ponte:<\/span>\u00a0<span class=\"specification-data\">2 strati, 1,6 mm \/ 25,4 mm<\/span><\/li>\n<li><span class=\"specification-title\">Console XR:<\/span>\u00a0<span class=\"specification-data\">LCD blu extra-large da 8,5\u201d con porta-lettura, modalit\u00e0 risparmio energetico, connettivit\u00e0 ViewFit (integrazione con le app Fitness)<\/span><\/li>\n<li><span class=\"specification-title\">Programmi di allenamento:<\/span>\u00a0<span class=\"specification-data\">5, Sprint 8 incluso<\/span><\/li>\n<li><span class=\"specification-title\">Monitoraggio della frequenza cardiaca:<\/span>\u00a0<span class=\"specification-data\">Impugnature per la frequenza cardiaca sulle guide laterali<\/span><\/li>\n<li><span class=\"specification-title\">Sistema di coperta Ultimate Deck:<\/span>\u00a0<span class=\"specification-data\">Telaio per impieghi gravosi, piano di appoggio di grande spessore e imbottitura di tipo industriale<\/span><\/li>\n<li><span class=\"specification-title\">Accessori:<\/span>\u00a0<span class=\"specification-data\">Portaborracce, portadispositivi, ruote di trasporto<\/span><\/li>\n<li><span class=\"specification-title\">Peso massimo dell'utente:<\/span>\u00a0<span class=\"specification-data\">159 kg \/ 25st circa.<\/span><\/li>\n<li><span class=\"specification-title\">Dimensioni (LxLxH):<\/span>\u00a0<span class=\"specification-data\">195 x 90 x 157 cm \/ 77\u201d x 35\u201d x 62\u201d<\/span><\/li>\n<li><span class=\"specification-title\">Piegato Dimensioni (LxLxH):<\/span>\u00a0<span class=\"specification-data\">106 x 90 x 181 cm \/ 42\u201d x 35\u201d x 71\u201d<\/span><\/li>\n<\/ul>\n<\/div>\n<\/div>\n<\/div>\n<div class=\"product-warranty\">\n<h4>GARANZIA<\/h4>\n<div class=\"text-container\"><strong>Uso domestico:<\/strong>\u00a0Casa - 10 anni di motore, 3 anni di P\/L,<\/div>\n<\/div>","protected":false},"excerpt":{"rendered":"<p>Il tapis roulant pieghevole Matrix Fitness TF30 offre la combinazione pi\u00f9 avanzata di telaio e pedana, fornendo una piattaforma affidabile per il vostro allenamento domestico. Dotato di un sistema Johnson Drive da 3,25 CV, il sistema si ricalibra a ogni passo e mantiene un ritmo perfetto. Il TF30 \u00e8 dotato dell'esclusivo Ultimate Desk System di Matrix, che comprende un telaio per impieghi gravosi, una pedana di grande spessore e cuscini di livello industriale per chilometri di prestazioni durature. Raggiunge velocit\u00e0 massime di 20 km\/h sulla spaziosa area di corsa di 51 x 140 cm e pendenze fino a 15%. Completo dell'avanzata console XIR, \u00e8 facile mantenere fresco ogni allenamento grazie a 12 programmi cardio metrici, come Sprint 8. Grazie alla connettivit\u00e0 ViewFit, \u00e8 possibile sincronizzarsi con le app gi\u00e0 utilizzate, come MyFitnessPal, Strava, Fitbit e altre ancora, e godersi i preferiti dell'intrattenimento, come Netflix, Spotify e YouTube (abbonamenti non inclusi). Collegate la console via WiFi per gli aggiornamenti software, ViewFit, la navigazione web e le app di intrattenimento. Ottenete il feedback pi\u00f9 accurato sulla frequenza cardiaca che un'attrezzatura per il fitness possa fornire grazie alla tecnologia di frequenza cardiaca Polar integrata, con una fascia cardiaca Polar inclusa nello XIR. Il tapis roulant pieghevole TF30 \u00e8 dotato di un comodo design salvaspazio che consente di riporre la macchina in posizione verticale quando non viene utilizzata. \u00c8 inoltre dotato di portabottiglie, porta dispositivi, porta USB, porta HDMI per il mirroring del telefono, altoparlanti da 5 W e ruote per il trasporto.<\/p>\n<div class=\"product-attribute-container-desktop desktop-only\">\n<div class=\"additional-attributes-wrapper table-wrapper\"><\/div>\n<\/div>","protected":false},"featured_media":1261,"comment_status":"open","ping_status":"closed","template":"","meta":{"site-sidebar-layout":"default","site-content-layout":"","ast-site-content-layout":"default","site-content-style":"default","site-sidebar-style":"default","ast-global-header-display":"","ast-banner-title-visibility":"","ast-main-header-display":"","ast-hfb-above-header-display":"","ast-hfb-below-header-display":"","ast-hfb-mobile-header-display":"","site-post-title":"","ast-breadcrumbs-content":"","ast-featured-img":"","footer-sml-layout":"","theme-transparent-header-meta":"default","adv-header-id-meta":"","stick-header-meta":"","header-above-stick-meta":"","header-main-stick-meta":"","header-below-stick-meta":"","astra-migrate-meta-layouts":"set","ast-page-background-enabled":"default","ast-page-background-meta":{"desktop":{"background-color":"var(--ast-global-color-5)","background-image":"","background-repeat":"repeat","background-position":"center center","background-size":"auto","background-attachment":"scroll","background-type":"","background-media":"","overlay-type":"","overlay-color":"","overlay-opacity":"","overlay-gradient":""},"tablet":{"background-color":"","background-image":"","background-repeat":"repeat","background-position":"center center","background-size":"auto","background-attachment":"scroll","background-type":"","background-media":"","overlay-type":"","overlay-color":"","overlay-opacity":"","overlay-gradient":""},"mobile":{"background-color":"","background-image":"","background-repeat":"repeat","background-position":"center center","background-size":"auto","background-attachment":"scroll","background-type":"","background-media":"","overlay-type":"","overlay-color":"","overlay-opacity":"","overlay-gradient":""}},"ast-content-background-meta":{"desktop":{"background-color":"var(--ast-global-color-4)","background-image":"","background-repeat":"repeat","background-position":"center center","background-size":"auto","background-attachment":"scroll","background-type":"","background-media":"","overlay-type":"","overlay-color":"","overlay-opacity":"","overlay-gradient":""},"tablet":{"background-color":"var(--ast-global-color-4)","background-image":"","background-repeat":"repeat","background-position":"center center","background-size":"auto","background-attachment":"scroll","background-type":"","background-media":"","overlay-type":"","overlay-color":"","overlay-opacity":"","overlay-gradient":""},"mobile":{"background-color":"var(--ast-global-color-4)","background-image":"","background-repeat":"repeat","background-position":"center center","background-size":"auto","background-attachment":"scroll","background-type":"","background-media":"","overlay-type":"","overlay-color":"","overlay-opacity":"","overlay-gradient":""}}},"product_brand":[],"product_cat":[21],"product_tag":[25],"class_list":{"0":"post-1257","1":"product","2":"type-product","3":"status-publish","4":"has-post-thumbnail","6":"product_cat-treadmills","7":"product_tag-treadmills","8":"desktop-align-left","9":"tablet-align-left","10":"mobile-align-left","12":"first","13":"instock","14":"sale","15":"taxable","16":"shipping-taxable","17":"purchasable","18":"product-type-simple"},"_links":{"self":[{"href":"https:\/\/bestfitnessstore.com\/it\/wp-json\/wp\/v2\/product\/1257","targetHints":{"allow":["GET"]}}],"collection":[{"href":"https:\/\/bestfitnessstore.com\/it\/wp-json\/wp\/v2\/product"}],"about":[{"href":"https:\/\/bestfitnessstore.com\/it\/wp-json\/wp\/v2\/types\/product"}],"replies":[{"embeddable":true,"href":"https:\/\/bestfitnessstore.com\/it\/wp-json\/wp\/v2\/comments?post=1257"}],"wp:featuredmedia":[{"embeddable":true,"href":"https:\/\/bestfitnessstore.com\/it\/wp-json\/wp\/v2\/media\/1261"}],"wp:attachment":[{"href":"https:\/\/bestfitnessstore.com\/it\/wp-json\/wp\/v2\/media?parent=1257"}],"wp:term":[{"taxonomy":"product_brand","embeddable":true,"href":"https:\/\/bestfitnessstore.com\/it\/wp-json\/wp\/v2\/product_brand?post=1257"},{"taxonomy":"product_cat","embeddable":true,"href":"https:\/\/bestfitnessstore.com\/it\/wp-json\/wp\/v2\/product_cat?post=1257"},{"taxonomy":"product_tag","embeddable":true,"href":"https:\/\/bestfitnessstore.com\/it\/wp-json\/wp\/v2\/product_tag?post=1257"}],"curies":[{"name":"wp","href":"https:\/\/api.w.org\/{rel}","templated":true}]}}