{"id":935,"date":"2025-11-24T14:43:38","date_gmt":"2025-11-24T14:43:38","guid":{"rendered":"https:\/\/bestfitnessstore.com\/?post_type=product&#038;p=935"},"modified":"2025-11-24T14:43:38","modified_gmt":"2025-11-24T14:43:38","slug":"sole-sb900i-velo-dinterieur","status":"publish","type":"product","link":"https:\/\/bestfitnessstore.com\/fr\/product\/sole-sb900i-indoor-cycle\/","title":{"rendered":"Sole SB900(i) Cycle d'int\u00e9rieur"},"content":{"rendered":"<div class=\"product-tabs-wrapper\">\n<div class=\"container product-tabs-inner\">\n<div class=\"woocommerce-tabs wc-tabs-wrapper tabs-layout-tabs wd-opener-pos-right wd-opener-style-arrow\" data-state=\"first\" data-layout=\"tabs\">\n<div class=\"wd-accordion-item\">\n<div id=\"tab-description\" class=\"entry-content woocommerce-Tabs-panel woocommerce-Tabs-panel--description wd-active panel wc-tab\" role=\"tabpanel\" aria-labelledby=\"tab-title-description\" data-accordion-index=\"description\">\n<div class=\"wc-tab-inner wd-entry-content\">\n<div class=\"product-attribute-container-desktop desktop-only\">\n<div class=\"additional-attributes-wrapper table-wrapper\">\n<h4>INFORMATIONS SUR LES PRODUITS<\/h4>\n<div class=\"attributes-container\">\n<ul class=\"product-attributes-container\">\n<li><span class=\"specification-title\">Poids de l'emballage (KG) :\u00a0<\/span><span class=\"specification-data\">72.199997<\/span><\/li>\n<li><span class=\"specification-title\">M\u00e9thode d'alimentation :\u00a0<\/span><span class=\"specification-data\">Autoaliment\u00e9<\/span><\/li>\n<li><span class=\"specification-title\">Support de tablette :\u00a0<\/span><span class=\"specification-data\">Oui<\/span><\/li>\n<li><span class=\"specification-title\">P\u00e9dales :\u00a0<\/span><span class=\"specification-data\">Clips SPD, cage \u00e0 orteils<\/span><\/li>\n<li><span class=\"specification-title\">Type de cycle :\u00a0<\/span><span class=\"specification-data\">Coureur<\/span><\/li>\n<li><span class=\"specification-title\">Syst\u00e8me de r\u00e9sistance :\u00a0<\/span><span class=\"specification-data\">Magn\u00e9tique<\/span><\/li>\n<li><span class=\"specification-title\">Surveillance de la fr\u00e9quence cardiaque :\u00a0<\/span><span class=\"specification-data\">Sangle de poitrine<\/span><\/li>\n<li><span class=\"specification-title\">Programmes int\u00e9gr\u00e9s :\u00a0<\/span><span class=\"specification-data\">R\u00e9sistance variable, ainsi que divers programmes d'entra\u00eenement<\/span><\/li>\n<\/ul>\n<ul class=\"product-attributes-container\">\n<li><span class=\"specification-title\">Poids du produit (KG) :\u00a0<\/span><span class=\"specification-data\">66.50<\/span><\/li>\n<li><span class=\"specification-title\">Int\u00e9gration des applications :\u00a0<\/span><span class=\"specification-data\">KinoMap, Zwift<\/span><\/li>\n<li><span class=\"specification-title\">Bluetooth :\u00a0<\/span><span class=\"specification-data\">Oui<\/span><\/li>\n<li><span class=\"specification-title\">Ajustement du cadre :\u00a0<\/span><span class=\"specification-data\">Guidon vers l'avant et vers l'arri\u00e8re, guidon vers le haut et vers le bas, selle vers l'avant et vers l'arri\u00e8re, selle vers le haut et vers le bas<\/span><\/li>\n<li><span class=\"specification-title\">Roues de transport :\u00a0<\/span><span class=\"specification-data\">Oui<\/span><\/li>\n<li><span class=\"specification-title\">Poids du volant (KG) :\u00a0<\/span><span class=\"specification-data\">22<\/span><\/li>\n<li><span class=\"specification-title\">Poids maximal de l'utilisateur (kg) :\u00a0<\/span><span class=\"specification-data\">135.00 (Kg)<\/span><\/li>\n<li><span class=\"specification-title\">Dimensions du produit (LxLxH) :\u00a0<\/span><span class=\"specification-data\">118,50 x 54 x 126 cm<\/span><\/li>\n<\/ul>\n<\/div>\n<\/div>\n<\/div>\n<div class=\"product-features\">\n<h4>CARACT\u00c9RISTIQUES SUPPL\u00c9MENTAIRES<\/h4>\n<div class=\"more-container\">\n<div class=\"unshow-text\">\n<ul class=\"product-features-container\">\n<li><span class=\"specification-title\">Contr\u00f4le de la r\u00e9sistance :<\/span>\u00a0<span class=\"specification-data\">R\u00e9sistance \u00e0 plusieurs niveaux<\/span><\/li>\n<li><span class=\"specification-title\">Affichage de la s\u00e9ance d'entra\u00eenement :<\/span>\u00a0<span class=\"specification-data\">Fen\u00eatre LCD unique<\/span><\/li>\n<li><span class=\"specification-title\">Sans fil RPM :<\/span>\u00a0<span class=\"specification-data\">Oui<\/span><\/li>\n<li><span class=\"specification-title\">Bluetooth + FTMS :<\/span>\u00a0<span class=\"specification-data\">Oui<\/span><\/li>\n<li><span class=\"specification-title\">Batterie rechargeable :<\/span>\u00a0<span class=\"specification-data\">Oui<\/span><\/li>\n<li><span class=\"specification-title\">Dur\u00e9e de fonctionnement de la batterie :<\/span>\u00a0<span class=\"specification-data\">120-130 heures<\/span><\/li>\n<li><span class=\"specification-title\">Temps de charge de la batterie :<\/span>\u00a0<span class=\"specification-data\">2,5 heures<\/span><\/li>\n<li><span class=\"specification-title\">C\u00e2ble de chargement :<\/span>\u00a0<span class=\"specification-data\">Oui<\/span><\/li>\n<li><span class=\"specification-title\">R\u00e9cepteur :<\/span>\u00a0<span class=\"specification-data\">Oui<\/span><\/li>\n<li><span class=\"specification-title\">Longueur de la manivelle :<\/span>\u00a0<span class=\"specification-data\">170mm \/ 6\u201d<\/span><\/li>\n<\/ul>\n<\/div>\n<\/div>\n<\/div>\n<div class=\"product-warranty\">\n<h4>GARANTIE<\/h4>\n<div class=\"text-container\"><strong>Usage domestique et commercial l\u00e9ger :<\/strong>\u00a0Garantie pour usage domestique : 5 ans Pi\u00e8ces 3 ans Main d'\u0153uvre Garantie pour usage commercial l\u00e9ger : valable jusqu'\u00e0 3 heures par jour pendant 12 mois. Jusqu'\u00e0 3 heures d'utilisation par jour dans un environnement domestique \/ commercial l\u00e9ger appropri\u00e9. Un environnement domestique appropri\u00e9 signifie que Sole Fitness ne recommande pas de placer ses appareils dans des pi\u00e8ces dont la temp\u00e9rature et l'humidit\u00e9 ne sont pas r\u00e9gul\u00e9es. L'isolation et la source de chaleur doivent \u00eatre ad\u00e9quates, faute de quoi la garantie sera annul\u00e9e (par exemple, si l'\u00e9quipement est conserv\u00e9 dans un garage, une v\u00e9randa, une remise ou une cave).<\/p>\n<\/div>\n<\/div>\n<div class=\"product-next-day\">\n<h4>LIVRAISON EXPRESS<\/h4>\n<div class=\"text-container\">Un grand nombre de nos produits sont livrables en express ou \u00e0 date fixe, ce qui signifie que vous pouvez recevoir votre produit d\u00e8s le lendemain ou \u00e0 la date qui vous convient. Veuillez v\u00e9rifier les options de livraison au moment du paiement pour conna\u00eetre les disponibilit\u00e9s pour votre panier et votre code postal. Les conditions de livraison s'appliquent.<\/div>\n<\/div>\n<\/div>\n<\/div>\n<\/div>\n<div class=\"wd-accordion-item\"><\/div>\n<div class=\"wd-accordion-item\"><\/div>\n<\/div>\n<\/div>\n<\/div>\n<div class=\"container related-and-upsells\">\n<div id=\"carousel-221\" class=\"wd-carousel-container  related-products wd-wpb with-title  wd-products-element wd-products products\">\n<h2 class=\"wd-el-title title slider-title element-title\"><\/h2>\n<\/div>\n<\/div>","protected":false},"excerpt":{"rendered":"<p>Le v\u00e9lo d'int\u00e9rieur Sole SB900(i) est construit avec un cadre commercial l\u00e9ger, fabriqu\u00e9 en acier et recouvert d'une enveloppe en aluminium. R\u00e9sistant aux rayures et \u00e0 la corrosion, ce v\u00e9lo peut supporter les s\u00e9ances de cyclisme particuli\u00e8rement intenses et transpirantes. La lourde roue d'inertie de 22 kg et le syst\u00e8me de r\u00e9sistance magn\u00e9tique garantissent une conduite en douceur, quel que soit l'effort fourni, tandis que la selle et le guidon enti\u00e8rement r\u00e9glables permettent de trouver facilement une position de conduite confortable. Le SB900(i) est \u00e9galement \u00e9quip\u00e9 de p\u00e9dales SPD pour s'adapter \u00e0 n'importe quelle chaussure de sport. La console LCD int\u00e9gr\u00e9e vous permet de garder un \u0153il sur vos statistiques d'entra\u00eenement, et dispose d'une int\u00e9gration Bluetooth + FTMS pour une connexion \u00e0 une myriade d'applications de fitness. La console est \u00e9quip\u00e9e d'une batterie rechargeable, avec une autonomie de 120 \u00e0 130 heures et un temps de charge de 2,5 heures. Elle comprend \u00e9galement un support de tablette r\u00e9glable pour que vous puissiez rester diverti et connect\u00e9 pendant votre parcours.<\/p>\n<div class=\"product-attribute-container-desktop desktop-only\">\n<div class=\"additional-attributes-wrapper table-wrapper\"><\/div>\n<\/div>","protected":false},"featured_media":938,"comment_status":"open","ping_status":"closed","template":"","meta":{"site-sidebar-layout":"default","site-content-layout":"","ast-site-content-layout":"default","site-content-style":"default","site-sidebar-style":"default","ast-global-header-display":"","ast-banner-title-visibility":"","ast-main-header-display":"","ast-hfb-above-header-display":"","ast-hfb-below-header-display":"","ast-hfb-mobile-header-display":"","site-post-title":"","ast-breadcrumbs-content":"","ast-featured-img":"","footer-sml-layout":"","theme-transparent-header-meta":"default","adv-header-id-meta":"","stick-header-meta":"","header-above-stick-meta":"","header-main-stick-meta":"","header-below-stick-meta":"","astra-migrate-meta-layouts":"set","ast-page-background-enabled":"default","ast-page-background-meta":{"desktop":{"background-color":"var(--ast-global-color-5)","background-image":"","background-repeat":"repeat","background-position":"center center","background-size":"auto","background-attachment":"scroll","background-type":"","background-media":"","overlay-type":"","overlay-color":"","overlay-opacity":"","overlay-gradient":""},"tablet":{"background-color":"","background-image":"","background-repeat":"repeat","background-position":"center center","background-size":"auto","background-attachment":"scroll","background-type":"","background-media":"","overlay-type":"","overlay-color":"","overlay-opacity":"","overlay-gradient":""},"mobile":{"background-color":"","background-image":"","background-repeat":"repeat","background-position":"center center","background-size":"auto","background-attachment":"scroll","background-type":"","background-media":"","overlay-type":"","overlay-color":"","overlay-opacity":"","overlay-gradient":""}},"ast-content-background-meta":{"desktop":{"background-color":"var(--ast-global-color-4)","background-image":"","background-repeat":"repeat","background-position":"center center","background-size":"auto","background-attachment":"scroll","background-type":"","background-media":"","overlay-type":"","overlay-color":"","overlay-opacity":"","overlay-gradient":""},"tablet":{"background-color":"var(--ast-global-color-4)","background-image":"","background-repeat":"repeat","background-position":"center center","background-size":"auto","background-attachment":"scroll","background-type":"","background-media":"","overlay-type":"","overlay-color":"","overlay-opacity":"","overlay-gradient":""},"mobile":{"background-color":"var(--ast-global-color-4)","background-image":"","background-repeat":"repeat","background-position":"center center","background-size":"auto","background-attachment":"scroll","background-type":"","background-media":"","overlay-type":"","overlay-color":"","overlay-opacity":"","overlay-gradient":""}}},"product_brand":[],"product_cat":[19],"product_tag":[29],"class_list":{"0":"post-935","1":"product","2":"type-product","3":"status-publish","4":"has-post-thumbnail","6":"product_cat-excise-bikes","7":"product_tag-exercise","8":"desktop-align-left","9":"tablet-align-left","10":"mobile-align-left","12":"first","13":"instock","14":"sale","15":"taxable","16":"shipping-taxable","17":"purchasable","18":"product-type-simple"},"_links":{"self":[{"href":"https:\/\/bestfitnessstore.com\/fr\/wp-json\/wp\/v2\/product\/935","targetHints":{"allow":["GET"]}}],"collection":[{"href":"https:\/\/bestfitnessstore.com\/fr\/wp-json\/wp\/v2\/product"}],"about":[{"href":"https:\/\/bestfitnessstore.com\/fr\/wp-json\/wp\/v2\/types\/product"}],"replies":[{"embeddable":true,"href":"https:\/\/bestfitnessstore.com\/fr\/wp-json\/wp\/v2\/comments?post=935"}],"wp:featuredmedia":[{"embeddable":true,"href":"https:\/\/bestfitnessstore.com\/fr\/wp-json\/wp\/v2\/media\/938"}],"wp:attachment":[{"href":"https:\/\/bestfitnessstore.com\/fr\/wp-json\/wp\/v2\/media?parent=935"}],"wp:term":[{"taxonomy":"product_brand","embeddable":true,"href":"https:\/\/bestfitnessstore.com\/fr\/wp-json\/wp\/v2\/product_brand?post=935"},{"taxonomy":"product_cat","embeddable":true,"href":"https:\/\/bestfitnessstore.com\/fr\/wp-json\/wp\/v2\/product_cat?post=935"},{"taxonomy":"product_tag","embeddable":true,"href":"https:\/\/bestfitnessstore.com\/fr\/wp-json\/wp\/v2\/product_tag?post=935"}],"curies":[{"name":"wp","href":"https:\/\/api.w.org\/{rel}","templated":true}]}}