{"id":888,"date":"2025-11-24T13:39:28","date_gmt":"2025-11-24T13:39:28","guid":{"rendered":"https:\/\/bestfitnessstore.com\/?post_type=product&#038;p=888"},"modified":"2025-11-24T13:39:28","modified_gmt":"2025-11-24T13:39:28","slug":"shua-x5-b6500u-upright-exercise-bike","status":"publish","type":"product","link":"https:\/\/bestfitnessstore.com\/fr\/product\/shua-x5-b6500u-upright-exercise-bike\/","title":{"rendered":"SHUA X5 B6500U V\u00e9lo d'exercice vertical"},"content":{"rendered":"<div class=\"product-attribute-container-desktop desktop-only\">\n<div class=\"additional-attributes-wrapper table-wrapper\">\n<h4>INFORMATIONS SUR LES PRODUITS<\/h4>\n<div class=\"attributes-container\">\n<ul class=\"product-attributes-container\">\n<li><span class=\"specification-title\">Poids de l'emballage (KG) :\u00a0<\/span><span class=\"specification-data\">59.250000<\/span><\/li>\n<li><span class=\"specification-title\">M\u00e9thode d'alimentation :\u00a0<\/span><span class=\"specification-data\">\u00c9lectricit\u00e9 de r\u00e9seau<\/span><\/li>\n<li><span class=\"specification-title\">Ajustement du cadre :\u00a0<\/span><span class=\"specification-data\">La selle en haut et en bas<\/span><\/li>\n<li><span class=\"specification-title\">Roues de transport :\u00a0<\/span><span class=\"specification-data\">Oui<\/span><\/li>\n<li><span class=\"specification-title\">Hauteur maximale de l'utilisateur (cm) :\u00a0<\/span><span class=\"specification-data\">210<\/span><\/li>\n<li><span class=\"specification-title\">Poids du volant (KG) :\u00a0<\/span><span class=\"specification-data\">7<\/span><\/li>\n<li><span class=\"specification-title\">Poids maximal de l'utilisateur (kg) :\u00a0<\/span><span class=\"specification-data\">150,00 (Kg)<\/span><\/li>\n<\/ul>\n<ul class=\"product-attributes-container\">\n<li><span class=\"specification-title\">Poids du produit (KG) :\u00a0<\/span><span class=\"specification-data\">50<\/span><\/li>\n<li><span class=\"specification-title\">P\u00e9dales :\u00a0<\/span><span class=\"specification-data\">Courroie<\/span><\/li>\n<li><span class=\"specification-title\">Type de cycle :\u00a0<\/span><span class=\"specification-data\">Debout<\/span><\/li>\n<li><span class=\"specification-title\">Hauteur minimale de l'utilisateur (cm) :\u00a0<\/span><span class=\"specification-data\">150<\/span><\/li>\n<li><span class=\"specification-title\">Syst\u00e8me de r\u00e9sistance :\u00a0<\/span><span class=\"specification-data\">Magn\u00e9tique<\/span><\/li>\n<li><span class=\"specification-title\">Surveillance de la fr\u00e9quence cardiaque :\u00a0<\/span><span class=\"specification-data\">Capteurs int\u00e9gr\u00e9s<\/span><\/li>\n<li><span class=\"specification-title\">Dimensions du produit (LxLxH) :\u00a0<\/span><span class=\"specification-data\">113 x 62.50 x 147.50 cm<\/span><\/li>\n<\/ul>\n<\/div>\n<\/div>\n<\/div>\n<div class=\"product-features\">\n<h4>CARACT\u00c9RISTIQUES SUPPL\u00c9MENTAIRES<\/h4>\n<div class=\"more-container\">\n<div class=\"unshow-text\">\n<ul class=\"product-features-container\">\n<li><span class=\"specification-title\">Console :<\/span>\u00a0<span class=\"specification-data\">LCD DE 7 POUCES<\/span><\/li>\n<li><span class=\"specification-title\">Volant moteur :<\/span>\u00a0<span class=\"specification-data\">7 kg electromagnetic control flywheel<\/span><\/li>\n<li><span class=\"specification-title\">Niveaux de r\u00e9sistance :<\/span>\u00a0<span class=\"specification-data\">24-level resistance adjustment<\/span><\/li>\n<li><span class=\"specification-title\">PU Foam Seat:<\/span>\u00a0<span class=\"specification-data\">Soft and comfortable, even for longer rides<\/span><\/li>\n<li><span class=\"specification-title\">Guidon :<\/span>\u00a0<span class=\"specification-data\">Repose-bras, capteurs de pouls, boutons de r\u00e9sistance<\/span><\/li>\n<\/ul>\n<\/div>\n<\/div>\n<\/div>\n<div class=\"product-warranty\">\n<h4>GARANTIE<\/h4>\n<div class=\"text-container\"><strong>Usage domestique et commercial l\u00e9ger :<\/strong>\u00a03 ans pi\u00e8ces et main d'\u0153uvre pour un usage domestique, 1 an dans les environnements commerciaux l\u00e9gers. La garantie ne couvre pas les dommages ou les pannes dus \u00e0 un mauvais emplacement, y compris, mais sans s'y limiter, les environnements humides, poussi\u00e9reux ou ext\u00e9rieurs. Par exemple, les garages et les caves, etc.<\/p>\n<\/div>\n<\/div>\n<div class=\"product-next-day\">\n<h4>LIVRAISON EXPRESS<\/h4>\n<div class=\"text-container\">Un grand nombre de nos produits sont livrables en express ou \u00e0 date fixe, ce qui signifie que vous pouvez recevoir votre produit d\u00e8s le lendemain ou \u00e0 la date qui vous convient. Veuillez v\u00e9rifier les options de livraison au moment du paiement pour conna\u00eetre les disponibilit\u00e9s pour votre panier et votre code postal. Les conditions de livraison s'appliquent.<\/div>\n<\/div>","protected":false},"excerpt":{"rendered":"<p>Housing a 7kg electromagnetic control flywheel, the SHUA X5 B6500U Upright Exercise Bike is smooth and stable, no matter the speed you\u2019re pedalling at. It has 24 levels of resistance\u2014perfect for all users\u2014with each change fast and precise. Resistance is easily adjustable mid-workout, with buttons on top of the handlebars for quick changes. The handlebars also incorporate comfortable forearm rests and hand pulse sensors for heart rate monitoring. The B6500U has a PU foam one-piece cushion that\u2019s soft and comfortable, even for long rides. The seat can be adjusted up and down to suit users of all heights. A 7-inch LCD display shows you all the metrics you need to see, and benefits from MP3 interface, a USB charging port, 2.0 high-fidelity audio and an integrated workout fan. The frame of the bike also incorporates front transport wheels that make it easy to move around the gym floor, and levelling adjustment feet to make your ride more stable.<\/p>\n<div class=\"product-attribute-container-desktop desktop-only\">\n<div class=\"additional-attributes-wrapper table-wrapper\"><\/div>\n<\/div>","protected":false},"featured_media":892,"comment_status":"open","ping_status":"closed","template":"","meta":{"site-sidebar-layout":"default","site-content-layout":"","ast-site-content-layout":"default","site-content-style":"default","site-sidebar-style":"default","ast-global-header-display":"","ast-banner-title-visibility":"","ast-main-header-display":"","ast-hfb-above-header-display":"","ast-hfb-below-header-display":"","ast-hfb-mobile-header-display":"","site-post-title":"","ast-breadcrumbs-content":"","ast-featured-img":"","footer-sml-layout":"","theme-transparent-header-meta":"default","adv-header-id-meta":"","stick-header-meta":"","header-above-stick-meta":"","header-main-stick-meta":"","header-below-stick-meta":"","astra-migrate-meta-layouts":"set","ast-page-background-enabled":"default","ast-page-background-meta":{"desktop":{"background-color":"var(--ast-global-color-5)","background-image":"","background-repeat":"repeat","background-position":"center center","background-size":"auto","background-attachment":"scroll","background-type":"","background-media":"","overlay-type":"","overlay-color":"","overlay-opacity":"","overlay-gradient":""},"tablet":{"background-color":"","background-image":"","background-repeat":"repeat","background-position":"center center","background-size":"auto","background-attachment":"scroll","background-type":"","background-media":"","overlay-type":"","overlay-color":"","overlay-opacity":"","overlay-gradient":""},"mobile":{"background-color":"","background-image":"","background-repeat":"repeat","background-position":"center center","background-size":"auto","background-attachment":"scroll","background-type":"","background-media":"","overlay-type":"","overlay-color":"","overlay-opacity":"","overlay-gradient":""}},"ast-content-background-meta":{"desktop":{"background-color":"var(--ast-global-color-4)","background-image":"","background-repeat":"repeat","background-position":"center center","background-size":"auto","background-attachment":"scroll","background-type":"","background-media":"","overlay-type":"","overlay-color":"","overlay-opacity":"","overlay-gradient":""},"tablet":{"background-color":"var(--ast-global-color-4)","background-image":"","background-repeat":"repeat","background-position":"center center","background-size":"auto","background-attachment":"scroll","background-type":"","background-media":"","overlay-type":"","overlay-color":"","overlay-opacity":"","overlay-gradient":""},"mobile":{"background-color":"var(--ast-global-color-4)","background-image":"","background-repeat":"repeat","background-position":"center center","background-size":"auto","background-attachment":"scroll","background-type":"","background-media":"","overlay-type":"","overlay-color":"","overlay-opacity":"","overlay-gradient":""}}},"product_brand":[],"product_cat":[19],"product_tag":[22],"class_list":{"0":"post-888","1":"product","2":"type-product","3":"status-publish","4":"has-post-thumbnail","6":"product_cat-excise-bikes","7":"product_tag-exercise-bikes","8":"desktop-align-left","9":"tablet-align-left","10":"mobile-align-left","12":"first","13":"instock","14":"sale","15":"taxable","16":"shipping-taxable","17":"purchasable","18":"product-type-simple"},"_links":{"self":[{"href":"https:\/\/bestfitnessstore.com\/fr\/wp-json\/wp\/v2\/product\/888","targetHints":{"allow":["GET"]}}],"collection":[{"href":"https:\/\/bestfitnessstore.com\/fr\/wp-json\/wp\/v2\/product"}],"about":[{"href":"https:\/\/bestfitnessstore.com\/fr\/wp-json\/wp\/v2\/types\/product"}],"replies":[{"embeddable":true,"href":"https:\/\/bestfitnessstore.com\/fr\/wp-json\/wp\/v2\/comments?post=888"}],"wp:featuredmedia":[{"embeddable":true,"href":"https:\/\/bestfitnessstore.com\/fr\/wp-json\/wp\/v2\/media\/892"}],"wp:attachment":[{"href":"https:\/\/bestfitnessstore.com\/fr\/wp-json\/wp\/v2\/media?parent=888"}],"wp:term":[{"taxonomy":"product_brand","embeddable":true,"href":"https:\/\/bestfitnessstore.com\/fr\/wp-json\/wp\/v2\/product_brand?post=888"},{"taxonomy":"product_cat","embeddable":true,"href":"https:\/\/bestfitnessstore.com\/fr\/wp-json\/wp\/v2\/product_cat?post=888"},{"taxonomy":"product_tag","embeddable":true,"href":"https:\/\/bestfitnessstore.com\/fr\/wp-json\/wp\/v2\/product_tag?post=888"}],"curies":[{"name":"wp","href":"https:\/\/api.w.org\/{rel}","templated":true}]}}