{"id":877,"date":"2025-11-24T13:30:57","date_gmt":"2025-11-24T13:30:57","guid":{"rendered":"https:\/\/bestfitnessstore.com\/?post_type=product&#038;p=877"},"modified":"2025-11-24T13:30:57","modified_gmt":"2025-11-24T13:30:57","slug":"velo-dappartement-shua-s2-b9100u-avec-console-led","status":"publish","type":"product","link":"https:\/\/bestfitnessstore.com\/fr\/product\/shua-s2-b9100u-upright-exercise-bike-with-led-console\/","title":{"rendered":"SHUA S2 B9100U V\u00e9lo d'exercice vertical avec console LED"},"content":{"rendered":"<div class=\"product-attribute-container-desktop desktop-only\">\n<div class=\"additional-attributes-wrapper table-wrapper\">\n<h4>INFORMATIONS SUR LES PRODUITS<\/h4>\n<div class=\"attributes-container\">\n<ul class=\"product-attributes-container\">\n<li><span class=\"specification-title\">Poids de l'emballage (KG) :\u00a0<\/span><span class=\"specification-data\">91.000000<\/span><\/li>\n<li><span class=\"specification-title\">M\u00e9thode d'alimentation :\u00a0<\/span><span class=\"specification-data\">Autoaliment\u00e9<\/span><\/li>\n<li><span class=\"specification-title\">Ajustement du cadre :\u00a0<\/span><span class=\"specification-data\">La selle en haut et en bas<\/span><\/li>\n<li><span class=\"specification-title\">Roues de transport :\u00a0<\/span><span class=\"specification-data\">Oui<\/span><\/li>\n<li><span class=\"specification-title\">Poids du volant (KG) :\u00a0<\/span><span class=\"specification-data\">14<\/span><\/li>\n<li><span class=\"specification-title\">Poids maximal de l'utilisateur (kg) :\u00a0<\/span><span class=\"specification-data\">180,00 (Kg)<\/span><\/li>\n<li><span class=\"specification-title\">Dimensions du produit (LxLxH) :\u00a0<\/span><span class=\"specification-data\">112,30 x 67,50 x 150,60 cm<\/span><\/li>\n<\/ul>\n<ul class=\"product-attributes-container\">\n<li><span class=\"specification-title\">Poids du produit (KG) :\u00a0<\/span><span class=\"specification-data\">88<\/span><\/li>\n<li><span class=\"specification-title\">P\u00e9dales :\u00a0<\/span><span class=\"specification-data\">Courroie<\/span><\/li>\n<li><span class=\"specification-title\">Type de cycle :\u00a0<\/span><span class=\"specification-data\">Debout<\/span><\/li>\n<li><span class=\"specification-title\">Syst\u00e8me de r\u00e9sistance :\u00a0<\/span><span class=\"specification-data\">Magn\u00e9tique<\/span><\/li>\n<li><span class=\"specification-title\">Surveillance de la fr\u00e9quence cardiaque :\u00a0<\/span><span class=\"specification-data\">Capteurs int\u00e9gr\u00e9s<\/span><\/li>\n<li><span class=\"specification-title\">Programmes int\u00e9gr\u00e9s :\u00a0<\/span><span class=\"specification-data\">Watt constant, Intervalle, Br\u00fbler les graisses, Cardio<\/span><\/li>\n<\/ul>\n<\/div>\n<\/div>\n<\/div>\n<div class=\"product-features\">\n<h4>CARACT\u00c9RISTIQUES SUPPL\u00c9MENTAIRES<\/h4>\n<div class=\"more-container\">\n<div class=\"unshow-text\">\n<ul class=\"product-features-container\">\n<li><span class=\"specification-title\">Affichage :<\/span>\u00a0<span class=\"specification-data\">15,6\u201d LED<\/span><\/li>\n<li><span class=\"specification-title\">Niveaux de r\u00e9sistance :<\/span>\u00a0<span class=\"specification-data\">40<\/span><\/li>\n<li><span class=\"specification-title\">Guidon :<\/span>\u00a0<span class=\"specification-data\">Repose-bras, capteurs de pouls, boutons de r\u00e9sistance<\/span><\/li>\n<li><span class=\"specification-title\">Extras :<\/span>\u00a0<span class=\"specification-data\">Roues de transport, porte-bouteille<\/span><\/li>\n<\/ul>\n<\/div>\n<\/div>\n<\/div>\n<div class=\"product-warranty\">\n<h4>GARANTIE<\/h4>\n<div class=\"text-container\"><strong>Utilisation domestique et commerciale l\u00e9g\u00e8re\/compl\u00e8te :<\/strong>\u00a0Usage domestique : Cadre - dur\u00e9e de vie, pi\u00e8ces - 5 ans, moteurs - 10 ans, main-d'\u0153uvre - 3 ans. Usage commercial l\u00e9ger : Ch\u00e2ssis - 1 an, pi\u00e8ces - 1 an, moteurs - 1 an, main-d'\u0153uvre - 1 an. Si votre produit est destin\u00e9 \u00e0 \u00eatre utilis\u00e9 dans un environnement commercial complet, veuillez acheter l'extension de garantie SHUA pour un usage commercial complet afin de vous assurer que votre produit est couvert. Les environnements commerciaux l\u00e9gers sont consid\u00e9r\u00e9s comme des environnements \u00e0 faible utilisation o\u00f9 les machines et les \u00e9quipements sont utilis\u00e9s entre 3 et 5 heures par jour dans des environnements professionnels ou d'entreprise tels que les studios de t\u00e9l\u00e9vision, les gymnases d'entreprise, les \u00e9coles et les coll\u00e8ges (o\u00f9 seuls le personnel et les \u00e9tudiants ont acc\u00e8s). Les environnements enti\u00e8rement commerciaux sont consid\u00e9r\u00e9s comme des lieux o\u00f9 l'utilisation est beaucoup plus importante et o\u00f9 l'\u00e9quipement est utilis\u00e9 plus de 5 heures par jour. Par exemple, les grandes salles de sport d'entreprise, les salles de sport des universit\u00e9s, des coll\u00e8ges et des \u00e9coles (o\u00f9 l'acc\u00e8s est ouvert au public) et les salles de sport des h\u00f4tels avec des membres externes.<\/div>\n<\/div>\n<div class=\"product-next-day\">\n<h4>LIVRAISON EXPRESS<\/h4>\n<div class=\"text-container\">Un grand nombre de nos produits sont livrables en express ou \u00e0 date fixe, ce qui signifie que vous pouvez recevoir votre produit d\u00e8s le lendemain ou \u00e0 la date qui vous convient. Veuillez v\u00e9rifier les options de livraison au moment du paiement pour conna\u00eetre les disponibilit\u00e9s pour votre panier et votre code postal. Les conditions de livraison s'appliquent.<\/div>\n<\/div>","protected":false},"excerpt":{"rendered":"<div id=\"fullDescription\" class=\"full-description\">\n<div class=\"text-container\">Con\u00e7u pour r\u00e9sister \u00e0 une utilisation intensive dans les environnements d'entra\u00eenement commerciaux, le v\u00e9lo d'exercice vertical SHUA S2 B9100U offre un entra\u00eenement efficace et sans impact pour tous les utilisateurs. Un volant d'inertie de 14 kg permet au B9100U de fonctionner en douceur, avec des changements sans friction sur un syst\u00e8me de r\u00e9sistance \u00e0 40 niveaux. Le v\u00e9lo d'appartement vertical B9100U est auto-aliment\u00e9, ce qui signifie qu'il n'est pas n\u00e9cessaire de trouver un endroit o\u00f9 le brancher pour l'activer, ce qui vous permet d'optimiser l'espace de votre espace cardio. La selle confortable et rembourr\u00e9e est facile \u00e0 r\u00e9gler verticalement pour trouver la position id\u00e9ale, tandis que le guidon profil\u00e9 comprend des coudi\u00e8res pour vous permettre de changer de position. Ces poign\u00e9es sont \u00e9galement dot\u00e9es de capteurs de pouls int\u00e9gr\u00e9s et de boutons permettant de changer rapidement de r\u00e9sistance. Le v\u00e9lo d'appartement vertical B9100U est dot\u00e9 d'un \u00e9cran LED de 15,6 pouces qui affiche toutes les donn\u00e9es importantes en un coup d'\u0153il, notamment la vitesse, le nombre de tours par minute, les watts, le temps, les calories, la distance et bien plus encore. Vous pouvez choisir de monter sur le v\u00e9lo et de rouler, ou de s\u00e9lectionner l'un des programmes int\u00e9gr\u00e9s : Constant Watt, Interval, Fat Burn et Cardio.&nbsp;<\/p>\n<\/div>\n<\/div>\n<div class=\"product-attribute-container-desktop desktop-only\">\n<div class=\"additional-attributes-wrapper table-wrapper\"><\/div>\n<\/div>","protected":false},"featured_media":880,"comment_status":"open","ping_status":"closed","template":"","meta":{"site-sidebar-layout":"default","site-content-layout":"","ast-site-content-layout":"default","site-content-style":"default","site-sidebar-style":"default","ast-global-header-display":"","ast-banner-title-visibility":"","ast-main-header-display":"","ast-hfb-above-header-display":"","ast-hfb-below-header-display":"","ast-hfb-mobile-header-display":"","site-post-title":"","ast-breadcrumbs-content":"","ast-featured-img":"","footer-sml-layout":"","theme-transparent-header-meta":"default","adv-header-id-meta":"","stick-header-meta":"","header-above-stick-meta":"","header-main-stick-meta":"","header-below-stick-meta":"","astra-migrate-meta-layouts":"set","ast-page-background-enabled":"default","ast-page-background-meta":{"desktop":{"background-color":"var(--ast-global-color-5)","background-image":"","background-repeat":"repeat","background-position":"center center","background-size":"auto","background-attachment":"scroll","background-type":"","background-media":"","overlay-type":"","overlay-color":"","overlay-opacity":"","overlay-gradient":""},"tablet":{"background-color":"","background-image":"","background-repeat":"repeat","background-position":"center center","background-size":"auto","background-attachment":"scroll","background-type":"","background-media":"","overlay-type":"","overlay-color":"","overlay-opacity":"","overlay-gradient":""},"mobile":{"background-color":"","background-image":"","background-repeat":"repeat","background-position":"center center","background-size":"auto","background-attachment":"scroll","background-type":"","background-media":"","overlay-type":"","overlay-color":"","overlay-opacity":"","overlay-gradient":""}},"ast-content-background-meta":{"desktop":{"background-color":"var(--ast-global-color-4)","background-image":"","background-repeat":"repeat","background-position":"center center","background-size":"auto","background-attachment":"scroll","background-type":"","background-media":"","overlay-type":"","overlay-color":"","overlay-opacity":"","overlay-gradient":""},"tablet":{"background-color":"var(--ast-global-color-4)","background-image":"","background-repeat":"repeat","background-position":"center center","background-size":"auto","background-attachment":"scroll","background-type":"","background-media":"","overlay-type":"","overlay-color":"","overlay-opacity":"","overlay-gradient":""},"mobile":{"background-color":"var(--ast-global-color-4)","background-image":"","background-repeat":"repeat","background-position":"center center","background-size":"auto","background-attachment":"scroll","background-type":"","background-media":"","overlay-type":"","overlay-color":"","overlay-opacity":"","overlay-gradient":""}}},"product_brand":[],"product_cat":[19],"product_tag":[22],"class_list":{"0":"post-877","1":"product","2":"type-product","3":"status-publish","4":"has-post-thumbnail","6":"product_cat-excise-bikes","7":"product_tag-exercise-bikes","8":"desktop-align-left","9":"tablet-align-left","10":"mobile-align-left","12":"first","13":"instock","14":"sale","15":"taxable","16":"shipping-taxable","17":"purchasable","18":"product-type-simple"},"_links":{"self":[{"href":"https:\/\/bestfitnessstore.com\/fr\/wp-json\/wp\/v2\/product\/877","targetHints":{"allow":["GET"]}}],"collection":[{"href":"https:\/\/bestfitnessstore.com\/fr\/wp-json\/wp\/v2\/product"}],"about":[{"href":"https:\/\/bestfitnessstore.com\/fr\/wp-json\/wp\/v2\/types\/product"}],"replies":[{"embeddable":true,"href":"https:\/\/bestfitnessstore.com\/fr\/wp-json\/wp\/v2\/comments?post=877"}],"wp:featuredmedia":[{"embeddable":true,"href":"https:\/\/bestfitnessstore.com\/fr\/wp-json\/wp\/v2\/media\/880"}],"wp:attachment":[{"href":"https:\/\/bestfitnessstore.com\/fr\/wp-json\/wp\/v2\/media?parent=877"}],"wp:term":[{"taxonomy":"product_brand","embeddable":true,"href":"https:\/\/bestfitnessstore.com\/fr\/wp-json\/wp\/v2\/product_brand?post=877"},{"taxonomy":"product_cat","embeddable":true,"href":"https:\/\/bestfitnessstore.com\/fr\/wp-json\/wp\/v2\/product_cat?post=877"},{"taxonomy":"product_tag","embeddable":true,"href":"https:\/\/bestfitnessstore.com\/fr\/wp-json\/wp\/v2\/product_tag?post=877"}],"curies":[{"name":"wp","href":"https:\/\/api.w.org\/{rel}","templated":true}]}}