{"id":853,"date":"2025-11-24T12:21:38","date_gmt":"2025-11-24T12:21:38","guid":{"rendered":"https:\/\/bestfitnessstore.com\/?post_type=product&#038;p=853"},"modified":"2025-11-24T12:22:52","modified_gmt":"2025-11-24T12:22:52","slug":"velo-droit-schwinn-527u","status":"publish","type":"product","link":"https:\/\/bestfitnessstore.com\/fr\/product\/schwinn-527u-upright-bike\/","title":{"rendered":"V\u00e9lo droit Schwinn 527U"},"content":{"rendered":"<div class=\"product-attribute-container-desktop desktop-only\">\n<div class=\"additional-attributes-wrapper table-wrapper\">\n<h4>INFORMATIONS SUR LES PRODUITS<\/h4>\n<div class=\"attributes-container\">\n<ul class=\"product-attributes-container\">\n<li><span class=\"specification-title\">Poids de l'emballage (KG) :\u00a0<\/span><span class=\"specification-data\">40.000000<\/span><\/li>\n<li><span class=\"specification-title\">M\u00e9thode d'alimentation :\u00a0<\/span><span class=\"specification-data\">\u00c9lectricit\u00e9 de r\u00e9seau<\/span><\/li>\n<li><span class=\"specification-title\">P\u00e9dales :\u00a0<\/span><span class=\"specification-data\">Courroie<\/span><\/li>\n<li><span class=\"specification-title\">Type de cycle :\u00a0<\/span><span class=\"specification-data\">Debout<\/span><\/li>\n<li><span class=\"specification-title\">Syst\u00e8me de r\u00e9sistance :\u00a0<\/span><span class=\"specification-data\">Magn\u00e9tique<\/span><\/li>\n<li><span class=\"specification-title\">Surveillance de la fr\u00e9quence cardiaque :\u00a0<\/span><span class=\"specification-data\">Capteurs int\u00e9gr\u00e9s<\/span><\/li>\n<li><span class=\"specification-title\">Programmes int\u00e9gr\u00e9s :\u00a0<\/span><span class=\"specification-data\">16<\/span><\/li>\n<li><span class=\"specification-title\">Dimensions de la bo\u00eete (LxLxH) :\u00a0<\/span><span class=\"specification-data\">106 x 28 x 61 cm<\/span><\/li>\n<\/ul>\n<ul class=\"product-attributes-container\">\n<li><span class=\"specification-title\">Poids du produit (KG) :\u00a0<\/span><span class=\"specification-data\">30<\/span><\/li>\n<li><span class=\"specification-title\">Support de tablette :\u00a0<\/span><span class=\"specification-data\">Oui<\/span><\/li>\n<li><span class=\"specification-title\">Ajustement du cadre :\u00a0<\/span><span class=\"specification-data\">Selle en avant et en arri\u00e8re, selle en haut et en bas<\/span><\/li>\n<li><span class=\"specification-title\">Roues de transport :\u00a0<\/span><span class=\"specification-data\">Oui<\/span><\/li>\n<li><span class=\"specification-title\">Poids du volant (KG) :\u00a0<\/span><span class=\"specification-data\">5.60<\/span><\/li>\n<li><span class=\"specification-title\">Poids maximal de l'utilisateur (kg) :\u00a0<\/span><span class=\"specification-data\">150,00 (Kg)<\/span><\/li>\n<li><span class=\"specification-title\">Dimensions du produit (LxLxH) :\u00a0<\/span><span class=\"specification-data\">116,50 x 56 x 140 cm<\/span><\/li>\n<\/ul>\n<\/div>\n<\/div>\n<\/div>\n<div class=\"product-features\">\n<h4>CARACT\u00c9RISTIQUES SUPPL\u00c9MENTAIRES<\/h4>\n<div class=\"more-container\">\n<div class=\"unshow-text\">\n<ul class=\"product-features-container\">\n<li><span class=\"specification-title\">R\u00e9sistance magn\u00e9tique EMS :<\/span>\u00a0<span class=\"specification-data\">32 niveaux, 20 \u00e0 400W<\/span><\/li>\n<li><span class=\"specification-title\">Console :<\/span>\u00a0<span class=\"specification-data\">\u00c9cran LCD r\u00e9tro\u00e9clair\u00e9 de 6,5 pouces<\/span><\/li>\n<li><span class=\"specification-title\">Surveillance de la fr\u00e9quence cardiaque :<\/span>\u00a0<span class=\"specification-data\">Poign\u00e9es de contact ; t\u00e9l\u00e9m\u00e9trie HR non cod\u00e9e 5Khz<\/span><\/li>\n<li><span class=\"specification-title\">Guidon :<\/span>\u00a0<span class=\"specification-data\">Guidon droit confortable en mousse<\/span><\/li>\n<li><span class=\"specification-title\">Si\u00e8ge :<\/span>\u00a0<span class=\"specification-data\">Si\u00e8ge r\u00e9glable en mousse haute densit\u00e9<\/span><\/li>\n<li><span class=\"specification-title\">P\u00e9dales lest\u00e9es :<\/span>\u00a0<span class=\"specification-data\">Pour des rotations fluides et continues<\/span><\/li>\n<\/ul>\n<\/div>\n<\/div>\n<\/div>\n<div class=\"product-warranty\">\n<h4>GARANTIE<\/h4>\n<div class=\"text-container\"><strong>Utilisation \u00e0 domicile :<\/strong> 2 ans pi\u00e8ces et main d'\u0153uvre.<\/div>\n<div><\/div>\n<\/div>\n<div class=\"product-next-day\">\n<h4>LIVRAISON EXPRESS<\/h4>\n<div class=\"text-container\">Un grand nombre de nos produits sont livrables en express ou \u00e0 date fixe, ce qui signifie que vous pouvez recevoir votre produit d\u00e8s le lendemain ou \u00e0 la date qui vous convient. Veuillez v\u00e9rifier les options de livraison au moment du paiement pour conna\u00eetre les disponibilit\u00e9s pour votre panier et votre code postal. Les conditions de livraison s'appliquent.<\/div>\n<\/div>","protected":false},"excerpt":{"rendered":"<div id=\"fullDescription\" class=\"full-description\">\n<div class=\"text-container\">\n<p>Le design Step Thru du v\u00e9lo droit Schwinn 527U rend le v\u00e9lo accessible \u00e0 tous, avec un guidon confortable permettant des positions couch\u00e9es ou debout, avec des poign\u00e9es de contact int\u00e9gr\u00e9es pour la fr\u00e9quence cardiaque. Les p\u00e9dales lest\u00e9es et la selle r\u00e9glable \u00e0 haute densit\u00e9 am\u00e9liorent encore votre confort, quelle que soit la dur\u00e9e de votre parcours. Le Schwinn 527U est \u00e9quip\u00e9 d'une roue d'inertie de 5,6 kg pour un p\u00e9dalage en douceur et d'un syst\u00e8me de r\u00e9sistance EMS allant de 25 \u00e0 400 W. Au total, il y a 32 niveaux de r\u00e9sistance faciles \u00e0 ajuster en cours de route. Le 527U est dot\u00e9 d'un \u00e9cran LCD r\u00e9tro\u00e9clair\u00e9 de 6,5 pouces qui permet de visualiser facilement toutes les statistiques dont vous avez besoin, avec 4 profils d'utilisateur, un support pour tablette et un port de charge USB int\u00e9gr\u00e9. Il existe 16 programmes d'entra\u00eenement pr\u00e9d\u00e9finis, y compris des entra\u00eenements bas\u00e9s sur les watts - entrez un objectif de watts ou de fr\u00e9quence cardiaque et le v\u00e9lo appliquera la r\u00e9sistance dont vous avez besoin pour rouler en fonction de cet objectif. Le v\u00e9lo est \u00e9galement \u00e9quip\u00e9 d'un porte-bouteille d'eau, de stabilisateurs arri\u00e8re, de niveleurs de cadre et de roues de transport.<\/p>\n<\/div>\n<\/div>\n<div class=\"product-attribute-container-desktop desktop-only\">\n<div class=\"additional-attributes-wrapper table-wrapper\"><\/div>\n<\/div>","protected":false},"featured_media":856,"comment_status":"open","ping_status":"closed","template":"","meta":{"site-sidebar-layout":"default","site-content-layout":"","ast-site-content-layout":"default","site-content-style":"default","site-sidebar-style":"default","ast-global-header-display":"","ast-banner-title-visibility":"","ast-main-header-display":"","ast-hfb-above-header-display":"","ast-hfb-below-header-display":"","ast-hfb-mobile-header-display":"","site-post-title":"","ast-breadcrumbs-content":"","ast-featured-img":"","footer-sml-layout":"","theme-transparent-header-meta":"default","adv-header-id-meta":"","stick-header-meta":"","header-above-stick-meta":"","header-main-stick-meta":"","header-below-stick-meta":"","astra-migrate-meta-layouts":"set","ast-page-background-enabled":"default","ast-page-background-meta":{"desktop":{"background-color":"var(--ast-global-color-5)","background-image":"","background-repeat":"repeat","background-position":"center center","background-size":"auto","background-attachment":"scroll","background-type":"","background-media":"","overlay-type":"","overlay-color":"","overlay-opacity":"","overlay-gradient":""},"tablet":{"background-color":"","background-image":"","background-repeat":"repeat","background-position":"center center","background-size":"auto","background-attachment":"scroll","background-type":"","background-media":"","overlay-type":"","overlay-color":"","overlay-opacity":"","overlay-gradient":""},"mobile":{"background-color":"","background-image":"","background-repeat":"repeat","background-position":"center center","background-size":"auto","background-attachment":"scroll","background-type":"","background-media":"","overlay-type":"","overlay-color":"","overlay-opacity":"","overlay-gradient":""}},"ast-content-background-meta":{"desktop":{"background-color":"var(--ast-global-color-4)","background-image":"","background-repeat":"repeat","background-position":"center center","background-size":"auto","background-attachment":"scroll","background-type":"","background-media":"","overlay-type":"","overlay-color":"","overlay-opacity":"","overlay-gradient":""},"tablet":{"background-color":"var(--ast-global-color-4)","background-image":"","background-repeat":"repeat","background-position":"center center","background-size":"auto","background-attachment":"scroll","background-type":"","background-media":"","overlay-type":"","overlay-color":"","overlay-opacity":"","overlay-gradient":""},"mobile":{"background-color":"var(--ast-global-color-4)","background-image":"","background-repeat":"repeat","background-position":"center center","background-size":"auto","background-attachment":"scroll","background-type":"","background-media":"","overlay-type":"","overlay-color":"","overlay-opacity":"","overlay-gradient":""}}},"product_brand":[],"product_cat":[19],"product_tag":[22],"class_list":{"0":"post-853","1":"product","2":"type-product","3":"status-publish","4":"has-post-thumbnail","6":"product_cat-excise-bikes","7":"product_tag-exercise-bikes","8":"desktop-align-left","9":"tablet-align-left","10":"mobile-align-left","12":"first","13":"instock","14":"sale","15":"taxable","16":"shipping-taxable","17":"purchasable","18":"product-type-simple"},"_links":{"self":[{"href":"https:\/\/bestfitnessstore.com\/fr\/wp-json\/wp\/v2\/product\/853","targetHints":{"allow":["GET"]}}],"collection":[{"href":"https:\/\/bestfitnessstore.com\/fr\/wp-json\/wp\/v2\/product"}],"about":[{"href":"https:\/\/bestfitnessstore.com\/fr\/wp-json\/wp\/v2\/types\/product"}],"replies":[{"embeddable":true,"href":"https:\/\/bestfitnessstore.com\/fr\/wp-json\/wp\/v2\/comments?post=853"}],"wp:featuredmedia":[{"embeddable":true,"href":"https:\/\/bestfitnessstore.com\/fr\/wp-json\/wp\/v2\/media\/856"}],"wp:attachment":[{"href":"https:\/\/bestfitnessstore.com\/fr\/wp-json\/wp\/v2\/media?parent=853"}],"wp:term":[{"taxonomy":"product_brand","embeddable":true,"href":"https:\/\/bestfitnessstore.com\/fr\/wp-json\/wp\/v2\/product_brand?post=853"},{"taxonomy":"product_cat","embeddable":true,"href":"https:\/\/bestfitnessstore.com\/fr\/wp-json\/wp\/v2\/product_cat?post=853"},{"taxonomy":"product_tag","embeddable":true,"href":"https:\/\/bestfitnessstore.com\/fr\/wp-json\/wp\/v2\/product_tag?post=853"}],"curies":[{"name":"wp","href":"https:\/\/api.w.org\/{rel}","templated":true}]}}