{"id":836,"date":"2025-11-24T12:09:28","date_gmt":"2025-11-24T12:09:28","guid":{"rendered":"https:\/\/bestfitnessstore.com\/?post_type=product&#038;p=836"},"modified":"2025-11-24T12:09:28","modified_gmt":"2025-11-24T12:09:28","slug":"proform-hybrid-trainer-xt","status":"publish","type":"product","link":"https:\/\/bestfitnessstore.com\/fr\/product\/proform-hybrid-trainer-xt\/","title":{"rendered":"ProForm Hybrid Trainer XT"},"content":{"rendered":"<div class=\"product-attribute-container-desktop desktop-only\">\n<div class=\"additional-attributes-wrapper table-wrapper\">\n<h4>INFORMATIONS SUR LES PRODUITS<\/h4>\n<div class=\"attributes-container\">\n<ul class=\"product-attributes-container\">\n<li><span class=\"specification-title\">Poids de l'emballage (KG) :\u00a0<\/span><span class=\"specification-data\">66.000000<\/span><\/li>\n<li><span class=\"specification-title\">M\u00e9thode d'alimentation :\u00a0<\/span><span class=\"specification-data\">\u00c9lectricit\u00e9 de r\u00e9seau<\/span><\/li>\n<li><span class=\"specification-title\">Support de tablette :\u00a0<\/span><span class=\"specification-data\">Oui<\/span><\/li>\n<li><span class=\"specification-title\">Position du volant :\u00a0<\/span><span class=\"specification-data\">Arri\u00e8re<\/span><\/li>\n<li><span class=\"specification-title\">Longueur de la foul\u00e9e :\u00a0<\/span><span class=\"specification-data\">38<\/span><\/li>\n<li><span class=\"specification-title\">Dimensions du produit (LxLxH) :\u00a0<\/span><span class=\"specification-data\">180 x 64 x 154 cm<\/span><\/li>\n<\/ul>\n<ul class=\"product-attributes-container\">\n<li><span class=\"specification-title\">Poids du produit (KG) :\u00a0<\/span><span class=\"specification-data\">57<\/span><\/li>\n<li><span class=\"specification-title\">Int\u00e9gration des applications :\u00a0<\/span><span class=\"specification-data\">iFIT<\/span><\/li>\n<li><span class=\"specification-title\">Roues de transport :\u00a0<\/span><span class=\"specification-data\">Oui<\/span><\/li>\n<li><span class=\"specification-title\">Poids du volant (KG) :\u00a0<\/span><span class=\"specification-data\">6<\/span><\/li>\n<li><span class=\"specification-title\">Poids maximal de l'utilisateur (kg) :\u00a0<\/span><span class=\"specification-data\">115,00 (Kg)<\/span><\/li>\n<li><span class=\"specification-title\">Dimensions de la bo\u00eete (LxLxH) :\u00a0<\/span><span class=\"specification-data\">125 x 43 x 64 cm<\/span><\/li>\n<\/ul>\n<\/div>\n<\/div>\n<\/div>\n<div class=\"product-features\">\n<h4>CARACT\u00c9RISTIQUES SUPPL\u00c9MENTAIRES<\/h4>\n<div class=\"more-container\">\n<div class=\"unshow-text\">\n<ul class=\"product-features-container\">\n<li><span class=\"specification-title\">SMR\u2122 Silent Magnetic Resistance (r\u00e9sistance magn\u00e9tique silencieuse) :<\/span>\u00a0<span class=\"specification-data\">R\u00e9glable sur 16 niveaux num\u00e9riques<\/span><\/li>\n<li><span class=\"specification-title\">Formateur hybride :<\/span>\u00a0<span class=\"specification-data\">Combine tous les avantages d'un v\u00e9lo elliptique et d'un v\u00e9lo couch\u00e9 en un seul appareil peu encombrant.<\/span><\/li>\n<li><span class=\"specification-title\">Affichage :<\/span>\u00a0<span class=\"specification-data\">\u00c9cran multicolore \u00e0 haut contraste de 5 pouces, r\u00e9glable en hauteur<\/span><\/li>\n<li><span class=\"specification-title\">IFIT\u2122 activ\u00e9 :<\/span>\u00a0<span class=\"specification-data\">Essai iFIT de 30 jours inclus. Carte de cr\u00e9dit requise pour l'activation. L'adh\u00e9sion \u00e0 iFIT est renouvel\u00e9e automatiquement sauf si elle est annul\u00e9e \u00e0 l'avance. La p\u00e9riode d'essai de 30 jours ne s'applique qu'aux nouvelles adh\u00e9sions.<\/span><\/li>\n<li><span class=\"specification-title\">Audio :<\/span>\u00a0<span class=\"specification-data\">Deux haut-parleurs de 2 pouces<\/span><\/li>\n<li><span class=\"specification-title\">Poign\u00e9es Soft Touch pour le haut du corps :<\/span>\u00a0<span class=\"specification-data\">Pour l'activation du haut du corps<\/span><\/li>\n<li><span class=\"specification-title\">Si\u00e8ge :<\/span>\u00a0<span class=\"specification-data\">R\u00e9glable ; rembourr\u00e9<\/span><\/li>\n<\/ul>\n<\/div>\n<\/div>\n<\/div>\n<div class=\"product-warranty\">\n<h4>GARANTIE<\/h4>\n<div class=\"text-container\"><strong>Utilisation \u00e0 domicile :<\/strong>\u00a0Deux ans pi\u00e8ces et main d'\u0153uvre (conditions applicables) sous r\u00e9serve d'enregistrement du produit dans les 28 jours suivant l'achat. La garantie standard est de 12 mois pi\u00e8ces et main d'\u0153uvre Conditions Cette garantie ne s'applique qu'\u00e0 l'acheteur initial (vous) et n'est pas transf\u00e9rable. La garantie ne couvre pas 1. L'usure normale (les courroies de marche, les courroies d'entra\u00eenement, les batteries, les plaquettes de frein et les tapis de saut sont des exemples de pi\u00e8ces d'usure normale). 2. les r\u00e9parations, adaptations ou modifications de fortune visant \u00e0 modifier l'usage et le fonctionnement normaux de ce produit, tels que d\u00e9crits dans le manuel de l'utilisateur 3. Les dommages r\u00e9sultant : a) d'actes volontaires ou malveillants. b) du transport. c) d'une installation, d'un assemblage ou d'un raccordement non conforme aux sp\u00e9cifications ou aux recommandations d'ICON. d) d'un abus, d'une mauvaise utilisation, du non-respect des instructions ou d'une utilisation incorrecte ou anormale. e) du non-respect des instructions figurant dans votre manuel d'utilisation (comme l'utilisation de produits de nettoyage et d'entretien autres que ceux recommand\u00e9s, le fait de ne pas \u00e9teindre le produit apr\u00e8s l'avoir utilis\u00e9, etc.) ). f) Utilisation hors domicile (y compris, mais sans s'y limiter, utilisation dans un cadre commercial, professionnel, locatif ou institutionnel). g) R\u00e9parations non effectu\u00e9es par un prestataire de services agr\u00e9\u00e9 par ICON ou utilisation de pi\u00e8ces non fournies ou autoris\u00e9es par ICON. h) Accidents, chocs, fluctuations de puissance, foudre, temp\u00eates, eau, feu, animaux ou toute autre cause ind\u00e9pendante de la volont\u00e9 d'ICON. i) Emplacement inappropri\u00e9, y compris, mais sans s'y limiter, environnements humides, poussi\u00e9reux ou ext\u00e9rieurs (par exemple, garages, caves, porches et patios).<\/div>\n<\/div>\n<div class=\"product-next-day\">\n<h4>LIVRAISON EXPRESS<\/h4>\n<div class=\"text-container\">Un grand nombre de nos produits sont livrables en express ou \u00e0 date fixe, ce qui signifie que vous pouvez recevoir votre produit d\u00e8s le lendemain ou \u00e0 la date qui vous convient. Veuillez v\u00e9rifier les options de livraison au moment du paiement pour conna\u00eetre les disponibilit\u00e9s pour votre panier et votre code postal. Les conditions de livraison s'appliquent.<\/div>\n<\/div>","protected":false},"excerpt":{"rendered":"<p>\u00c9conomisez de l'argent et de l'espace avec le ProForm Hybrid Trainer XT, l'appareil bien pens\u00e9 qui combine un v\u00e9lo elliptique et un v\u00e9lo couch\u00e9 en un seul cadre. L'Hybrid Trainer XT est dot\u00e9 du syst\u00e8me de r\u00e9sistance magn\u00e9tique silencieuse SMR\u2122 de ProForm, qui peut \u00eatre r\u00e9gl\u00e9 sur 16 niveaux num\u00e9riques pour s'adapter \u00e0 chaque s\u00e9ance d'entra\u00eenement et \u00e0 chaque utilisateur. Utilis\u00e9 comme un elliptique, l'Hybrid Trainer XT a une longueur de foul\u00e9e de 38 m et des p\u00e9dales amorties, ainsi que des poign\u00e9es douces au toucher pour le haut du corps afin de solliciter simultan\u00e9ment le haut et le bas du corps. Relevez le talon des p\u00e9dales et vous pourrez utiliser l'Hybrid Trainer XT comme v\u00e9lo couch\u00e9. La console peut \u00eatre abaiss\u00e9e pour une vision optimale, et le si\u00e8ge est dot\u00e9 d'un rembourrage confortable et d'un r\u00e9glage complet. L'Hybrid Trainer XT est \u00e9quip\u00e9 d'un \u00e9cran multicolore de 5 pouces \u00e0 fort contraste, de deux haut-parleurs de 2 pouces, d'un porte-bouteille et d'une tablette int\u00e9gr\u00e9e. T\u00e9l\u00e9chargez l'application iFIT sur votre tablette ou votre smartphone pour tirer le meilleur parti de vos s\u00e9ances d'entra\u00eenement sur l'Hybrid Trainer XT. Avec iFIT, vous pouvez acc\u00e9der \u00e0 une nouvelle s\u00e9ance d'entra\u00eenement chaque jour, suivre automatiquement vos progr\u00e8s, reproduire des parcours et des courses r\u00e9els avec Google Maps\u2122, rivaliser avec vos amis et personnaliser votre entra\u00eenement en fonction de vos objectifs sp\u00e9cifiques (abonnement iFIT de 30 jours inclus*). L'Hybrid Trainer XT est \u00e9galement \u00e9quip\u00e9 de la technologie ActivePulse\u2122 (brassard SmartBeat requis) qui ajuste automatiquement votre r\u00e9sistance pour maintenir votre fr\u00e9quence cardiaque dans la zone optimale. Les roulettes de transport mont\u00e9es \u00e0 l'avant vous permettent de ranger facilement l'Hybrid Trainer XT et de le mettre hors de vue lorsque vous avez termin\u00e9 votre s\u00e9ance d'entra\u00eenement. * Essai iFIT de 30 jours inclus. Carte de cr\u00e9dit requise pour l'activation. L'abonnement iFIT est renouvel\u00e9 automatiquement sauf annulation pr\u00e9alable. La p\u00e9riode d'essai de 30 jours ne s'applique qu'aux nouvelles adh\u00e9sions.<\/p>\n<div class=\"product-attribute-container-desktop desktop-only\">\n<div class=\"additional-attributes-wrapper table-wrapper\"><\/div>\n<\/div>","protected":false},"featured_media":839,"comment_status":"open","ping_status":"closed","template":"","meta":{"site-sidebar-layout":"default","site-content-layout":"","ast-site-content-layout":"default","site-content-style":"default","site-sidebar-style":"default","ast-global-header-display":"","ast-banner-title-visibility":"","ast-main-header-display":"","ast-hfb-above-header-display":"","ast-hfb-below-header-display":"","ast-hfb-mobile-header-display":"","site-post-title":"","ast-breadcrumbs-content":"","ast-featured-img":"","footer-sml-layout":"","theme-transparent-header-meta":"default","adv-header-id-meta":"","stick-header-meta":"","header-above-stick-meta":"","header-main-stick-meta":"","header-below-stick-meta":"","astra-migrate-meta-layouts":"set","ast-page-background-enabled":"default","ast-page-background-meta":{"desktop":{"background-color":"var(--ast-global-color-5)","background-image":"","background-repeat":"repeat","background-position":"center center","background-size":"auto","background-attachment":"scroll","background-type":"","background-media":"","overlay-type":"","overlay-color":"","overlay-opacity":"","overlay-gradient":""},"tablet":{"background-color":"","background-image":"","background-repeat":"repeat","background-position":"center center","background-size":"auto","background-attachment":"scroll","background-type":"","background-media":"","overlay-type":"","overlay-color":"","overlay-opacity":"","overlay-gradient":""},"mobile":{"background-color":"","background-image":"","background-repeat":"repeat","background-position":"center center","background-size":"auto","background-attachment":"scroll","background-type":"","background-media":"","overlay-type":"","overlay-color":"","overlay-opacity":"","overlay-gradient":""}},"ast-content-background-meta":{"desktop":{"background-color":"var(--ast-global-color-4)","background-image":"","background-repeat":"repeat","background-position":"center center","background-size":"auto","background-attachment":"scroll","background-type":"","background-media":"","overlay-type":"","overlay-color":"","overlay-opacity":"","overlay-gradient":""},"tablet":{"background-color":"var(--ast-global-color-4)","background-image":"","background-repeat":"repeat","background-position":"center center","background-size":"auto","background-attachment":"scroll","background-type":"","background-media":"","overlay-type":"","overlay-color":"","overlay-opacity":"","overlay-gradient":""},"mobile":{"background-color":"var(--ast-global-color-4)","background-image":"","background-repeat":"repeat","background-position":"center center","background-size":"auto","background-attachment":"scroll","background-type":"","background-media":"","overlay-type":"","overlay-color":"","overlay-opacity":"","overlay-gradient":""}}},"product_brand":[],"product_cat":[19],"product_tag":[22],"class_list":{"0":"post-836","1":"product","2":"type-product","3":"status-publish","4":"has-post-thumbnail","6":"product_cat-excise-bikes","7":"product_tag-exercise-bikes","8":"desktop-align-left","9":"tablet-align-left","10":"mobile-align-left","12":"first","13":"instock","14":"sale","15":"taxable","16":"shipping-taxable","17":"purchasable","18":"product-type-simple"},"_links":{"self":[{"href":"https:\/\/bestfitnessstore.com\/fr\/wp-json\/wp\/v2\/product\/836","targetHints":{"allow":["GET"]}}],"collection":[{"href":"https:\/\/bestfitnessstore.com\/fr\/wp-json\/wp\/v2\/product"}],"about":[{"href":"https:\/\/bestfitnessstore.com\/fr\/wp-json\/wp\/v2\/types\/product"}],"replies":[{"embeddable":true,"href":"https:\/\/bestfitnessstore.com\/fr\/wp-json\/wp\/v2\/comments?post=836"}],"wp:featuredmedia":[{"embeddable":true,"href":"https:\/\/bestfitnessstore.com\/fr\/wp-json\/wp\/v2\/media\/839"}],"wp:attachment":[{"href":"https:\/\/bestfitnessstore.com\/fr\/wp-json\/wp\/v2\/media?parent=836"}],"wp:term":[{"taxonomy":"product_brand","embeddable":true,"href":"https:\/\/bestfitnessstore.com\/fr\/wp-json\/wp\/v2\/product_brand?post=836"},{"taxonomy":"product_cat","embeddable":true,"href":"https:\/\/bestfitnessstore.com\/fr\/wp-json\/wp\/v2\/product_cat?post=836"},{"taxonomy":"product_tag","embeddable":true,"href":"https:\/\/bestfitnessstore.com\/fr\/wp-json\/wp\/v2\/product_tag?post=836"}],"curies":[{"name":"wp","href":"https:\/\/api.w.org\/{rel}","templated":true}]}}