{"id":816,"date":"2025-11-24T11:40:51","date_gmt":"2025-11-24T11:40:51","guid":{"rendered":"https:\/\/bestfitnessstore.com\/?post_type=product&#038;p=816"},"modified":"2025-11-24T11:40:51","modified_gmt":"2025-11-24T11:40:51","slug":"velo-couche-nordictrack-gx10","status":"publish","type":"product","link":"https:\/\/bestfitnessstore.com\/fr\/product\/nordictrack-gx10-recumbent-bike\/","title":{"rendered":"V\u00e9lo couch\u00e9 NordicTrack GX10"},"content":{"rendered":"<div class=\"product-attribute-container-desktop desktop-only\">\n<div class=\"additional-attributes-wrapper table-wrapper\">\n<h4>INFORMATIONS SUR LES PRODUITS<\/h4>\n<div class=\"attributes-container\">\n<ul class=\"product-attributes-container\">\n<li><span class=\"specification-title\">Poids de l'emballage (KG) :\u00a0<\/span><span class=\"specification-data\">84.400000<\/span><\/li>\n<li><span class=\"specification-title\">M\u00e9thode d'alimentation :\u00a0<\/span><span class=\"specification-data\">\u00c9lectricit\u00e9 de r\u00e9seau<\/span><\/li>\n<li><span class=\"specification-title\">P\u00e9dales :\u00a0<\/span><span class=\"specification-data\">Courroie<\/span><\/li>\n<li><span class=\"specification-title\">Type de cycle :\u00a0<\/span><span class=\"specification-data\">Couch\u00e9<\/span><\/li>\n<li><span class=\"specification-title\">Syst\u00e8me de r\u00e9sistance :\u00a0<\/span><span class=\"specification-data\">Magn\u00e9tique<\/span><\/li>\n<li><span class=\"specification-title\">Dimensions du produit (LxLxH) :\u00a0<\/span><span class=\"specification-data\">171 x 59 x 132 cm<\/span><\/li>\n<\/ul>\n<ul class=\"product-attributes-container\">\n<li><span class=\"specification-title\">Poids du produit (KG) :\u00a0<\/span><span class=\"specification-data\">71.20<\/span><\/li>\n<li><span class=\"specification-title\">Int\u00e9gration des applications :\u00a0<\/span><span class=\"specification-data\">iFIT<\/span><\/li>\n<li><span class=\"specification-title\">Ajustement du cadre :\u00a0<\/span><span class=\"specification-data\">Selle en avant et en arri\u00e8re<\/span><\/li>\n<li><span class=\"specification-title\">Roues de transport :\u00a0<\/span><span class=\"specification-data\">Oui<\/span><\/li>\n<li><span class=\"specification-title\">Poids maximal de l'utilisateur (kg) :\u00a0<\/span><span class=\"specification-data\">159.00 (Kg)<\/span><\/li>\n<li><span class=\"specification-title\">Dimensions de la bo\u00eete (LxLxH) :\u00a0<\/span><span class=\"specification-data\">169,40 x 37,60 x 77,20 cm<\/span><\/li>\n<\/ul>\n<\/div>\n<\/div>\n<\/div>\n<div class=\"product-features\">\n<h4>CARACT\u00c9RISTIQUES SUPPL\u00c9MENTAIRES<\/h4>\n<div class=\"more-container\">\n<div class=\"unshow-text\">\n<ul class=\"product-features-container\">\n<li><span class=\"specification-title\">Niveaux de r\u00e9sistance :<\/span>\u00a0<span class=\"specification-data\">26 (num\u00e9rique)<\/span><\/li>\n<li><span class=\"specification-title\">Affichage :<\/span>\u00a0<span class=\"specification-data\">\u00c9cran tactile HD de 10\u201d (25,4 cm) ; porte-gobelet ; port USB<\/span><\/li>\n<li><span class=\"specification-title\">R\u00e9sistance magn\u00e9tique silencieuse\u2122 :<\/span>\u00a0<span class=\"specification-data\">Rotation douce et silencieuse de la p\u00e9dale<\/span><\/li>\n<li><span class=\"specification-title\">Compatibilit\u00e9 IFit Pro :<\/span>\u00a0<span class=\"specification-data\">Acc\u00e8s \u00e0 plus de 10 000 s\u00e9ances d'entra\u00eenement dirig\u00e9es par des entra\u00eeneurs ; suivi intelligent des performances ; services de d\u00e9pistage (abonnement requis, non inclus).<\/span><\/li>\n<li><span class=\"specification-title\">Synchronisation de l'IFIT :<\/span>\u00a0<span class=\"specification-data\">Synchronisation avec Strava, Garmin, Google Fit, Google Maps et Apple Health<\/span><\/li>\n<li><span class=\"specification-title\">Technologie SmartAdjust\u2122 :<\/span>\u00a0<span class=\"specification-data\">Adapte les s\u00e9ances d'entra\u00eenement \u00e0 votre niveau de forme physique (via iFIT Pro)<\/span><\/li>\n<li><span class=\"specification-title\">P\u00e9dales ergonomiques extra-larges :<\/span>\u00a0<span class=\"specification-data\">P\u00e9dalage s\u00e9curis\u00e9 (avec sangles r\u00e9glables)<\/span><\/li>\n<li><span class=\"specification-title\">Si\u00e8ge rembourr\u00e9 :<\/span>\u00a0<span class=\"specification-data\">Soutien lombaire et r\u00e9glages faciles<\/span><\/li>\n<li><span class=\"specification-title\">Commandes de la poign\u00e9e :<\/span>\u00a0<span class=\"specification-data\">R\u00e9glages faciles et raccourcis pour la r\u00e9sistance et le volume<\/span><\/li>\n<li><span class=\"specification-title\">Intervenants :<\/span>\u00a0<span class=\"specification-data\">2 x 2\u201d (5 cm) avec un son de qualit\u00e9 sup\u00e9rieure ; compatible avec les \u00e9couteurs Bluetooth<\/span><\/li>\n<li><span class=\"specification-title\">Ventilateur AutoBreeze\u2122 :<\/span>\u00a0<span class=\"specification-data\">Garde la t\u00eate froide pendant l'entra\u00eenement<\/span><\/li>\n<li><span class=\"specification-title\">Conception compacte :<\/span>\u00a0<span class=\"specification-data\">Encombrement r\u00e9duit gr\u00e2ce aux roues<\/span><\/li>\n<\/ul>\n<\/div>\n<\/div>\n<\/div>\n<div class=\"product-warranty\">\n<h4>GARANTIE<\/h4>\n<div class=\"text-container\"><strong>Utilisation \u00e0 domicile :<\/strong>\u00a0Deux ans pi\u00e8ces et main d'\u0153uvre (conditions applicables) sous r\u00e9serve d'enregistrement du produit dans les 28 jours suivant l'achat. La garantie standard est de 12 mois pi\u00e8ces et main d'\u0153uvre. Conditions Cette garantie ne s'applique qu'\u00e0 l'acheteur initial (vous) et n'est pas transf\u00e9rable. La garantie ne couvre pas 1. L'usure normale (les courroies de marche, les courroies d'entra\u00eenement, les batteries, les plaquettes de frein et les tapis de saut sont des exemples de pi\u00e8ces d'usure normale). 2. les r\u00e9parations, adaptations ou modifications de fortune visant \u00e0 modifier l'utilisation et le fonctionnement normaux du produit, tels que d\u00e9crits dans le manuel de l'utilisateur 3. Les dommages r\u00e9sultant : a) d'actes volontaires ou malveillants. b) du transport. c) d'une installation, d'un assemblage ou d'un raccordement non conforme aux sp\u00e9cifications ou recommandations d'ICON. d) d'un abus, d'une mauvaise utilisation, du non-respect des instructions ou d'une utilisation incorrecte ou anormale. e) du non-respect des instructions figurant dans votre manuel d'utilisation (comme l'utilisation de produits de nettoyage et d'entretien autres que ceux recommand\u00e9s, le fait de ne pas \u00e9teindre le produit apr\u00e8s l'avoir utilis\u00e9, etc.) ). f) Utilisation hors domicile (y compris, mais sans s'y limiter, utilisation dans un cadre commercial, professionnel, locatif ou institutionnel). g) R\u00e9parations non effectu\u00e9es par un prestataire de services agr\u00e9\u00e9 par ICON ou utilisation de pi\u00e8ces non fournies ou autoris\u00e9es par ICON. h) Accidents, chocs, fluctuations de puissance, foudre, temp\u00eates, eau, feu, animaux ou toute autre cause ind\u00e9pendante de la volont\u00e9 d'ICON. i) Emplacement inappropri\u00e9, y compris, mais sans s'y limiter, environnements humides, poussi\u00e9reux ou ext\u00e9rieurs (par exemple, garages, caves, porches et patios).<\/div>\n<\/div>","protected":false},"excerpt":{"rendered":"<p>Le v\u00e9lo couch\u00e9 NordicTrack GX10 est \u00e0 la hauteur \u00e0 tous les niveaux. Il propose 26 niveaux de r\u00e9sistance num\u00e9rique, une exp\u00e9rience de cyclisme silencieuse et fluide - gr\u00e2ce \u00e0 sa Silent Magnetic Resistance\u2122 - et une abondance de fonctionnalit\u00e9s qui le rendent ultra s\u00e9duisant. L'\u00e9cran tactile HD de 10 pouces affiche vos principales donn\u00e9es d'entra\u00eenement sur son \u00e9cran attrayant. iFIT Pro (abonnement requis) ne pourrait pas \u00eatre plus facile. Il vous suffit de vous connecter via l'\u00e9cran tactile pour afficher votre page d'accueil avec votre plan d'entra\u00eenement personnalis\u00e9. Chargez rapidement des s\u00e9ances d'entra\u00eenement et profitez de programmes dirig\u00e9s par un entra\u00eeneur. La technologie intelligente SmartAdjust\u2122 personnalise vos s\u00e9ances d'entra\u00eenement pour vous ou vous pouvez prendre le contr\u00f4le vous-m\u00eame avec des changements rapides via les boutons de main courante int\u00e9gr\u00e9s. Le GX10 est \u00e9galement dot\u00e9 de p\u00e9dales ergonomiques extra-larges avec des sangles r\u00e9glables et d'un si\u00e8ge enti\u00e8rement r\u00e9glable. Ce dernier est sp\u00e9cialement con\u00e7u pour offrir un soutien lombaire, ce qui est tr\u00e8s appr\u00e9ciable pour les personnes souffrant de maux de dos. Deux haut-parleurs int\u00e9gr\u00e9s avec un son de qualit\u00e9 sup\u00e9rieure ajoutent \u00e0 votre confort, et vous pouvez ajouter vos \u00e9couteurs en toute simplicit\u00e9. Gr\u00e2ce \u00e0 son faible encombrement, cet appareil est \u00e9galement tr\u00e8s pratique pour les espaces restreints.<\/p>\n<div class=\"product-attribute-container-desktop desktop-only\">\n<div class=\"additional-attributes-wrapper table-wrapper\"><\/div>\n<\/div>","protected":false},"featured_media":819,"comment_status":"open","ping_status":"closed","template":"","meta":{"site-sidebar-layout":"default","site-content-layout":"","ast-site-content-layout":"default","site-content-style":"default","site-sidebar-style":"default","ast-global-header-display":"","ast-banner-title-visibility":"","ast-main-header-display":"","ast-hfb-above-header-display":"","ast-hfb-below-header-display":"","ast-hfb-mobile-header-display":"","site-post-title":"","ast-breadcrumbs-content":"","ast-featured-img":"","footer-sml-layout":"","theme-transparent-header-meta":"default","adv-header-id-meta":"","stick-header-meta":"","header-above-stick-meta":"","header-main-stick-meta":"","header-below-stick-meta":"","astra-migrate-meta-layouts":"set","ast-page-background-enabled":"default","ast-page-background-meta":{"desktop":{"background-color":"var(--ast-global-color-5)","background-image":"","background-repeat":"repeat","background-position":"center center","background-size":"auto","background-attachment":"scroll","background-type":"","background-media":"","overlay-type":"","overlay-color":"","overlay-opacity":"","overlay-gradient":""},"tablet":{"background-color":"","background-image":"","background-repeat":"repeat","background-position":"center center","background-size":"auto","background-attachment":"scroll","background-type":"","background-media":"","overlay-type":"","overlay-color":"","overlay-opacity":"","overlay-gradient":""},"mobile":{"background-color":"","background-image":"","background-repeat":"repeat","background-position":"center center","background-size":"auto","background-attachment":"scroll","background-type":"","background-media":"","overlay-type":"","overlay-color":"","overlay-opacity":"","overlay-gradient":""}},"ast-content-background-meta":{"desktop":{"background-color":"var(--ast-global-color-4)","background-image":"","background-repeat":"repeat","background-position":"center center","background-size":"auto","background-attachment":"scroll","background-type":"","background-media":"","overlay-type":"","overlay-color":"","overlay-opacity":"","overlay-gradient":""},"tablet":{"background-color":"var(--ast-global-color-4)","background-image":"","background-repeat":"repeat","background-position":"center center","background-size":"auto","background-attachment":"scroll","background-type":"","background-media":"","overlay-type":"","overlay-color":"","overlay-opacity":"","overlay-gradient":""},"mobile":{"background-color":"var(--ast-global-color-4)","background-image":"","background-repeat":"repeat","background-position":"center center","background-size":"auto","background-attachment":"scroll","background-type":"","background-media":"","overlay-type":"","overlay-color":"","overlay-opacity":"","overlay-gradient":""}}},"product_brand":[],"product_cat":[19],"product_tag":[22],"class_list":{"0":"post-816","1":"product","2":"type-product","3":"status-publish","4":"has-post-thumbnail","6":"product_cat-excise-bikes","7":"product_tag-exercise-bikes","8":"desktop-align-left","9":"tablet-align-left","10":"mobile-align-left","12":"first","13":"instock","14":"sale","15":"taxable","16":"shipping-taxable","17":"purchasable","18":"product-type-simple"},"_links":{"self":[{"href":"https:\/\/bestfitnessstore.com\/fr\/wp-json\/wp\/v2\/product\/816","targetHints":{"allow":["GET"]}}],"collection":[{"href":"https:\/\/bestfitnessstore.com\/fr\/wp-json\/wp\/v2\/product"}],"about":[{"href":"https:\/\/bestfitnessstore.com\/fr\/wp-json\/wp\/v2\/types\/product"}],"replies":[{"embeddable":true,"href":"https:\/\/bestfitnessstore.com\/fr\/wp-json\/wp\/v2\/comments?post=816"}],"wp:featuredmedia":[{"embeddable":true,"href":"https:\/\/bestfitnessstore.com\/fr\/wp-json\/wp\/v2\/media\/819"}],"wp:attachment":[{"href":"https:\/\/bestfitnessstore.com\/fr\/wp-json\/wp\/v2\/media?parent=816"}],"wp:term":[{"taxonomy":"product_brand","embeddable":true,"href":"https:\/\/bestfitnessstore.com\/fr\/wp-json\/wp\/v2\/product_brand?post=816"},{"taxonomy":"product_cat","embeddable":true,"href":"https:\/\/bestfitnessstore.com\/fr\/wp-json\/wp\/v2\/product_cat?post=816"},{"taxonomy":"product_tag","embeddable":true,"href":"https:\/\/bestfitnessstore.com\/fr\/wp-json\/wp\/v2\/product_tag?post=816"}],"curies":[{"name":"wp","href":"https:\/\/api.w.org\/{rel}","templated":true}]}}