{"id":794,"date":"2025-11-22T17:24:10","date_gmt":"2025-11-22T17:24:10","guid":{"rendered":"https:\/\/bestfitnessstore.com\/?post_type=product&#038;p=794"},"modified":"2025-11-22T17:24:10","modified_gmt":"2025-11-22T17:24:10","slug":"matrix-fitness-u50-upright-cycle-with-xir-console","status":"publish","type":"product","link":"https:\/\/bestfitnessstore.com\/fr\/product\/matrix-fitness-u50-upright-cycle-with-xir-console\/","title":{"rendered":"Cycle droit Matrix Fitness U50 avec console XIR"},"content":{"rendered":"<div class=\"product-attribute-container-desktop desktop-only\">\n<div class=\"additional-attributes-wrapper table-wrapper\">\n<h4>INFORMATIONS SUR LES PRODUITS<\/h4>\n<div class=\"attributes-container\">\n<ul class=\"product-attributes-container\">\n<li><span class=\"specification-title\">Poids de l'emballage (KG) :\u00a0<\/span><span class=\"specification-data\">75.400000<\/span><\/li>\n<li><span class=\"specification-title\">M\u00e9thode d'alimentation :\u00a0<\/span><span class=\"specification-data\">\u00c9lectricit\u00e9 de r\u00e9seau<\/span><\/li>\n<li><span class=\"specification-title\">Support de tablette :\u00a0<\/span><span class=\"specification-data\">Oui<\/span><\/li>\n<li><span class=\"specification-title\">P\u00e9dales :\u00a0<\/span><span class=\"specification-data\">Courroie<\/span><\/li>\n<li><span class=\"specification-title\">Type de cycle :\u00a0<\/span><span class=\"specification-data\">Debout<\/span><\/li>\n<li><span class=\"specification-title\">Hauteur minimale de l'utilisateur (cm) :\u00a0<\/span><span class=\"specification-data\">147<\/span><\/li>\n<li><span class=\"specification-title\">Syst\u00e8me de r\u00e9sistance :\u00a0<\/span><span class=\"specification-data\">Induction<\/span><\/li>\n<li><span class=\"specification-title\">Poids maximal de l'utilisateur (kg) :\u00a0<\/span><span class=\"specification-data\">159.00 (Kg)<\/span><\/li>\n<li><span class=\"specification-title\">Dimensions du produit (LxLxH) :\u00a0<\/span><span class=\"specification-data\">122 x 62,50 x 143 cm<\/span><\/li>\n<\/ul>\n<ul class=\"product-attributes-container\">\n<li><span class=\"specification-title\">Poids du produit (KG) :\u00a0<\/span><span class=\"specification-data\">60<\/span><\/li>\n<li><span class=\"specification-title\">Int\u00e9gration des applications :\u00a0<\/span><span class=\"specification-data\">KinoMap<\/span><\/li>\n<li><span class=\"specification-title\">Bluetooth :\u00a0<\/span><span class=\"specification-data\">Oui<\/span><\/li>\n<li><span class=\"specification-title\">Ajustement du cadre :\u00a0<\/span><span class=\"specification-data\">Les poign\u00e9es et la console se d\u00e9placent vers l'avant et l'arri\u00e8re, la selle monte et descend.<\/span><\/li>\n<li><span class=\"specification-title\">Roues de transport :\u00a0<\/span><span class=\"specification-data\">Oui<\/span><\/li>\n<li><span class=\"specification-title\">Hauteur maximale de l'utilisateur (cm) :\u00a0<\/span><span class=\"specification-data\">201<\/span><\/li>\n<li><span class=\"specification-title\">Surveillance de la fr\u00e9quence cardiaque :\u00a0<\/span><span class=\"specification-data\">Capteurs int\u00e9gr\u00e9s et Bluetooth<\/span><\/li>\n<li><span class=\"specification-title\">Programmes int\u00e9gr\u00e9s :\u00a0<\/span><span class=\"specification-data\">Manuel, Br\u00fbleur de graisse, Collines roulantes, Intervalles, Objectif de temps, Objectif de distance, Fr\u00e9quence cardiaque cible, Sprint 8, Personnalis\u00e9<\/span><\/li>\n<\/ul>\n<\/div>\n<\/div>\n<\/div>\n<div class=\"product-features\">\n<h4>CARACT\u00c9RISTIQUES SUPPL\u00c9MENTAIRES<\/h4>\n<div class=\"more-container\">\n<div class=\"unshow-text\">\n<ul class=\"product-features-container\">\n<li><span class=\"specification-title\">Cadre :<\/span>\u00a0<span class=\"specification-data\">Montant \u00e0 deux \u00e9tages Dual Form<\/span><\/li>\n<li><span class=\"specification-title\">Type de p\u00e9dale :<\/span>\u00a0<span class=\"specification-data\">P\u00e9dales d'auto-\u00e9quilibrage surdimensionn\u00e9es, de qualit\u00e9 commerciale, avec sangles r\u00e9glables<\/span><\/li>\n<li><span class=\"specification-title\">Type de si\u00e8ge :<\/span>\u00a0<span class=\"specification-data\">Si\u00e8ge vertical Comfort Arc, interchangeable<\/span><\/li>\n<li><span class=\"specification-title\">Syst\u00e8me de r\u00e9sistance :<\/span>\u00a0<span class=\"specification-data\">Frein \u00e0 induction Exact Force<\/span><\/li>\n<li><span class=\"specification-title\">Niveaux de r\u00e9sistance :<\/span>\u00a0<span class=\"specification-data\">30 niveaux, \u00e9lectronique<\/span><\/li>\n<li><span class=\"specification-title\">Type de guidon :<\/span>\u00a0<span class=\"specification-data\">Guidon multi-grip r\u00e9glable, interchangeable, avec des boutons de r\u00e9sistance et des poign\u00e9es pour la fr\u00e9quence cardiaque<\/span><\/li>\n<li><span class=\"specification-title\">Console XIR :<\/span>\u00a0<span class=\"specification-data\">\u00c9cran tactile HD de 16 pouces avec connectivit\u00e9 Bluetooth \u00e9tendue, port USB, port HDMI, applications de console, support de lecture, mode d'\u00e9conomie d'\u00e9nergie, connectivit\u00e9 ViewFit (int\u00e9gration avec des applications de fitness). WiFi requis pour les applications et les mises \u00e0 jour logicielles.<\/span><\/li>\n<li><span class=\"specification-title\">Programmes d'entra\u00eenement :<\/span>\u00a0<span class=\"specification-data\">12<\/span><\/li>\n<li><span class=\"specification-title\">Applications de la console :<\/span>\u00a0<span class=\"specification-data\">Virtual Active, Sprint8, YouTube, Spotify, Netflix et plus encore. Abonnements non inclus.<\/span><\/li>\n<li><span class=\"specification-title\">Extras :<\/span>\u00a0<span class=\"specification-data\">Porte-bouteille, grille de lecture int\u00e9gr\u00e9e, mode \u00e9conomie d'\u00e9nergie<\/span><\/li>\n<li><span class=\"specification-title\">Dimensions (LxLxH) :<\/span>\u00a0<span class=\"specification-data\">122 x 62,5 x 143 cm \/ 48\u201d x 24,6\u201d x 56,3\u201d<\/span><\/li>\n<li><span class=\"specification-title\">Poids assembl\u00e9 :<\/span>\u00a0<span class=\"specification-data\">65.5 kg<\/span><\/li>\n<li><span class=\"specification-title\">Capacit\u00e9 de poids de l'utilisateur :<\/span>\u00a0<span class=\"specification-data\">159 kg \/ 350 lbs<\/span><\/li>\n<li><span class=\"specification-title\">Plage de hauteur de l'utilisateur :<\/span>\u00a0<span class=\"specification-data\">150 - 193 cm \/ 4\u201911\u201d - 6\u20194\u201d<\/span><\/li>\n<\/ul>\n<\/div>\n<\/div>\n<\/div>\n<div class=\"product-warranty\">\n<h4>GARANTIE<\/h4>\n<div class=\"text-container\"><strong>Utilisation \u00e0 domicile :<\/strong>\u00a03 ans P\/L<\/p>\n<\/div>\n<\/div>\n<div class=\"product-next-day\">\n<h4>LIVRAISON EXPRESS<\/h4>\n<div class=\"text-container\">Un grand nombre de nos produits sont livrables en express ou \u00e0 date fixe, ce qui signifie que vous pouvez recevoir votre produit d\u00e8s le lendemain ou \u00e0 la date qui vous convient. Veuillez v\u00e9rifier les options de livraison au moment du paiement pour conna\u00eetre les disponibilit\u00e9s pour votre panier et votre code postal. Les conditions de livraison s'appliquent.<\/div>\n<\/div>","protected":false},"excerpt":{"rendered":"<p>Enjoy the quality, design and stability you expect from commercial exercise bikes at home with the Matrix Fitness U50 Upright Cycle. With a Dual Form Frame structure, the U50 is significantly more stable and durable than other bikes with single-post designs, and benefits from a low step-through height for easy access. A wide 30-level resistance range ensures a challenge, no matter your fitness level, with the Exact Force induction brake system providing a realistic cycling feel. The U50 features the Comfort Arc Seat, that\u2019s ergonomically moulded to provide unmatched comfort, support and balance during workouts. Smart ergonomics, like optimised pedal spacing, ensures every ride is efficient and easier on your joints, while the oversized, commercial-grade, self-balancing pedals provide secure foot placement through the entire rotation. If you prefer a different saddle, handlebars or pedals, you can attach standard outdoor accessories to customise your cycle to your unique style. Complete with the advanced XIR console, it\u2019s easy to keep every workout fresh with 12 metric-driven cardio programmes like Sprint 8. You can sync to the apps you already use, like MyFitnessPal, Strava, Fitbit and more via ViewFit connectivity, and enjoy entertainment favourites including Netflix, Spotify and YouTube (subscriptions not included). Connect your console via WiFi for software updates, ViewFit, web browsing and entertainment apps. Get the most accurate heart rate feedback fitness equipment can provide with integrated Polar heart rate technology, with a Polar heart rate strap included with the XIR. Change between the 30 resistance levels with resistance toggles on the handlebars, and track your heart rate with contact grips (or connect your heart rate strap via Bluetooth \u2013 strap not included). Other features include a water bottle holder, an integrated reading rack and energy saver mode.<\/p>\n<div class=\"product-attribute-container-desktop desktop-only\">\n<div class=\"additional-attributes-wrapper table-wrapper\"><\/div>\n<\/div>","protected":false},"featured_media":797,"comment_status":"open","ping_status":"closed","template":"","meta":{"site-sidebar-layout":"default","site-content-layout":"","ast-site-content-layout":"default","site-content-style":"default","site-sidebar-style":"default","ast-global-header-display":"","ast-banner-title-visibility":"","ast-main-header-display":"","ast-hfb-above-header-display":"","ast-hfb-below-header-display":"","ast-hfb-mobile-header-display":"","site-post-title":"","ast-breadcrumbs-content":"","ast-featured-img":"","footer-sml-layout":"","theme-transparent-header-meta":"default","adv-header-id-meta":"","stick-header-meta":"","header-above-stick-meta":"","header-main-stick-meta":"","header-below-stick-meta":"","astra-migrate-meta-layouts":"set","ast-page-background-enabled":"default","ast-page-background-meta":{"desktop":{"background-color":"var(--ast-global-color-5)","background-image":"","background-repeat":"repeat","background-position":"center center","background-size":"auto","background-attachment":"scroll","background-type":"","background-media":"","overlay-type":"","overlay-color":"","overlay-opacity":"","overlay-gradient":""},"tablet":{"background-color":"","background-image":"","background-repeat":"repeat","background-position":"center center","background-size":"auto","background-attachment":"scroll","background-type":"","background-media":"","overlay-type":"","overlay-color":"","overlay-opacity":"","overlay-gradient":""},"mobile":{"background-color":"","background-image":"","background-repeat":"repeat","background-position":"center center","background-size":"auto","background-attachment":"scroll","background-type":"","background-media":"","overlay-type":"","overlay-color":"","overlay-opacity":"","overlay-gradient":""}},"ast-content-background-meta":{"desktop":{"background-color":"var(--ast-global-color-4)","background-image":"","background-repeat":"repeat","background-position":"center center","background-size":"auto","background-attachment":"scroll","background-type":"","background-media":"","overlay-type":"","overlay-color":"","overlay-opacity":"","overlay-gradient":""},"tablet":{"background-color":"var(--ast-global-color-4)","background-image":"","background-repeat":"repeat","background-position":"center center","background-size":"auto","background-attachment":"scroll","background-type":"","background-media":"","overlay-type":"","overlay-color":"","overlay-opacity":"","overlay-gradient":""},"mobile":{"background-color":"var(--ast-global-color-4)","background-image":"","background-repeat":"repeat","background-position":"center center","background-size":"auto","background-attachment":"scroll","background-type":"","background-media":"","overlay-type":"","overlay-color":"","overlay-opacity":"","overlay-gradient":""}}},"product_brand":[],"product_cat":[19],"product_tag":[22],"class_list":{"0":"post-794","1":"product","2":"type-product","3":"status-publish","4":"has-post-thumbnail","6":"product_cat-excise-bikes","7":"product_tag-exercise-bikes","8":"desktop-align-left","9":"tablet-align-left","10":"mobile-align-left","12":"first","13":"instock","14":"sale","15":"taxable","16":"shipping-taxable","17":"purchasable","18":"product-type-simple"},"_links":{"self":[{"href":"https:\/\/bestfitnessstore.com\/fr\/wp-json\/wp\/v2\/product\/794","targetHints":{"allow":["GET"]}}],"collection":[{"href":"https:\/\/bestfitnessstore.com\/fr\/wp-json\/wp\/v2\/product"}],"about":[{"href":"https:\/\/bestfitnessstore.com\/fr\/wp-json\/wp\/v2\/types\/product"}],"replies":[{"embeddable":true,"href":"https:\/\/bestfitnessstore.com\/fr\/wp-json\/wp\/v2\/comments?post=794"}],"wp:featuredmedia":[{"embeddable":true,"href":"https:\/\/bestfitnessstore.com\/fr\/wp-json\/wp\/v2\/media\/797"}],"wp:attachment":[{"href":"https:\/\/bestfitnessstore.com\/fr\/wp-json\/wp\/v2\/media?parent=794"}],"wp:term":[{"taxonomy":"product_brand","embeddable":true,"href":"https:\/\/bestfitnessstore.com\/fr\/wp-json\/wp\/v2\/product_brand?post=794"},{"taxonomy":"product_cat","embeddable":true,"href":"https:\/\/bestfitnessstore.com\/fr\/wp-json\/wp\/v2\/product_cat?post=794"},{"taxonomy":"product_tag","embeddable":true,"href":"https:\/\/bestfitnessstore.com\/fr\/wp-json\/wp\/v2\/product_tag?post=794"}],"curies":[{"name":"wp","href":"https:\/\/api.w.org\/{rel}","templated":true}]}}