{"id":700,"date":"2025-11-22T15:34:16","date_gmt":"2025-11-22T15:34:16","guid":{"rendered":"https:\/\/bestfitnessstore.com\/?post_type=product&#038;p=700"},"modified":"2025-11-22T15:34:17","modified_gmt":"2025-11-22T15:34:17","slug":"matrix-fitness-commercial-lifestyle-recumbent-cycle-with-led-console","status":"publish","type":"product","link":"https:\/\/bestfitnessstore.com\/fr\/product\/matrix-fitness-commercial-lifestyle-recumbent-cycle-with-led-console\/","title":{"rendered":"Cycle couch\u00e9 Matrix Fitness Commercial Lifestyle avec console LED"},"content":{"rendered":"<div class=\"product-attribute-container-desktop desktop-only\">\n<div class=\"additional-attributes-wrapper table-wrapper\">\n<h4>INFORMATIONS SUR LES PRODUITS<\/h4>\n<div class=\"attributes-container\">\n<ul class=\"product-attributes-container\">\n<li><span class=\"specification-title\">Poids de l'emballage (KG) :\u00a0<\/span><span class=\"specification-data\">108.000000<\/span><\/li>\n<li><span class=\"specification-title\">M\u00e9thode d'alimentation :\u00a0<\/span><span class=\"specification-data\">Auto-alimentation et \u00e9lectricit\u00e9 de r\u00e9seau<\/span><\/li>\n<li><span class=\"specification-title\">Support de tablette :\u00a0<\/span><span class=\"specification-data\">Oui<\/span><\/li>\n<li><span class=\"specification-title\">P\u00e9dales :\u00a0<\/span><span class=\"specification-data\">Courroie<\/span><\/li>\n<li><span class=\"specification-title\">Type de cycle :\u00a0<\/span><span class=\"specification-data\">Couch\u00e9<\/span><\/li>\n<li><span class=\"specification-title\">Hauteur minimale de l'utilisateur (cm) :\u00a0<\/span><span class=\"specification-data\">147<\/span><\/li>\n<li><span class=\"specification-title\">Syst\u00e8me de r\u00e9sistance :\u00a0<\/span><span class=\"specification-data\">G\u00e9n\u00e9rateur sans balais<\/span><\/li>\n<li><span class=\"specification-title\">Poids maximal de l'utilisateur (kg) :\u00a0<\/span><span class=\"specification-data\">182.00 (Kg)<\/span><\/li>\n<li><span class=\"specification-title\">Dimensions du produit (LxLxH) :\u00a0<\/span><span class=\"specification-data\">158,30 x 67,30 x 132,70 cm<\/span><\/li>\n<\/ul>\n<ul class=\"product-attributes-container\">\n<li><span class=\"specification-title\">Poids du produit (KG) :\u00a0<\/span><span class=\"specification-data\">89<\/span><\/li>\n<li><span class=\"specification-title\">Int\u00e9gration des applications :\u00a0<\/span><span class=\"specification-data\">KinoMap, Zwift<\/span><\/li>\n<li><span class=\"specification-title\">Bluetooth :\u00a0<\/span><span class=\"specification-data\">Oui<\/span><\/li>\n<li><span class=\"specification-title\">Ajustement du cadre :\u00a0<\/span><span class=\"specification-data\">Selle en avant et en arri\u00e8re<\/span><\/li>\n<li><span class=\"specification-title\">Roues de transport :\u00a0<\/span><span class=\"specification-data\">Oui<\/span><\/li>\n<li><span class=\"specification-title\">Hauteur maximale de l'utilisateur (cm) :\u00a0<\/span><span class=\"specification-data\">201<\/span><\/li>\n<li><span class=\"specification-title\">Surveillance de la fr\u00e9quence cardiaque :\u00a0<\/span><span class=\"specification-data\">Capteurs int\u00e9gr\u00e9s et Bluetooth<\/span><\/li>\n<li><span class=\"specification-title\">Programmes int\u00e9gr\u00e9s :\u00a0<\/span><span class=\"specification-data\">Go, manuel, fr\u00e9quence cardiaque cible, entra\u00eenement par intervalles, combustion des graisses, collines roulantes, entra\u00eenement par objectifs, tests de condition physique, personnalis\u00e9<\/span><\/li>\n<\/ul>\n<\/div>\n<\/div>\n<\/div>\n<div class=\"product-features\">\n<h4>CARACT\u00c9RISTIQUES SUPPL\u00c9MENTAIRES<\/h4>\n<div class=\"more-container\">\n<div class=\"unshow-text\">\n<ul class=\"product-features-container\">\n<li><span class=\"specification-title\">Syst\u00e8me de r\u00e9sistance :<\/span>\u00a0<span class=\"specification-data\">G\u00e9n\u00e9rateur sans balais<\/span><\/li>\n<li><span class=\"specification-title\">Niveaux de r\u00e9sistance :<\/span>\u00a0<span class=\"specification-data\">30<\/span><\/li>\n<li><span class=\"specification-title\">Gamme de r\u00e9sistance :<\/span>\u00a0<span class=\"specification-data\">2-750 W<\/span><\/li>\n<li><span class=\"specification-title\">Conception de la manivelle :<\/span>\u00a0<span class=\"specification-data\">Trois pi\u00e8ces avec bras forg\u00e9s et extracteur int\u00e9gr\u00e9<\/span><\/li>\n<li><span class=\"specification-title\">R\u00e9glage du si\u00e8ge :<\/span>\u00a0<span class=\"specification-data\">Levier \u00e0 une main<\/span><\/li>\n<li><span class=\"specification-title\">Mat\u00e9riau du si\u00e8ge :<\/span>\u00a0<span class=\"specification-data\">Dossier et fond de si\u00e8ge moul\u00e9s d'une seule pi\u00e8ce sur mesure<\/span><\/li>\n<li><span class=\"specification-title\">Espacement des p\u00e9dales :<\/span>\u00a0<span class=\"specification-data\">20,2 cm \/ 8 po\u201d<\/span><\/li>\n<li><span class=\"specification-title\">Exigences en mati\u00e8re d'alimentation :<\/span>\u00a0<span class=\"specification-data\">Alimentation autonome ou 100-240 V - 50\/60 Hz AC<\/span><\/li>\n<li><span class=\"specification-title\">Console :<\/span>\u00a0<span class=\"specification-data\">Console LED<\/span><\/li>\n<li><span class=\"specification-title\">Affichage :<\/span>\u00a0<span class=\"specification-data\">LED \u00e0 grands chiffres avec centre de messages<\/span><\/li>\n<li><span class=\"specification-title\">Entra\u00eenements :<\/span>\u00a0<span class=\"specification-data\">Go, Manual, Interval Training, Fat Burn, Rolling Hills, Target Heart Rate, Glute Training* et Fitness Tests.<\/span><\/li>\n<li><span class=\"specification-title\">Langues :<\/span>\u00a0<span class=\"specification-data\">Anglais, allemand, fran\u00e7ais, italien, espagnol, n\u00e9erlandais, portugais, su\u00e9dois, finlandais, turc, danois, polonais<\/span><\/li>\n<li><span class=\"specification-title\">Caract\u00e9ristiques de la console :<\/span>\u00a0<span class=\"specification-data\">Connexion RFID en option ; prise pour casque d'\u00e9coute ; port USB ; support de lecture<\/span><\/li>\n<li><span class=\"specification-title\">Poids maximum de l'utilisateur :<\/span>\u00a0<span class=\"specification-data\">182 kg \/ 400 lbs.<\/span><\/li>\n<li><span class=\"specification-title\">Poids assembl\u00e9 :<\/span>\u00a0<span class=\"specification-data\">89 kg \/ 196,2 livres.<\/span><\/li>\n<li><span class=\"specification-title\">Poids d'exp\u00e9dition :<\/span>\u00a0<span class=\"specification-data\">108 kg \/ 238,1 lb.<\/span><\/li>\n<li><span class=\"specification-title\">Dimensions assembl\u00e9es :<\/span>\u00a0<span class=\"specification-data\">158,3 x 67,3 x 132,7 cm \/ 62,3\u201d x 26,5\u201d x 52,2\u201d<\/span><\/li>\n<li><span class=\"specification-title\">D\u00e9lai d'ex\u00e9cution :<\/span>\u00a0<span class=\"specification-data\">Fabriqu\u00e9 sur commande - d\u00e9lai moyen de 2 \u00e0 14 semaines<\/span><\/li>\n<\/ul>\n<\/div>\n<\/div>\n<\/div>\n<div class=\"product-warranty\">\n<h4>GARANTIE<\/h4>\n<div class=\"text-container\"><strong>Utilisation domestique et commerciale l\u00e9g\u00e8re\/compl\u00e8te :<\/strong>\u00a02 ans pi\u00e8ces et main d'\u0153uvre<\/div>\n<\/div>","protected":false},"excerpt":{"rendered":"<p>Space at a premium in your facility? The Matrix Lifestyle Recumbent Bike is the ideal option for low-impact cardio in light-use environments. Its compact frame features an Ergo Form seat and back pad for extra comfort and support. A step-through design makes it easy to get on and off, with self-balancing pedals and a low-watt starting resistance ensure it\u2019s as easy as possible to get moving. A brushless generator resistance system delivers 30 resistance levels, adjustable via large buttons that are conveniently located to either side of the seat, and provide tactile feedback with every adjustment. The LED console\u2019s simple navigation means virtually anyone can step up to the machine and get going almost instantly. The large number display and message centre provides clear, easy-to-read workout feedback that keeps members on track for their goals. Every workout is a seamless and smooth experience, with convenience features like an optional RFID login, a headphone jack, USB port and a reading rack for personal devices. Workouts include Go, Manual, Interval Training, Fat Burn, Rolling Hills, Target Heart Rate, Glute Training* and Fitness Tests. *programmes subject to change. Commercial product built to order \u2013 average lead time is 2-14 weeks, please contact us for further details.<\/p>\n<div class=\"product-attribute-container-desktop desktop-only\">\n<div class=\"additional-attributes-wrapper table-wrapper\"><\/div>\n<\/div>","protected":false},"featured_media":702,"comment_status":"open","ping_status":"closed","template":"","meta":{"site-sidebar-layout":"default","site-content-layout":"","ast-site-content-layout":"default","site-content-style":"default","site-sidebar-style":"default","ast-global-header-display":"","ast-banner-title-visibility":"","ast-main-header-display":"","ast-hfb-above-header-display":"","ast-hfb-below-header-display":"","ast-hfb-mobile-header-display":"","site-post-title":"","ast-breadcrumbs-content":"","ast-featured-img":"","footer-sml-layout":"","theme-transparent-header-meta":"default","adv-header-id-meta":"","stick-header-meta":"","header-above-stick-meta":"","header-main-stick-meta":"","header-below-stick-meta":"","astra-migrate-meta-layouts":"set","ast-page-background-enabled":"default","ast-page-background-meta":{"desktop":{"background-color":"var(--ast-global-color-5)","background-image":"","background-repeat":"repeat","background-position":"center center","background-size":"auto","background-attachment":"scroll","background-type":"","background-media":"","overlay-type":"","overlay-color":"","overlay-opacity":"","overlay-gradient":""},"tablet":{"background-color":"","background-image":"","background-repeat":"repeat","background-position":"center center","background-size":"auto","background-attachment":"scroll","background-type":"","background-media":"","overlay-type":"","overlay-color":"","overlay-opacity":"","overlay-gradient":""},"mobile":{"background-color":"","background-image":"","background-repeat":"repeat","background-position":"center center","background-size":"auto","background-attachment":"scroll","background-type":"","background-media":"","overlay-type":"","overlay-color":"","overlay-opacity":"","overlay-gradient":""}},"ast-content-background-meta":{"desktop":{"background-color":"var(--ast-global-color-4)","background-image":"","background-repeat":"repeat","background-position":"center center","background-size":"auto","background-attachment":"scroll","background-type":"","background-media":"","overlay-type":"","overlay-color":"","overlay-opacity":"","overlay-gradient":""},"tablet":{"background-color":"var(--ast-global-color-4)","background-image":"","background-repeat":"repeat","background-position":"center center","background-size":"auto","background-attachment":"scroll","background-type":"","background-media":"","overlay-type":"","overlay-color":"","overlay-opacity":"","overlay-gradient":""},"mobile":{"background-color":"var(--ast-global-color-4)","background-image":"","background-repeat":"repeat","background-position":"center center","background-size":"auto","background-attachment":"scroll","background-type":"","background-media":"","overlay-type":"","overlay-color":"","overlay-opacity":"","overlay-gradient":""}}},"product_brand":[],"product_cat":[19],"product_tag":[22],"class_list":{"0":"post-700","1":"product","2":"type-product","3":"status-publish","4":"has-post-thumbnail","6":"product_cat-excise-bikes","7":"product_tag-exercise-bikes","8":"desktop-align-left","9":"tablet-align-left","10":"mobile-align-left","12":"first","13":"instock","14":"sale","15":"taxable","16":"shipping-taxable","17":"purchasable","18":"product-type-simple"},"_links":{"self":[{"href":"https:\/\/bestfitnessstore.com\/fr\/wp-json\/wp\/v2\/product\/700","targetHints":{"allow":["GET"]}}],"collection":[{"href":"https:\/\/bestfitnessstore.com\/fr\/wp-json\/wp\/v2\/product"}],"about":[{"href":"https:\/\/bestfitnessstore.com\/fr\/wp-json\/wp\/v2\/types\/product"}],"replies":[{"embeddable":true,"href":"https:\/\/bestfitnessstore.com\/fr\/wp-json\/wp\/v2\/comments?post=700"}],"wp:featuredmedia":[{"embeddable":true,"href":"https:\/\/bestfitnessstore.com\/fr\/wp-json\/wp\/v2\/media\/702"}],"wp:attachment":[{"href":"https:\/\/bestfitnessstore.com\/fr\/wp-json\/wp\/v2\/media?parent=700"}],"wp:term":[{"taxonomy":"product_brand","embeddable":true,"href":"https:\/\/bestfitnessstore.com\/fr\/wp-json\/wp\/v2\/product_brand?post=700"},{"taxonomy":"product_cat","embeddable":true,"href":"https:\/\/bestfitnessstore.com\/fr\/wp-json\/wp\/v2\/product_cat?post=700"},{"taxonomy":"product_tag","embeddable":true,"href":"https:\/\/bestfitnessstore.com\/fr\/wp-json\/wp\/v2\/product_tag?post=700"}],"curies":[{"name":"wp","href":"https:\/\/api.w.org\/{rel}","templated":true}]}}