{"id":682,"date":"2025-11-22T15:24:11","date_gmt":"2025-11-22T15:24:11","guid":{"rendered":"https:\/\/bestfitnessstore.com\/?post_type=product&#038;p=682"},"modified":"2025-11-22T15:24:11","modified_gmt":"2025-11-22T15:24:11","slug":"matrix-fitness-commercial-endurance-recumbent-cycle-with-led-console-2","status":"publish","type":"product","link":"https:\/\/bestfitnessstore.com\/fr\/product\/matrix-fitness-commercial-endurance-recumbent-cycle-with-led-console-2\/","title":{"rendered":"Cycle couch\u00e9 Matrix Fitness Commercial Endurance avec console LED"},"content":{"rendered":"<div class=\"product-attribute-container-desktop desktop-only\">\n<div class=\"additional-attributes-wrapper table-wrapper\">\n<h4>INFORMATIONS SUR LES PRODUITS<\/h4>\n<div class=\"attributes-container\">\n<ul class=\"product-attributes-container\">\n<li><span class=\"specification-title\">Poids de l'emballage (KG) :\u00a0<\/span><span class=\"specification-data\">112.000000<\/span><\/li>\n<li><span class=\"specification-title\">M\u00e9thode d'alimentation :\u00a0<\/span><span class=\"specification-data\">Auto-alimentation et \u00e9lectricit\u00e9 de r\u00e9seau<\/span><\/li>\n<li><span class=\"specification-title\">Support de tablette :\u00a0<\/span><span class=\"specification-data\">Oui<\/span><\/li>\n<li><span class=\"specification-title\">P\u00e9dales :\u00a0<\/span><span class=\"specification-data\">Courroie<\/span><\/li>\n<li><span class=\"specification-title\">Type de cycle :\u00a0<\/span><span class=\"specification-data\">Couch\u00e9<\/span><\/li>\n<li><span class=\"specification-title\">Hauteur minimale de l'utilisateur (cm) :\u00a0<\/span><span class=\"specification-data\">147<\/span><\/li>\n<li><span class=\"specification-title\">Syst\u00e8me de r\u00e9sistance :\u00a0<\/span><span class=\"specification-data\">G\u00e9n\u00e9rateur sans balais<\/span><\/li>\n<li><span class=\"specification-title\">Poids maximal de l'utilisateur (kg) :\u00a0<\/span><span class=\"specification-data\">182.00 (Kg)<\/span><\/li>\n<li><span class=\"specification-title\">Dimensions du produit (LxLxH) :\u00a0<\/span><span class=\"specification-data\">154,30 x 67,40 x 144,20 cm<\/span><\/li>\n<\/ul>\n<ul class=\"product-attributes-container\">\n<li><span class=\"specification-title\">Poids du produit (KG) :\u00a0<\/span><span class=\"specification-data\">91<\/span><\/li>\n<li><span class=\"specification-title\">Int\u00e9gration des applications :\u00a0<\/span><span class=\"specification-data\">KinoMap, Zwift<\/span><\/li>\n<li><span class=\"specification-title\">Bluetooth :\u00a0<\/span><span class=\"specification-data\">Oui<\/span><\/li>\n<li><span class=\"specification-title\">Ajustement du cadre :\u00a0<\/span><span class=\"specification-data\">Selle en avant et en arri\u00e8re<\/span><\/li>\n<li><span class=\"specification-title\">Roues de transport :\u00a0<\/span><span class=\"specification-data\">Oui<\/span><\/li>\n<li><span class=\"specification-title\">Hauteur maximale de l'utilisateur (cm) :\u00a0<\/span><span class=\"specification-data\">201<\/span><\/li>\n<li><span class=\"specification-title\">Surveillance de la fr\u00e9quence cardiaque :\u00a0<\/span><span class=\"specification-data\">Capteurs int\u00e9gr\u00e9s et Bluetooth<\/span><\/li>\n<li><span class=\"specification-title\">Programmes int\u00e9gr\u00e9s :\u00a0<\/span><span class=\"specification-data\">Go, manuel, fr\u00e9quence cardiaque cible, entra\u00eenement par intervalles, combustion des graisses, collines roulantes, entra\u00eenement par objectifs, tests de condition physique, personnalis\u00e9<\/span><\/li>\n<\/ul>\n<\/div>\n<\/div>\n<\/div>\n<div class=\"product-features\">\n<h4>CARACT\u00c9RISTIQUES SUPPL\u00c9MENTAIRES<\/h4>\n<div class=\"more-container\">\n<div class=\"unshow-text\">\n<ul class=\"product-features-container\">\n<li><span class=\"specification-title\">Syst\u00e8me de r\u00e9sistance :<\/span>\u00a0<span class=\"specification-data\">G\u00e9n\u00e9rateur sans balais<\/span><\/li>\n<li><span class=\"specification-title\">Niveaux de r\u00e9sistance :<\/span>\u00a0<span class=\"specification-data\">30<\/span><\/li>\n<li><span class=\"specification-title\">Gamme de r\u00e9sistance :<\/span>\u00a0<span class=\"specification-data\">2-750 W<\/span><\/li>\n<li><span class=\"specification-title\">Conception de la manivelle :<\/span>\u00a0<span class=\"specification-data\">Trois pi\u00e8ces avec bras forg\u00e9s et extracteur int\u00e9gr\u00e9<\/span><\/li>\n<li><span class=\"specification-title\">R\u00e9glage du si\u00e8ge :<\/span>\u00a0<span class=\"specification-data\">Levier \u00e0 une main<\/span><\/li>\n<li><span class=\"specification-title\">Mat\u00e9riau du si\u00e8ge :<\/span>\u00a0<span class=\"specification-data\">Dossier et fond de si\u00e8ge moul\u00e9s d'une seule pi\u00e8ce sur mesure<\/span><\/li>\n<li><span class=\"specification-title\">Espacement des p\u00e9dales :<\/span>\u00a0<span class=\"specification-data\">17,5 cm \/ 6,9\u201d<\/span><\/li>\n<li><span class=\"specification-title\">Exigences en mati\u00e8re d'alimentation :<\/span>\u00a0<span class=\"specification-data\">Alimentation autonome ou 100-240 V - 50\/60 Hz AC<\/span><\/li>\n<li><span class=\"specification-title\">Console :<\/span>\u00a0<span class=\"specification-data\">Console LED Premium<\/span><\/li>\n<li><span class=\"specification-title\">Affichage :<\/span>\u00a0<span class=\"specification-data\">LED multicolore de 8000 pixels<\/span><\/li>\n<li><span class=\"specification-title\">Entra\u00eenements :<\/span>\u00a0<span class=\"specification-data\">Go, Manual, Sprint8, Landmarks, Target Heart Rate, Interval Training, Fat Burn, Rolling Hills, Constant Watts, Glute Training, 5k\/10k et Fitness Tests<\/span><\/li>\n<li><span class=\"specification-title\">WIFI :<\/span>\u00a0<span class=\"specification-data\">Portefeuille de solutions connect\u00e9es Access Matrix ; mises \u00e0 jour automatiques des logiciels<\/span><\/li>\n<li><span class=\"specification-title\">Langues :<\/span>\u00a0<span class=\"specification-data\">Anglais, allemand, fran\u00e7ais, italien, espagnol, n\u00e9erlandais, portugais, su\u00e9dois, finlandais, turc, danois, polonais<\/span><\/li>\n<li><span class=\"specification-title\">Caract\u00e9ristiques de la console :<\/span>\u00a0<span class=\"specification-data\">En option, login RFID, port USB, ventilateur, rack de lecture<\/span><\/li>\n<li><span class=\"specification-title\">Poids maximum de l'utilisateur :<\/span>\u00a0<span class=\"specification-data\">182 kg \/ 400 lbs.<\/span><\/li>\n<li><span class=\"specification-title\">Poids assembl\u00e9 :<\/span>\u00a0<span class=\"specification-data\">91 kg \/ 200.6 lbs.<\/span><\/li>\n<li><span class=\"specification-title\">Poids d'exp\u00e9dition :<\/span>\u00a0<span class=\"specification-data\">112 kg \/ 246.9 lbs.<\/span><\/li>\n<li><span class=\"specification-title\">Dimensions assembl\u00e9es :<\/span>\u00a0<span class=\"specification-data\">154,3 x 67,4 x 144,2 cm \/ 60,7\u201d x 26,5\u201d x 56,8\u201d<\/span><\/li>\n<li><span class=\"specification-title\">D\u00e9lai d'ex\u00e9cution :<\/span>\u00a0<span class=\"specification-data\">Fabriqu\u00e9 sur commande - d\u00e9lai moyen de 2 \u00e0 14 semaines<\/span><\/li>\n<\/ul>\n<\/div>\n<\/div>\n<\/div>\n<div class=\"product-warranty\">\n<h4>GARANTIE<\/h4>\n<div class=\"text-container\"><strong>Utilisation domestique et commerciale l\u00e9g\u00e8re\/compl\u00e8te :<\/strong>\u00a02 ans pi\u00e8ces et main d'\u0153uvre<\/div>\n<\/div>","protected":false},"excerpt":{"rendered":"<p>Le v\u00e9lo couch\u00e9 Matrix Fitness Commercial Endurance est dot\u00e9 d'un si\u00e8ge et d'un dossier ergonomiques pour une meilleure r\u00e9partition du poids, qui peuvent \u00eatre r\u00e9gl\u00e9s d'une seule main pour trouver la position de conduite parfaite. Les p\u00e9dales auto-\u00e9quilibrantes et les points de contact bien pens\u00e9s ajoutent encore au confort et \u00e0 la facilit\u00e9 d'utilisation du v\u00e9lo couch\u00e9 Endurance. Passez d'un niveau de r\u00e9sistance \u00e0 l'autre (de 2 \u00e0 750 W) \u00e0 l'aide des commandes situ\u00e9es sur le guidon, pr\u00e8s du si\u00e8ge, afin d'ajuster le d\u00e9fi en cours de route. Les caract\u00e9ristiques de conception intelligente rationalisent le service pour les techniciens et simplifient la mise en place pour les installations. La console LED Premium offre \u00e0 vos membres la simplicit\u00e9 de la console LED classique, avec des couleurs et des d\u00e9tails plus attrayants que jamais. Un grand \u00e9cran de 8000 pixels remplit l'\u00e9cran, fournissant des informations claires et faciles \u00e0 lire en grands chiffres et lettres. La Premium LED est dot\u00e9e de fonctions pratiques telles qu'une connexion RFID en option, un ventilateur pour conserver la fra\u00eecheur, un port USB et un support de lecture pour les appareils personnels. Dot\u00e9e d'une connexion WIFI, cette console fonctionne avec certains produits de la gamme Matrix Connected Solutions, ainsi qu'avec des mises \u00e0 jour logicielles automatiques sans frais pour votre \u00e9tablissement. Les entra\u00eenements incluent Go, Manual, Sprint8, Landmarks, Target Heart Rate, Interval Training, Fat Burn, Rolling Hills, Constant Watts, Glute Training, 5k\/10k et Fitness Tests* *programmes sujets \u00e0 modification. Produit commercial fabriqu\u00e9 sur commande - le d\u00e9lai de livraison moyen est de 2 \u00e0 14 semaines, veuillez nous contacter pour plus de d\u00e9tails.<\/p>\n<div class=\"product-attribute-container-desktop desktop-only\">\n<div class=\"additional-attributes-wrapper table-wrapper\"><\/div>\n<\/div>","protected":false},"featured_media":686,"comment_status":"open","ping_status":"closed","template":"","meta":{"site-sidebar-layout":"default","site-content-layout":"","ast-site-content-layout":"default","site-content-style":"default","site-sidebar-style":"default","ast-global-header-display":"","ast-banner-title-visibility":"","ast-main-header-display":"","ast-hfb-above-header-display":"","ast-hfb-below-header-display":"","ast-hfb-mobile-header-display":"","site-post-title":"","ast-breadcrumbs-content":"","ast-featured-img":"","footer-sml-layout":"","theme-transparent-header-meta":"default","adv-header-id-meta":"","stick-header-meta":"","header-above-stick-meta":"","header-main-stick-meta":"","header-below-stick-meta":"","astra-migrate-meta-layouts":"set","ast-page-background-enabled":"default","ast-page-background-meta":{"desktop":{"background-color":"var(--ast-global-color-5)","background-image":"","background-repeat":"repeat","background-position":"center center","background-size":"auto","background-attachment":"scroll","background-type":"","background-media":"","overlay-type":"","overlay-color":"","overlay-opacity":"","overlay-gradient":""},"tablet":{"background-color":"","background-image":"","background-repeat":"repeat","background-position":"center center","background-size":"auto","background-attachment":"scroll","background-type":"","background-media":"","overlay-type":"","overlay-color":"","overlay-opacity":"","overlay-gradient":""},"mobile":{"background-color":"","background-image":"","background-repeat":"repeat","background-position":"center center","background-size":"auto","background-attachment":"scroll","background-type":"","background-media":"","overlay-type":"","overlay-color":"","overlay-opacity":"","overlay-gradient":""}},"ast-content-background-meta":{"desktop":{"background-color":"var(--ast-global-color-4)","background-image":"","background-repeat":"repeat","background-position":"center center","background-size":"auto","background-attachment":"scroll","background-type":"","background-media":"","overlay-type":"","overlay-color":"","overlay-opacity":"","overlay-gradient":""},"tablet":{"background-color":"var(--ast-global-color-4)","background-image":"","background-repeat":"repeat","background-position":"center center","background-size":"auto","background-attachment":"scroll","background-type":"","background-media":"","overlay-type":"","overlay-color":"","overlay-opacity":"","overlay-gradient":""},"mobile":{"background-color":"var(--ast-global-color-4)","background-image":"","background-repeat":"repeat","background-position":"center center","background-size":"auto","background-attachment":"scroll","background-type":"","background-media":"","overlay-type":"","overlay-color":"","overlay-opacity":"","overlay-gradient":""}}},"product_brand":[],"product_cat":[19],"product_tag":[22],"class_list":{"0":"post-682","1":"product","2":"type-product","3":"status-publish","4":"has-post-thumbnail","6":"product_cat-excise-bikes","7":"product_tag-exercise-bikes","8":"desktop-align-left","9":"tablet-align-left","10":"mobile-align-left","12":"first","13":"instock","14":"sale","15":"taxable","16":"shipping-taxable","17":"purchasable","18":"product-type-simple"},"_links":{"self":[{"href":"https:\/\/bestfitnessstore.com\/fr\/wp-json\/wp\/v2\/product\/682","targetHints":{"allow":["GET"]}}],"collection":[{"href":"https:\/\/bestfitnessstore.com\/fr\/wp-json\/wp\/v2\/product"}],"about":[{"href":"https:\/\/bestfitnessstore.com\/fr\/wp-json\/wp\/v2\/types\/product"}],"replies":[{"embeddable":true,"href":"https:\/\/bestfitnessstore.com\/fr\/wp-json\/wp\/v2\/comments?post=682"}],"wp:featuredmedia":[{"embeddable":true,"href":"https:\/\/bestfitnessstore.com\/fr\/wp-json\/wp\/v2\/media\/686"}],"wp:attachment":[{"href":"https:\/\/bestfitnessstore.com\/fr\/wp-json\/wp\/v2\/media?parent=682"}],"wp:term":[{"taxonomy":"product_brand","embeddable":true,"href":"https:\/\/bestfitnessstore.com\/fr\/wp-json\/wp\/v2\/product_brand?post=682"},{"taxonomy":"product_cat","embeddable":true,"href":"https:\/\/bestfitnessstore.com\/fr\/wp-json\/wp\/v2\/product_cat?post=682"},{"taxonomy":"product_tag","embeddable":true,"href":"https:\/\/bestfitnessstore.com\/fr\/wp-json\/wp\/v2\/product_tag?post=682"}],"curies":[{"name":"wp","href":"https:\/\/api.w.org\/{rel}","templated":true}]}}