{"id":628,"date":"2025-11-22T14:29:18","date_gmt":"2025-11-22T14:29:18","guid":{"rendered":"https:\/\/bestfitnessstore.com\/?post_type=product&#038;p=628"},"modified":"2025-11-22T14:29:19","modified_gmt":"2025-11-22T14:29:19","slug":"life-fitness-c1-velo-droit-avec-console-track-connect-2-0","status":"publish","type":"product","link":"https:\/\/bestfitnessstore.com\/fr\/product\/life-fitness-c1-upright-cycle-with-track-connect-2-0-console\/","title":{"rendered":"V\u00e9lo droit Life Fitness C1 avec console Track Connect 2.0"},"content":{"rendered":"<div class=\"product-attribute-container-desktop desktop-only\">\n<div class=\"additional-attributes-wrapper table-wrapper\">\n<h4>INFORMATIONS SUR LES PRODUITS<\/h4>\n<div class=\"attributes-container\">\n<ul class=\"product-attributes-container\">\n<li><span class=\"specification-title\">Poids de l'emballage (KG) :\u00a0<\/span><span class=\"specification-data\">60.000000<\/span><\/li>\n<li><span class=\"specification-title\">Int\u00e9gration des applications :\u00a0<\/span><span class=\"specification-data\">FulGaz, Life Fitness Connect, Rouvy, Zwift<\/span><\/li>\n<li><span class=\"specification-title\">Bluetooth :\u00a0<\/span><span class=\"specification-data\">Oui<\/span><\/li>\n<li><span class=\"specification-title\">Ajustement du cadre :\u00a0<\/span><span class=\"specification-data\">La selle en haut et en bas<\/span><\/li>\n<li><span class=\"specification-title\">Roues de transport :\u00a0<\/span><span class=\"specification-data\">Oui<\/span><\/li>\n<li><span class=\"specification-title\">Poids du volant (KG) :\u00a0<\/span><span class=\"specification-data\">11<\/span><\/li>\n<li><span class=\"specification-title\">Poids maximal de l'utilisateur (kg) :\u00a0<\/span><span class=\"specification-data\">135.00 (Kg)<\/span><\/li>\n<li><span class=\"specification-title\">Dimensions du produit (LxLxH) :\u00a0<\/span><span class=\"specification-data\">114 x 69 x 142 cm<\/span><\/li>\n<\/ul>\n<ul class=\"product-attributes-container\">\n<li><span class=\"specification-title\">M\u00e9thode d'alimentation :\u00a0<\/span><span class=\"specification-data\">\u00c9lectricit\u00e9 de r\u00e9seau<\/span><\/li>\n<li><span class=\"specification-title\">Support de tablette :\u00a0<\/span><span class=\"specification-data\">Oui<\/span><\/li>\n<li><span class=\"specification-title\">P\u00e9dales :\u00a0<\/span><span class=\"specification-data\">Courroie<\/span><\/li>\n<li><span class=\"specification-title\">Type de cycle :\u00a0<\/span><span class=\"specification-data\">Debout<\/span><\/li>\n<li><span class=\"specification-title\">Syst\u00e8me de r\u00e9sistance :\u00a0<\/span><span class=\"specification-data\">Courant de Foucault<\/span><\/li>\n<li><span class=\"specification-title\">Surveillance de la fr\u00e9quence cardiaque :\u00a0<\/span><span class=\"specification-data\">Capteurs analogiques int\u00e9gr\u00e9s<\/span><\/li>\n<li><span class=\"specification-title\">Programmes int\u00e9gr\u00e9s :\u00a0<\/span><span class=\"specification-data\">15 s\u00e9ances d'entra\u00eenement pr\u00e9r\u00e9gl\u00e9es : Manuel, Al\u00e9atoire, Colline, R\u00e9sistance EZ, Entra\u00eenement sportif, Test de forme, Calories, Distance, Fr\u00e9quence cardiaque cible, Fr\u00e9quence cardiaque Colline\u2122, Fr\u00e9quence cardiaque Interval\u2122, Fr\u00e9quence cardiaque Extr\u00eame\u2122, Br\u00fble les graisses, Cardio, Entra\u00eenement par intervalles \u00e0 haute intensit\u00e9 personnalis\u00e9  workou.<\/span><\/li>\n<\/ul>\n<\/div>\n<\/div>\n<\/div>\n<div class=\"product-features\">\n<h4>CARACT\u00c9RISTIQUES SUPPL\u00c9MENTAIRES<\/h4>\n<div class=\"more-container\">\n<div class=\"unshow-text\">\n<ul class=\"product-features-container\">\n<li><span class=\"specification-title\">R\u00e9sistance :<\/span>\u00a0<span class=\"specification-data\">Courants de Foucault avec 20 niveaux<\/span><\/li>\n<li><span class=\"specification-title\">Affichage :<\/span>\u00a0<span class=\"specification-data\">\u00c9cran LCD de 7 pouces avec centre de messages d'instruction et touches tactiles capacitives<\/span><\/li>\n<li><span class=\"specification-title\">Retour d'information sur l'affichage :<\/span>\u00a0<span class=\"specification-data\">Calories, distance, vitesse (mph, km\/h, rpm), niveau\/inclinaison, temps, fr\u00e9quence cardiaque, fr\u00e9quence cardiaque cible, METs avec symboles anim\u00e9s<\/span><\/li>\n<li><span class=\"specification-title\">Entra\u00eenements personnalis\u00e9s :<\/span>\u00a0<span class=\"specification-data\">3 par profil d'utilisateur<\/span><\/li>\n<li><span class=\"specification-title\">Caract\u00e9ristiques sp\u00e9ciales :<\/span>\u00a0<span class=\"specification-data\">Sauvegarde automatique, d\u00e9marrage rapide, \u00e9conomiseur d'\u00e9nergie, mode de r\u00e9chauffement et de refroidissement, 4 profils d'utilisateur<\/span><\/li>\n<li><span class=\"specification-title\">L'accessibilit\u00e9 de LFconnect \u00e0 LFconnect.com :<\/span>\u00a0<span class=\"specification-data\">Personnalisation illimit\u00e9e, suivi des entra\u00eenements, port USB (mise \u00e0 jour du logiciel, sauvegarde des programmes d'entra\u00eenement), application LFconnect (\u00e0 t\u00e9l\u00e9charger sur iTunes\u00ae App Store ou Google Play\u2122).<\/span><\/li>\n<li><span class=\"specification-title\">Compatibilit\u00e9 :<\/span>\u00a0<span class=\"specification-data\">Compatible avec des applications tierces (pour une liste d'applications compatibles, visitez LifeFitness.com\/MoreApps)<\/span><\/li>\n<li><span class=\"specification-title\">Si\u00e8ge vertical r\u00e9glable :<\/span>\u00a0<span class=\"specification-data\">14 positions<\/span><\/li>\n<li><span class=\"specification-title\">P\u00e9dales d'auto-\u00e9quilibrage :<\/span>\u00a0<span class=\"specification-data\">Avec sangles \u00e0 cliquet pour un r\u00e9glage facile<\/span><\/li>\n<li><span class=\"specification-title\">Guidon :<\/span>\u00a0<span class=\"specification-data\">Guidon de course ergonomique<\/span><\/li>\n<li><span class=\"specification-title\">Surveillance de la fr\u00e9quence cardiaque :<\/span>\u00a0<span class=\"specification-data\">Capteurs sur le guidon et ceinture thoracique sans fil<\/span><\/li>\n<li><span class=\"specification-title\">Accessoires :<\/span>\u00a0<span class=\"specification-data\">Porte-bouteille d'eau, support de compression int\u00e9gr\u00e9 pour t\u00e9l\u00e9phone intelligent\/tablette<\/span><\/li>\n<li><span class=\"specification-title\">Langues :<\/span>\u00a0<span class=\"specification-data\">4 (anglais, russe, espagnol, allemand)<\/span><\/li>\n<\/ul>\n<\/div>\n<\/div>\n<\/div>\n<div class=\"product-warranty\">\n<h4>GARANTIE<\/h4>\n<div class=\"text-container\"><strong>Utilisation \u00e0 domicile :<\/strong>\u00a010 ans sur le ch\u00e2ssis, 5 ans sur le moteur, 3 ans sur les pi\u00e8ces et la main-d'\u0153uvre, 3 mois sur les \u00e9l\u00e9ments cosm\u00e9tiques.<\/div>\n<\/div>\n<div class=\"product-next-day\">\n<h4>LIVRAISON EXPRESS<\/h4>\n<div class=\"text-container\">Un grand nombre de nos produits sont livrables en express ou \u00e0 date fixe, ce qui signifie que vous pouvez recevoir votre produit d\u00e8s le lendemain ou \u00e0 la date qui vous convient. Veuillez v\u00e9rifier les options de livraison au moment du paiement pour conna\u00eetre les disponibilit\u00e9s pour votre panier et votre code postal. Les conditions de livraison s'appliquent.<\/div>\n<\/div>","protected":false},"excerpt":{"rendered":"<p>Le confort et la motivation font partie int\u00e9grante du v\u00e9lo droit C1 de Life Fitness. Il est dot\u00e9 d'un grand nombre de caract\u00e9ristiques de confort, notamment un mouvement incroyablement silencieux, un si\u00e8ge droit standard avec 14 positions et des p\u00e9dales auto-\u00e9quilibrantes avec des sangles \u00e0 cliquet pour des r\u00e9glages faciles. L'\u00e9cran LCD blanc de 18 cm de la nouvelle console Track Connect 2.0 comporte un centre de messages instructifs et 3 s\u00e9ances d'entra\u00eenement personnalis\u00e9es par profil d'utilisateur, ainsi que 15 options d'entra\u00eenement. Entra\u00eenements classiques : Manuel, Al\u00e9atoire, Colline. Entra\u00eenements avanc\u00e9s : R\u00e9sistance EZ, Entra\u00eenement sportif, Test de forme. Entra\u00eenements contr\u00f4l\u00e9s par la fr\u00e9quence cardiaque : Br\u00fbler les graisses, Cardio, Fr\u00e9quence cardiaque Hill\u2122, Fr\u00e9quence cardiaque Interval\u2122, Fr\u00e9quence cardiaque extr\u00eame\u2122. Entra\u00eenements avec objectif : Calories, Distance, Fr\u00e9quence cardiaque cible. Le Track Connect 2.0 est dot\u00e9 d'un Bluetooth\u00ae am\u00e9lior\u00e9 qui permet l'appairage avec une Apple Watch\u00ae ou une Samsung Galaxy Watch\u00ae, ainsi qu'avec des smartphones Apple\u00ae ou Android\u2122. Vous pouvez ainsi vous connecter en toute transparence au v\u00e9lo pour obtenir des informations d'entra\u00eenement extr\u00eamement pr\u00e9cises. Une conception \u00e0 deux zones s\u00e9pare les zones de divertissement et les zones sp\u00e9cifiques \u00e0 l'entra\u00eenement. Gr\u00e2ce aux capteurs de main int\u00e9gr\u00e9s et \u00e0 la connectivit\u00e9 sans fil de la ceinture thoracique en option, la surveillance de la fr\u00e9quence cardiaque est \u00e0 votre port\u00e9e. Le C1 est \u00e9galement \u00e9quip\u00e9 d'un mode d'\u00e9conomie d'\u00e9nergie, qui vous permet de r\u00e9duire consid\u00e9rablement votre consommation d'\u00e9nergie lorsque l'appareil est allum\u00e9 mais non utilis\u00e9.<\/p>\n<div class=\"product-attribute-container-desktop desktop-only\">\n<div class=\"additional-attributes-wrapper table-wrapper\"><\/div>\n<\/div>","protected":false},"featured_media":630,"comment_status":"open","ping_status":"closed","template":"","meta":{"site-sidebar-layout":"default","site-content-layout":"","ast-site-content-layout":"default","site-content-style":"default","site-sidebar-style":"default","ast-global-header-display":"","ast-banner-title-visibility":"","ast-main-header-display":"","ast-hfb-above-header-display":"","ast-hfb-below-header-display":"","ast-hfb-mobile-header-display":"","site-post-title":"","ast-breadcrumbs-content":"","ast-featured-img":"","footer-sml-layout":"","theme-transparent-header-meta":"default","adv-header-id-meta":"","stick-header-meta":"","header-above-stick-meta":"","header-main-stick-meta":"","header-below-stick-meta":"","astra-migrate-meta-layouts":"set","ast-page-background-enabled":"default","ast-page-background-meta":{"desktop":{"background-color":"var(--ast-global-color-5)","background-image":"","background-repeat":"repeat","background-position":"center center","background-size":"auto","background-attachment":"scroll","background-type":"","background-media":"","overlay-type":"","overlay-color":"","overlay-opacity":"","overlay-gradient":""},"tablet":{"background-color":"","background-image":"","background-repeat":"repeat","background-position":"center center","background-size":"auto","background-attachment":"scroll","background-type":"","background-media":"","overlay-type":"","overlay-color":"","overlay-opacity":"","overlay-gradient":""},"mobile":{"background-color":"","background-image":"","background-repeat":"repeat","background-position":"center center","background-size":"auto","background-attachment":"scroll","background-type":"","background-media":"","overlay-type":"","overlay-color":"","overlay-opacity":"","overlay-gradient":""}},"ast-content-background-meta":{"desktop":{"background-color":"var(--ast-global-color-4)","background-image":"","background-repeat":"repeat","background-position":"center center","background-size":"auto","background-attachment":"scroll","background-type":"","background-media":"","overlay-type":"","overlay-color":"","overlay-opacity":"","overlay-gradient":""},"tablet":{"background-color":"var(--ast-global-color-4)","background-image":"","background-repeat":"repeat","background-position":"center center","background-size":"auto","background-attachment":"scroll","background-type":"","background-media":"","overlay-type":"","overlay-color":"","overlay-opacity":"","overlay-gradient":""},"mobile":{"background-color":"var(--ast-global-color-4)","background-image":"","background-repeat":"repeat","background-position":"center center","background-size":"auto","background-attachment":"scroll","background-type":"","background-media":"","overlay-type":"","overlay-color":"","overlay-opacity":"","overlay-gradient":""}}},"product_brand":[],"product_cat":[19],"product_tag":[22],"class_list":{"0":"post-628","1":"product","2":"type-product","3":"status-publish","4":"has-post-thumbnail","6":"product_cat-excise-bikes","7":"product_tag-exercise-bikes","8":"desktop-align-left","9":"tablet-align-left","10":"mobile-align-left","12":"first","13":"instock","14":"sale","15":"taxable","16":"shipping-taxable","17":"purchasable","18":"product-type-simple"},"_links":{"self":[{"href":"https:\/\/bestfitnessstore.com\/fr\/wp-json\/wp\/v2\/product\/628","targetHints":{"allow":["GET"]}}],"collection":[{"href":"https:\/\/bestfitnessstore.com\/fr\/wp-json\/wp\/v2\/product"}],"about":[{"href":"https:\/\/bestfitnessstore.com\/fr\/wp-json\/wp\/v2\/types\/product"}],"replies":[{"embeddable":true,"href":"https:\/\/bestfitnessstore.com\/fr\/wp-json\/wp\/v2\/comments?post=628"}],"wp:featuredmedia":[{"embeddable":true,"href":"https:\/\/bestfitnessstore.com\/fr\/wp-json\/wp\/v2\/media\/630"}],"wp:attachment":[{"href":"https:\/\/bestfitnessstore.com\/fr\/wp-json\/wp\/v2\/media?parent=628"}],"wp:term":[{"taxonomy":"product_brand","embeddable":true,"href":"https:\/\/bestfitnessstore.com\/fr\/wp-json\/wp\/v2\/product_brand?post=628"},{"taxonomy":"product_cat","embeddable":true,"href":"https:\/\/bestfitnessstore.com\/fr\/wp-json\/wp\/v2\/product_cat?post=628"},{"taxonomy":"product_tag","embeddable":true,"href":"https:\/\/bestfitnessstore.com\/fr\/wp-json\/wp\/v2\/product_tag?post=628"}],"curies":[{"name":"wp","href":"https:\/\/api.w.org\/{rel}","templated":true}]}}